{"id":18500,"date":"2025-05-14T16:06:18","date_gmt":"2025-05-14T13:06:18","guid":{"rendered":"https:\/\/nordicdiy.ee\/?post_type=product&#038;p=18500"},"modified":"2025-08-25T16:19:04","modified_gmt":"2025-08-25T13:19:04","slug":"stikls-svecem-matets-gaisi-roza-280-ml-h96-x-d80-mm-copy","status":"publish","type":"product","link":"https:\/\/nordicdiy.ee\/lv\/epood\/svecu-izgatavosana\/svecturi-un-vaki\/stikls-svecem-matets-gaisi-roza-280-ml-h96-x-d80-mm-copy\/","title":{"rendered":"Stikls svec\u0113m roz\u0101 mat\u0113ts 280 ml, h96 x d80 mm"},"content":{"rendered":"<p>Elegants, mat\u0113ts roz\u0101 sve\u010dturis 280 ml ir ide\u0101la izv\u0113le amatniec\u012bbas sve\u010du izgatavo\u0161anai. Piem\u0113rots lieto\u0161anai ar da\u017e\u0101diem vaska veidiem, piem\u0113ram, sojas vasku, paraf\u012bna vasku, rap\u0161u vasku, bi\u0161u vasku un palmu vasku. Karstumiztur\u012bg\u0101 stikla burka nodro\u0161ina dro\u0161u un iztur\u012bgu sve\u010du deg\u0161anu, vienlaikus pied\u0101v\u0101jot stil\u012bgu izskatu.  <\/p>\n<p>Pastas un mat\u0113tais smalkais gai\u0161i roz\u0101 sve\u010du stikls pie\u0161\u0137irs j\u016bsu svec\u0113m modernu un elegantu akcentu, padarot to par lielisku izv\u0113li gan m\u0101jas dekoram, gan d\u0101van\u0101m. Stikla augstums 96 mm un diametrs 80 mm ir ide\u0101ls izm\u0113rs, lai izgatavotu sojas vaska sveci, kas deg t\u012bri un ilg\u0101k, vai paraf\u012bna sveci, kas nodro\u0161ina ilgu deg\u0161anas laiku. <\/p>\n<p>Izmantojiet \u0161o sve\u010du gl\u0101zi, lai izgatavotu bi\u0161u vaska vai rap\u0161u vaska sveces, kas ir videi draudz\u012bgas un biolo\u0123iski no\u0101rd\u0101mas. T\u0101 ir piem\u0113rota ar\u012b palmu \u0101das sve\u010du izgatavo\u0161anai, un t\u0101s krist\u0101lisk\u0101 tekst\u016bra pie\u0161\u0137ir svec\u0113m \u012bpa\u0161u izskatu. Mat\u0113tais roz\u0101 stikls var satur\u0113t l\u012bdz 280 ml vaska, kas \u013cauj pievienot ar\u012b arom\u0101tisk\u0101s e\u013c\u013cas un kr\u0101svielas, lai rad\u012btu unik\u0101las arom\u0101tisk\u0101s sveces.<\/p>\n","protected":false},"excerpt":{"rendered":"<p>Roz\u0101 mat\u0113ts sve\u010du stikls 280 ml ir lieliska izv\u0113le amatniec\u012bbas sve\u010du izgatavo\u0161anai. Piem\u0113rots lieto\u0161anai ar da\u017e\u0101diem vaska veidiem, piem\u0113ram, sojas vasku, paraf\u012bna vasku, rap\u0161u vasku, bi\u0161u vasku un palmu vasku. Karstumiztur\u012bg\u0101 stikla burka nodro\u0161ina dro\u0161u un iztur\u012bgu sve\u010du deg\u0161anu, vienlaikus pied\u0101v\u0101jot stil\u012bgu izskatu.  <\/p>\n","protected":false},"featured_media":18505,"template":"","meta":{"site-sidebar-layout":"default","site-content-layout":"","ast-site-content-layout":"default","site-content-style":"default","site-sidebar-style":"default","ast-global-header-display":"","ast-banner-title-visibility":"","ast-main-header-display":"","ast-hfb-above-header-display":"","ast-hfb-below-header-display":"","ast-hfb-mobile-header-display":"","site-post-title":"","ast-breadcrumbs-content":"","ast-featured-img":"","footer-sml-layout":"","ast-disable-related-posts":"","theme-transparent-header-meta":"default","adv-header-id-meta":"","stick-header-meta":"default","header-above-stick-meta":"","header-main-stick-meta":"","header-below-stick-meta":"","astra-migrate-meta-layouts":"set","ast-page-background-enabled":"default","ast-page-background-meta":{"desktop":{"background-color":"","background-image":"","background-repeat":"repeat","background-position":"center center","background-size":"auto","background-attachment":"scroll","background-type":"","background-media":"","overlay-type":"","overlay-color":"","overlay-opacity":"","overlay-gradient":""},"tablet":{"background-color":"","background-image":"","background-repeat":"repeat","background-position":"center center","background-size":"auto","background-attachment":"scroll","background-type":"","background-media":"","overlay-type":"","overlay-color":"","overlay-opacity":"","overlay-gradient":""},"mobile":{"background-color":"","background-image":"","background-repeat":"repeat","background-position":"center center","background-size":"auto","background-attachment":"scroll","background-type":"","background-media":"","overlay-type":"","overlay-color":"","overlay-opacity":"","overlay-gradient":""}},"ast-content-background-meta":{"desktop":{"background-color":"var(--ast-global-color-5)","background-image":"","background-repeat":"repeat","background-position":"center center","background-size":"auto","background-attachment":"scroll","background-type":"","background-media":"","overlay-type":"","overlay-color":"","overlay-opacity":"","overlay-gradient":""},"tablet":{"background-color":"var(--ast-global-color-5)","background-image":"","background-repeat":"repeat","background-position":"center center","background-size":"auto","background-attachment":"scroll","background-type":"","background-media":"","overlay-type":"","overlay-color":"","overlay-opacity":"","overlay-gradient":""},"mobile":{"background-color":"var(--ast-global-color-5)","background-image":"","background-repeat":"repeat","background-position":"center center","background-size":"auto","background-attachment":"scroll","background-type":"","background-media":"","overlay-type":"","overlay-color":"","overlay-opacity":"","overlay-gradient":""}}},"product_brand":[],"product_cat":[161,150],"product_tag":[],"class_list":{"0":"post-18500","1":"product","2":"type-product","3":"status-publish","4":"has-post-thumbnail","6":"product_cat-svecturi-un-vaki","7":"product_cat-svecu-izgatavosana","8":"desktop-align-left","9":"tablet-align-left","10":"mobile-align-left","11":"ast-product-gallery-layout-horizontal","12":"ast-product-gallery-with-no-image","13":"ast-product-tabs-layout-horizontal","15":"first","16":"instock","17":"taxable","18":"shipping-taxable","19":"purchasable","20":"product-type-simple"},"_links":{"self":[{"href":"https:\/\/nordicdiy.ee\/lv\/wp-json\/wp\/v2\/product\/18500","targetHints":{"allow":["GET"]}}],"collection":[{"href":"https:\/\/nordicdiy.ee\/lv\/wp-json\/wp\/v2\/product"}],"about":[{"href":"https:\/\/nordicdiy.ee\/lv\/wp-json\/wp\/v2\/types\/product"}],"wp:featuredmedia":[{"embeddable":true,"href":"https:\/\/nordicdiy.ee\/lv\/wp-json\/wp\/v2\/media\/18505"}],"wp:attachment":[{"href":"https:\/\/nordicdiy.ee\/lv\/wp-json\/wp\/v2\/media?parent=18500"}],"wp:term":[{"taxonomy":"product_brand","embeddable":true,"href":"https:\/\/nordicdiy.ee\/lv\/wp-json\/wp\/v2\/product_brand?post=18500"},{"taxonomy":"product_cat","embeddable":true,"href":"https:\/\/nordicdiy.ee\/lv\/wp-json\/wp\/v2\/product_cat?post=18500"},{"taxonomy":"product_tag","embeddable":true,"href":"https:\/\/nordicdiy.ee\/lv\/wp-json\/wp\/v2\/product_tag?post=18500"}],"curies":[{"name":"wp","href":"https:\/\/api.w.org\/{rel}","templated":true}]}}