{"id":19226,"date":"2025-05-12T11:34:22","date_gmt":"2025-05-12T08:34:22","guid":{"rendered":"https:\/\/nordicdiy.ee\/?post_type=product&#038;p=19226"},"modified":"2025-11-13T12:48:22","modified_gmt":"2025-11-13T09:48:22","slug":"udens-ziepju-baze-1-litrs-dabiska-un-veganiska-copy","status":"publish","type":"product","link":"https:\/\/nordicdiy.ee\/lv\/epood\/aromatiskas-ellas\/udens-ziepju-baze-1-litrs-dabiska-un-veganiska-copy\/","title":{"rendered":"W405 stabilizators"},"content":{"rendered":"<p data-start=\"478\" data-end=\"690\"><strong data-start=\"478\" data-end=\"500\">W405 stabilizators<\/strong> ir efekt\u012bva sausa granulveida piedeva, ko izmanto nagu vaska mais\u012bjumos, k\u0101 ar\u012b uz virsmakt\u012bvo vielu (virsmakt\u012bvo vielu) b\u0101zes izgatavotos person\u012bg\u0101s higi\u0113nas produktos, piem\u0113ram, \u0161\u0137idraj\u0101s ziep\u0113s, \u0161amp\u016bnos un du\u0161as \u017eelej\u0101s.<\/p>\n<p data-start=\"692\" data-end=\"733\">W405 pal\u012bdz <strong data-start=\"695\" data-end=\"721\">izgatavot sveces<\/strong>:<\/p>\n<ul data-start=\"734\" data-end=\"955\">\n<li data-start=\"734\" data-end=\"792\">\n<p data-start=\"736\" data-end=\"792\"><strong data-start=\"736\" data-end=\"754\">stiprina vaskus<\/strong> un samazina virsmas <strong data-start=\"776\" data-end=\"790\">lip\u012bgumu<\/strong>.<\/p>\n<\/li>\n<li data-start=\"793\" data-end=\"839\">\n<p data-start=\"795\" data-end=\"839\"><strong data-start=\"795\" data-end=\"822\">uzlabot opalescenci<\/strong> (pienainu du\u013c\u0137ain\u012bbu).<\/p>\n<\/li>\n<li data-start=\"840\" data-end=\"887\">\n<p data-start=\"842\" data-end=\"887\"><strong data-start=\"842\" data-end=\"868\">samazin\u0101t kr\u0101sas mai\u0146u<\/strong> un <strong data-start=\"872\" data-end=\"885\">pil\u0113\u0161anu<\/strong><\/p>\n<\/li>\n<li data-start=\"888\" data-end=\"955\">\n<p data-start=\"890\" data-end=\"955\">padar\u012bt galarezult\u0101tu vizu\u0101li t\u012br\u0101ku un profesion\u0101l\u0101ku.<\/p>\n<\/li>\n<\/ul>\n<p data-start=\"957\" data-end=\"1050\"><strong data-start=\"960\" data-end=\"982\">Kosm\u0113tik\u0101 -<\/strong> <strong data-start=\"989\" data-end=\"1023\">du\u0161as \u017eelej\u0101, \u0161amp\u016bn\u0101 un \u0161\u0137idraj\u0101s ziep\u0113s<\/strong>- pal\u012bdz W405 stabilizators:<\/p>\n<ul data-start=\"1051\" data-end=\"1379\">\n<li data-start=\"1051\" data-end=\"1123\">\n<p data-start=\"1053\" data-end=\"1123\">palielin\u0101t <strong data-start=\"1064\" data-end=\"1079\">viskozit\u0101ti<\/strong>, t. i., padar\u012bt produktu <strong data-start=\"1096\" data-end=\"1123\">biez\u0101ku un \u017eelejveid\u012bg\u0101ku<\/strong>.<\/p>\n<\/li>\n<li data-start=\"1124\" data-end=\"1207\">\n<p data-start=\"1126\" data-end=\"1207\"><strong data-start=\"1126\" data-end=\"1144\">stabiliz\u0113t<\/strong> gal\u012bgo kompoz\u012bciju, izvairoties no sl\u0101\u0146o\u0161an\u0101s vai p\u0101rm\u0113r\u012bgas pl\u016bstam\u012bbas.<\/p>\n<\/li>\n<li data-start=\"1208\" data-end=\"1292\">\n<p data-start=\"1210\" data-end=\"1292\">lai kompens\u0113tu smar\u017e\u012bgo e\u013c\u013cu iedarb\u012bbu, kas var padar\u012bt \u017eelejas <strong data-start=\"1265\" data-end=\"1290\">pienainas vai \u0161\u0137idras<\/strong>.<\/p>\n<\/li>\n<li data-start=\"1293\" data-end=\"1379\">\n<p data-start=\"1295\" data-end=\"1379\">rada paz\u012bstamo <strong data-start=\"1318\" data-end=\"1338\">\u017eelejas tekst\u016bru<\/strong>, ko m\u0113s sagaid\u0101m no \u0161amp\u016bna vai \u0137erme\u0146a mazg\u0101\u0161anas l\u012bdzek\u013ca.<\/p>\n<\/li>\n<\/ul>\n<p data-start=\"1381\" data-end=\"1485\">W405 ir \u012bpa\u0161i ieteicams lietot, ja smar\u017e\u012bg\u0101s e\u013c\u013cas padara mazg\u0101\u0161anas l\u012bdzekli p\u0101r\u0101k \u0161\u0137idru vai du\u013c\u0137ainu.<\/p>\n<p data-start=\"1487\" data-end=\"1643\"><strong data-start=\"1487\" data-end=\"1515\">Ieteicam\u0101 lieto\u0161anas deva:<\/strong> 0,02%\u20130,1%. Lab\u0101kais s\u0101kuma l\u012bmenis ir 0,05 %. Lai gan ir iesp\u0113jams pievienot vair\u0101k (piem\u0113ram, l\u012bdz 1 %), parasti tas nav ekonomiski pamatoti.  <\/p>\n<p data-start=\"1645\" data-end=\"1817\"><strong data-start=\"1645\" data-end=\"1668\">Ku\u0161anas temperat\u016bra:<\/strong> 72-76 \u00b0C<br data-start=\"1677\" data-end=\"1680\"><strong data-start=\"1680\" data-end=\"1699\">Forma un iepakojums:<\/strong> sausas granulas, pieejamas maisi\u0146os.<br data-start=\"1745\" data-end=\"1748\"><strong data-start=\"1748\" data-end=\"1759\">Dro\u0161\u012bba:<\/strong> nav klasific\u0113ts k\u0101 b\u012bstama viela (nav ADR\/RID sarakst\u0101).<\/p>\n","protected":false},"excerpt":{"rendered":"<p><strong data-start=\"204\" data-end=\"226\">W405 Stabilizators<\/strong> - daudzpus\u012bga piedeva vaska sacietin\u0101\u0161anai un \u0161\u0137idro ziepju un du\u0161as \u017eeleju \u017eelejai. Uzlabo sve\u010du izskatu un samazina pilienu veido\u0161anos. Piem\u0113rots ar\u012b kosm\u0113tikas l\u012bdzek\u013cu uz virsmakt\u012bvo vielu b\u0101zes sabiezin\u0101\u0161anai.  <\/p>\n","protected":false},"featured_media":19231,"template":"","meta":{"site-sidebar-layout":"default","site-content-layout":"","ast-site-content-layout":"default","site-content-style":"default","site-sidebar-style":"default","ast-global-header-display":"","ast-banner-title-visibility":"","ast-main-header-display":"","ast-hfb-above-header-display":"","ast-hfb-below-header-display":"","ast-hfb-mobile-header-display":"","site-post-title":"","ast-breadcrumbs-content":"","ast-featured-img":"","footer-sml-layout":"","ast-disable-related-posts":"","theme-transparent-header-meta":"default","adv-header-id-meta":"","stick-header-meta":"default","header-above-stick-meta":"","header-main-stick-meta":"","header-below-stick-meta":"","astra-migrate-meta-layouts":"set","ast-page-background-enabled":"default","ast-page-background-meta":{"desktop":{"background-color":"","background-image":"","background-repeat":"repeat","background-position":"center center","background-size":"auto","background-attachment":"scroll","background-type":"","background-media":"","overlay-type":"","overlay-color":"","overlay-opacity":"","overlay-gradient":""},"tablet":{"background-color":"","background-image":"","background-repeat":"repeat","background-position":"center center","background-size":"auto","background-attachment":"scroll","background-type":"","background-media":"","overlay-type":"","overlay-color":"","overlay-opacity":"","overlay-gradient":""},"mobile":{"background-color":"","background-image":"","background-repeat":"repeat","background-position":"center center","background-size":"auto","background-attachment":"scroll","background-type":"","background-media":"","overlay-type":"","overlay-color":"","overlay-opacity":"","overlay-gradient":""}},"ast-content-background-meta":{"desktop":{"background-color":"var(--ast-global-color-5)","background-image":"","background-repeat":"repeat","background-position":"center center","background-size":"auto","background-attachment":"scroll","background-type":"","background-media":"","overlay-type":"","overlay-color":"","overlay-opacity":"","overlay-gradient":""},"tablet":{"background-color":"var(--ast-global-color-5)","background-image":"","background-repeat":"repeat","background-position":"center center","background-size":"auto","background-attachment":"scroll","background-type":"","background-media":"","overlay-type":"","overlay-color":"","overlay-opacity":"","overlay-gradient":""},"mobile":{"background-color":"var(--ast-global-color-5)","background-image":"","background-repeat":"repeat","background-position":"center center","background-size":"auto","background-attachment":"scroll","background-type":"","background-media":"","overlay-type":"","overlay-color":"","overlay-opacity":"","overlay-gradient":""}}},"product_brand":[],"product_cat":[129],"product_tag":[],"class_list":{"0":"post-19226","1":"product","2":"type-product","3":"status-publish","4":"has-post-thumbnail","6":"product_cat-tuoksuoljy","7":"desktop-align-left","8":"tablet-align-left","9":"mobile-align-left","10":"ast-product-gallery-layout-horizontal","11":"ast-product-gallery-with-no-image","12":"ast-product-tabs-layout-horizontal","14":"first","15":"instock","16":"taxable","17":"shipping-taxable","18":"purchasable","19":"product-type-simple"},"_links":{"self":[{"href":"https:\/\/nordicdiy.ee\/lv\/wp-json\/wp\/v2\/product\/19226","targetHints":{"allow":["GET"]}}],"collection":[{"href":"https:\/\/nordicdiy.ee\/lv\/wp-json\/wp\/v2\/product"}],"about":[{"href":"https:\/\/nordicdiy.ee\/lv\/wp-json\/wp\/v2\/types\/product"}],"wp:featuredmedia":[{"embeddable":true,"href":"https:\/\/nordicdiy.ee\/lv\/wp-json\/wp\/v2\/media\/19231"}],"wp:attachment":[{"href":"https:\/\/nordicdiy.ee\/lv\/wp-json\/wp\/v2\/media?parent=19226"}],"wp:term":[{"taxonomy":"product_brand","embeddable":true,"href":"https:\/\/nordicdiy.ee\/lv\/wp-json\/wp\/v2\/product_brand?post=19226"},{"taxonomy":"product_cat","embeddable":true,"href":"https:\/\/nordicdiy.ee\/lv\/wp-json\/wp\/v2\/product_cat?post=19226"},{"taxonomy":"product_tag","embeddable":true,"href":"https:\/\/nordicdiy.ee\/lv\/wp-json\/wp\/v2\/product_tag?post=19226"}],"curies":[{"name":"wp","href":"https:\/\/api.w.org\/{rel}","templated":true}]}}