{"id":20437,"date":"2025-08-21T14:39:13","date_gmt":"2025-08-21T11:39:13","guid":{"rendered":"https:\/\/nordicdiy.ee\/epood\/uncategorized\/stikls-svecem-melns-glancets-280-ml-h96-x-d80-mm\/"},"modified":"2025-09-17T00:08:49","modified_gmt":"2025-09-16T21:08:49","slug":"stikls-svecem-melns-glancets-280-ml-h96-x-d80-mm","status":"publish","type":"product","link":"https:\/\/nordicdiy.ee\/lv\/epood\/svecu-izgatavosana\/svecturi-un-vaki\/stikls-svecem-melns-glancets-280-ml-h96-x-d80-mm\/","title":{"rendered":"Stikls svec\u0113m melns glanc\u0113ts 280 ml, h96 x d80 mm"},"content":{"rendered":"<p>Sve\u010du burkas izm\u0113ri h96 x d80 mm nodro\u0161ina optim\u0101lu tilpumu, kur\u0101 var iepild\u012bt l\u012bdz 280 ml vaska, radot iesp\u0113ju izgatavot gan arom\u0101tiskas, gan vienk\u0101r\u0161i dekorat\u012bvas sveces. Grezn\u0101 meln\u0101 virsma ar augstu sp\u012bdumu pie\u0161\u0137ir eleganci un kr\u0101su jebkurai telpai, ide\u0101li piem\u0113rota minim\u0101lisma interjeram. <\/p>\n<p><strong>Stikla priek\u0161roc\u012bbas:<\/strong><\/p>\n<p>Dro\u0161s - karstumiztur\u012bgs, piem\u0113rots sve\u010du izgatavo\u0161anai.<br \/>\nEst\u0113tisks - moderns un uzman\u012bbu piesaisto\u0161s izskats.<br \/>\nAtk\u0101rtoti lietojams - p\u0113c sveces deg\u0161anas trauku var p\u0101rstr\u0101d\u0101t.<br \/>\nDro\u0161s - stikls nesatur smagos met\u0101lus.<\/p>\n<p><strong>Tehniskie dati:<\/strong><\/p>\n<p>Augstums: 9,6 cm<br \/>\nDiametrs: 8 cm<br \/>\nDibens diametrs: 7 cm<br \/>\nIetilp\u012bba: 280 ml<br \/>\nKr\u0101sa: glanc\u0113ti melna.<\/p>\n<p><strong>Stikla kr\u0101sas - UFIREADY Lakas<\/strong><\/p>\n<p>\u012apa\u0161\u0101s stikla kr\u0101sas, kas izmantotas trauka kr\u0101so\u0161anai, nodro\u0161ina ilgm\u016b\u017e\u012bbu, est\u0113tiku un dro\u0161\u012bbu pat tad, ja tiek intens\u012bvi izmantotas arom\u0101tisk\u0101s e\u013c\u013cas.<\/p>\n<p><strong>Galven\u0101s produkta \u012bpa\u0161\u012bbas:<\/strong><\/p>\n<p>Atbilst ES kvalit\u0101tes un dro\u0161\u012bbas standartiem.<br \/>\nIztur\u012bgs - m\u0113s izmantojam \u012bpa\u0161as stikla dekor\u0113\u0161anas kr\u0101sas, lai nodro\u0161in\u0101tu iztur\u012bgu, augstas kvalit\u0101tes apdari.<br \/>\nMeh\u0101niska iztur\u012bba - iztur l\u012bdz pat 500 trauku mazg\u0101jam\u0101s ma\u0161\u012bnas cikliem.<br \/>\n\u0136\u012bmisk\u0101 iztur\u012bba - izmantot\u0101s kr\u0101sas ir \u012bpa\u0161i iztur\u012bgas pret da\u017e\u0101d\u0101m \u0137\u012bmisk\u0101m viel\u0101m.<br \/>\nDro\u0161a lieto\u0161ana - piem\u0113rota netie\u0161ai saskarei ar p\u0101rtiku.<br \/>\nVeg\u0101niska - nesatur dz\u012bvnieku izcelsmes sast\u0101vda\u013cas.<br \/>\nCruelty Free - produkts nav test\u0113ts uz dz\u012bvniekiem.<br \/>\nDro\u0161s sast\u0101vs - nesatur smagos met\u0101lus un ftal\u0101tus. Cruelty Free - produkts nav test\u0113ts uz dz\u012bvniekiem. Dro\u0161s sast\u0101vs - nesatur smagos met\u0101lus un ftal\u0101tus.<\/p>\n","protected":false},"excerpt":{"rendered":"<p>Klasisks un grezns melns sp\u012bd\u012bgs 280 ml glanc\u0113ts 280 ml sve\u010du stikls ir ide\u0101la izv\u0113le amatniec\u012bbas sve\u010du izgatavo\u0161anai. T\u0101s izm\u0113rs un skandin\u0101vu dizains ir ide\u0101li piem\u0113rots izmanto\u0161anai ar da\u017e\u0101diem vaska veidiem, piem\u0113ram, sojas vasku, paraf\u012bna vasku, rap\u0161u vasku, bi\u0161u vasku un palmu vasku.  Karstumiztur\u012bg\u0101 stikla trauks ir dro\u0161s un iztur\u012bgs risin\u0101jums, vienlaikus nodro\u0161inot greznu izskatu.<\/p>\n","protected":false},"featured_media":21112,"template":"","meta":{"site-sidebar-layout":"default","site-content-layout":"","ast-site-content-layout":"default","site-content-style":"default","site-sidebar-style":"default","ast-global-header-display":"","ast-banner-title-visibility":"","ast-main-header-display":"","ast-hfb-above-header-display":"","ast-hfb-below-header-display":"","ast-hfb-mobile-header-display":"","site-post-title":"","ast-breadcrumbs-content":"","ast-featured-img":"","footer-sml-layout":"","ast-disable-related-posts":"","theme-transparent-header-meta":"default","adv-header-id-meta":"","stick-header-meta":"default","header-above-stick-meta":"","header-main-stick-meta":"","header-below-stick-meta":"","astra-migrate-meta-layouts":"default","ast-page-background-enabled":"default","ast-page-background-meta":{"desktop":{"background-color":"","background-image":"","background-repeat":"repeat","background-position":"center center","background-size":"auto","background-attachment":"scroll","background-type":"","background-media":"","overlay-type":"","overlay-color":"","overlay-opacity":"","overlay-gradient":""},"tablet":{"background-color":"","background-image":"","background-repeat":"repeat","background-position":"center center","background-size":"auto","background-attachment":"scroll","background-type":"","background-media":"","overlay-type":"","overlay-color":"","overlay-opacity":"","overlay-gradient":""},"mobile":{"background-color":"","background-image":"","background-repeat":"repeat","background-position":"center center","background-size":"auto","background-attachment":"scroll","background-type":"","background-media":"","overlay-type":"","overlay-color":"","overlay-opacity":"","overlay-gradient":""}},"ast-content-background-meta":{"desktop":{"background-color":"var(--ast-global-color-5)","background-image":"","background-repeat":"repeat","background-position":"center center","background-size":"auto","background-attachment":"scroll","background-type":"","background-media":"","overlay-type":"","overlay-color":"","overlay-opacity":"","overlay-gradient":""},"tablet":{"background-color":"var(--ast-global-color-5)","background-image":"","background-repeat":"repeat","background-position":"center center","background-size":"auto","background-attachment":"scroll","background-type":"","background-media":"","overlay-type":"","overlay-color":"","overlay-opacity":"","overlay-gradient":""},"mobile":{"background-color":"var(--ast-global-color-5)","background-image":"","background-repeat":"repeat","background-position":"center center","background-size":"auto","background-attachment":"scroll","background-type":"","background-media":"","overlay-type":"","overlay-color":"","overlay-opacity":"","overlay-gradient":""}}},"product_brand":[],"product_cat":[161,150],"product_tag":[],"class_list":{"0":"post-20437","1":"product","2":"type-product","3":"status-publish","4":"has-post-thumbnail","6":"product_cat-svecturi-un-vaki","7":"product_cat-svecu-izgatavosana","8":"desktop-align-left","9":"tablet-align-left","10":"mobile-align-left","11":"ast-product-gallery-layout-horizontal","12":"ast-product-gallery-with-no-image","13":"ast-product-tabs-layout-horizontal","15":"first","16":"instock","17":"taxable","18":"shipping-taxable","19":"purchasable","20":"product-type-simple"},"_links":{"self":[{"href":"https:\/\/nordicdiy.ee\/lv\/wp-json\/wp\/v2\/product\/20437","targetHints":{"allow":["GET"]}}],"collection":[{"href":"https:\/\/nordicdiy.ee\/lv\/wp-json\/wp\/v2\/product"}],"about":[{"href":"https:\/\/nordicdiy.ee\/lv\/wp-json\/wp\/v2\/types\/product"}],"wp:featuredmedia":[{"embeddable":true,"href":"https:\/\/nordicdiy.ee\/lv\/wp-json\/wp\/v2\/media\/21112"}],"wp:attachment":[{"href":"https:\/\/nordicdiy.ee\/lv\/wp-json\/wp\/v2\/media?parent=20437"}],"wp:term":[{"taxonomy":"product_brand","embeddable":true,"href":"https:\/\/nordicdiy.ee\/lv\/wp-json\/wp\/v2\/product_brand?post=20437"},{"taxonomy":"product_cat","embeddable":true,"href":"https:\/\/nordicdiy.ee\/lv\/wp-json\/wp\/v2\/product_cat?post=20437"},{"taxonomy":"product_tag","embeddable":true,"href":"https:\/\/nordicdiy.ee\/lv\/wp-json\/wp\/v2\/product_tag?post=20437"}],"curies":[{"name":"wp","href":"https:\/\/api.w.org\/{rel}","templated":true}]}}