{"id":20560,"date":"2025-08-22T09:34:14","date_gmt":"2025-08-22T06:34:14","guid":{"rendered":"https:\/\/nordicdiy.ee\/epood\/uncategorized\/majas-smarzu-pudelite-ar-vacinu-gaisi-bruna-spidiga-100ml\/"},"modified":"2025-08-25T15:16:16","modified_gmt":"2025-08-25T12:16:16","slug":"majas-smarzu-pudelite-ar-vacinu-gaisi-bruna-spidiga-100ml","status":"publish","type":"product","link":"https:\/\/nordicdiy.ee\/lv\/epood\/telpu-atsvaidzinataja-sagatavosana\/telpu-atsvaidzinataju-pudeles\/majas-smarzu-pudelite-ar-vacinu-gaisi-bruna-spidiga-100ml\/","title":{"rendered":"M\u0101jas smar\u017eu pudel\u012bte ar v\u0101ci\u0146u, gai\u0161i br\u016bna, sp\u012bd\u012bga 100ml"},"content":{"rendered":"<p>\u0160is minim\u0101lisma un dabisk\u0101s gai\u0161i br\u016bn\u0101s kr\u0101sas stikla difuzors ir lieliska izv\u0113le gan profesion\u0101liem parfim\u0113ristiem, gan m\u0101jas smar\u017eu cien\u012bt\u0101jiem. T\u0101 iztur\u012bg\u0101 un est\u0113tisk\u0101 apdare padara to par ide\u0101lu dekorat\u012bvu elementu jebkuram interjeram. <\/p>\n<p><strong>Stikla priek\u0161roc\u012bbas:<\/strong><\/p>\n<p>Dro\u0161s - iztur\u012bgs un arom\u0101tisks.<br \/>\nEst\u0113tisks - m\u016bsdien\u012bgs izskats, kas piem\u0113rots da\u017e\u0101diem interjera dizaina stiliem.<br \/>\nDaudzreiz lietojams - var atk\u0101rtoti uzpild\u012bt, kad e\u013c\u013ca beidzas.<br \/>\nDro\u0161s - nesatur smagos met\u0101lus, \u0137\u012bmiski neitr\u0101ls materi\u0101ls.<\/p>\n<p><strong>Tehniskie dati:<\/strong><\/p>\n<p>Augstums: 7 cm<br \/>\nDiametrs: 6,9 cm<br \/>\nCauruma diametrs n\u016bji\u0146\u0101m: 2,6 cm<br \/>\nIetilp\u012bba: 100 ml<br \/>\nKr\u0101sa: tum\u0161i br\u016bna, sp\u012bd\u012bga, caursp\u012bd\u012bga<br \/>\nKomplekt\u0101 1: 1 gab.<\/p>\n<p><strong>Stikla kr\u0101sas - UFIREADY Lakas<\/strong><\/p>\n<p>\u012apa\u0161\u0101s stikla kr\u0101sas, kas izmantotas trauka kr\u0101so\u0161anai, nodro\u0161ina iztur\u012bbu, est\u0113tisku izskatu un dro\u0161\u012bbu pat sp\u0113c\u012bgi smar\u017eojo\u0161u e\u013c\u013cu kl\u0101tb\u016btn\u0113.<\/p>\n<p><strong>Galven\u0101s produkta \u012bpa\u0161\u012bbas:<\/strong><\/p>\n<p>Atbilst ES kvalit\u0101tes un dro\u0161\u012bbas standartiem.<br \/>\nDekorat\u012bvais iztur\u012bgums - nenoveco un neizbal\u0113 ar\u012b p\u0113c ilgsto\u0161as lieto\u0161anas.<br \/>\nMeh\u0101niskais iztur\u012bgums - iztur l\u012bdz pat 500 trauku mazg\u0101jam\u0101s ma\u0161\u012bnas cikliem.<br \/>\nAlkohola iztur\u012bba - kr\u0101sas ir iztur\u012bgas pret alkoholu.<br \/>\nDro\u0161a lieto\u0161ana - piem\u0113rota netie\u0161ai saskarei ar p\u0101rtiku.<br \/>\nVeg\u0101ns - nesatur dz\u012bvnieku izcelsmes sast\u0101vda\u013cas.<br \/>\nCruelty Free - nav test\u0113ts uz dz\u012bvniekiem.<br \/>\nDro\u0161s sast\u0101vs - nesatur smagos met\u0101lus un ftal\u0101tus.<\/p>\n","protected":false},"excerpt":{"rendered":"<p><strong data-start=\"85\" data-end=\"161\">Eleganta stikla difuzora pudele 100 ml gai\u0161i br\u016bn\u0101 glanc\u0113t\u0101 kr\u0101s\u0101 ir<\/strong> stil\u012bgs un iztur\u012bgs stikla trauks j\u016bsu arom\u0101tiskajam difuzoram. Atk\u0101rtoti lietojams, iztur\u012bgs pret arom\u0101tiskaj\u0101m e\u013c\u013c\u0101m un piem\u0113rots jebkuram interjeram - ide\u0101li piem\u0113rots lieto\u0161anai m\u0101j\u0101s vai profesion\u0101lai lieto\u0161anai. <\/p>\n","protected":false},"featured_media":21087,"template":"","meta":{"site-sidebar-layout":"default","site-content-layout":"","ast-site-content-layout":"default","site-content-style":"default","site-sidebar-style":"default","ast-global-header-display":"","ast-banner-title-visibility":"","ast-main-header-display":"","ast-hfb-above-header-display":"","ast-hfb-below-header-display":"","ast-hfb-mobile-header-display":"","site-post-title":"","ast-breadcrumbs-content":"","ast-featured-img":"","footer-sml-layout":"","ast-disable-related-posts":"","theme-transparent-header-meta":"default","adv-header-id-meta":"","stick-header-meta":"default","header-above-stick-meta":"","header-main-stick-meta":"","header-below-stick-meta":"","astra-migrate-meta-layouts":"default","ast-page-background-enabled":"default","ast-page-background-meta":{"desktop":{"background-color":"","background-image":"","background-repeat":"repeat","background-position":"center center","background-size":"auto","background-attachment":"scroll","background-type":"","background-media":"","overlay-type":"","overlay-color":"","overlay-opacity":"","overlay-gradient":""},"tablet":{"background-color":"","background-image":"","background-repeat":"repeat","background-position":"center center","background-size":"auto","background-attachment":"scroll","background-type":"","background-media":"","overlay-type":"","overlay-color":"","overlay-opacity":"","overlay-gradient":""},"mobile":{"background-color":"","background-image":"","background-repeat":"repeat","background-position":"center center","background-size":"auto","background-attachment":"scroll","background-type":"","background-media":"","overlay-type":"","overlay-color":"","overlay-opacity":"","overlay-gradient":""}},"ast-content-background-meta":{"desktop":{"background-color":"var(--ast-global-color-5)","background-image":"","background-repeat":"repeat","background-position":"center center","background-size":"auto","background-attachment":"scroll","background-type":"","background-media":"","overlay-type":"","overlay-color":"","overlay-opacity":"","overlay-gradient":""},"tablet":{"background-color":"var(--ast-global-color-5)","background-image":"","background-repeat":"repeat","background-position":"center center","background-size":"auto","background-attachment":"scroll","background-type":"","background-media":"","overlay-type":"","overlay-color":"","overlay-opacity":"","overlay-gradient":""},"mobile":{"background-color":"var(--ast-global-color-5)","background-image":"","background-repeat":"repeat","background-position":"center center","background-size":"auto","background-attachment":"scroll","background-type":"","background-media":"","overlay-type":"","overlay-color":"","overlay-opacity":"","overlay-gradient":""}}},"product_brand":[],"product_cat":[416,205,236],"product_tag":[],"class_list":{"0":"post-20560","1":"product","2":"type-product","3":"status-publish","4":"has-post-thumbnail","6":"product_cat-atlaides","7":"product_cat-telpu-atsvaidzinataja-sagatavosana","8":"product_cat-telpu-atsvaidzinataju-pudeles","9":"desktop-align-left","10":"tablet-align-left","11":"mobile-align-left","12":"ast-product-gallery-layout-horizontal","13":"ast-product-gallery-with-no-image","14":"ast-product-single-variable","15":"ast-product-tabs-layout-horizontal","17":"first","18":"instock","19":"taxable","20":"shipping-taxable","21":"purchasable","22":"product-type-variable"},"_links":{"self":[{"href":"https:\/\/nordicdiy.ee\/lv\/wp-json\/wp\/v2\/product\/20560","targetHints":{"allow":["GET"]}}],"collection":[{"href":"https:\/\/nordicdiy.ee\/lv\/wp-json\/wp\/v2\/product"}],"about":[{"href":"https:\/\/nordicdiy.ee\/lv\/wp-json\/wp\/v2\/types\/product"}],"wp:featuredmedia":[{"embeddable":true,"href":"https:\/\/nordicdiy.ee\/lv\/wp-json\/wp\/v2\/media\/21087"}],"wp:attachment":[{"href":"https:\/\/nordicdiy.ee\/lv\/wp-json\/wp\/v2\/media?parent=20560"}],"wp:term":[{"taxonomy":"product_brand","embeddable":true,"href":"https:\/\/nordicdiy.ee\/lv\/wp-json\/wp\/v2\/product_brand?post=20560"},{"taxonomy":"product_cat","embeddable":true,"href":"https:\/\/nordicdiy.ee\/lv\/wp-json\/wp\/v2\/product_cat?post=20560"},{"taxonomy":"product_tag","embeddable":true,"href":"https:\/\/nordicdiy.ee\/lv\/wp-json\/wp\/v2\/product_tag?post=20560"}],"curies":[{"name":"wp","href":"https:\/\/api.w.org\/{rel}","templated":true}]}}