{"id":20656,"date":"2025-06-05T10:46:57","date_gmt":"2025-06-05T07:46:57","guid":{"rendered":"https:\/\/nordicdiy.ee\/epood\/uncategorized\/majas-smarzu-pudelite-ar-vacinu-apala-caurspidiga-500ml\/"},"modified":"2025-08-25T12:02:49","modified_gmt":"2025-08-25T09:02:49","slug":"majas-smarzu-pudelite-ar-vacinu-apala-caurspidiga-500ml","status":"publish","type":"product","link":"https:\/\/nordicdiy.ee\/lv\/epood\/telpu-atsvaidzinataja-sagatavosana\/telpu-atsvaidzinataju-pudeles\/majas-smarzu-pudelite-ar-vacinu-apala-caurspidiga-500ml\/","title":{"rendered":"M\u0101jas smar\u017eu pudel\u012bte ar v\u0101ci\u0146u, apa\u013ca, caursp\u012bd\u012bga 500ml"},"content":{"rendered":"<p>Atkl\u0101jiet Nordic DIY eleganto 500 ml m\u0101jas smar\u017eu pudel\u012bti! \u0160\u012bs pudeles dizains ir lieliska izv\u0113le, lai pie\u0161\u0137irtu stilu un funkcionalit\u0101ti j\u016bsu istabas arom\u0101tam. Pudelei ir iek\u013cauts tr\u012bs kr\u0101su v\u0101ci\u0146\u0161: zelta, sudraba un roz\u0101 zelta, lai to piel\u0101gotu jebkuram interjeram.  <\/p>\n<p>Izm\u0113ri<br \/>\nAugstums: 10 cm<br \/>\nDiametrs: 10,5 cm<br \/>\nStien\u012b\u0161u skr\u016bves diametrs: 2,6 cm<br \/>\nKomplekt\u0101: kr\u0101sains v\u0101ci\u0146\u0161 un kor\u0137is.<\/p>\n<p><strong>Atk\u0101rtoti lietojams -<\/strong> tvertni var atk\u0101rtoti uzpild\u012bt p\u0113c tam, kad e\u013c\u013ca ir beigusies. <strong>Nesatur smagos met\u0101lus -<\/strong> stikls ir dro\u0161s un \u0137\u012bmiski neitr\u0101ls.<\/p>\n<p><strong>K\u0101 pagatavot m\u0101jas smar\u017eu?<\/strong><\/p>\n<p>Tas ir vienk\u0101r\u0161s un jautrs process! Izv\u0113lieties 500 ml pudeli un pievienojiet 100 ml UFI Za\u013c\u0101s arom\u0101tisk\u0101s e\u013c\u013cas, kas paz\u012bstama ar savu augsto kvalit\u0101ti un dro\u0161\u012bbu. Tad pievienojiet 4000 ml b\u0101zes \u0161\u0137idruma. Ja v\u0113laties, varat pievienot ar\u012b da\u017eus pilienus kr\u0101sas uz \u016bdens b\u0101zes, lai pie\u0161\u0137irtu smar\u017eai v\u0113lamo kr\u0101su toni. R\u016bp\u012bgi samaisiet \u0161\u0137idrumus un ielejiet tos pudel\u0113.    <\/p>\n<p>Visbeidzot pudel\u012btei pievienojiet 5-8 \u0161\u0137iedras vai bambusa koci\u0146us. \u0160\u012bs n\u016bji\u0146as absorb\u0113s \u0161\u0137idrumu un nodro\u0161in\u0101s vienm\u0113r\u012bgu un ilgsto\u0161u arom\u0101ta izplat\u012b\u0161anos. Izbaudiet savu m\u0101jas smar\u017eu difuzoru, kas telp\u0101 ienes\u012bs smar\u017eu un siltumu.  <\/p>\n","protected":false},"excerpt":{"rendered":"<p>Elegant\u0101 500 ml m\u0101jas smar\u017eu pudel\u012bte ir lieliska izv\u0113le smar\u017eu izsmidzin\u0101\u0161anai. Caursp\u012bd\u012bgais noapa\u013cotais dizains pie\u0161\u0137ir stil\u012bgu izskatu jebkurai telpai. Komplekt\u0101 ietilpst v\u0101ci\u0146\u0161, ko var izv\u0113l\u0113ties no trim kr\u0101s\u0101m: zelta, sudraba vai roz\u0101 zelta.  <\/p>\n","protected":false},"featured_media":17919,"template":"","meta":{"site-sidebar-layout":"default","site-content-layout":"","ast-site-content-layout":"default","site-content-style":"default","site-sidebar-style":"default","ast-global-header-display":"","ast-banner-title-visibility":"","ast-main-header-display":"","ast-hfb-above-header-display":"","ast-hfb-below-header-display":"","ast-hfb-mobile-header-display":"","site-post-title":"","ast-breadcrumbs-content":"","ast-featured-img":"","footer-sml-layout":"","ast-disable-related-posts":"","theme-transparent-header-meta":"default","adv-header-id-meta":"","stick-header-meta":"default","header-above-stick-meta":"","header-main-stick-meta":"","header-below-stick-meta":"","astra-migrate-meta-layouts":"default","ast-page-background-enabled":"default","ast-page-background-meta":{"desktop":{"background-color":"","background-image":"","background-repeat":"repeat","background-position":"center center","background-size":"auto","background-attachment":"scroll","background-type":"","background-media":"","overlay-type":"","overlay-color":"","overlay-opacity":"","overlay-gradient":""},"tablet":{"background-color":"","background-image":"","background-repeat":"repeat","background-position":"center center","background-size":"auto","background-attachment":"scroll","background-type":"","background-media":"","overlay-type":"","overlay-color":"","overlay-opacity":"","overlay-gradient":""},"mobile":{"background-color":"","background-image":"","background-repeat":"repeat","background-position":"center center","background-size":"auto","background-attachment":"scroll","background-type":"","background-media":"","overlay-type":"","overlay-color":"","overlay-opacity":"","overlay-gradient":""}},"ast-content-background-meta":{"desktop":{"background-color":"var(--ast-global-color-5)","background-image":"","background-repeat":"repeat","background-position":"center center","background-size":"auto","background-attachment":"scroll","background-type":"","background-media":"","overlay-type":"","overlay-color":"","overlay-opacity":"","overlay-gradient":""},"tablet":{"background-color":"var(--ast-global-color-5)","background-image":"","background-repeat":"repeat","background-position":"center center","background-size":"auto","background-attachment":"scroll","background-type":"","background-media":"","overlay-type":"","overlay-color":"","overlay-opacity":"","overlay-gradient":""},"mobile":{"background-color":"var(--ast-global-color-5)","background-image":"","background-repeat":"repeat","background-position":"center center","background-size":"auto","background-attachment":"scroll","background-type":"","background-media":"","overlay-type":"","overlay-color":"","overlay-opacity":"","overlay-gradient":""}}},"product_brand":[],"product_cat":[416,205,236],"product_tag":[],"class_list":{"0":"post-20656","1":"product","2":"type-product","3":"status-publish","4":"has-post-thumbnail","6":"product_cat-atlaides","7":"product_cat-telpu-atsvaidzinataja-sagatavosana","8":"product_cat-telpu-atsvaidzinataju-pudeles","9":"desktop-align-left","10":"tablet-align-left","11":"mobile-align-left","12":"ast-product-gallery-layout-horizontal","13":"ast-product-gallery-with-no-image","14":"ast-product-single-variable","15":"ast-product-tabs-layout-horizontal","17":"first","18":"instock","19":"taxable","20":"shipping-taxable","21":"purchasable","22":"product-type-variable"},"_links":{"self":[{"href":"https:\/\/nordicdiy.ee\/lv\/wp-json\/wp\/v2\/product\/20656","targetHints":{"allow":["GET"]}}],"collection":[{"href":"https:\/\/nordicdiy.ee\/lv\/wp-json\/wp\/v2\/product"}],"about":[{"href":"https:\/\/nordicdiy.ee\/lv\/wp-json\/wp\/v2\/types\/product"}],"wp:featuredmedia":[{"embeddable":true,"href":"https:\/\/nordicdiy.ee\/lv\/wp-json\/wp\/v2\/media\/17919"}],"wp:attachment":[{"href":"https:\/\/nordicdiy.ee\/lv\/wp-json\/wp\/v2\/media?parent=20656"}],"wp:term":[{"taxonomy":"product_brand","embeddable":true,"href":"https:\/\/nordicdiy.ee\/lv\/wp-json\/wp\/v2\/product_brand?post=20656"},{"taxonomy":"product_cat","embeddable":true,"href":"https:\/\/nordicdiy.ee\/lv\/wp-json\/wp\/v2\/product_cat?post=20656"},{"taxonomy":"product_tag","embeddable":true,"href":"https:\/\/nordicdiy.ee\/lv\/wp-json\/wp\/v2\/product_tag?post=20656"}],"curies":[{"name":"wp","href":"https:\/\/api.w.org\/{rel}","templated":true}]}}