{"id":21698,"date":"2025-09-15T11:05:49","date_gmt":"2025-09-15T08:05:49","guid":{"rendered":"https:\/\/nordicdiy.ee\/epood\/uncategorized\/ieprieks-apstradats-dakts-shw60-h12cm\/"},"modified":"2026-04-08T01:48:38","modified_gmt":"2026-04-07T22:48:38","slug":"ieprieks-apstradats-dakts-shw60-h12cm","status":"publish","type":"product","link":"https:\/\/nordicdiy.ee\/lv\/epood\/svecu-izgatavosana\/svecu-daktis-un-pamatnes\/ieprieks-apstradats-dakts-shw60-h12cm\/","title":{"rendered":"Iepriek\u0161 apstr\u0101d\u0101ts dakts SHW60\/BF-32 h12cm"},"content":{"rendered":"<p data-end=\"793\" data-start=\"489\">SHW60 iepriek\u0161 vaskotais sve\u010du tur\u0113t\u0101js ir izgatavots no 100 % dab\u012bgas kokvilnas un ir uzst\u0101d\u012bts uz met\u0101la pamatnes, t\u0101p\u0113c to ir \u0113rti un profesion\u0101li lietot. Tur\u0113t\u0101js ir iepriek\u0161 vaskots, t\u0101 augstums ir 12 cm, un tas ir paredz\u0113ts <strong data-end=\"776\" data-start=\"737\">votu<\/strong> vai stikla <strong data-end=\"776\" data-start=\"737\">svec\u0113m, kuru diametrs ir 50-70 mm.<\/strong> <\/p>\n<p data-end=\"1191\" data-start=\"795\">Tie ir augstas kvalit\u0101tes PLOKANI daktis, kas piem\u0113roti 100 % dab\u012bgajam vaskam (iz\u0146emot rap\u0161u vasku), 100 % paraf\u012bna vaskam un abu veidu vasku mais\u012bjumiem. Tie pie\u013cauj ar\u012b l\u012bdz <strong data-end=\"998\" data-start=\"972\">10 % smar\u017e\u012bgo e\u013c\u013cu.<\/strong> M\u016bsu testos m\u0113s izmantoj\u0101m <strong data-end=\"1051\" data-start=\"1025\">sojas vasku Nature Wax C3, 6% arom\u0101tisko<\/strong> vasku un sve\u010du vasku - rezult\u0101ts bija vienm\u0113r\u012bga <strong data-end=\"1122\" data-start=\"1102\">deg\u0161ana, nek\u0101di redzami<\/strong> vai stikla kv\u0113pi un praktiski nek\u0101da s\u0113n\u012b\u0161u veido\u0161an\u0101s.   SHW60 un SHW80 galvenok\u0101rt at\u0161\u0137iras p\u0113c stikla izm\u0113ra, kuram tie ir vislab\u0101k piem\u0113roti. Piem\u0113ram, uz 10012 <strong data-start=\"1747\" data-end=\"1756\">(180 ml) gl\u0101zes SHW80<\/strong> darboj\u0101s lieliski <strong data-start=\"1747\" data-end=\"1756\">,<\/strong> bet uz 10036 (280 ml) un <strong data-start=\"1810\" data-end=\"1819\">10022 (260 ml)<\/strong> gl\u0101zes <strong data-start=\"1810\" data-end=\"1819\">lab\u0101kos<\/strong> <strong data-start=\"1823\" data-end=\"1832\">rezult\u0101tus<\/strong> <strong> nodro\u0161in\u0101ja<\/strong> divi SHW60. <\/p>\n<ul data-end=\"1414\" data-start=\"1276\">\n<li data-end=\"1414\" data-start=\"1384\">\n<p data-end=\"1275\" data-start=\"1193\">SHW s\u0113rijas daktu kvalit\u0101ti apliecina to atbilst\u012bba starptautiskajiem standartiem:<\/p>\n<ul data-end=\"1414\" data-start=\"1276\">\n<li data-end=\"1304\" data-start=\"1276\">\n<p data-end=\"1304\" data-start=\"1278\"><strong data-end=\"1302\" data-start=\"1278\">Oeko-Tex Standard 100 (sertifik\u0101ts nodro\u0161ina, ka pastas sast\u0101vs ir p\u0101rbaud\u012bts attiec\u012bb\u0101 uz kait\u012bg\u0101m viel\u0101m un ir 100% dro\u0161s lieto\u0161anai m\u0101j\u0101s).<\/strong><\/p>\n<\/li>\n<li data-end=\"1323\" data-start=\"1305\">\n<p data-end=\"1323\" data-start=\"1307\"><strong data-end=\"1321\" data-start=\"1307\">BCI kokvilna<\/strong><\/p>\n<\/li>\n<li data-end=\"1341\" data-start=\"1324\">\n<p data-end=\"1341\" data-start=\"1326\"><strong data-end=\"1339\" data-start=\"1326\">RAL GZ041<\/strong><\/p>\n<\/li>\n<li data-end=\"1383\" data-start=\"1342\">\n<p data-end=\"1383\" data-start=\"1344\">100% <strong data-end=\"1381\" data-start=\"1349\">apstr\u0101de bez boraksam (BF-32)<\/strong><\/p>\n<\/li>\n<li data-end=\"1414\" data-start=\"1384\">\n<p data-end=\"1414\" data-start=\"1386\">Atbilst\u012bba <strong data-end=\"1412\" data-start=\"1395\">SVHC pras\u012bb\u0101m (nav vielu, kas iek\u013cautas Eiropas Savien\u012bbas \u012bpa\u0161aj\u0101 b\u012bstamo vielu sarakst\u0101)<\/strong>.<\/p>\n<\/li>\n<li><a href=\"https:\/\/nordicdiy.ee\/lv\/jauni-svecu-turetaji-bez-boraksam\/\" target=\"_blank\" rel=\"noopener\">Vair\u0101k par dakt\u012bm, kas nesatur boraku, lasiet \u0161eit.<\/a><\/li>\n<\/ul>\n<\/li>\n<\/ul>\n<p data-end=\"1659\" data-start=\"1416\">SHW60 daktis tiek ra\u017eotas vado\u0161aj\u0101 V\u0101cijas sve\u010du r\u016bpn\u012bc\u0101 ar vair\u0101k nek\u0101 <strong data-end=\"1516\" data-start=\"1495\">30 gadu pieredzi.<\/strong> \u0160\u012bs ir t\u0101s pa\u0161as daktis, ko izmanto liel\u0101kie sve\u010du ra\u017eot\u0101ji, t\u0101p\u0113c t\u0101s ir ide\u0101li piem\u0113rotas gan hobija, gan profesion\u0101lai sve\u010du ra\u017eo\u0161anai. <\/p>\n","protected":false},"excerpt":{"rendered":"<p>Gatavs met\u0101la sve\u010dturis SHW60 (12 cm), izgatavots no 100% dab\u012bgas kokvilnas. SHW s\u0113rijas daktis 100 % nesatur boraku (apstr\u0101de BF-32). Piem\u0113rots izmanto\u0161anai dab\u012bg\u0101 vaska (iz\u0146emot rap\u0161u vasku) un paraf\u012bna votu un stikla svec\u0113m (50-70 mm). Vaska sveces nesatur met\u0101lus un deg\u0161anas laik\u0101 neizdala toksiskas vielas, nodro\u0161inot t\u012bru un vienm\u0113r\u012bgu deg\u0161anu, bez sodr\u0113jiem un s\u0113n\u012bt\u0113m.   <\/p>\n","protected":false},"featured_media":21843,"template":"","meta":{"site-sidebar-layout":"default","site-content-layout":"","ast-site-content-layout":"default","site-content-style":"default","site-sidebar-style":"default","ast-global-header-display":"","ast-banner-title-visibility":"","ast-main-header-display":"","ast-hfb-above-header-display":"","ast-hfb-below-header-display":"","ast-hfb-mobile-header-display":"","site-post-title":"","ast-breadcrumbs-content":"","ast-featured-img":"","footer-sml-layout":"","ast-disable-related-posts":"","theme-transparent-header-meta":"default","adv-header-id-meta":"","stick-header-meta":"","header-above-stick-meta":"","header-main-stick-meta":"","header-below-stick-meta":"","astra-migrate-meta-layouts":"default","ast-page-background-enabled":"default","ast-page-background-meta":{"desktop":{"background-color":"","background-image":"","background-repeat":"repeat","background-position":"center center","background-size":"auto","background-attachment":"scroll","background-type":"","background-media":"","overlay-type":"","overlay-color":"","overlay-opacity":"","overlay-gradient":""},"tablet":{"background-color":"","background-image":"","background-repeat":"repeat","background-position":"center center","background-size":"auto","background-attachment":"scroll","background-type":"","background-media":"","overlay-type":"","overlay-color":"","overlay-opacity":"","overlay-gradient":""},"mobile":{"background-color":"","background-image":"","background-repeat":"repeat","background-position":"center center","background-size":"auto","background-attachment":"scroll","background-type":"","background-media":"","overlay-type":"","overlay-color":"","overlay-opacity":"","overlay-gradient":""}},"ast-content-background-meta":{"desktop":{"background-color":"var(--ast-global-color-5)","background-image":"","background-repeat":"repeat","background-position":"center center","background-size":"auto","background-attachment":"scroll","background-type":"","background-media":"","overlay-type":"","overlay-color":"","overlay-opacity":"","overlay-gradient":""},"tablet":{"background-color":"var(--ast-global-color-5)","background-image":"","background-repeat":"repeat","background-position":"center center","background-size":"auto","background-attachment":"scroll","background-type":"","background-media":"","overlay-type":"","overlay-color":"","overlay-opacity":"","overlay-gradient":""},"mobile":{"background-color":"var(--ast-global-color-5)","background-image":"","background-repeat":"repeat","background-position":"center center","background-size":"auto","background-attachment":"scroll","background-type":"","background-media":"","overlay-type":"","overlay-color":"","overlay-opacity":"","overlay-gradient":""}}},"product_brand":[],"product_cat":[199,150],"product_tag":[],"class_list":{"0":"post-21698","1":"product","2":"type-product","3":"status-publish","4":"has-post-thumbnail","6":"product_cat-svecu-daktis-un-pamatnes","7":"product_cat-svecu-izgatavosana","8":"desktop-align-left","9":"tablet-align-left","10":"mobile-align-left","11":"ast-product-gallery-layout-horizontal","12":"ast-product-gallery-with-no-image","13":"ast-product-single-variable","14":"ast-product-tabs-layout-horizontal","16":"first","17":"instock","18":"taxable","19":"shipping-taxable","20":"purchasable","21":"product-type-variable"},"_links":{"self":[{"href":"https:\/\/nordicdiy.ee\/lv\/wp-json\/wp\/v2\/product\/21698","targetHints":{"allow":["GET"]}}],"collection":[{"href":"https:\/\/nordicdiy.ee\/lv\/wp-json\/wp\/v2\/product"}],"about":[{"href":"https:\/\/nordicdiy.ee\/lv\/wp-json\/wp\/v2\/types\/product"}],"wp:featuredmedia":[{"embeddable":true,"href":"https:\/\/nordicdiy.ee\/lv\/wp-json\/wp\/v2\/media\/21843"}],"wp:attachment":[{"href":"https:\/\/nordicdiy.ee\/lv\/wp-json\/wp\/v2\/media?parent=21698"}],"wp:term":[{"taxonomy":"product_brand","embeddable":true,"href":"https:\/\/nordicdiy.ee\/lv\/wp-json\/wp\/v2\/product_brand?post=21698"},{"taxonomy":"product_cat","embeddable":true,"href":"https:\/\/nordicdiy.ee\/lv\/wp-json\/wp\/v2\/product_cat?post=21698"},{"taxonomy":"product_tag","embeddable":true,"href":"https:\/\/nordicdiy.ee\/lv\/wp-json\/wp\/v2\/product_tag?post=21698"}],"curies":[{"name":"wp","href":"https:\/\/api.w.org\/{rel}","templated":true}]}}