{"id":22504,"date":"2025-09-27T10:27:07","date_gmt":"2025-09-27T07:27:07","guid":{"rendered":"https:\/\/nordicdiy.ee\/epood\/uncategorized\/metala-svecu-turetajs\/"},"modified":"2025-09-27T10:55:57","modified_gmt":"2025-09-27T07:55:57","slug":"metala-svecu-turetajs","status":"publish","type":"product","link":"https:\/\/nordicdiy.ee\/lv\/epood\/svecu-izgatavosana\/svecu-daktis-un-pamatnes\/metala-svecu-turetajs\/","title":{"rendered":"Met\u0101la sve\u010du tur\u0113t\u0101js"},"content":{"rendered":"<p>Augstas kvalit\u0101tes ner\u016bs\u0113jo\u0161\u0101 met\u0101la sve\u010du tur\u0113t\u0101js pal\u012bdz notur\u0113t daktu prec\u012bzi centr\u0101 sve\u010du gatavo\u0161anas laik\u0101, nodro\u0161inot taisnu deg\u0161anu un profesion\u0101lu apdari.<br \/>\nTur\u0113t\u0101js ir piem\u0113rots lieto\u0161anai ar da\u017e\u0101da diametra traukiem, un to ir viegli t\u012br\u012bt un atk\u0101rtoti izmantot.<\/p>\n<ul>\n<li>Materi\u0101ls: ner\u016bs\u0113jo\u0161ais t\u0113rauds<\/li>\n<li>Garums: 10 cm<\/li>\n<li>Platums: 2,5 cm<\/li>\n<li>Kr\u0101sa: sudraba<\/li>\n<\/ul>\n<p>Lieto\u0161ana: piem\u0113rots vienai vai div\u0101m \u0161\u0137autn\u0113m.<\/p>\n<p>\u0160is ner\u016bs\u0113jo\u0161\u0101 t\u0113rauda sve\u010du tur\u0113t\u0101js ir iztur\u012bgs, ner\u016bs\u0113 un pal\u012bdz sasniegt perfekti centr\u0113tu daktu, kas ir b\u016btiski vienm\u0113r\u012bgai deg\u0161anai un est\u0113tiskam izskatam. Piem\u0113rots gan ies\u0101c\u0113jiem, gan pieredz\u0113ju\u0161iem sve\u010du darin\u0101t\u0101jiem. <\/p>\n<ul>\n<li>Ide\u0101li piem\u0113rots izmanto\u0161anai gl\u0101z\u0113s, burk\u0101s un citos traukos.<\/li>\n<li>P\u0101rstr\u0101d\u0101jams un videi draudz\u012bgs risin\u0101jums<\/li>\n<li>\u0112rts r\u012bks sve\u010du ra\u017eot\u0101jam<\/li>\n<\/ul>\n","protected":false},"excerpt":{"rendered":"<p>Augstas kvalit\u0101tes ner\u016bs\u0113jo\u0161\u0101 met\u0101la sve\u010du tur\u0113t\u0101js (10 cm) pal\u012bdz notur\u0113t daktu prec\u012bzi centr\u0101 sve\u010du gatavo\u0161anas laik\u0101, nodro\u0161inot vienm\u0113r\u012bgu deg\u0161anu un profesion\u0101lu apdari.<br \/>\nTur\u0113t\u0101js ir piem\u0113rots lieto\u0161anai ar da\u017e\u0101da diametra traukiem, un to ir viegli t\u012br\u012bt un atk\u0101rtoti izmantot.<\/p>\n","protected":false},"featured_media":22516,"template":"","meta":{"site-sidebar-layout":"default","site-content-layout":"","ast-site-content-layout":"default","site-content-style":"default","site-sidebar-style":"default","ast-global-header-display":"","ast-banner-title-visibility":"","ast-main-header-display":"","ast-hfb-above-header-display":"","ast-hfb-below-header-display":"","ast-hfb-mobile-header-display":"","site-post-title":"","ast-breadcrumbs-content":"","ast-featured-img":"","footer-sml-layout":"","ast-disable-related-posts":"","theme-transparent-header-meta":"default","adv-header-id-meta":"","stick-header-meta":"default","header-above-stick-meta":"","header-main-stick-meta":"","header-below-stick-meta":"","astra-migrate-meta-layouts":"default","ast-page-background-enabled":"default","ast-page-background-meta":{"desktop":{"background-color":"","background-image":"","background-repeat":"repeat","background-position":"center center","background-size":"auto","background-attachment":"scroll","background-type":"","background-media":"","overlay-type":"","overlay-color":"","overlay-opacity":"","overlay-gradient":""},"tablet":{"background-color":"","background-image":"","background-repeat":"repeat","background-position":"center center","background-size":"auto","background-attachment":"scroll","background-type":"","background-media":"","overlay-type":"","overlay-color":"","overlay-opacity":"","overlay-gradient":""},"mobile":{"background-color":"","background-image":"","background-repeat":"repeat","background-position":"center center","background-size":"auto","background-attachment":"scroll","background-type":"","background-media":"","overlay-type":"","overlay-color":"","overlay-opacity":"","overlay-gradient":""}},"ast-content-background-meta":{"desktop":{"background-color":"var(--ast-global-color-5)","background-image":"","background-repeat":"repeat","background-position":"center center","background-size":"auto","background-attachment":"scroll","background-type":"","background-media":"","overlay-type":"","overlay-color":"","overlay-opacity":"","overlay-gradient":""},"tablet":{"background-color":"var(--ast-global-color-5)","background-image":"","background-repeat":"repeat","background-position":"center center","background-size":"auto","background-attachment":"scroll","background-type":"","background-media":"","overlay-type":"","overlay-color":"","overlay-opacity":"","overlay-gradient":""},"mobile":{"background-color":"var(--ast-global-color-5)","background-image":"","background-repeat":"repeat","background-position":"center center","background-size":"auto","background-attachment":"scroll","background-type":"","background-media":"","overlay-type":"","overlay-color":"","overlay-opacity":"","overlay-gradient":""}}},"product_brand":[],"product_cat":[199,150],"product_tag":[],"class_list":{"0":"post-22504","1":"product","2":"type-product","3":"status-publish","4":"has-post-thumbnail","6":"product_cat-svecu-daktis-un-pamatnes","7":"product_cat-svecu-izgatavosana","8":"desktop-align-left","9":"tablet-align-left","10":"mobile-align-left","11":"ast-product-gallery-layout-horizontal","12":"ast-product-gallery-with-no-image","13":"ast-product-tabs-layout-horizontal","15":"first","16":"instock","17":"taxable","18":"shipping-taxable","19":"purchasable","20":"product-type-simple"},"_links":{"self":[{"href":"https:\/\/nordicdiy.ee\/lv\/wp-json\/wp\/v2\/product\/22504","targetHints":{"allow":["GET"]}}],"collection":[{"href":"https:\/\/nordicdiy.ee\/lv\/wp-json\/wp\/v2\/product"}],"about":[{"href":"https:\/\/nordicdiy.ee\/lv\/wp-json\/wp\/v2\/types\/product"}],"wp:featuredmedia":[{"embeddable":true,"href":"https:\/\/nordicdiy.ee\/lv\/wp-json\/wp\/v2\/media\/22516"}],"wp:attachment":[{"href":"https:\/\/nordicdiy.ee\/lv\/wp-json\/wp\/v2\/media?parent=22504"}],"wp:term":[{"taxonomy":"product_brand","embeddable":true,"href":"https:\/\/nordicdiy.ee\/lv\/wp-json\/wp\/v2\/product_brand?post=22504"},{"taxonomy":"product_cat","embeddable":true,"href":"https:\/\/nordicdiy.ee\/lv\/wp-json\/wp\/v2\/product_cat?post=22504"},{"taxonomy":"product_tag","embeddable":true,"href":"https:\/\/nordicdiy.ee\/lv\/wp-json\/wp\/v2\/product_tag?post=22504"}],"curies":[{"name":"wp","href":"https:\/\/api.w.org\/{rel}","templated":true}]}}