{"id":22510,"date":"2025-10-01T10:42:11","date_gmt":"2025-10-01T07:42:11","guid":{"rendered":"https:\/\/nordicdiy.ee\/epood\/uncategorized\/koka-svecu-turetajs\/"},"modified":"2025-12-02T11:33:33","modified_gmt":"2025-12-02T08:33:33","slug":"koka-svecu-turetajs","status":"publish","type":"product","link":"https:\/\/nordicdiy.ee\/lv\/epood\/svecu-izgatavosana\/svecu-daktis-un-pamatnes\/koka-svecu-turetajs\/","title":{"rendered":"Koka sve\u010du tur\u0113t\u0101js"},"content":{"rendered":"<p>No iztur\u012bga koka izgatavotais sve\u010du tur\u0113t\u0101js pal\u012bdz prec\u012bzi novietot sveci(-es) centr\u0101, lai nodro\u0161in\u0101tu vienm\u0113r\u012bgu un taisnu deg\u0161anu. Pateicoties 7 caurumu konstrukcijai, vienlaic\u012bgi var pievienot vair\u0101kas daktis vai izv\u0113l\u0113ties pareizo izvietojumu atkar\u012bb\u0101 no trauka formas. <\/p>\n<ul>\n<li>Materi\u0101ls: koks<\/li>\n<li>Garums: 17,8 cm<\/li>\n<li>Atveres: 7 (piem\u0113rotas da\u017e\u0101d\u0101m dakts poz\u012bcij\u0101m)<\/li>\n<li>Kr\u0101sa: dab\u012bg\u0101 koka<\/li>\n<\/ul>\n<p>Lieto\u0161ana: lai pievienotu vienu vai vair\u0101kas cietvielas da\u017e\u0101dos traukos.<\/p>\n<p>Koka sve\u010du tur\u0113t\u0101js ir videi draudz\u012bgs, atk\u0101rtoti lietojams un ir ide\u0101ls r\u012bks sve\u010du gatavo\u0161anai m\u0101j\u0101s, k\u0101 ar\u012b profesion\u0101\u013ciem. Tas ir \u012bpa\u0161i piem\u0113rots liel\u0101k\u0101m vai daudzpus\u012bg\u0101m konteineru svec\u0113m. <\/p>\n<ul>\n<li>Viegli lietojams un piem\u0113rots da\u017e\u0101diem traukiem<\/li>\n<li>7 atveres nodro\u0161ina elast\u012bgu pozicion\u0113\u0161anu<\/li>\n<li>Atk\u0101rtoti izmantojams un ilgtsp\u0113j\u012bgs r\u012bks<\/li>\n<li>Ide\u0101ls pal\u012bgl\u012bdzeklis t\u012bru un simetrisku sve\u010du izgatavo\u0161anai<\/li>\n<\/ul>\n","protected":false},"excerpt":{"rendered":"<p>Koka sve\u010du tur\u0113t\u0101js 17,8 cm - Instruments ar 7 caurumiem prec\u012bzai dakts novieto\u0161anai. Atk\u0101rtoti lietojams un ide\u0101li piem\u0113rots vair\u0101ku dakt\u012b\u0161u ievieto\u0161anai da\u017e\u0101dos traukos. <\/p>\n","protected":false},"featured_media":22522,"template":"","meta":{"site-sidebar-layout":"default","site-content-layout":"","ast-site-content-layout":"default","site-content-style":"default","site-sidebar-style":"default","ast-global-header-display":"","ast-banner-title-visibility":"","ast-main-header-display":"","ast-hfb-above-header-display":"","ast-hfb-below-header-display":"","ast-hfb-mobile-header-display":"","site-post-title":"","ast-breadcrumbs-content":"","ast-featured-img":"","footer-sml-layout":"","ast-disable-related-posts":"","theme-transparent-header-meta":"default","adv-header-id-meta":"","stick-header-meta":"default","header-above-stick-meta":"","header-main-stick-meta":"","header-below-stick-meta":"","astra-migrate-meta-layouts":"default","ast-page-background-enabled":"default","ast-page-background-meta":{"desktop":{"background-color":"","background-image":"","background-repeat":"repeat","background-position":"center center","background-size":"auto","background-attachment":"scroll","background-type":"","background-media":"","overlay-type":"","overlay-color":"","overlay-opacity":"","overlay-gradient":""},"tablet":{"background-color":"","background-image":"","background-repeat":"repeat","background-position":"center center","background-size":"auto","background-attachment":"scroll","background-type":"","background-media":"","overlay-type":"","overlay-color":"","overlay-opacity":"","overlay-gradient":""},"mobile":{"background-color":"","background-image":"","background-repeat":"repeat","background-position":"center center","background-size":"auto","background-attachment":"scroll","background-type":"","background-media":"","overlay-type":"","overlay-color":"","overlay-opacity":"","overlay-gradient":""}},"ast-content-background-meta":{"desktop":{"background-color":"var(--ast-global-color-5)","background-image":"","background-repeat":"repeat","background-position":"center center","background-size":"auto","background-attachment":"scroll","background-type":"","background-media":"","overlay-type":"","overlay-color":"","overlay-opacity":"","overlay-gradient":""},"tablet":{"background-color":"var(--ast-global-color-5)","background-image":"","background-repeat":"repeat","background-position":"center center","background-size":"auto","background-attachment":"scroll","background-type":"","background-media":"","overlay-type":"","overlay-color":"","overlay-opacity":"","overlay-gradient":""},"mobile":{"background-color":"var(--ast-global-color-5)","background-image":"","background-repeat":"repeat","background-position":"center center","background-size":"auto","background-attachment":"scroll","background-type":"","background-media":"","overlay-type":"","overlay-color":"","overlay-opacity":"","overlay-gradient":""}}},"product_brand":[],"product_cat":[199,150],"product_tag":[],"class_list":{"0":"post-22510","1":"product","2":"type-product","3":"status-publish","4":"has-post-thumbnail","6":"product_cat-svecu-daktis-un-pamatnes","7":"product_cat-svecu-izgatavosana","8":"desktop-align-left","9":"tablet-align-left","10":"mobile-align-left","11":"ast-product-gallery-layout-horizontal","12":"ast-product-gallery-with-no-image","13":"ast-product-tabs-layout-horizontal","15":"first","16":"instock","17":"taxable","18":"shipping-taxable","19":"purchasable","20":"product-type-simple"},"_links":{"self":[{"href":"https:\/\/nordicdiy.ee\/lv\/wp-json\/wp\/v2\/product\/22510","targetHints":{"allow":["GET"]}}],"collection":[{"href":"https:\/\/nordicdiy.ee\/lv\/wp-json\/wp\/v2\/product"}],"about":[{"href":"https:\/\/nordicdiy.ee\/lv\/wp-json\/wp\/v2\/types\/product"}],"wp:featuredmedia":[{"embeddable":true,"href":"https:\/\/nordicdiy.ee\/lv\/wp-json\/wp\/v2\/media\/22522"}],"wp:attachment":[{"href":"https:\/\/nordicdiy.ee\/lv\/wp-json\/wp\/v2\/media?parent=22510"}],"wp:term":[{"taxonomy":"product_brand","embeddable":true,"href":"https:\/\/nordicdiy.ee\/lv\/wp-json\/wp\/v2\/product_brand?post=22510"},{"taxonomy":"product_cat","embeddable":true,"href":"https:\/\/nordicdiy.ee\/lv\/wp-json\/wp\/v2\/product_cat?post=22510"},{"taxonomy":"product_tag","embeddable":true,"href":"https:\/\/nordicdiy.ee\/lv\/wp-json\/wp\/v2\/product_tag?post=22510"}],"curies":[{"name":"wp","href":"https:\/\/api.w.org\/{rel}","templated":true}]}}