{"id":22575,"date":"2025-10-01T11:57:11","date_gmt":"2025-10-01T08:57:11","guid":{"rendered":"https:\/\/nordicdiy.ee\/epood\/uncategorized\/ziepju-vasks-golden-wax-464-svecu-stiklam\/"},"modified":"2026-02-26T18:31:15","modified_gmt":"2026-02-26T15:31:15","slug":"ziepju-vasks-golden-wax-464-svecu-stiklam","status":"publish","type":"product","link":"https:\/\/nordicdiy.ee\/lv\/epood\/svecu-izgatavosana\/svecu-vaski\/ziepju-vasks-golden-wax-464-svecu-stiklam\/","title":{"rendered":"Sojas vasks Zelta vaska 464 bloks sve\u010du stiklam"},"content":{"rendered":"<p>Golden Wax 464 ir gluds un kr\u0113m\u012bgs sojas vasks, kas ir ide\u0101li piem\u0113rots stikla sve\u010du un t\u0113jas sve\u010du izgatavo\u0161anai.<\/p>\n<p>Golden Wax 464 ir <strong>veg\u0101niem draudz\u012bgs un atbild\u012bgi ra\u017eots<\/strong>, iev\u0113rojot augstus \u0113tikas un vides standartus. Turkl\u0101t t\u0101 ir ilgtsp\u0113j\u012bga izv\u0113le, jo AAK lielu uzsvaru liek uz draudz\u012bgumu videi. \u0160o vasku var izmantot ar\u012b mikrovi\u013c\u0146u kr\u0101sn\u012b. Lai izvair\u012btos no sve\u010du virsmas plais\u0101\u0161anas un samazin\u0101tu polimorfisma iesp\u0113jam\u012bbu, turiet gl\u0101zes istabas temperat\u016br\u0101 (20 \u00b0C) un izvairieties no p\u0113k\u0161\u0146\u0101m temperat\u016bras izmai\u0146\u0101m atdzes\u0113\u0161anas laik\u0101.   <\/p>\n<ul>\n<li><strong>Ku\u0161anas temperat\u016bra:<\/strong> 45-48\u00b0C<\/li>\n<li><strong>Smar\u017eas un kr\u0101sas pievieno\u0161anas temperat\u016bra:<\/strong> 70-80 \u00b0C<\/li>\n<li><strong>Laist\u012b\u0161anas temperat\u016bra:<\/strong> 60-75\u00b0C<\/li>\n<li><strong>Smar\u017evielas saturs: 6-10 %<\/strong> (parasti pietiek ar 6 %).<\/li>\n<li><strong>Kr\u0101svielu saturs: 0,1-0<\/strong>,4 %<br \/>\nZelta vasks 464 ir lieliska izv\u0113le tiem, kas mekl\u0113 augstas kvalit\u0101tes, videi draudz\u012bgu vasku, kas nodro\u0161in\u0101s lieliskus rezult\u0101tus katr\u0101 svec\u0113. Ra\u017eot\u0101js: AAK Zviedrija. Iepakots vaska blokos.  <\/li>\n<\/ul>\n","protected":false},"excerpt":{"rendered":"<p>Golden Wax 464 Sojas vasks ir ide\u0101li piem\u0113rots stikla sve\u010du un t\u0113jas sve\u010du izgatavo\u0161anai. Vaska sast\u0101v\u0101 ir augsts arom\u0101tisko e\u013c\u013cu saturs, tas ir stabils un t\u012bri deg. Tas ir izgatavots no 100 % dab\u012bgiem materi\u0101liem, ir videi draudz\u012bgs un nesatur \u0122MO. Arom\u0101tisk\u0101 e\u013c\u013ca var pievienot l\u012bdz 6-10%. Iepakots vaska blokos.<\/p>\n","protected":false},"featured_media":23213,"template":"","meta":{"site-sidebar-layout":"default","site-content-layout":"","ast-site-content-layout":"default","site-content-style":"default","site-sidebar-style":"default","ast-global-header-display":"","ast-banner-title-visibility":"","ast-main-header-display":"","ast-hfb-above-header-display":"","ast-hfb-below-header-display":"","ast-hfb-mobile-header-display":"","site-post-title":"","ast-breadcrumbs-content":"","ast-featured-img":"","footer-sml-layout":"","ast-disable-related-posts":"","theme-transparent-header-meta":"default","adv-header-id-meta":"","stick-header-meta":"default","header-above-stick-meta":"","header-main-stick-meta":"","header-below-stick-meta":"","astra-migrate-meta-layouts":"default","ast-page-background-enabled":"default","ast-page-background-meta":{"desktop":{"background-color":"","background-image":"","background-repeat":"repeat","background-position":"center center","background-size":"auto","background-attachment":"scroll","background-type":"","background-media":"","overlay-type":"","overlay-color":"","overlay-opacity":"","overlay-gradient":""},"tablet":{"background-color":"","background-image":"","background-repeat":"repeat","background-position":"center center","background-size":"auto","background-attachment":"scroll","background-type":"","background-media":"","overlay-type":"","overlay-color":"","overlay-opacity":"","overlay-gradient":""},"mobile":{"background-color":"","background-image":"","background-repeat":"repeat","background-position":"center center","background-size":"auto","background-attachment":"scroll","background-type":"","background-media":"","overlay-type":"","overlay-color":"","overlay-opacity":"","overlay-gradient":""}},"ast-content-background-meta":{"desktop":{"background-color":"var(--ast-global-color-5)","background-image":"","background-repeat":"repeat","background-position":"center center","background-size":"auto","background-attachment":"scroll","background-type":"","background-media":"","overlay-type":"","overlay-color":"","overlay-opacity":"","overlay-gradient":""},"tablet":{"background-color":"var(--ast-global-color-5)","background-image":"","background-repeat":"repeat","background-position":"center center","background-size":"auto","background-attachment":"scroll","background-type":"","background-media":"","overlay-type":"","overlay-color":"","overlay-opacity":"","overlay-gradient":""},"mobile":{"background-color":"var(--ast-global-color-5)","background-image":"","background-repeat":"repeat","background-position":"center center","background-size":"auto","background-attachment":"scroll","background-type":"","background-media":"","overlay-type":"","overlay-color":"","overlay-opacity":"","overlay-gradient":""}}},"product_brand":[],"product_cat":[150,151],"product_tag":[],"class_list":{"0":"post-22575","1":"product","2":"type-product","3":"status-publish","4":"has-post-thumbnail","6":"product_cat-svecu-izgatavosana","7":"product_cat-svecu-vaski","8":"desktop-align-left","9":"tablet-align-left","10":"mobile-align-left","11":"ast-product-gallery-layout-horizontal","12":"ast-product-gallery-with-no-image","13":"ast-product-single-variable","14":"ast-product-tabs-layout-horizontal","16":"first","17":"instock","18":"taxable","19":"shipping-taxable","20":"purchasable","21":"product-type-variable"},"_links":{"self":[{"href":"https:\/\/nordicdiy.ee\/lv\/wp-json\/wp\/v2\/product\/22575","targetHints":{"allow":["GET"]}}],"collection":[{"href":"https:\/\/nordicdiy.ee\/lv\/wp-json\/wp\/v2\/product"}],"about":[{"href":"https:\/\/nordicdiy.ee\/lv\/wp-json\/wp\/v2\/types\/product"}],"wp:featuredmedia":[{"embeddable":true,"href":"https:\/\/nordicdiy.ee\/lv\/wp-json\/wp\/v2\/media\/23213"}],"wp:attachment":[{"href":"https:\/\/nordicdiy.ee\/lv\/wp-json\/wp\/v2\/media?parent=22575"}],"wp:term":[{"taxonomy":"product_brand","embeddable":true,"href":"https:\/\/nordicdiy.ee\/lv\/wp-json\/wp\/v2\/product_brand?post=22575"},{"taxonomy":"product_cat","embeddable":true,"href":"https:\/\/nordicdiy.ee\/lv\/wp-json\/wp\/v2\/product_cat?post=22575"},{"taxonomy":"product_tag","embeddable":true,"href":"https:\/\/nordicdiy.ee\/lv\/wp-json\/wp\/v2\/product_tag?post=22575"}],"curies":[{"name":"wp","href":"https:\/\/api.w.org\/{rel}","templated":true}]}}