{"id":22931,"date":"2025-09-29T16:35:47","date_gmt":"2025-09-29T13:35:47","guid":{"rendered":"https:\/\/nordicdiy.ee\/epood\/uncategorized\/bubblegum-ws-smarzu-ella\/"},"modified":"2026-02-26T17:20:03","modified_gmt":"2026-02-26T14:20:03","slug":"bubblegum-ws-smarzu-ella","status":"publish","type":"product","link":"https:\/\/nordicdiy.ee\/lv\/epood\/svecu-izgatavosana\/svecu-smarzas\/bubblegum-ws-smarzu-ella\/","title":{"rendered":"Bubblegum WS smar\u017eu e\u013c\u013ca"},"content":{"rendered":"<p>\u0160\u012b arom\u0101tisk\u0101 e\u013c\u013ca svec\u0113m pie\u0161\u0137irs j\u016bsu rokdarbiem unik\u0101lu un ilgnotur\u012bgu bu\u0137eti. \u0160\u012b smar\u017eviela ir piem\u0113rota izmanto\u0161anai da\u017e\u0101dos vaska veidos: <\/p>\n<ul>\n<li>Ieteicam\u0101 deva paraf\u012bna vaskos un vasku mais\u012bjumos: 1-3%.<\/li>\n<li>Ieteicam\u0101 deva dab\u012bgajos vaskos (piem\u0113ram, sojas): 5-10%.<\/li>\n<\/ul>\n<p class=\"\" data-start=\"1065\" data-end=\"1095\"><strong data-start=\"1065\" data-end=\"1093\">Sertifik\u0101ti un dro\u0161\u012bba:<\/strong><\/p>\n<ul data-start=\"1096\" data-end=\"1536\">\n<li class=\"\" data-start=\"1096\" data-end=\"1205\">\n<p class=\"\" data-start=\"1098\" data-end=\"1205\">Atbilst Starptautisk\u0101s smar\u017eu asoci\u0101cijas ( <strong data-start=\"1105\" data-end=\"1113\">IFRA<\/strong> ) standartiem (sertifik\u0101ti pieejami p\u0113c piepras\u012bjuma).<\/p>\n<\/li>\n<li class=\"\" data-start=\"1206\" data-end=\"1325\">\n<p class=\"\" data-start=\"1208\" data-end=\"1325\">Atbilst <strong data-start=\"1215\" data-end=\"1224\">REACH<\/strong> - nesatur vielas, kas iek\u013cautas <strong data-start=\"1272\" data-end=\"1296\">SVHC kandid\u0101tu<\/strong> sarakst\u0101 no 07.2019.<\/p>\n<\/li>\n<li class=\"\" data-start=\"1326\" data-end=\"1420\">\n<p class=\"\" data-start=\"1328\" data-end=\"1420\"><strong data-start=\"1328\" data-end=\"1337\">Veg\u0101ns<\/strong> - nesatur dz\u012bvnieku izcelsmes sast\u0101vda\u013cas un kr\u0101svielas<\/p>\n<\/li>\n<li class=\"\" data-start=\"1421\" data-end=\"1536\">\n<p class=\"\" data-start=\"1423\" data-end=\"1536\"><strong data-start=\"1423\" data-end=\"1451\">Netest\u0113ts uz dz\u012bvniekiem<\/strong> - saska\u0146\u0101 ar Starptautisko kosm\u0113tikas sast\u0101vda\u013cu rokasgr\u0101matu (8. izdevums).<\/p>\n<\/li>\n<\/ul>\n<p>ENG: Dro\u0161\u012bbas datu lapa (SDS)<br \/>\nENG: IFRA<br \/>\nENG: Aler\u0123\u0113ni.<\/p>\n<p>Maksim\u0101li pie\u013caujamos daudzumus svec\u0113m, smar\u017e\u012bgajiem vaskiem, ziep\u0113m (ciet\u0101m un \u0161\u0137idr\u0101m), m\u0101jas smar\u017eviel\u0101m vai aerosoliem var lejupiel\u0101d\u0113t no IFRA tabulas.<\/p>\n<p><strong data-start=\"1310\" data-end=\"1326\">Uzglab\u0101\u0161ana:<\/strong> ieteicamais der\u012bguma termi\u0146\u0161 ir <strong data-start=\"1353\" data-end=\"1364\">1 gads,<\/strong> bet, ja produkts tiek pareizi uzglab\u0101ts (prom no saules gaismas, saus\u0101 un v\u0113s\u0101 viet\u0101), tas b\u016bs der\u012bgs vair\u0101kus gadus.<\/p>\n<p>BR\u012aDIN\u0100JUMS!<br \/>\n<img decoding=\"async\" class=\"\" src=\"https:\/\/nordicdiy.ee\/wp-content\/uploads\/2025\/01\/terviseoht.jpg\" width=\"70\" height=\"70\"><img decoding=\"async\" class=\"\" src=\"https:\/\/nordicdiy.ee\/wp-content\/uploads\/2025\/02\/keskkonnaoht.jpg\" width=\"71\" height=\"71\"><\/p>\n","protected":false},"excerpt":{"rendered":"<p>Arom\u0101tisk\u0101 e\u013c\u013ca, kas pie\u0161\u0137ir arom\u0101tiskaj\u0101m svec\u0113m unik\u0101lu un neaizmirstamu arom\u0101tu. Piem\u0113rota izmanto\u0161anai paraf\u012bna vaskos, vaska mais\u012bjumos un dab\u012bgajos vaskos (piem\u0113ram, Ziepju vask\u0101). S\u012bk\u0101ku inform\u0101ciju par arom\u0101tisk\u0101s e\u013c\u013cas lieto\u0161anu skatiet produkta aprakst\u0101.  <\/p>\n<p><strong>Smar\u017eas notis<\/strong><br \/>\nAug\u0161\u0113j\u0101s notis: laima, mandar\u012bns, sald\u0101 piparm\u0113tra, fr\u0113zija, zemene, ban\u0101ns, bumbieris, anan\u0101ss<br \/>\nSirds notis: heliotropa ziedi, krustnagli\u0146as, \u0137irsis, sarkan\u0101s ogas, aprikoze<br \/>\nB\u0101zes notis: avene, salda vani\u013ca.<\/p>\n","protected":false},"featured_media":22981,"template":"","meta":{"site-sidebar-layout":"default","site-content-layout":"","ast-site-content-layout":"default","site-content-style":"default","site-sidebar-style":"default","ast-global-header-display":"","ast-banner-title-visibility":"","ast-main-header-display":"","ast-hfb-above-header-display":"","ast-hfb-below-header-display":"","ast-hfb-mobile-header-display":"","site-post-title":"","ast-breadcrumbs-content":"","ast-featured-img":"","footer-sml-layout":"","ast-disable-related-posts":"","theme-transparent-header-meta":"default","adv-header-id-meta":"","stick-header-meta":"default","header-above-stick-meta":"","header-main-stick-meta":"","header-below-stick-meta":"","astra-migrate-meta-layouts":"default","ast-page-background-enabled":"default","ast-page-background-meta":{"desktop":{"background-color":"","background-image":"","background-repeat":"repeat","background-position":"center center","background-size":"auto","background-attachment":"scroll","background-type":"","background-media":"","overlay-type":"","overlay-color":"","overlay-opacity":"","overlay-gradient":""},"tablet":{"background-color":"","background-image":"","background-repeat":"repeat","background-position":"center center","background-size":"auto","background-attachment":"scroll","background-type":"","background-media":"","overlay-type":"","overlay-color":"","overlay-opacity":"","overlay-gradient":""},"mobile":{"background-color":"","background-image":"","background-repeat":"repeat","background-position":"center center","background-size":"auto","background-attachment":"scroll","background-type":"","background-media":"","overlay-type":"","overlay-color":"","overlay-opacity":"","overlay-gradient":""}},"ast-content-background-meta":{"desktop":{"background-color":"var(--ast-global-color-5)","background-image":"","background-repeat":"repeat","background-position":"center center","background-size":"auto","background-attachment":"scroll","background-type":"","background-media":"","overlay-type":"","overlay-color":"","overlay-opacity":"","overlay-gradient":""},"tablet":{"background-color":"var(--ast-global-color-5)","background-image":"","background-repeat":"repeat","background-position":"center center","background-size":"auto","background-attachment":"scroll","background-type":"","background-media":"","overlay-type":"","overlay-color":"","overlay-opacity":"","overlay-gradient":""},"mobile":{"background-color":"var(--ast-global-color-5)","background-image":"","background-repeat":"repeat","background-position":"center center","background-size":"auto","background-attachment":"scroll","background-type":"","background-media":"","overlay-type":"","overlay-color":"","overlay-opacity":"","overlay-gradient":""}}},"product_brand":[],"product_cat":[131,150,175],"product_tag":[],"class_list":{"0":"post-22931","1":"product","2":"type-product","3":"status-publish","4":"has-post-thumbnail","6":"product_cat-aromatiskas-ellas","7":"product_cat-svecu-izgatavosana","8":"product_cat-svecu-smarzas","9":"desktop-align-left","10":"tablet-align-left","11":"mobile-align-left","12":"ast-product-gallery-layout-horizontal","13":"ast-product-gallery-with-no-image","14":"ast-product-single-variable","15":"ast-product-tabs-layout-horizontal","17":"first","18":"instock","19":"taxable","20":"shipping-taxable","21":"purchasable","22":"product-type-variable"},"_links":{"self":[{"href":"https:\/\/nordicdiy.ee\/lv\/wp-json\/wp\/v2\/product\/22931","targetHints":{"allow":["GET"]}}],"collection":[{"href":"https:\/\/nordicdiy.ee\/lv\/wp-json\/wp\/v2\/product"}],"about":[{"href":"https:\/\/nordicdiy.ee\/lv\/wp-json\/wp\/v2\/types\/product"}],"wp:featuredmedia":[{"embeddable":true,"href":"https:\/\/nordicdiy.ee\/lv\/wp-json\/wp\/v2\/media\/22981"}],"wp:attachment":[{"href":"https:\/\/nordicdiy.ee\/lv\/wp-json\/wp\/v2\/media?parent=22931"}],"wp:term":[{"taxonomy":"product_brand","embeddable":true,"href":"https:\/\/nordicdiy.ee\/lv\/wp-json\/wp\/v2\/product_brand?post=22931"},{"taxonomy":"product_cat","embeddable":true,"href":"https:\/\/nordicdiy.ee\/lv\/wp-json\/wp\/v2\/product_cat?post=22931"},{"taxonomy":"product_tag","embeddable":true,"href":"https:\/\/nordicdiy.ee\/lv\/wp-json\/wp\/v2\/product_tag?post=22931"}],"curies":[{"name":"wp","href":"https:\/\/api.w.org\/{rel}","templated":true}]}}