{"id":23048,"date":"2025-09-30T15:35:16","date_gmt":"2025-09-30T12:35:16","guid":{"rendered":"https:\/\/nordicdiy.ee\/epood\/uncategorized\/diy-svecu-gatavosanas-davanu-komplekts-pilsetas-elegance\/"},"modified":"2026-02-26T17:20:14","modified_gmt":"2026-02-26T14:20:14","slug":"diy-svecu-gatavosanas-davanu-komplekts-pilsetas-elegance","status":"publish","type":"product","link":"https:\/\/nordicdiy.ee\/lv\/epood\/diy-komplekti\/diy-svecu-gatavosanas-davanu-komplekts-pilsetas-elegance\/","title":{"rendered":"DIY sve\u010du gatavo\u0161anas d\u0101vanu komplekts \"Pils\u0113tas elegance"},"content":{"rendered":"<p data-start=\"892\" data-end=\"1117\"><strong data-start=\"1100\" data-end=\"1115\">Iek\u013cauts:<\/strong><\/p>\n<ul data-start=\"1118\" data-end=\"1304\">\n<li data-start=\"1118\" data-end=\"1153\">\n<p data-start=\"1120\" data-end=\"1153\">Ziepju vasks Nature Wax C3 - 0,3 kg<\/p>\n<\/li>\n<li style=\"font-size: 16px;\" data-start=\"1154\" data-end=\"1175\">\n<p style=\"font-size: 16px;\" data-start=\"1156\" data-end=\"1175\">3 sveces gl\u0101zes 180 ml<\/p>\n<\/li>\n<li data-start=\"1154\" data-end=\"1175\">\n<p data-start=\"1156\" data-end=\"1175\">10 sve\u010dturi SHW80<\/p>\n<\/li>\n<li data-start=\"1176\" data-end=\"1197\">\n<p data-start=\"1178\" data-end=\"1197\">Sarkan\u012bgi violeta nagu kr\u0101sa<\/p>\n<\/li>\n<li data-start=\"1198\" data-end=\"1223\">\n<p data-start=\"1200\" data-end=\"1223\">Soli pa solim<\/p>\n<\/li>\n<li data-start=\"1224\" data-end=\"1304\">\n<p data-start=\"1226\" data-end=\"1304\"><strong data-start=\"1226\" data-end=\"1242\">3 arom\u0101tisk\u0101s e\u013c\u013cas:<\/strong> Ar\u0101bijas nakts, sul\u012bga lavanda, Burbonas vani\u013ca un rieksti.<\/p>\n<\/li>\n<\/ul>\n<p data-start=\"1306\" data-end=\"1378\"><em data-start=\"1309\" data-end=\"1378\">Ide\u0101la izv\u0113le tiem, kas nov\u0113rt\u0113 kvalit\u0101ti un m\u016bsdien\u012bgu dizainu.<\/em><\/p>\n","protected":false},"excerpt":{"rendered":"<p><strong data-start=\"892\" data-end=\"965\">Stil\u012bgs un moderns - ide\u0101la vienk\u0101r\u0161\u012bbas un grezn\u012bbas kombin\u0101cija.<\/strong><br data-start=\"965\" data-end=\"968\">Urban Elegance apvieno kontrast\u0113jo\u0161us to\u0146us un jutekliskas smar\u017eas, lai rad\u012btu elegantu un \u0161iku atmosf\u0113ru jebkur\u0101 telp\u0101.<\/p>\n","protected":false},"featured_media":25255,"template":"","meta":{"site-sidebar-layout":"default","site-content-layout":"","ast-site-content-layout":"default","site-content-style":"default","site-sidebar-style":"default","ast-global-header-display":"","ast-banner-title-visibility":"","ast-main-header-display":"","ast-hfb-above-header-display":"","ast-hfb-below-header-display":"","ast-hfb-mobile-header-display":"","site-post-title":"","ast-breadcrumbs-content":"","ast-featured-img":"","footer-sml-layout":"","ast-disable-related-posts":"","theme-transparent-header-meta":"default","adv-header-id-meta":"","stick-header-meta":"default","header-above-stick-meta":"","header-main-stick-meta":"","header-below-stick-meta":"","astra-migrate-meta-layouts":"default","ast-page-background-enabled":"default","ast-page-background-meta":{"desktop":{"background-color":"","background-image":"","background-repeat":"repeat","background-position":"center center","background-size":"auto","background-attachment":"scroll","background-type":"","background-media":"","overlay-type":"","overlay-color":"","overlay-opacity":"","overlay-gradient":""},"tablet":{"background-color":"","background-image":"","background-repeat":"repeat","background-position":"center center","background-size":"auto","background-attachment":"scroll","background-type":"","background-media":"","overlay-type":"","overlay-color":"","overlay-opacity":"","overlay-gradient":""},"mobile":{"background-color":"","background-image":"","background-repeat":"repeat","background-position":"center center","background-size":"auto","background-attachment":"scroll","background-type":"","background-media":"","overlay-type":"","overlay-color":"","overlay-opacity":"","overlay-gradient":""}},"ast-content-background-meta":{"desktop":{"background-color":"var(--ast-global-color-5)","background-image":"","background-repeat":"repeat","background-position":"center center","background-size":"auto","background-attachment":"scroll","background-type":"","background-media":"","overlay-type":"","overlay-color":"","overlay-opacity":"","overlay-gradient":""},"tablet":{"background-color":"var(--ast-global-color-5)","background-image":"","background-repeat":"repeat","background-position":"center center","background-size":"auto","background-attachment":"scroll","background-type":"","background-media":"","overlay-type":"","overlay-color":"","overlay-opacity":"","overlay-gradient":""},"mobile":{"background-color":"var(--ast-global-color-5)","background-image":"","background-repeat":"repeat","background-position":"center center","background-size":"auto","background-attachment":"scroll","background-type":"","background-media":"","overlay-type":"","overlay-color":"","overlay-opacity":"","overlay-gradient":""}}},"product_brand":[],"product_cat":[226],"product_tag":[],"class_list":{"0":"post-23048","1":"product","2":"type-product","3":"status-publish","4":"has-post-thumbnail","6":"product_cat-diy-komplekti","7":"desktop-align-left","8":"tablet-align-left","9":"mobile-align-left","10":"ast-product-gallery-layout-horizontal","11":"ast-product-tabs-layout-horizontal","13":"first","14":"instock","15":"taxable","16":"shipping-taxable","17":"purchasable","18":"product-type-simple"},"_links":{"self":[{"href":"https:\/\/nordicdiy.ee\/lv\/wp-json\/wp\/v2\/product\/23048","targetHints":{"allow":["GET"]}}],"collection":[{"href":"https:\/\/nordicdiy.ee\/lv\/wp-json\/wp\/v2\/product"}],"about":[{"href":"https:\/\/nordicdiy.ee\/lv\/wp-json\/wp\/v2\/types\/product"}],"wp:featuredmedia":[{"embeddable":true,"href":"https:\/\/nordicdiy.ee\/lv\/wp-json\/wp\/v2\/media\/25255"}],"wp:attachment":[{"href":"https:\/\/nordicdiy.ee\/lv\/wp-json\/wp\/v2\/media?parent=23048"}],"wp:term":[{"taxonomy":"product_brand","embeddable":true,"href":"https:\/\/nordicdiy.ee\/lv\/wp-json\/wp\/v2\/product_brand?post=23048"},{"taxonomy":"product_cat","embeddable":true,"href":"https:\/\/nordicdiy.ee\/lv\/wp-json\/wp\/v2\/product_cat?post=23048"},{"taxonomy":"product_tag","embeddable":true,"href":"https:\/\/nordicdiy.ee\/lv\/wp-json\/wp\/v2\/product_tag?post=23048"}],"curies":[{"name":"wp","href":"https:\/\/api.w.org\/{rel}","templated":true}]}}