{"id":23051,"date":"2025-09-30T15:35:16","date_gmt":"2025-09-30T12:35:16","guid":{"rendered":"https:\/\/nordicdiy.ee\/epood\/uncategorized\/diy-svecu-gatavosanas-davanu-komplekts-ziemassvetku-gaisma\/"},"modified":"2026-02-26T17:20:16","modified_gmt":"2026-02-26T14:20:16","slug":"diy-svecu-gatavosanas-davanu-komplekts-ziemassvetku-gaisma","status":"publish","type":"product","link":"https:\/\/nordicdiy.ee\/lv\/epood\/diy-komplekti\/diy-svecu-gatavosanas-davanu-komplekts-ziemassvetku-gaisma\/","title":{"rendered":"DIY sve\u010du gatavo\u0161anas d\u0101vanu komplekts \"Ziemassv\u0113tku gaisma"},"content":{"rendered":"<p data-start=\"1453\" data-end=\"1698\"><strong data-start=\"1681\" data-end=\"1696\">Iek\u013cauts:<\/strong><\/p>\n<ul data-start=\"1699\" data-end=\"1882\">\n<li data-start=\"1699\" data-end=\"1734\">\n<p data-start=\"1701\" data-end=\"1734\">Ziepju vasks Nature Wax C3 - 0,3 kg<\/p>\n<\/li>\n<li data-start=\"1699\" data-end=\"1734\">\n<p data-start=\"1701\" data-end=\"1734\">3 sveces gl\u0101zes 180 ml<\/p>\n<\/li>\n<li data-start=\"1735\" data-end=\"1756\">\n<p data-start=\"1737\" data-end=\"1756\">10 sve\u010dturi SHW80<\/p>\n<\/li>\n<li data-start=\"1757\" data-end=\"1778\">\n<p data-start=\"1759\" data-end=\"1778\">Sarkan\u012bgi violeta nagu kr\u0101sa<\/p>\n<\/li>\n<li data-start=\"1779\" data-end=\"1804\">\n<p data-start=\"1781\" data-end=\"1804\">Soli pa solim<\/p>\n<\/li>\n<li data-start=\"1805\" data-end=\"1882\">\n<p data-start=\"1807\" data-end=\"1882\"><strong data-start=\"1807\" data-end=\"1829\">3 Ziemassv\u0113tku arom\u0101tisk\u0101s e\u013c\u013cas: Ziemassv\u0113tku<\/strong> me\u017es, Ziemas dz\u0113rve\u0146u, Ziemassv\u0113tku laiks.<\/p>\n<\/li>\n<\/ul>\n<p data-start=\"1884\" data-end=\"1967\"><em data-start=\"1887\" data-end=\"1967\">Ide\u0101la Ziemassv\u0113tku d\u0101vana rado\u0161\u0101m dv\u0113sel\u0113m vai kop\u012bgai \u0123imenes br\u012bvdienu pavad\u012b\u0161anai.<\/em><\/p>\n","protected":false},"excerpt":{"rendered":"<p><strong data-start=\"1453\" data-end=\"1511\">Iem\u016b\u017einiet Ziemassv\u0113tku silto mirdzumu un burv\u012bgo smar\u017eu sav\u0101m rok\u0101m.<\/strong><br data-start=\"1511\" data-end=\"1514\">Sarkans, za\u013c\u0161 un balts stikls ar klasisk\u0101m sv\u0113tku smar\u017e\u0101m pie\u0161\u0137ir telpai m\u0101j\u012bgu un sv\u0113tku noska\u0146u. Izveidojiet ar rok\u0101m darin\u0101tas sveces, lai katru vakaru padar\u012btu \u012bpa\u0161u. <\/p>\n","protected":false},"featured_media":24718,"template":"","meta":{"site-sidebar-layout":"default","site-content-layout":"","ast-site-content-layout":"default","site-content-style":"default","site-sidebar-style":"default","ast-global-header-display":"","ast-banner-title-visibility":"","ast-main-header-display":"","ast-hfb-above-header-display":"","ast-hfb-below-header-display":"","ast-hfb-mobile-header-display":"","site-post-title":"","ast-breadcrumbs-content":"","ast-featured-img":"","footer-sml-layout":"","ast-disable-related-posts":"","theme-transparent-header-meta":"default","adv-header-id-meta":"","stick-header-meta":"default","header-above-stick-meta":"","header-main-stick-meta":"","header-below-stick-meta":"","astra-migrate-meta-layouts":"default","ast-page-background-enabled":"default","ast-page-background-meta":{"desktop":{"background-color":"","background-image":"","background-repeat":"repeat","background-position":"center center","background-size":"auto","background-attachment":"scroll","background-type":"","background-media":"","overlay-type":"","overlay-color":"","overlay-opacity":"","overlay-gradient":""},"tablet":{"background-color":"","background-image":"","background-repeat":"repeat","background-position":"center center","background-size":"auto","background-attachment":"scroll","background-type":"","background-media":"","overlay-type":"","overlay-color":"","overlay-opacity":"","overlay-gradient":""},"mobile":{"background-color":"","background-image":"","background-repeat":"repeat","background-position":"center center","background-size":"auto","background-attachment":"scroll","background-type":"","background-media":"","overlay-type":"","overlay-color":"","overlay-opacity":"","overlay-gradient":""}},"ast-content-background-meta":{"desktop":{"background-color":"var(--ast-global-color-5)","background-image":"","background-repeat":"repeat","background-position":"center center","background-size":"auto","background-attachment":"scroll","background-type":"","background-media":"","overlay-type":"","overlay-color":"","overlay-opacity":"","overlay-gradient":""},"tablet":{"background-color":"var(--ast-global-color-5)","background-image":"","background-repeat":"repeat","background-position":"center center","background-size":"auto","background-attachment":"scroll","background-type":"","background-media":"","overlay-type":"","overlay-color":"","overlay-opacity":"","overlay-gradient":""},"mobile":{"background-color":"var(--ast-global-color-5)","background-image":"","background-repeat":"repeat","background-position":"center center","background-size":"auto","background-attachment":"scroll","background-type":"","background-media":"","overlay-type":"","overlay-color":"","overlay-opacity":"","overlay-gradient":""}}},"product_brand":[],"product_cat":[226],"product_tag":[],"class_list":{"0":"post-23051","1":"product","2":"type-product","3":"status-publish","4":"has-post-thumbnail","6":"product_cat-diy-komplekti","7":"desktop-align-left","8":"tablet-align-left","9":"mobile-align-left","10":"ast-product-gallery-layout-horizontal","11":"ast-product-tabs-layout-horizontal","13":"first","14":"instock","15":"taxable","16":"shipping-taxable","17":"purchasable","18":"product-type-simple"},"_links":{"self":[{"href":"https:\/\/nordicdiy.ee\/lv\/wp-json\/wp\/v2\/product\/23051","targetHints":{"allow":["GET"]}}],"collection":[{"href":"https:\/\/nordicdiy.ee\/lv\/wp-json\/wp\/v2\/product"}],"about":[{"href":"https:\/\/nordicdiy.ee\/lv\/wp-json\/wp\/v2\/types\/product"}],"wp:featuredmedia":[{"embeddable":true,"href":"https:\/\/nordicdiy.ee\/lv\/wp-json\/wp\/v2\/media\/24718"}],"wp:attachment":[{"href":"https:\/\/nordicdiy.ee\/lv\/wp-json\/wp\/v2\/media?parent=23051"}],"wp:term":[{"taxonomy":"product_brand","embeddable":true,"href":"https:\/\/nordicdiy.ee\/lv\/wp-json\/wp\/v2\/product_brand?post=23051"},{"taxonomy":"product_cat","embeddable":true,"href":"https:\/\/nordicdiy.ee\/lv\/wp-json\/wp\/v2\/product_cat?post=23051"},{"taxonomy":"product_tag","embeddable":true,"href":"https:\/\/nordicdiy.ee\/lv\/wp-json\/wp\/v2\/product_tag?post=23051"}],"curies":[{"name":"wp","href":"https:\/\/api.w.org\/{rel}","templated":true}]}}