{"id":23056,"date":"2025-09-30T15:35:16","date_gmt":"2025-09-30T12:35:16","guid":{"rendered":"https:\/\/nordicdiy.ee\/epood\/uncategorized\/diy-svecu-gatavosanas-davanu-komplekts-dabas-toni\/"},"modified":"2026-02-26T17:20:05","modified_gmt":"2026-02-26T14:20:05","slug":"diy-svecu-gatavosanas-davanu-komplekts-dabas-toni","status":"publish","type":"product","link":"https:\/\/nordicdiy.ee\/lv\/epood\/diy-komplekti\/diy-svecu-gatavosanas-davanu-komplekts-dabas-toni\/","title":{"rendered":"DIY sve\u010du gatavo\u0161anas d\u0101vanu komplekts \"Dabas to\u0146i"},"content":{"rendered":"<p data-start=\"2049\" data-end=\"2324\"><strong data-start=\"2307\" data-end=\"2322\">Iek\u013cauts:<\/strong><\/p>\n<ul data-start=\"2325\" data-end=\"2499\">\n<li data-start=\"2325\" data-end=\"2360\">\n<p data-start=\"2327\" data-end=\"2360\">Ziepju vasks Nature Wax C3 - 0,3 kg<\/p>\n<\/li>\n<li data-start=\"2325\" data-end=\"2360\">\n<p data-start=\"2327\" data-end=\"2360\">3 sveces gl\u0101zes 180 ml<\/p>\n<\/li>\n<li data-start=\"2361\" data-end=\"2382\">\n<p data-start=\"2363\" data-end=\"2382\">10 sve\u010dturi SHW80<\/p>\n<\/li>\n<li data-start=\"2383\" data-end=\"2404\">\n<p data-start=\"2385\" data-end=\"2404\">Sarkan\u012bgi violeta \u0161\u0137idra nagu kr\u0101sa<\/p>\n<\/li>\n<li data-start=\"2405\" data-end=\"2430\">\n<p data-start=\"2407\" data-end=\"2430\">Soli pa solim<\/p>\n<\/li>\n<li data-start=\"2431\" data-end=\"2499\">\n<p data-start=\"2433\" data-end=\"2499\"><strong data-start=\"2433\" data-end=\"2449\">3 arom\u0101tisk\u0101s e\u013c\u013cas:<\/strong> S\u0101t\u012bga \u0161okol\u0101des, austrumu, sald\u0101 apels\u012bna un kan\u0113\u013ca arom\u0101ti.<\/p>\n<\/li>\n<\/ul>\n<p data-start=\"2501\" data-end=\"2572\"><em data-start=\"2504\" data-end=\"2572\">Ide\u0101la izv\u0113le tiem, kas nov\u0113rt\u0113 dabas tuvumu un dabas skaistumu.<\/em><\/p>\n","protected":false},"excerpt":{"rendered":"<p><strong data-start=\"2049\" data-end=\"2109\">Dabas miers un zemes to\u0146u siltums vien\u0101 d\u0101vanu komplekt\u0101.<\/strong><br data-start=\"2109\" data-end=\"2112\">Caursp\u012bd\u012bgs d\u016bmakaini pel\u0113ks, ol\u012bvu za\u013c\u0161 un br\u016bns stikls rada dabisku un m\u0101j\u012bgu atmosf\u0113ru. \u0160okol\u0101des, austrumu gar\u0161vielu un citrusaug\u013cu arom\u0101tu apvienojums rada siltu un bag\u0101t\u012bgu atmosf\u0113ru. <\/p>\n","protected":false},"featured_media":25251,"template":"","meta":{"site-sidebar-layout":"default","site-content-layout":"","ast-site-content-layout":"default","site-content-style":"default","site-sidebar-style":"default","ast-global-header-display":"","ast-banner-title-visibility":"","ast-main-header-display":"","ast-hfb-above-header-display":"","ast-hfb-below-header-display":"","ast-hfb-mobile-header-display":"","site-post-title":"","ast-breadcrumbs-content":"","ast-featured-img":"","footer-sml-layout":"","ast-disable-related-posts":"","theme-transparent-header-meta":"default","adv-header-id-meta":"","stick-header-meta":"default","header-above-stick-meta":"","header-main-stick-meta":"","header-below-stick-meta":"","astra-migrate-meta-layouts":"default","ast-page-background-enabled":"default","ast-page-background-meta":{"desktop":{"background-color":"","background-image":"","background-repeat":"repeat","background-position":"center center","background-size":"auto","background-attachment":"scroll","background-type":"","background-media":"","overlay-type":"","overlay-color":"","overlay-opacity":"","overlay-gradient":""},"tablet":{"background-color":"","background-image":"","background-repeat":"repeat","background-position":"center center","background-size":"auto","background-attachment":"scroll","background-type":"","background-media":"","overlay-type":"","overlay-color":"","overlay-opacity":"","overlay-gradient":""},"mobile":{"background-color":"","background-image":"","background-repeat":"repeat","background-position":"center center","background-size":"auto","background-attachment":"scroll","background-type":"","background-media":"","overlay-type":"","overlay-color":"","overlay-opacity":"","overlay-gradient":""}},"ast-content-background-meta":{"desktop":{"background-color":"var(--ast-global-color-5)","background-image":"","background-repeat":"repeat","background-position":"center center","background-size":"auto","background-attachment":"scroll","background-type":"","background-media":"","overlay-type":"","overlay-color":"","overlay-opacity":"","overlay-gradient":""},"tablet":{"background-color":"var(--ast-global-color-5)","background-image":"","background-repeat":"repeat","background-position":"center center","background-size":"auto","background-attachment":"scroll","background-type":"","background-media":"","overlay-type":"","overlay-color":"","overlay-opacity":"","overlay-gradient":""},"mobile":{"background-color":"var(--ast-global-color-5)","background-image":"","background-repeat":"repeat","background-position":"center center","background-size":"auto","background-attachment":"scroll","background-type":"","background-media":"","overlay-type":"","overlay-color":"","overlay-opacity":"","overlay-gradient":""}}},"product_brand":[],"product_cat":[226],"product_tag":[],"class_list":{"0":"post-23056","1":"product","2":"type-product","3":"status-publish","4":"has-post-thumbnail","6":"product_cat-diy-komplekti","7":"desktop-align-left","8":"tablet-align-left","9":"mobile-align-left","10":"ast-product-gallery-layout-horizontal","11":"ast-product-tabs-layout-horizontal","13":"first","14":"instock","15":"taxable","16":"shipping-taxable","17":"purchasable","18":"product-type-simple"},"_links":{"self":[{"href":"https:\/\/nordicdiy.ee\/lv\/wp-json\/wp\/v2\/product\/23056","targetHints":{"allow":["GET"]}}],"collection":[{"href":"https:\/\/nordicdiy.ee\/lv\/wp-json\/wp\/v2\/product"}],"about":[{"href":"https:\/\/nordicdiy.ee\/lv\/wp-json\/wp\/v2\/types\/product"}],"wp:featuredmedia":[{"embeddable":true,"href":"https:\/\/nordicdiy.ee\/lv\/wp-json\/wp\/v2\/media\/25251"}],"wp:attachment":[{"href":"https:\/\/nordicdiy.ee\/lv\/wp-json\/wp\/v2\/media?parent=23056"}],"wp:term":[{"taxonomy":"product_brand","embeddable":true,"href":"https:\/\/nordicdiy.ee\/lv\/wp-json\/wp\/v2\/product_brand?post=23056"},{"taxonomy":"product_cat","embeddable":true,"href":"https:\/\/nordicdiy.ee\/lv\/wp-json\/wp\/v2\/product_cat?post=23056"},{"taxonomy":"product_tag","embeddable":true,"href":"https:\/\/nordicdiy.ee\/lv\/wp-json\/wp\/v2\/product_tag?post=23056"}],"curies":[{"name":"wp","href":"https:\/\/api.w.org\/{rel}","templated":true}]}}