{"id":23058,"date":"2025-09-30T15:35:16","date_gmt":"2025-09-30T12:35:16","guid":{"rendered":"https:\/\/nordicdiy.ee\/epood\/uncategorized\/diy-svecu-gatavosanas-davanu-komplekts-pastelis-un-sapni\/"},"modified":"2026-02-26T17:20:13","modified_gmt":"2026-02-26T14:20:13","slug":"diy-svecu-gatavosanas-davanu-komplekts-pastelis-un-sapni","status":"publish","type":"product","link":"https:\/\/nordicdiy.ee\/lv\/epood\/diy-komplekti\/diy-svecu-gatavosanas-davanu-komplekts-pastelis-un-sapni\/","title":{"rendered":"DIY sve\u010du gatavo\u0161anas d\u0101vanu komplekts \"Pastelis un sap\u0146i"},"content":{"rendered":"<p data-start=\"315\" data-end=\"546\"><strong data-start=\"529\" data-end=\"544\">Iek\u013cauts:<\/strong><\/p>\n<ul data-start=\"547\" data-end=\"738\">\n<li data-start=\"547\" data-end=\"582\">\n<p data-start=\"549\" data-end=\"582\">Ziepju vasks Nature Wax C3 - 0,3 kg<\/p>\n<\/li>\n<li data-start=\"547\" data-end=\"582\">\n<p data-start=\"549\" data-end=\"582\">3 sveces gl\u0101zes 180 ml<\/p>\n<\/li>\n<li data-start=\"583\" data-end=\"604\">\n<p data-start=\"585\" data-end=\"604\">10 sve\u010dturi<\/p>\n<\/li>\n<li data-start=\"605\" data-end=\"626\">\n<p data-start=\"607\" data-end=\"626\">Sarkan\u012bgi violeta \u0161\u0137idra nagu kr\u0101sa<\/p>\n<\/li>\n<li data-start=\"627\" data-end=\"652\">\n<p data-start=\"629\" data-end=\"652\">Soli pa solim<\/p>\n<\/li>\n<li data-start=\"653\" data-end=\"738\">\n<p data-start=\"655\" data-end=\"738\"><strong data-start=\"655\" data-end=\"685\">3 ekskluz\u012bvas arom\u0101tisk\u0101s e\u013c\u013cas:<\/strong> Pure Peach, Panna Cotta &amp; Raspberry, White Tea &amp; Fig.<\/p>\n<\/li>\n<\/ul>\n<p data-start=\"740\" data-end=\"814\"><em data-start=\"742\" data-end=\"814\">Ide\u0101la d\u0101vana romantiskam cilv\u0113kam vai m\u0101j\u012bgu br\u012b\u017eu rad\u012b\u0161anai sev.<\/em><\/p>\n","protected":false},"excerpt":{"rendered":"<p><strong data-start=\"315\" data-end=\"364\">Delik\u0101ta romantika un sap\u0146u gaisma j\u016bsu m\u0101j\u0101s.<\/strong><br data-start=\"364\" data-end=\"367\">Izveidojiet savas skaistas paste\u013cto\u0146u sveces, lai j\u016bsu interjer\u0101 ienestu siltumu un gaismu. Komplekt\u0101 ir iek\u013cauts viss nepiecie\u0161amais, lai izbaud\u012btu relaks\u0113jo\u0161u un rado\u0161u nodarbi. <\/p>\n","protected":false},"featured_media":25259,"template":"","meta":{"site-sidebar-layout":"default","site-content-layout":"","ast-site-content-layout":"default","site-content-style":"default","site-sidebar-style":"default","ast-global-header-display":"","ast-banner-title-visibility":"","ast-main-header-display":"","ast-hfb-above-header-display":"","ast-hfb-below-header-display":"","ast-hfb-mobile-header-display":"","site-post-title":"","ast-breadcrumbs-content":"","ast-featured-img":"","footer-sml-layout":"","ast-disable-related-posts":"","theme-transparent-header-meta":"default","adv-header-id-meta":"","stick-header-meta":"default","header-above-stick-meta":"","header-main-stick-meta":"","header-below-stick-meta":"","astra-migrate-meta-layouts":"default","ast-page-background-enabled":"default","ast-page-background-meta":{"desktop":{"background-color":"","background-image":"","background-repeat":"repeat","background-position":"center center","background-size":"auto","background-attachment":"scroll","background-type":"","background-media":"","overlay-type":"","overlay-color":"","overlay-opacity":"","overlay-gradient":""},"tablet":{"background-color":"","background-image":"","background-repeat":"repeat","background-position":"center center","background-size":"auto","background-attachment":"scroll","background-type":"","background-media":"","overlay-type":"","overlay-color":"","overlay-opacity":"","overlay-gradient":""},"mobile":{"background-color":"","background-image":"","background-repeat":"repeat","background-position":"center center","background-size":"auto","background-attachment":"scroll","background-type":"","background-media":"","overlay-type":"","overlay-color":"","overlay-opacity":"","overlay-gradient":""}},"ast-content-background-meta":{"desktop":{"background-color":"var(--ast-global-color-5)","background-image":"","background-repeat":"repeat","background-position":"center center","background-size":"auto","background-attachment":"scroll","background-type":"","background-media":"","overlay-type":"","overlay-color":"","overlay-opacity":"","overlay-gradient":""},"tablet":{"background-color":"var(--ast-global-color-5)","background-image":"","background-repeat":"repeat","background-position":"center center","background-size":"auto","background-attachment":"scroll","background-type":"","background-media":"","overlay-type":"","overlay-color":"","overlay-opacity":"","overlay-gradient":""},"mobile":{"background-color":"var(--ast-global-color-5)","background-image":"","background-repeat":"repeat","background-position":"center center","background-size":"auto","background-attachment":"scroll","background-type":"","background-media":"","overlay-type":"","overlay-color":"","overlay-opacity":"","overlay-gradient":""}}},"product_brand":[],"product_cat":[226],"product_tag":[],"class_list":{"0":"post-23058","1":"product","2":"type-product","3":"status-publish","4":"has-post-thumbnail","6":"product_cat-diy-komplekti","7":"desktop-align-left","8":"tablet-align-left","9":"mobile-align-left","10":"ast-product-gallery-layout-horizontal","11":"ast-product-tabs-layout-horizontal","13":"first","14":"instock","15":"taxable","16":"shipping-taxable","17":"purchasable","18":"product-type-simple"},"_links":{"self":[{"href":"https:\/\/nordicdiy.ee\/lv\/wp-json\/wp\/v2\/product\/23058","targetHints":{"allow":["GET"]}}],"collection":[{"href":"https:\/\/nordicdiy.ee\/lv\/wp-json\/wp\/v2\/product"}],"about":[{"href":"https:\/\/nordicdiy.ee\/lv\/wp-json\/wp\/v2\/types\/product"}],"wp:featuredmedia":[{"embeddable":true,"href":"https:\/\/nordicdiy.ee\/lv\/wp-json\/wp\/v2\/media\/25259"}],"wp:attachment":[{"href":"https:\/\/nordicdiy.ee\/lv\/wp-json\/wp\/v2\/media?parent=23058"}],"wp:term":[{"taxonomy":"product_brand","embeddable":true,"href":"https:\/\/nordicdiy.ee\/lv\/wp-json\/wp\/v2\/product_brand?post=23058"},{"taxonomy":"product_cat","embeddable":true,"href":"https:\/\/nordicdiy.ee\/lv\/wp-json\/wp\/v2\/product_cat?post=23058"},{"taxonomy":"product_tag","embeddable":true,"href":"https:\/\/nordicdiy.ee\/lv\/wp-json\/wp\/v2\/product_tag?post=23058"}],"curies":[{"name":"wp","href":"https:\/\/api.w.org\/{rel}","templated":true}]}}