{"id":23287,"date":"2025-10-24T14:37:25","date_gmt":"2025-10-24T11:37:25","guid":{"rendered":"https:\/\/nordicdiy.ee\/epood\/uncategorized\/ziemassvetku-kukas-smarzu-ella\/"},"modified":"2025-11-12T15:32:58","modified_gmt":"2025-11-12T12:32:58","slug":"ziemassvetku-kukas-smarzu-ella","status":"publish","type":"product","link":"https:\/\/nordicdiy.ee\/lv\/epood\/svecu-izgatavosana\/svecu-smarzas\/ziemassvetku-kukas-smarzu-ella\/","title":{"rendered":"Ziemassv\u0113tku k\u016bkas smar\u017eu e\u013c\u013ca"},"content":{"rendered":"<p><strong>ASPOL Scentra ir<\/strong> re\u0123istr\u0113jusi UFIREADY dro\u0161\u012bbas datu lapas (SDS), kas ir sagatavotas da\u017e\u0101diem smar\u017e\u012bgo e\u013c\u013cu daudzumiem un ko var izmantot sojas vaska sve\u010du ra\u017eo\u0161an\u0101. \u0160\u012bs dro\u0161\u012bbas kartes un CLP uzl\u012bmes noz\u012bm\u0113 <strong>,<\/strong> ka jums <strong>pa\u0161iem nav j\u0101gener\u0113 UFI kods un j\u0101zi\u0146o par to PCN vai j\u0101re\u0123istr\u0113jas ECHAS, jo r\u016bpn\u012bca jau ir re\u0123istr\u0113jusi produktu j\u016bsu viet\u0101.<\/strong> <\/p>\n<p><strong>Lieto\u0161ana svec\u0113s -<\/strong> ieteicamais arom\u0101tisk\u0101s e\u013c\u013cas daudzums sojas vaska svec\u0113m ir 6-10%. Prec\u012bzus daudzumus un SDS kartes <a href=\"https:\/\/goldelseou.sharepoint.com\/:f:\/s\/Nordicdiy.ee\/EmwnXf9U5slKgTzR89eKUVkBDhTwAeuFIcyJVwHdRrVAug?e=alyGmD\" target=\"_blank\" rel=\"noopener\">skat\u012bt \u0161eit.<\/a> <strong>Nesajauciet da\u017e\u0101das arom\u0101tisk\u0101s e\u013c\u013cas!<\/strong> <\/p>\n<p>Lejupiel\u0101d\u0113jot bezmaksas UFIREADY dro\u0161\u012bbas datu lapu (SDS) un CLP uzl\u012bmi sojas vaska svec\u0113m, es apliecinu, ka esmu izgatavojis savu produktu saska\u0146\u0101 ar UFICONTROL pras\u012bb\u0101m un ka esmu ieg\u0101d\u0101jies SDS kart\u0113 nor\u0101d\u012bt\u0101s sast\u0101vda\u013cas no Nordic DIY.<\/p>\n<ul>\n<li><strong>CLP uzl\u012bmi var lejupiel\u0101d\u0113t \u0161eit - <a href=\"https:\/\/aspol.info\/wp-content\/uploads\/etykiety\/ufi-green.html\" target=\"_blank\" rel=\"noopener\">CLP uzl\u012bmes \u0123enerators<\/a><\/strong><\/li>\n<li><strong><a href=\"https:\/\/goldelseou.sharepoint.com\/:f:\/s\/Nordicdiy.ee\/EsGDlpOhc5hEhYxjgfc-fFQB74KwmzioinuTKcSU1eWV2A?e=S8L8O9\" target=\"_blank\" rel=\"noopener\">Dro\u0161\u012bbas datu lapas (SDS), IFRA, alerg\u0113nu tabulu un gatavu sve\u010du dro\u0161\u012bbas datu lapas (SDS) var atrast \u0161eit.<\/a><\/strong><\/li>\n<\/ul>\n<p>Lai uzzin\u0101tu maksim\u0101los daudzumus, kas at\u013cauti, gatavojot m\u0101jsaimniec\u012bbas smar\u017evielas, smar\u017e\u012bgos aerosolus vai ziepes (ciet\u0101s un \u0161\u0137idr\u0101s ziepes), lejupiel\u0101d\u0113jiet IFRA tabulu, kas pieejama dokumentu sada\u013c\u0101.<\/p>\n<p><strong>Lab\u0101kais pirms:<\/strong> ASPOL Scentra arom\u0101tisko e\u013c\u013cu ieteicamais der\u012bguma termi\u0146\u0161 ir 1 gads. AScentra arom\u0101tisk\u0101s e\u013c\u013cas ieteicams lietot 1 gadu. Ja t\u0101s tiek pareizi uzglab\u0101tas - \u0101rpus saules gaismas, saus\u0101 un v\u0113s\u0101 viet\u0101 -, produkti b\u016bs lietojami vair\u0101kus gadus. <\/p>\n<p>BR\u012aDIN\u0100JUMS!<br \/>\n<img decoding=\"async\" class=\"\" src=\"https:\/\/nordicdiy.ee\/wp-content\/uploads\/2025\/01\/terviseoht.jpg\" width=\"70\" height=\"70\"><img decoding=\"async\" class=\"\" src=\"https:\/\/nordicdiy.ee\/wp-content\/uploads\/2025\/02\/keskkonnaoht.jpg\" width=\"70\" height=\"70\"><\/p>\n","protected":false},"excerpt":{"rendered":"<p><strong>ASPOL Scentra UFIREADY sertific\u0113t\u0101s smar\u017e\u012bg\u0101s e\u013c\u013cas ir<\/strong> ide\u0101la izv\u0113le arom\u0101tiskaj\u0101m svec\u0113m, m\u0101jas arom\u0101tiem, smar\u017e\u012bgajiem vaskiem un ziep\u0113m. T\u0101s ir t\u012bras, augstas kvalit\u0101tes un dro\u0161as arom\u0101tisk\u0101s e\u013c\u013cas. <strong>Pirms<\/strong> lieto\u0161anas p\u0101rbaudiet <strong>dro\u0161as lieto\u0161anas ierobe\u017eojumus<\/strong>.  <\/p>\n<p>Lai atvieglotu ra\u017eo\u0161anu, varat <strong>BEZMAKSAS<\/strong> lejupiel\u0101d\u0113t sojas \u0101das sve\u010du dro\u0161\u012bbas lapas (SDS) un CLP uzl\u012bmes dizainu. R\u016bpn\u012bca jums b\u016bs izveidojusi <strong>UFI kodu un pazi\u0146ojusi PCN, un ECHAS b\u016bs re\u0123istr\u0113jusi <\/strong>j\u016bsu izstr\u0101d\u0101jumu, ja j\u016bs izmantosiet smar\u017e\u012bgo e\u013c\u013cu atbilsto\u0161i r\u016bpn\u012bc\u0101 re\u0123istr\u0113tajai likmei.<br \/>\n. Vair\u0101k inform\u0101cijas par smar\u017e\u012bg\u0101s e\u013c\u013cas lieto\u0161anu atrad\u012bsiet produkta aprakst\u0101. <\/p>\n<p><strong>Smar\u017eas notis<\/strong><br \/>\nAug\u0161\u0113j\u0101s notis: apels\u012bns, piens, kr\u0113jums<br \/>\nSirds notis: kokosrieksts, medus<br \/>\nB\u0101zes notis: karamele, vani\u013ca.<\/p>\n","protected":false},"featured_media":23288,"template":"","meta":{"site-sidebar-layout":"default","site-content-layout":"","ast-site-content-layout":"default","site-content-style":"default","site-sidebar-style":"default","ast-global-header-display":"","ast-banner-title-visibility":"","ast-main-header-display":"","ast-hfb-above-header-display":"","ast-hfb-below-header-display":"","ast-hfb-mobile-header-display":"","site-post-title":"","ast-breadcrumbs-content":"","ast-featured-img":"","footer-sml-layout":"","ast-disable-related-posts":"","theme-transparent-header-meta":"default","adv-header-id-meta":"","stick-header-meta":"default","header-above-stick-meta":"","header-main-stick-meta":"","header-below-stick-meta":"","astra-migrate-meta-layouts":"default","ast-page-background-enabled":"default","ast-page-background-meta":{"desktop":{"background-color":"","background-image":"","background-repeat":"repeat","background-position":"center center","background-size":"auto","background-attachment":"scroll","background-type":"","background-media":"","overlay-type":"","overlay-color":"","overlay-opacity":"","overlay-gradient":""},"tablet":{"background-color":"","background-image":"","background-repeat":"repeat","background-position":"center center","background-size":"auto","background-attachment":"scroll","background-type":"","background-media":"","overlay-type":"","overlay-color":"","overlay-opacity":"","overlay-gradient":""},"mobile":{"background-color":"","background-image":"","background-repeat":"repeat","background-position":"center center","background-size":"auto","background-attachment":"scroll","background-type":"","background-media":"","overlay-type":"","overlay-color":"","overlay-opacity":"","overlay-gradient":""}},"ast-content-background-meta":{"desktop":{"background-color":"var(--ast-global-color-5)","background-image":"","background-repeat":"repeat","background-position":"center center","background-size":"auto","background-attachment":"scroll","background-type":"","background-media":"","overlay-type":"","overlay-color":"","overlay-opacity":"","overlay-gradient":""},"tablet":{"background-color":"var(--ast-global-color-5)","background-image":"","background-repeat":"repeat","background-position":"center center","background-size":"auto","background-attachment":"scroll","background-type":"","background-media":"","overlay-type":"","overlay-color":"","overlay-opacity":"","overlay-gradient":""},"mobile":{"background-color":"var(--ast-global-color-5)","background-image":"","background-repeat":"repeat","background-position":"center center","background-size":"auto","background-attachment":"scroll","background-type":"","background-media":"","overlay-type":"","overlay-color":"","overlay-opacity":"","overlay-gradient":""}}},"product_brand":[],"product_cat":[131,150,175,195,196],"product_tag":[],"class_list":{"0":"post-23287","1":"product","2":"type-product","3":"status-publish","4":"has-post-thumbnail","6":"product_cat-aromatiskas-ellas","7":"product_cat-svecu-izgatavosana","8":"product_cat-svecu-smarzas","9":"product_cat-ufi-ready-lv","10":"product_cat-ziemassvetku-smarzas","11":"desktop-align-left","12":"tablet-align-left","13":"mobile-align-left","14":"ast-product-gallery-layout-horizontal","15":"ast-product-gallery-with-no-image","16":"ast-product-single-variable","17":"ast-product-tabs-layout-horizontal","19":"first","20":"instock","21":"taxable","22":"shipping-taxable","23":"purchasable","24":"product-type-variable"},"_links":{"self":[{"href":"https:\/\/nordicdiy.ee\/lv\/wp-json\/wp\/v2\/product\/23287","targetHints":{"allow":["GET"]}}],"collection":[{"href":"https:\/\/nordicdiy.ee\/lv\/wp-json\/wp\/v2\/product"}],"about":[{"href":"https:\/\/nordicdiy.ee\/lv\/wp-json\/wp\/v2\/types\/product"}],"wp:featuredmedia":[{"embeddable":true,"href":"https:\/\/nordicdiy.ee\/lv\/wp-json\/wp\/v2\/media\/23288"}],"wp:attachment":[{"href":"https:\/\/nordicdiy.ee\/lv\/wp-json\/wp\/v2\/media?parent=23287"}],"wp:term":[{"taxonomy":"product_brand","embeddable":true,"href":"https:\/\/nordicdiy.ee\/lv\/wp-json\/wp\/v2\/product_brand?post=23287"},{"taxonomy":"product_cat","embeddable":true,"href":"https:\/\/nordicdiy.ee\/lv\/wp-json\/wp\/v2\/product_cat?post=23287"},{"taxonomy":"product_tag","embeddable":true,"href":"https:\/\/nordicdiy.ee\/lv\/wp-json\/wp\/v2\/product_tag?post=23287"}],"curies":[{"name":"wp","href":"https:\/\/api.w.org\/{rel}","templated":true}]}}