{"id":23368,"date":"2025-10-25T09:57:59","date_gmt":"2025-10-25T06:57:59","guid":{"rendered":"https:\/\/nordicdiy.ee\/epood\/uncategorized\/majas-parfimerijas-pudele-ar-vacinu-caurspidiga-apala-plakana-200ml\/"},"modified":"2025-10-25T09:01:31","modified_gmt":"2025-10-25T06:01:31","slug":"majas-parfimerijas-pudele-ar-vacinu-caurspidiga-apala-plakana-200ml","status":"publish","type":"product","link":"https:\/\/nordicdiy.ee\/lv\/epood\/telpu-atsvaidzinataja-sagatavosana\/telpu-atsvaidzinataju-pudeles\/majas-parfimerijas-pudele-ar-vacinu-caurspidiga-apala-plakana-200ml\/","title":{"rendered":"M\u0101jas parfim\u0113rijas pudele ar v\u0101ci\u0146u, caursp\u012bd\u012bga, apa\u013ca, plakana, 200ml"},"content":{"rendered":"<div>\n<p>\u0160is greznais caursp\u012bd\u012bg\u0101 stikla smar\u017eu difuzora trauks ir lieliska izv\u0113le gan profesion\u0101liem parfim\u0113ristiem, gan m\u0101jas smar\u017eu cien\u012bt\u0101jiem. T\u0101 iztur\u012bg\u0101 un est\u0113tisk\u0101 apdare padara to par ide\u0101lu dekorat\u012bvu elementu jebkuram interjeram. <\/p>\n<p><strong>Stikla priek\u0161roc\u012bbas:<\/strong><\/p>\n<p>Dro\u0161s - iztur\u012bgs un arom\u0101tisks.<br \/>\nEst\u0113tisks - m\u016bsdien\u012bgs izskats, kas piem\u0113rots da\u017e\u0101diem interjera dizaina stiliem.<br \/>\nDaudzreiz lietojams - var atk\u0101rtoti uzpild\u012bt, kad e\u013c\u013ca beidzas.<br \/>\nDro\u0161s - nesatur smagos met\u0101lus, \u0137\u012bmiski neitr\u0101ls materi\u0101ls.<\/p>\n<\/div>\n<div>\n<p><strong><span dir=\"auto\">Tehniskie dati:  <\/span><\/strong><\/p>\n<\/div>\n<div>\n<ul>\n<li><span dir=\"auto\">Augstums: 9,5 cm<\/span><\/li>\n<li><span dir=\"auto\">Diametrs: 5,5 cm<\/span><\/li>\n<li><span dir=\"auto\">Atv\u0113ruma diametrs n\u016bji\u0146\u0101m: 2,6 cm<\/span><\/li>\n<li><span dir=\"auto\">Ietilp\u012bba: 200 ml<\/span><\/li>\n<li><span dir=\"auto\">Komplekts no 1 gab.<\/span><\/li>\n<\/ul>\n<\/div>\n","protected":false},"excerpt":{"rendered":"<p><strong data-start=\"85\" data-end=\"161\">Grezn\u0101 stikla difuzora pudele, noapa\u013cotas un plakanas formas, 200 ml, ir <\/strong>stil\u012bgs un iztur\u012bgs stikla <strong data-start=\"85\" data-end=\"161\">trauks <\/strong>j\u016bsu arom\u0101tiskajam difuzoram. T\u0101 ir atk\u0101rtoti lietojama, iztur\u012bga pret arom\u0101tiskaj\u0101m e\u013c\u013c\u0101m un piem\u0113rota jebkuram interjeram - ide\u0101li piem\u0113rota lieto\u0161anai m\u0101j\u0101s vai profesion\u0101lai lieto\u0161anai. <\/p>\n","protected":false},"featured_media":23389,"template":"","meta":{"site-sidebar-layout":"default","site-content-layout":"","ast-site-content-layout":"default","site-content-style":"default","site-sidebar-style":"default","ast-global-header-display":"","ast-banner-title-visibility":"","ast-main-header-display":"","ast-hfb-above-header-display":"","ast-hfb-below-header-display":"","ast-hfb-mobile-header-display":"","site-post-title":"","ast-breadcrumbs-content":"","ast-featured-img":"","footer-sml-layout":"","ast-disable-related-posts":"","theme-transparent-header-meta":"default","adv-header-id-meta":"","stick-header-meta":"default","header-above-stick-meta":"","header-main-stick-meta":"","header-below-stick-meta":"","astra-migrate-meta-layouts":"default","ast-page-background-enabled":"default","ast-page-background-meta":{"desktop":{"background-color":"","background-image":"","background-repeat":"repeat","background-position":"center center","background-size":"auto","background-attachment":"scroll","background-type":"","background-media":"","overlay-type":"","overlay-color":"","overlay-opacity":"","overlay-gradient":""},"tablet":{"background-color":"","background-image":"","background-repeat":"repeat","background-position":"center center","background-size":"auto","background-attachment":"scroll","background-type":"","background-media":"","overlay-type":"","overlay-color":"","overlay-opacity":"","overlay-gradient":""},"mobile":{"background-color":"","background-image":"","background-repeat":"repeat","background-position":"center center","background-size":"auto","background-attachment":"scroll","background-type":"","background-media":"","overlay-type":"","overlay-color":"","overlay-opacity":"","overlay-gradient":""}},"ast-content-background-meta":{"desktop":{"background-color":"var(--ast-global-color-5)","background-image":"","background-repeat":"repeat","background-position":"center center","background-size":"auto","background-attachment":"scroll","background-type":"","background-media":"","overlay-type":"","overlay-color":"","overlay-opacity":"","overlay-gradient":""},"tablet":{"background-color":"var(--ast-global-color-5)","background-image":"","background-repeat":"repeat","background-position":"center center","background-size":"auto","background-attachment":"scroll","background-type":"","background-media":"","overlay-type":"","overlay-color":"","overlay-opacity":"","overlay-gradient":""},"mobile":{"background-color":"var(--ast-global-color-5)","background-image":"","background-repeat":"repeat","background-position":"center center","background-size":"auto","background-attachment":"scroll","background-type":"","background-media":"","overlay-type":"","overlay-color":"","overlay-opacity":"","overlay-gradient":""}}},"product_brand":[],"product_cat":[205,236],"product_tag":[],"class_list":{"0":"post-23368","1":"product","2":"type-product","3":"status-publish","4":"has-post-thumbnail","6":"product_cat-telpu-atsvaidzinataja-sagatavosana","7":"product_cat-telpu-atsvaidzinataju-pudeles","8":"desktop-align-left","9":"tablet-align-left","10":"mobile-align-left","11":"ast-product-gallery-layout-horizontal","12":"ast-product-gallery-with-no-image","13":"ast-product-single-variable","14":"ast-product-tabs-layout-horizontal","16":"first","17":"instock","18":"taxable","19":"shipping-taxable","20":"purchasable","21":"product-type-variable"},"_links":{"self":[{"href":"https:\/\/nordicdiy.ee\/lv\/wp-json\/wp\/v2\/product\/23368","targetHints":{"allow":["GET"]}}],"collection":[{"href":"https:\/\/nordicdiy.ee\/lv\/wp-json\/wp\/v2\/product"}],"about":[{"href":"https:\/\/nordicdiy.ee\/lv\/wp-json\/wp\/v2\/types\/product"}],"wp:featuredmedia":[{"embeddable":true,"href":"https:\/\/nordicdiy.ee\/lv\/wp-json\/wp\/v2\/media\/23389"}],"wp:attachment":[{"href":"https:\/\/nordicdiy.ee\/lv\/wp-json\/wp\/v2\/media?parent=23368"}],"wp:term":[{"taxonomy":"product_brand","embeddable":true,"href":"https:\/\/nordicdiy.ee\/lv\/wp-json\/wp\/v2\/product_brand?post=23368"},{"taxonomy":"product_cat","embeddable":true,"href":"https:\/\/nordicdiy.ee\/lv\/wp-json\/wp\/v2\/product_cat?post=23368"},{"taxonomy":"product_tag","embeddable":true,"href":"https:\/\/nordicdiy.ee\/lv\/wp-json\/wp\/v2\/product_tag?post=23368"}],"curies":[{"name":"wp","href":"https:\/\/api.w.org\/{rel}","templated":true}]}}