{"id":23394,"date":"2025-10-25T08:56:07","date_gmt":"2025-10-25T05:56:07","guid":{"rendered":"https:\/\/nordicdiy.ee\/epood\/uncategorized\/majas-smarzu-pudelite-ar-aizbazni-caurspidiga-apala-225ml\/"},"modified":"2025-10-25T09:13:38","modified_gmt":"2025-10-25T06:13:38","slug":"majas-smarzu-pudelite-ar-aizbazni-caurspidiga-apala-225ml","status":"publish","type":"product","link":"https:\/\/nordicdiy.ee\/lv\/epood\/telpu-atsvaidzinataja-sagatavosana\/telpu-atsvaidzinataju-pudeles\/majas-smarzu-pudelite-ar-aizbazni-caurspidiga-apala-225ml\/","title":{"rendered":"M\u0101jas smar\u017eu pudel\u012bte ar aizb\u0101zni, caursp\u012bd\u012bga, apa\u013ca, 225ml"},"content":{"rendered":"<p>Stil\u012bga un ekskluz\u012bva 200 ml difuzora pudele, kas veidota, iedvesmojoties no luksusa alkohola vai vintage stila z\u0101les pudel\u0113m. Caursp\u012bd\u012bgais stikls ar zelta kor\u0137i rada elegantu un p\u0101rlaic\u012bgu izskatu, kas lieliski ieder\u0113sies jebkur\u0101 interjer\u0101 - m\u0101j\u0101s, spa, viesn\u012bc\u0101 vai restor\u0101n\u0101. <\/p>\n<p>Pudele ir izgatavota no iztur\u012bga stikla, kas ir <strong data-start=\"478\" data-end=\"529\">iztur\u012bgs pret arom\u0101tiskaj\u0101m e\u013c\u013c\u0101m un \u0113teriskaj\u0101m e\u013c\u013c\u0101m un ir<\/strong> <strong data-start=\"535\" data-end=\"552\">p\u0101rstr\u0101d\u0101jams.<\/strong> Ide\u0101la izv\u0113le augstas kvalit\u0101tes un est\u0113tiska aromterapijas difuzora izveidei. <\/p>\n<p><strong>Stikla priek\u0161roc\u012bbas:<\/strong><\/p>\n<p>Dro\u0161s - iztur\u012bgs un arom\u0101tisks.<br \/>\nEst\u0113tisks - m\u016bsdien\u012bgs izskats, kas piem\u0113rots da\u017e\u0101diem interjera dizaina stiliem.<br \/>\nDaudzreiz lietojams - var atk\u0101rtoti uzpild\u012bt, kad e\u013c\u013ca beidzas.<br \/>\nDro\u0161s - nesatur smagos met\u0101lus, \u0137\u012bmiski neitr\u0101ls materi\u0101ls.<\/p>\n<p><strong>Tehniskie dati:<\/strong><\/p>\n<p>Augstums: 14 cm<br \/>\nDiametrs: 5,2 cm<br \/>\nAtv\u0113r\u0161anas diametrs n\u016bji\u0146\u0101m: 1,5 cm<br \/>\nIetilp\u012bba: 225 ml<br \/>\nKomplekt\u0101: 1 stikla pudele + zelta kor\u0137is.<\/p>\n","protected":false},"excerpt":{"rendered":"<p>Stil\u012bga un ekskluz\u012bva 200 ml difuzora pudele, kas veidota, iedvesmojoties no luksusa alkohola vai vintage stila z\u0101les pudel\u0113m. Caursp\u012bd\u012bgais stikls ar zelta kor\u0137i rada elegantu un p\u0101rlaic\u012bgu izskatu, kas lieliski ieder\u0113sies jebkur\u0101 interjer\u0101 - m\u0101j\u0101s, spa, viesn\u012bc\u0101 vai restor\u0101n\u0101. <\/p>\n","protected":false},"featured_media":23404,"template":"","meta":{"site-sidebar-layout":"default","site-content-layout":"","ast-site-content-layout":"default","site-content-style":"default","site-sidebar-style":"default","ast-global-header-display":"","ast-banner-title-visibility":"","ast-main-header-display":"","ast-hfb-above-header-display":"","ast-hfb-below-header-display":"","ast-hfb-mobile-header-display":"","site-post-title":"","ast-breadcrumbs-content":"","ast-featured-img":"","footer-sml-layout":"","ast-disable-related-posts":"","theme-transparent-header-meta":"default","adv-header-id-meta":"","stick-header-meta":"default","header-above-stick-meta":"","header-main-stick-meta":"","header-below-stick-meta":"","astra-migrate-meta-layouts":"default","ast-page-background-enabled":"default","ast-page-background-meta":{"desktop":{"background-color":"","background-image":"","background-repeat":"repeat","background-position":"center center","background-size":"auto","background-attachment":"scroll","background-type":"","background-media":"","overlay-type":"","overlay-color":"","overlay-opacity":"","overlay-gradient":""},"tablet":{"background-color":"","background-image":"","background-repeat":"repeat","background-position":"center center","background-size":"auto","background-attachment":"scroll","background-type":"","background-media":"","overlay-type":"","overlay-color":"","overlay-opacity":"","overlay-gradient":""},"mobile":{"background-color":"","background-image":"","background-repeat":"repeat","background-position":"center center","background-size":"auto","background-attachment":"scroll","background-type":"","background-media":"","overlay-type":"","overlay-color":"","overlay-opacity":"","overlay-gradient":""}},"ast-content-background-meta":{"desktop":{"background-color":"var(--ast-global-color-5)","background-image":"","background-repeat":"repeat","background-position":"center center","background-size":"auto","background-attachment":"scroll","background-type":"","background-media":"","overlay-type":"","overlay-color":"","overlay-opacity":"","overlay-gradient":""},"tablet":{"background-color":"var(--ast-global-color-5)","background-image":"","background-repeat":"repeat","background-position":"center center","background-size":"auto","background-attachment":"scroll","background-type":"","background-media":"","overlay-type":"","overlay-color":"","overlay-opacity":"","overlay-gradient":""},"mobile":{"background-color":"var(--ast-global-color-5)","background-image":"","background-repeat":"repeat","background-position":"center center","background-size":"auto","background-attachment":"scroll","background-type":"","background-media":"","overlay-type":"","overlay-color":"","overlay-opacity":"","overlay-gradient":""}}},"product_brand":[],"product_cat":[205,236],"product_tag":[],"class_list":{"0":"post-23394","1":"product","2":"type-product","3":"status-publish","4":"has-post-thumbnail","6":"product_cat-telpu-atsvaidzinataja-sagatavosana","7":"product_cat-telpu-atsvaidzinataju-pudeles","8":"desktop-align-left","9":"tablet-align-left","10":"mobile-align-left","11":"ast-product-gallery-layout-horizontal","12":"ast-product-gallery-with-no-image","13":"ast-product-tabs-layout-horizontal","15":"first","16":"instock","17":"taxable","18":"shipping-taxable","19":"purchasable","20":"product-type-simple"},"_links":{"self":[{"href":"https:\/\/nordicdiy.ee\/lv\/wp-json\/wp\/v2\/product\/23394","targetHints":{"allow":["GET"]}}],"collection":[{"href":"https:\/\/nordicdiy.ee\/lv\/wp-json\/wp\/v2\/product"}],"about":[{"href":"https:\/\/nordicdiy.ee\/lv\/wp-json\/wp\/v2\/types\/product"}],"wp:featuredmedia":[{"embeddable":true,"href":"https:\/\/nordicdiy.ee\/lv\/wp-json\/wp\/v2\/media\/23404"}],"wp:attachment":[{"href":"https:\/\/nordicdiy.ee\/lv\/wp-json\/wp\/v2\/media?parent=23394"}],"wp:term":[{"taxonomy":"product_brand","embeddable":true,"href":"https:\/\/nordicdiy.ee\/lv\/wp-json\/wp\/v2\/product_brand?post=23394"},{"taxonomy":"product_cat","embeddable":true,"href":"https:\/\/nordicdiy.ee\/lv\/wp-json\/wp\/v2\/product_cat?post=23394"},{"taxonomy":"product_tag","embeddable":true,"href":"https:\/\/nordicdiy.ee\/lv\/wp-json\/wp\/v2\/product_tag?post=23394"}],"curies":[{"name":"wp","href":"https:\/\/api.w.org\/{rel}","templated":true}]}}