{"id":23410,"date":"2025-10-25T09:25:58","date_gmt":"2025-10-25T06:25:58","guid":{"rendered":"https:\/\/nordicdiy.ee\/epood\/uncategorized\/pudele-ar-melnu-aizbazni-majas-parfimerijai-kvadratveida-175-ml\/"},"modified":"2025-10-25T09:44:15","modified_gmt":"2025-10-25T06:44:15","slug":"pudele-ar-melnu-aizbazni-majas-parfimerijai-kvadratveida-175-ml","status":"publish","type":"product","link":"https:\/\/nordicdiy.ee\/lv\/epood\/telpu-atsvaidzinataja-sagatavosana\/telpu-atsvaidzinataju-pudeles\/pudele-ar-melnu-aizbazni-majas-parfimerijai-kvadratveida-175-ml\/","title":{"rendered":"Pudele ar melnu aizb\u0101zni m\u0101jas parfim\u0113rijai, kvadr\u0101tveida, 175 ml"},"content":{"rendered":"<p>Minim\u0101lisma un skandin\u0101vu dizaina <strong data-start=\"179\" data-end=\"207\">175 ml kvadr\u0101tveida difuzora pudel\u012bte ir<\/strong> ide\u0101la <strong data-start=\"179\" data-end=\"207\">izv\u0113le<\/strong>, lai rad\u012btu stil\u012bgu m\u0101jas arom\u0101tu. To var lietot atk\u0101rtoti, t\u0101 ir iztur\u012bga pret smar\u017eviel\u0101m un piem\u0113rota jebkuram interjeram, t\u0101p\u0113c t\u0101 ir ide\u0101li piem\u0113rota gan m\u0101jas, gan profesion\u0101lai lieto\u0161anai. <\/p>\n<p data-start=\"134\" data-end=\"381\">Izteiksm\u012bg\u0101 forma un melnais kor\u0137is pie\u0161\u0137ir eleganci jebkuram interjeram - piem\u0113rots gan modern\u0101m, gan klasisk\u0101m telp\u0101m.<\/p>\n<p data-start=\"383\" data-end=\"587\">Izgatavots no augstas kvalit\u0101tes un iztur\u012bga stikla, <strong data-start=\"443\" data-end=\"483\">piem\u0113rots arom\u0101tiskaj\u0101m e\u013c\u013c\u0101m un atk\u0101rtoti lietojams.<\/strong> Ide\u0101li piem\u0113rots gan pa\u0161tais\u012btiem arom\u0101tu difuzoriem, gan profesion\u0101lai lieto\u0161anai viesn\u012bc\u0101s un spa. <\/p>\n<p><strong>Stikla priek\u0161roc\u012bbas:<\/strong><\/p>\n<p>Dro\u0161s - iztur\u012bgs un arom\u0101tisks.<br \/>\nEst\u0113tisks - m\u016bsdien\u012bgs izskats, kas piem\u0113rots da\u017e\u0101diem interjera dizaina stiliem.<br \/>\nDaudzreiz lietojams - var atk\u0101rtoti uzpild\u012bt, kad e\u013c\u013ca beidzas.<br \/>\nDro\u0161s - nesatur smagos met\u0101lus, \u0137\u012bmiski neitr\u0101ls materi\u0101ls.<\/p>\n<p><strong>Tehniskie dati:<\/strong><\/p>\n<p>Augstums: 7 cm<br \/>\nDiametrs: 9,5 cm<br \/>\nAtv\u0113r\u0161anas diametrs n\u016bji\u0146\u0101m: 2 cm<br \/>\nIetilp\u012bba: 175 ml<br \/>\nKomplekt\u0101: 1 stikla pudele + melns kor\u0137is.<\/p>\n","protected":false},"excerpt":{"rendered":"<p>Minim\u0101lisma un skandin\u0101vu dizaina <strong data-start=\"179\" data-end=\"207\">175 ml kvadr\u0101tveida difuzora pudel\u012bte ir<\/strong> ide\u0101la <strong data-start=\"179\" data-end=\"207\">izv\u0113le<\/strong>, lai rad\u012btu stil\u012bgu m\u0101jas arom\u0101tu. To var lietot atk\u0101rtoti, t\u0101 ir iztur\u012bga pret smar\u017eviel\u0101m un piem\u0113rota jebkuram interjeram, t\u0101p\u0113c t\u0101 ir ide\u0101li piem\u0113rota gan m\u0101jas, gan profesion\u0101lai lieto\u0161anai. <\/p>\n","protected":false},"featured_media":23428,"template":"","meta":{"site-sidebar-layout":"default","site-content-layout":"","ast-site-content-layout":"default","site-content-style":"default","site-sidebar-style":"default","ast-global-header-display":"","ast-banner-title-visibility":"","ast-main-header-display":"","ast-hfb-above-header-display":"","ast-hfb-below-header-display":"","ast-hfb-mobile-header-display":"","site-post-title":"","ast-breadcrumbs-content":"","ast-featured-img":"","footer-sml-layout":"","ast-disable-related-posts":"","theme-transparent-header-meta":"default","adv-header-id-meta":"","stick-header-meta":"default","header-above-stick-meta":"","header-main-stick-meta":"","header-below-stick-meta":"","astra-migrate-meta-layouts":"default","ast-page-background-enabled":"default","ast-page-background-meta":{"desktop":{"background-color":"","background-image":"","background-repeat":"repeat","background-position":"center center","background-size":"auto","background-attachment":"scroll","background-type":"","background-media":"","overlay-type":"","overlay-color":"","overlay-opacity":"","overlay-gradient":""},"tablet":{"background-color":"","background-image":"","background-repeat":"repeat","background-position":"center center","background-size":"auto","background-attachment":"scroll","background-type":"","background-media":"","overlay-type":"","overlay-color":"","overlay-opacity":"","overlay-gradient":""},"mobile":{"background-color":"","background-image":"","background-repeat":"repeat","background-position":"center center","background-size":"auto","background-attachment":"scroll","background-type":"","background-media":"","overlay-type":"","overlay-color":"","overlay-opacity":"","overlay-gradient":""}},"ast-content-background-meta":{"desktop":{"background-color":"var(--ast-global-color-5)","background-image":"","background-repeat":"repeat","background-position":"center center","background-size":"auto","background-attachment":"scroll","background-type":"","background-media":"","overlay-type":"","overlay-color":"","overlay-opacity":"","overlay-gradient":""},"tablet":{"background-color":"var(--ast-global-color-5)","background-image":"","background-repeat":"repeat","background-position":"center center","background-size":"auto","background-attachment":"scroll","background-type":"","background-media":"","overlay-type":"","overlay-color":"","overlay-opacity":"","overlay-gradient":""},"mobile":{"background-color":"var(--ast-global-color-5)","background-image":"","background-repeat":"repeat","background-position":"center center","background-size":"auto","background-attachment":"scroll","background-type":"","background-media":"","overlay-type":"","overlay-color":"","overlay-opacity":"","overlay-gradient":""}}},"product_brand":[],"product_cat":[205,236],"product_tag":[],"class_list":{"0":"post-23410","1":"product","2":"type-product","3":"status-publish","4":"has-post-thumbnail","6":"product_cat-telpu-atsvaidzinataja-sagatavosana","7":"product_cat-telpu-atsvaidzinataju-pudeles","8":"desktop-align-left","9":"tablet-align-left","10":"mobile-align-left","11":"ast-product-gallery-layout-horizontal","12":"ast-product-tabs-layout-horizontal","14":"first","15":"instock","16":"taxable","17":"shipping-taxable","18":"purchasable","19":"product-type-simple"},"_links":{"self":[{"href":"https:\/\/nordicdiy.ee\/lv\/wp-json\/wp\/v2\/product\/23410","targetHints":{"allow":["GET"]}}],"collection":[{"href":"https:\/\/nordicdiy.ee\/lv\/wp-json\/wp\/v2\/product"}],"about":[{"href":"https:\/\/nordicdiy.ee\/lv\/wp-json\/wp\/v2\/types\/product"}],"wp:featuredmedia":[{"embeddable":true,"href":"https:\/\/nordicdiy.ee\/lv\/wp-json\/wp\/v2\/media\/23428"}],"wp:attachment":[{"href":"https:\/\/nordicdiy.ee\/lv\/wp-json\/wp\/v2\/media?parent=23410"}],"wp:term":[{"taxonomy":"product_brand","embeddable":true,"href":"https:\/\/nordicdiy.ee\/lv\/wp-json\/wp\/v2\/product_brand?post=23410"},{"taxonomy":"product_cat","embeddable":true,"href":"https:\/\/nordicdiy.ee\/lv\/wp-json\/wp\/v2\/product_cat?post=23410"},{"taxonomy":"product_tag","embeddable":true,"href":"https:\/\/nordicdiy.ee\/lv\/wp-json\/wp\/v2\/product_tag?post=23410"}],"curies":[{"name":"wp","href":"https:\/\/api.w.org\/{rel}","templated":true}]}}