{"id":23443,"date":"2025-10-25T09:56:02","date_gmt":"2025-10-25T06:56:02","guid":{"rendered":"https:\/\/nordicdiy.ee\/epood\/uncategorized\/majas-smarzu-pudelite-ar-vacinu-kvadratveida-cut-corner-100ml\/"},"modified":"2025-10-25T14:58:54","modified_gmt":"2025-10-25T11:58:54","slug":"majas-smarzu-pudelite-ar-vacinu-kvadratveida-cut-corner-100ml","status":"publish","type":"product","link":"https:\/\/nordicdiy.ee\/lv\/epood\/telpu-atsvaidzinataja-sagatavosana\/telpu-atsvaidzinataju-pudeles\/majas-smarzu-pudelite-ar-vacinu-kvadratveida-cut-corner-100ml\/","title":{"rendered":"M\u0101jas smar\u017eu pudel\u012bte ar v\u0101ci\u0146u, kvadr\u0101tveida Cut Corner 100ml"},"content":{"rendered":"<p>Grezn\u0101 un izteiksm\u012bg\u0101 <strong data-start=\"161\" data-end=\"202\">kvadr\u0101tveida difuzora pudele<\/strong> \" <strong data-start=\"161\" data-end=\"202\">Cut Corner\" ir pievilc\u012bgs papildin\u0101jums<\/strong> jebkuram interjeram. Izgatavots no augstas kvalit\u0101tes stikla, tas apvieno eleganci un praktiskumu - lieliska izv\u0113le m\u0101jas arom\u0101tiem, restor\u0101niem, viesn\u012bc\u0101m vai d\u0101vanai. <\/p>\n<p>Tr\u012bs stil\u012bgu v\u0101ci\u0146u izv\u0113le:<\/p>\n<ul>\n<li>Zelts - klasisk\u0101 luksusa cien\u012bt\u0101jiem<\/li>\n<li>Sudrabs - moderna un t\u012bra stila cien\u012bt\u0101jiem<\/li>\n<li>Roz\u0101 zelts - romantisku un maigu to\u0146u cien\u012bt\u0101jiem<\/li>\n<\/ul>\n<p><strong>Stikla priek\u0161roc\u012bbas:<\/strong><\/p>\n<p>Dro\u0161s - iztur\u012bgs un arom\u0101tisks.<br \/>\nEst\u0113tisks - m\u016bsdien\u012bgs izskats, kas piem\u0113rots da\u017e\u0101diem interjera dizaina stiliem.<br \/>\nDaudzreiz lietojams - var atk\u0101rtoti uzpild\u012bt, kad e\u013c\u013ca beidzas.<br \/>\nDro\u0161s - nesatur smagos met\u0101lus, \u0137\u012bmiski neitr\u0101ls materi\u0101ls.<\/p>\n<p><strong>Tehniskie dati:<\/strong><\/p>\n<p>Augstums: 6 cm<br \/>\nDiametrs: 7 cm<br \/>\nCauruma diametrs koci\u0146iem: 2,6 cm<br \/>\nIetilp\u012bba: 100 ml<br \/>\nKomplekt\u0101 ietilpst: 1 stikla pudele + kor\u0137is + kr\u0101sains v\u0101ci\u0146\u0161.<\/p>\n","protected":false},"excerpt":{"rendered":"<p>Grezn\u0101 un izteiksm\u012bg\u0101 <strong data-start=\"161\" data-end=\"202\">kvadr\u0101tveida difuzora pudele<\/strong> \" <strong data-start=\"161\" data-end=\"202\">Cut Corner\" ir pievilc\u012bgs papildin\u0101jums<\/strong> jebkuram interjeram. Izgatavots no augstas kvalit\u0101tes stikla, tas apvieno eleganci un praktiskumu - lieliska izv\u0113le m\u0101jas arom\u0101tiem, restor\u0101niem, viesn\u012bc\u0101m vai d\u0101vanai. <\/p>\n","protected":false},"featured_media":23480,"template":"","meta":{"site-sidebar-layout":"default","site-content-layout":"","ast-site-content-layout":"default","site-content-style":"default","site-sidebar-style":"default","ast-global-header-display":"","ast-banner-title-visibility":"","ast-main-header-display":"","ast-hfb-above-header-display":"","ast-hfb-below-header-display":"","ast-hfb-mobile-header-display":"","site-post-title":"","ast-breadcrumbs-content":"","ast-featured-img":"","footer-sml-layout":"","ast-disable-related-posts":"","theme-transparent-header-meta":"default","adv-header-id-meta":"","stick-header-meta":"default","header-above-stick-meta":"","header-main-stick-meta":"","header-below-stick-meta":"","astra-migrate-meta-layouts":"default","ast-page-background-enabled":"default","ast-page-background-meta":{"desktop":{"background-color":"","background-image":"","background-repeat":"repeat","background-position":"center center","background-size":"auto","background-attachment":"scroll","background-type":"","background-media":"","overlay-type":"","overlay-color":"","overlay-opacity":"","overlay-gradient":""},"tablet":{"background-color":"","background-image":"","background-repeat":"repeat","background-position":"center center","background-size":"auto","background-attachment":"scroll","background-type":"","background-media":"","overlay-type":"","overlay-color":"","overlay-opacity":"","overlay-gradient":""},"mobile":{"background-color":"","background-image":"","background-repeat":"repeat","background-position":"center center","background-size":"auto","background-attachment":"scroll","background-type":"","background-media":"","overlay-type":"","overlay-color":"","overlay-opacity":"","overlay-gradient":""}},"ast-content-background-meta":{"desktop":{"background-color":"var(--ast-global-color-5)","background-image":"","background-repeat":"repeat","background-position":"center center","background-size":"auto","background-attachment":"scroll","background-type":"","background-media":"","overlay-type":"","overlay-color":"","overlay-opacity":"","overlay-gradient":""},"tablet":{"background-color":"var(--ast-global-color-5)","background-image":"","background-repeat":"repeat","background-position":"center center","background-size":"auto","background-attachment":"scroll","background-type":"","background-media":"","overlay-type":"","overlay-color":"","overlay-opacity":"","overlay-gradient":""},"mobile":{"background-color":"var(--ast-global-color-5)","background-image":"","background-repeat":"repeat","background-position":"center center","background-size":"auto","background-attachment":"scroll","background-type":"","background-media":"","overlay-type":"","overlay-color":"","overlay-opacity":"","overlay-gradient":""}}},"product_brand":[],"product_cat":[416,205,236],"product_tag":[],"class_list":{"0":"post-23443","1":"product","2":"type-product","3":"status-publish","4":"has-post-thumbnail","6":"product_cat-atlaides","7":"product_cat-telpu-atsvaidzinataja-sagatavosana","8":"product_cat-telpu-atsvaidzinataju-pudeles","9":"desktop-align-left","10":"tablet-align-left","11":"mobile-align-left","12":"ast-product-gallery-layout-horizontal","13":"ast-product-gallery-with-no-image","14":"ast-product-single-variable","15":"ast-product-tabs-layout-horizontal","17":"first","18":"instock","19":"taxable","20":"shipping-taxable","21":"purchasable","22":"product-type-variable"},"_links":{"self":[{"href":"https:\/\/nordicdiy.ee\/lv\/wp-json\/wp\/v2\/product\/23443","targetHints":{"allow":["GET"]}}],"collection":[{"href":"https:\/\/nordicdiy.ee\/lv\/wp-json\/wp\/v2\/product"}],"about":[{"href":"https:\/\/nordicdiy.ee\/lv\/wp-json\/wp\/v2\/types\/product"}],"wp:featuredmedia":[{"embeddable":true,"href":"https:\/\/nordicdiy.ee\/lv\/wp-json\/wp\/v2\/media\/23480"}],"wp:attachment":[{"href":"https:\/\/nordicdiy.ee\/lv\/wp-json\/wp\/v2\/media?parent=23443"}],"wp:term":[{"taxonomy":"product_brand","embeddable":true,"href":"https:\/\/nordicdiy.ee\/lv\/wp-json\/wp\/v2\/product_brand?post=23443"},{"taxonomy":"product_cat","embeddable":true,"href":"https:\/\/nordicdiy.ee\/lv\/wp-json\/wp\/v2\/product_cat?post=23443"},{"taxonomy":"product_tag","embeddable":true,"href":"https:\/\/nordicdiy.ee\/lv\/wp-json\/wp\/v2\/product_tag?post=23443"}],"curies":[{"name":"wp","href":"https:\/\/api.w.org\/{rel}","templated":true}]}}