{"id":23520,"date":"2025-10-20T15:41:09","date_gmt":"2025-10-20T12:41:09","guid":{"rendered":"https:\/\/nordicdiy.ee\/epood\/uncategorized\/caurspidiga-stikla-svecturis-320ml-h90-x-d175-d122-mm\/"},"modified":"2025-10-25T16:04:11","modified_gmt":"2025-10-25T13:04:11","slug":"caurspidiga-stikla-svecturis-320ml-h90-x-d175-d122-mm","status":"publish","type":"product","link":"https:\/\/nordicdiy.ee\/lv\/epood\/svecu-izgatavosana\/svecturi-un-vaki\/caurspidiga-stikla-svecturis-320ml-h90-x-d175-d122-mm\/","title":{"rendered":"Caursp\u012bd\u012bga stikla sve\u010dturis 320ml, h90 x d175\/d122 mm"},"content":{"rendered":"<p>Elegants un klasisks, \u0161is caursp\u012bd\u012bg\u0101 stikla sve\u010du tur\u0113t\u0101js ir ide\u0101la izv\u0113le gan profesion\u0101liem sve\u010du ra\u017eot\u0101jiem, gan ar\u012b m\u0101jas rad\u012b\u0161anai.<br \/>\nPateicoties augstas kvalit\u0101tes apdarei, \u0161is stikls ir ide\u0101li piem\u0113rots l\u0113juma svec\u0113m, nodro\u0161inot dro\u0161\u012bbu un skaistu izskatu katru reizi.<\/p>\n<p>Caursp\u012bd\u012bgais dizains izce\u013c sveces dabisko skaistumu un \u013cauj sp\u0113l\u0113ties ar kr\u0101s\u0101m, aksesu\u0101riem vai uzl\u012bm\u0113m - ide\u0101li piem\u0113rots gan minim\u0101lisma, gan greznuma stilam.<\/p>\n<p><strong>Stikla priek\u0161roc\u012bbas:<\/strong><\/p>\n<ul>\n<li>Dro\u0161s un karstumiztur\u012bgs stikls, kas \u012bpa\u0161i izstr\u0101d\u0101ts sve\u010du ra\u017eo\u0161anai<\/li>\n<li>Elegants un est\u0113tisks - piem\u0113rots jebkuram interjera dizainam<\/li>\n<li>  Atk\u0101rtoti lietojams - p\u0113c tam, kad svece ir izdegusi, trauku var izmantot atk\u0101rtoti.<\/li>\n<li>Nesatur smagos met\u0101lus<\/li>\n<\/ul>\n<p><strong>Tehniskie dati:<\/strong><\/p>\n<ul>\n<li>Augstums: 9 cm<\/li>\n<li>Aug\u0161da\u013cas diametrs: 7,5 cm<\/li>\n<li>Apak\u0161\u0113j\u0101s da\u013cas diametrs: 12,2 cm<\/li>\n<li>Ietilp\u012bba: 320 ml<\/li>\n<li>Kr\u0101sa: caursp\u012bd\u012bga<\/li>\n<li>Komplekt\u0101 ietilpst: 1 sve\u010du gl\u0101ze<\/li>\n<\/ul>\n","protected":false},"excerpt":{"rendered":"<p>Elegants un klasisks, \u0161is caursp\u012bd\u012bg\u0101 stikla sve\u010du tur\u0113t\u0101js ir ide\u0101la izv\u0113le gan profesion\u0101liem sve\u010du ra\u017eot\u0101jiem, gan ar\u012b m\u0101jas rad\u012b\u0161anai.<br \/>\nPateicoties augstas kvalit\u0101tes apdarei, \u0161is stikls ir ide\u0101li piem\u0113rots l\u0113juma svec\u0113m, nodro\u0161inot dro\u0161\u012bbu un skaistu izskatu katru reizi.<\/p>\n","protected":false},"featured_media":23527,"template":"","meta":{"site-sidebar-layout":"default","site-content-layout":"","ast-site-content-layout":"default","site-content-style":"default","site-sidebar-style":"default","ast-global-header-display":"","ast-banner-title-visibility":"","ast-main-header-display":"","ast-hfb-above-header-display":"","ast-hfb-below-header-display":"","ast-hfb-mobile-header-display":"","site-post-title":"","ast-breadcrumbs-content":"","ast-featured-img":"","footer-sml-layout":"","ast-disable-related-posts":"","theme-transparent-header-meta":"default","adv-header-id-meta":"","stick-header-meta":"default","header-above-stick-meta":"","header-main-stick-meta":"","header-below-stick-meta":"","astra-migrate-meta-layouts":"default","ast-page-background-enabled":"default","ast-page-background-meta":{"desktop":{"background-color":"","background-image":"","background-repeat":"repeat","background-position":"center center","background-size":"auto","background-attachment":"scroll","background-type":"","background-media":"","overlay-type":"","overlay-color":"","overlay-opacity":"","overlay-gradient":""},"tablet":{"background-color":"","background-image":"","background-repeat":"repeat","background-position":"center center","background-size":"auto","background-attachment":"scroll","background-type":"","background-media":"","overlay-type":"","overlay-color":"","overlay-opacity":"","overlay-gradient":""},"mobile":{"background-color":"","background-image":"","background-repeat":"repeat","background-position":"center center","background-size":"auto","background-attachment":"scroll","background-type":"","background-media":"","overlay-type":"","overlay-color":"","overlay-opacity":"","overlay-gradient":""}},"ast-content-background-meta":{"desktop":{"background-color":"var(--ast-global-color-5)","background-image":"","background-repeat":"repeat","background-position":"center center","background-size":"auto","background-attachment":"scroll","background-type":"","background-media":"","overlay-type":"","overlay-color":"","overlay-opacity":"","overlay-gradient":""},"tablet":{"background-color":"var(--ast-global-color-5)","background-image":"","background-repeat":"repeat","background-position":"center center","background-size":"auto","background-attachment":"scroll","background-type":"","background-media":"","overlay-type":"","overlay-color":"","overlay-opacity":"","overlay-gradient":""},"mobile":{"background-color":"var(--ast-global-color-5)","background-image":"","background-repeat":"repeat","background-position":"center center","background-size":"auto","background-attachment":"scroll","background-type":"","background-media":"","overlay-type":"","overlay-color":"","overlay-opacity":"","overlay-gradient":""}}},"product_brand":[],"product_cat":[161,150],"product_tag":[],"class_list":{"0":"post-23520","1":"product","2":"type-product","3":"status-publish","4":"has-post-thumbnail","6":"product_cat-svecturi-un-vaki","7":"product_cat-svecu-izgatavosana","8":"desktop-align-left","9":"tablet-align-left","10":"mobile-align-left","11":"ast-product-gallery-layout-horizontal","12":"ast-product-gallery-with-no-image","13":"ast-product-tabs-layout-horizontal","15":"first","16":"instock","17":"taxable","18":"shipping-taxable","19":"purchasable","20":"product-type-simple"},"_links":{"self":[{"href":"https:\/\/nordicdiy.ee\/lv\/wp-json\/wp\/v2\/product\/23520","targetHints":{"allow":["GET"]}}],"collection":[{"href":"https:\/\/nordicdiy.ee\/lv\/wp-json\/wp\/v2\/product"}],"about":[{"href":"https:\/\/nordicdiy.ee\/lv\/wp-json\/wp\/v2\/types\/product"}],"wp:featuredmedia":[{"embeddable":true,"href":"https:\/\/nordicdiy.ee\/lv\/wp-json\/wp\/v2\/media\/23527"}],"wp:attachment":[{"href":"https:\/\/nordicdiy.ee\/lv\/wp-json\/wp\/v2\/media?parent=23520"}],"wp:term":[{"taxonomy":"product_brand","embeddable":true,"href":"https:\/\/nordicdiy.ee\/lv\/wp-json\/wp\/v2\/product_brand?post=23520"},{"taxonomy":"product_cat","embeddable":true,"href":"https:\/\/nordicdiy.ee\/lv\/wp-json\/wp\/v2\/product_cat?post=23520"},{"taxonomy":"product_tag","embeddable":true,"href":"https:\/\/nordicdiy.ee\/lv\/wp-json\/wp\/v2\/product_tag?post=23520"}],"curies":[{"name":"wp","href":"https:\/\/api.w.org\/{rel}","templated":true}]}}