{"id":23684,"date":"2025-10-27T13:11:12","date_gmt":"2025-10-27T10:11:12","guid":{"rendered":"https:\/\/nordicdiy.ee\/epood\/uncategorized\/koka-naglinas-10gab-plakanas-65-150\/"},"modified":"2026-01-28T16:18:34","modified_gmt":"2026-01-28T13:18:34","slug":"koka-naglinas-10gab-plakanas-65-150","status":"publish","type":"product","link":"https:\/\/nordicdiy.ee\/lv\/epood\/svecu-izgatavosana\/svecu-daktis-un-pamatnes\/koka-naglinas-10gab-plakanas-65-150\/","title":{"rendered":"Koka nagli\u0146as 10gab plakanas 6,5\/150"},"content":{"rendered":"<p>Koka sve\u010du tur\u0113t\u0101js ir izgatavots no cietas di\u017esk\u0101bar\u017ea koksnes, kas ir dabisks un dro\u0161s risin\u0101jums sve\u010du gatavo\u0161anai. \u0160is dakts ir veg\u0101nisks, nav test\u0113ts uz dz\u012bvniekiem un nav toksisks. Ide\u0101li piem\u0113rots da\u017e\u0101diem vaskiem, piem\u0113ram, sojas vaskam, rap\u0161u vaskam, kokosriekstu vaskam, bi\u0161u vaskam, palmu vaskam, paraf\u012bnam un paraf\u012bna mais\u012bjumiem.   Korpuss ir apr\u012bkots ar met\u0101la pamatni.<\/p>\n<p>Ide\u0101la izv\u0113le dabisku un augstas kvalit\u0101tes sve\u010du izgatavo\u0161anai!<\/p>\n","protected":false},"excerpt":{"rendered":"<p>Koka sve\u010du tur\u0113t\u0101js ir izgatavots no cietas di\u017esk\u0101bar\u017ea koksnes, kas ir dab\u012bgs un dro\u0161s risin\u0101jums sve\u010du gatavo\u0161anai. \u0160is dakts ir veg\u0101nisks, nav test\u0113ts uz dz\u012bvniekiem un nav toksisks. Ide\u0101li piem\u0113rots da\u017e\u0101diem vaskiem, piem\u0113ram, sojas vaskam, rap\u0161u vaskam, kokosriekstu vaskam, bi\u0161u vaskam, palmu vaskam, paraf\u012bnam un paraf\u012bna mais\u012bjumiem. Koksnes dakt\u012bm ir papildu priek\u0161roc\u012bba - t\u0101s ir stabilas deg\u0161anas laik\u0101, ned\u016bmojas un neizdala nepat\u012bkamas smakas.   <\/p>\n<p>Izm\u0113ri:<br \/>\n- garums: 150 mm<br \/>\n- platums: 6,5 mm<br \/>\n- biezums: 1 mm<br \/>\n- dakts ir ar met\u0101la pamatni.<\/p>\n<p>Piem\u0113rots sve\u010du tur\u0113t\u0101jiem 40- 50 mm.<\/p>\n<p>Ide\u0101la izv\u0113le dabisku un augstas kvalit\u0101tes sve\u010du izgatavo\u0161anai!<\/p>\n","protected":false},"featured_media":23989,"template":"","meta":{"site-sidebar-layout":"default","site-content-layout":"","ast-site-content-layout":"default","site-content-style":"default","site-sidebar-style":"default","ast-global-header-display":"","ast-banner-title-visibility":"","ast-main-header-display":"","ast-hfb-above-header-display":"","ast-hfb-below-header-display":"","ast-hfb-mobile-header-display":"","site-post-title":"","ast-breadcrumbs-content":"","ast-featured-img":"","footer-sml-layout":"","ast-disable-related-posts":"","theme-transparent-header-meta":"default","adv-header-id-meta":"","stick-header-meta":"default","header-above-stick-meta":"","header-main-stick-meta":"","header-below-stick-meta":"","astra-migrate-meta-layouts":"default","ast-page-background-enabled":"default","ast-page-background-meta":{"desktop":{"background-color":"","background-image":"","background-repeat":"repeat","background-position":"center center","background-size":"auto","background-attachment":"scroll","background-type":"","background-media":"","overlay-type":"","overlay-color":"","overlay-opacity":"","overlay-gradient":""},"tablet":{"background-color":"","background-image":"","background-repeat":"repeat","background-position":"center center","background-size":"auto","background-attachment":"scroll","background-type":"","background-media":"","overlay-type":"","overlay-color":"","overlay-opacity":"","overlay-gradient":""},"mobile":{"background-color":"","background-image":"","background-repeat":"repeat","background-position":"center center","background-size":"auto","background-attachment":"scroll","background-type":"","background-media":"","overlay-type":"","overlay-color":"","overlay-opacity":"","overlay-gradient":""}},"ast-content-background-meta":{"desktop":{"background-color":"var(--ast-global-color-5)","background-image":"","background-repeat":"repeat","background-position":"center center","background-size":"auto","background-attachment":"scroll","background-type":"","background-media":"","overlay-type":"","overlay-color":"","overlay-opacity":"","overlay-gradient":""},"tablet":{"background-color":"var(--ast-global-color-5)","background-image":"","background-repeat":"repeat","background-position":"center center","background-size":"auto","background-attachment":"scroll","background-type":"","background-media":"","overlay-type":"","overlay-color":"","overlay-opacity":"","overlay-gradient":""},"mobile":{"background-color":"var(--ast-global-color-5)","background-image":"","background-repeat":"repeat","background-position":"center center","background-size":"auto","background-attachment":"scroll","background-type":"","background-media":"","overlay-type":"","overlay-color":"","overlay-opacity":"","overlay-gradient":""}}},"product_brand":[],"product_cat":[199,150],"product_tag":[],"class_list":{"0":"post-23684","1":"product","2":"type-product","3":"status-publish","4":"has-post-thumbnail","6":"product_cat-svecu-daktis-un-pamatnes","7":"product_cat-svecu-izgatavosana","8":"desktop-align-left","9":"tablet-align-left","10":"mobile-align-left","11":"ast-product-gallery-layout-horizontal","12":"ast-product-gallery-with-no-image","13":"ast-product-tabs-layout-horizontal","15":"first","16":"instock","17":"taxable","18":"shipping-taxable","19":"purchasable","20":"product-type-simple"},"_links":{"self":[{"href":"https:\/\/nordicdiy.ee\/lv\/wp-json\/wp\/v2\/product\/23684","targetHints":{"allow":["GET"]}}],"collection":[{"href":"https:\/\/nordicdiy.ee\/lv\/wp-json\/wp\/v2\/product"}],"about":[{"href":"https:\/\/nordicdiy.ee\/lv\/wp-json\/wp\/v2\/types\/product"}],"wp:featuredmedia":[{"embeddable":true,"href":"https:\/\/nordicdiy.ee\/lv\/wp-json\/wp\/v2\/media\/23989"}],"wp:attachment":[{"href":"https:\/\/nordicdiy.ee\/lv\/wp-json\/wp\/v2\/media?parent=23684"}],"wp:term":[{"taxonomy":"product_brand","embeddable":true,"href":"https:\/\/nordicdiy.ee\/lv\/wp-json\/wp\/v2\/product_brand?post=23684"},{"taxonomy":"product_cat","embeddable":true,"href":"https:\/\/nordicdiy.ee\/lv\/wp-json\/wp\/v2\/product_cat?post=23684"},{"taxonomy":"product_tag","embeddable":true,"href":"https:\/\/nordicdiy.ee\/lv\/wp-json\/wp\/v2\/product_tag?post=23684"}],"curies":[{"name":"wp","href":"https:\/\/api.w.org\/{rel}","templated":true}]}}