{"id":2384,"date":"2024-09-18T12:35:16","date_gmt":"2024-09-18T09:35:16","guid":{"rendered":"https:\/\/nordicdiy.ee\/epood\/uncategorized\/knlaklaas-lilla-280-ml-h96-x-d80-mm\/"},"modified":"2026-02-19T03:00:16","modified_gmt":"2026-02-19T00:00:16","slug":"knlaklaas-lilla-280-ml-h96-x-d80-mm","status":"publish","type":"product","link":"https:\/\/nordicdiy.ee\/lv\/epood\/svecu-izgatavosana\/svecturi-un-vaki\/knlaklaas-lilla-280-ml-h96-x-d80-mm\/","title":{"rendered":"K\u00fc\u00fcnlaklaas lilla 280 ml, h96 x d80 mm"},"content":{"rendered":"<p>Elegantne l\u00e4bipaistev lilla k\u00fc\u00fcnlaklaas 280ml on ideaalne valik k\u00e4sit\u00f6\u00f6 k\u00fc\u00fcnalde valmistamiseks. Sobib kasutamiseks erinevate vahadega, nagu sojavaha, parafiin, rapsivaha, mesilasvaha ja palmivaha. Kuumuskindel klaasn\u00f5u tagab ohutu ja vastupidava k\u00fc\u00fcnla p\u00f5letamise, pakkudes samal ajal stiilset v\u00e4limust.<\/p>\n<p>L\u00e4bipaistev pruun k\u00fc\u00fcnlaklaas lisab teie k\u00fc\u00fcnaldele modernse ja elegantse aktsendi, olles suurep\u00e4rane valik nii kodukaunistuseks kui ka kingituseks. Klaasi h96 mm ja l\u00e4bim\u00f5\u00f5t 80 mm on t\u00e4iuslik suurus, et valmistada sojavahast k\u00fc\u00fcnal, mis p\u00f5leb puhtalt ja kauem, v\u00f5i parafiinist k\u00fc\u00fcnal, mis tagab pika p\u00f5lemisaja.<\/p>\n<p>Kasutage seda k\u00fc\u00fcnlaklaasi, et luua mesilasvahast v\u00f5i rapsivahast k\u00fc\u00fcnlaid, mis on keskkonnas\u00f5bralikud ja biolagunevad. Sobib ka palmivahast k\u00fc\u00fcnalde valmistamiseks, mille kristalne tekstuur annab k\u00fc\u00fcnaldele erilise ilme. Lilla klaas mahutab kuni 280ml vaha, mis v\u00f5imaldab lisada ka l\u00f5hna\u00f5lisid ja v\u00e4rvaineid unikaalsete l\u00f5hnak\u00fc\u00fcnalde loomiseks.<\/p>\n","protected":false},"excerpt":{"rendered":"<p>Elegantne l\u00e4bipaistev lilla k\u00fc\u00fcnlaklaas 280ml on ideaalne valik k\u00e4sit\u00f6\u00f6k\u00fc\u00fcnalde valmistamiseks. Sobib kasutamiseks erinevate vahadega, nagu sojavaha, parafiin, rapsivaha, mesilasvaha ja palmivaha. Kuumuskindel klaasn\u00f5u tagab ohutu ja vastupidava k\u00fc\u00fcnla p\u00f5letamise, pakkudes samal ajal stiilset v\u00e4limust.<\/p>\n","protected":false},"featured_media":2679,"template":"","meta":{"site-sidebar-layout":"default","site-content-layout":"","ast-site-content-layout":"default","site-content-style":"default","site-sidebar-style":"default","ast-global-header-display":"","ast-banner-title-visibility":"","ast-main-header-display":"","ast-hfb-above-header-display":"","ast-hfb-below-header-display":"","ast-hfb-mobile-header-display":"","site-post-title":"","ast-breadcrumbs-content":"","ast-featured-img":"","footer-sml-layout":"","ast-disable-related-posts":"","theme-transparent-header-meta":"default","adv-header-id-meta":"","stick-header-meta":"default","header-above-stick-meta":"","header-main-stick-meta":"","header-below-stick-meta":"","astra-migrate-meta-layouts":"set","ast-page-background-enabled":"default","ast-page-background-meta":{"desktop":{"background-color":"","background-image":"","background-repeat":"repeat","background-position":"center center","background-size":"auto","background-attachment":"scroll","background-type":"","background-media":"","overlay-type":"","overlay-color":"","overlay-opacity":"","overlay-gradient":""},"tablet":{"background-color":"","background-image":"","background-repeat":"repeat","background-position":"center center","background-size":"auto","background-attachment":"scroll","background-type":"","background-media":"","overlay-type":"","overlay-color":"","overlay-opacity":"","overlay-gradient":""},"mobile":{"background-color":"","background-image":"","background-repeat":"repeat","background-position":"center center","background-size":"auto","background-attachment":"scroll","background-type":"","background-media":"","overlay-type":"","overlay-color":"","overlay-opacity":"","overlay-gradient":""}},"ast-content-background-meta":{"desktop":{"background-color":"var(--ast-global-color-5)","background-image":"","background-repeat":"repeat","background-position":"center center","background-size":"auto","background-attachment":"scroll","background-type":"","background-media":"","overlay-type":"","overlay-color":"","overlay-opacity":"","overlay-gradient":""},"tablet":{"background-color":"var(--ast-global-color-5)","background-image":"","background-repeat":"repeat","background-position":"center center","background-size":"auto","background-attachment":"scroll","background-type":"","background-media":"","overlay-type":"","overlay-color":"","overlay-opacity":"","overlay-gradient":""},"mobile":{"background-color":"var(--ast-global-color-5)","background-image":"","background-repeat":"repeat","background-position":"center center","background-size":"auto","background-attachment":"scroll","background-type":"","background-media":"","overlay-type":"","overlay-color":"","overlay-opacity":"","overlay-gradient":""}}},"product_brand":[],"product_cat":[36,60],"product_tag":[],"class_list":{"0":"post-2384","1":"product","2":"type-product","3":"status-publish","4":"has-post-thumbnail","6":"product_cat-kuunalde-valmistamine","7":"product_cat-kuunlaklaasid-ja-kaaned","8":"desktop-align-left","9":"tablet-align-left","10":"mobile-align-left","11":"ast-product-gallery-layout-horizontal","12":"ast-product-gallery-with-no-image","13":"ast-product-tabs-layout-horizontal","15":"first","16":"instock","17":"taxable","18":"shipping-taxable","19":"purchasable","20":"product-type-simple"},"_links":{"self":[{"href":"https:\/\/nordicdiy.ee\/lv\/wp-json\/wp\/v2\/product\/2384","targetHints":{"allow":["GET"]}}],"collection":[{"href":"https:\/\/nordicdiy.ee\/lv\/wp-json\/wp\/v2\/product"}],"about":[{"href":"https:\/\/nordicdiy.ee\/lv\/wp-json\/wp\/v2\/types\/product"}],"wp:featuredmedia":[{"embeddable":true,"href":"https:\/\/nordicdiy.ee\/lv\/wp-json\/wp\/v2\/media\/2679"}],"wp:attachment":[{"href":"https:\/\/nordicdiy.ee\/lv\/wp-json\/wp\/v2\/media?parent=2384"}],"wp:term":[{"taxonomy":"product_brand","embeddable":true,"href":"https:\/\/nordicdiy.ee\/lv\/wp-json\/wp\/v2\/product_brand?post=2384"},{"taxonomy":"product_cat","embeddable":true,"href":"https:\/\/nordicdiy.ee\/lv\/wp-json\/wp\/v2\/product_cat?post=2384"},{"taxonomy":"product_tag","embeddable":true,"href":"https:\/\/nordicdiy.ee\/lv\/wp-json\/wp\/v2\/product_tag?post=2384"}],"curies":[{"name":"wp","href":"https:\/\/api.w.org\/{rel}","templated":true}]}}