{"id":24260,"date":"2025-11-13T13:41:34","date_gmt":"2025-11-13T10:41:34","guid":{"rendered":"https:\/\/nordicdiy.ee\/epood\/uncategorized\/w405-stabilizators\/"},"modified":"2025-11-13T15:18:50","modified_gmt":"2025-11-13T12:18:50","slug":"w405-stabilizators","status":"publish","type":"product","link":"https:\/\/nordicdiy.ee\/lv\/epood\/svecu-izgatavosana\/svecu-vaski\/w405-stabilizators\/","title":{"rendered":"W405 stabilizators"},"content":{"rendered":"<p>W405 stabilizators ir efekt\u012bva sausa granulveida piedeva, ko izmanto nagu vaska mais\u012bjumos, k\u0101 ar\u012b uz virsmakt\u012bvo vielu (virsmakt\u012bvo vielu) b\u0101zes izgatavotos person\u012bg\u0101s higi\u0113nas produktos, piem\u0113ram, \u0161\u0137idraj\u0101s ziep\u0113s, \u0161amp\u016bnos un du\u0161as \u017eelej\u0101s.<\/p>\n<p><strong>W405 pal\u012bdz izgatavot sveces:<\/strong><\/p>\n<p>- Stiprina vasku un samazina virsmas lip\u012bgumu<br \/>\n- Uzlabo opalescenci<br \/>\n- Samazina kr\u0101sas mai\u0146u un pil\u0113\u0161anu<br \/>\n- Gal\u012bgo rezult\u0101tu padara vizu\u0101li t\u012br\u0101ku un profesion\u0101l\u0101ku.<\/p>\n<p><strong>Kosm\u0113tik\u0101 - du\u0161as \u017eelej\u0101, \u0161amp\u016bn\u0101 un \u0161\u0137idraj\u0101s ziep\u0113s - pal\u012bdz W405 stabilizators:<\/strong><\/p>\n<p>- Palielin\u0101t viskozit\u0101ti, t. i., padar\u012bt l\u012bdzekli biez\u0101ku un \u017eelejveid\u012bg\u0101ku<br \/>\n- stabiliz\u0113t gal\u012bgo konsistenci, nov\u0113r\u0161ot sl\u0101\u0146o\u0161anos vai \u0161\u0137idruma p\u0101rpalikumu<br \/>\n- kompens\u0113t arom\u0101tisk\u0101s e\u013c\u013cas ietekmi, kas var padar\u012bt \u017eeleju pienainu vai \u0161\u0137idru<br \/>\n- rad\u012bt paz\u012bstamu \u017eelejas tekst\u016bru, ko pat\u0113r\u0113t\u0101ji sagaida no \u0161amp\u016bna vai \u0137erme\u0146a mazg\u0101\u0161anas l\u012bdzek\u013ca.<\/p>\n<p>W405 ir \u012bpa\u0161i ieteicams lietot, ja smar\u017e\u012bg\u0101s e\u013c\u013cas padara mazg\u0101\u0161anas l\u012bdzekli p\u0101r\u0101k \u0161\u0137idru vai du\u013c\u0137ainu.<\/p>\n<p>Ieteicam\u0101 lieto\u0161anas deva: 0,02%-0,1%. Lab\u0101kais s\u0101kuma l\u012bmenis ir 0,05%. Lai gan var pievienot vair\u0101k (piem\u0113ram, l\u012bdz 1 %), parasti tas nav ekonomiski pamatoti.<br \/>\nKu\u0161anas temperat\u016bra: 72-76 \u00b0C.  <\/p>\n<p>Forma un iepakojums: sausas granulas, pieejamas maisi\u0146os.<br \/>\nDro\u0161\u012bba: nav klasific\u0113ts k\u0101 b\u012bstama viela (nav ADR\/RID sarakst\u0101).<\/p>\n","protected":false},"excerpt":{"rendered":"<p>W405 stabilizators - daudzpus\u012bga piedeva vaska saciet\u0113\u0161anai un \u0161\u0137idro ziepju un du\u0161as \u017eeleju \u017eelejveida konsistences palielin\u0101\u0161anai. Uzlabo sve\u010du izskatu un samazina pilienu veido\u0161anos. Piem\u0113rots ar\u012b kosm\u0113tikas l\u012bdzek\u013cu uz virsmakt\u012bvo vielu b\u0101zes sabiezin\u0101\u0161anai.  <\/p>\n","protected":false},"featured_media":19231,"template":"","meta":{"site-sidebar-layout":"default","site-content-layout":"","ast-site-content-layout":"default","site-content-style":"default","site-sidebar-style":"default","ast-global-header-display":"","ast-banner-title-visibility":"","ast-main-header-display":"","ast-hfb-above-header-display":"","ast-hfb-below-header-display":"","ast-hfb-mobile-header-display":"","site-post-title":"","ast-breadcrumbs-content":"","ast-featured-img":"","footer-sml-layout":"","ast-disable-related-posts":"","theme-transparent-header-meta":"default","adv-header-id-meta":"","stick-header-meta":"default","header-above-stick-meta":"","header-main-stick-meta":"","header-below-stick-meta":"","astra-migrate-meta-layouts":"default","ast-page-background-enabled":"default","ast-page-background-meta":{"desktop":{"background-color":"","background-image":"","background-repeat":"repeat","background-position":"center center","background-size":"auto","background-attachment":"scroll","background-type":"","background-media":"","overlay-type":"","overlay-color":"","overlay-opacity":"","overlay-gradient":""},"tablet":{"background-color":"","background-image":"","background-repeat":"repeat","background-position":"center center","background-size":"auto","background-attachment":"scroll","background-type":"","background-media":"","overlay-type":"","overlay-color":"","overlay-opacity":"","overlay-gradient":""},"mobile":{"background-color":"","background-image":"","background-repeat":"repeat","background-position":"center center","background-size":"auto","background-attachment":"scroll","background-type":"","background-media":"","overlay-type":"","overlay-color":"","overlay-opacity":"","overlay-gradient":""}},"ast-content-background-meta":{"desktop":{"background-color":"var(--ast-global-color-5)","background-image":"","background-repeat":"repeat","background-position":"center center","background-size":"auto","background-attachment":"scroll","background-type":"","background-media":"","overlay-type":"","overlay-color":"","overlay-opacity":"","overlay-gradient":""},"tablet":{"background-color":"var(--ast-global-color-5)","background-image":"","background-repeat":"repeat","background-position":"center center","background-size":"auto","background-attachment":"scroll","background-type":"","background-media":"","overlay-type":"","overlay-color":"","overlay-opacity":"","overlay-gradient":""},"mobile":{"background-color":"var(--ast-global-color-5)","background-image":"","background-repeat":"repeat","background-position":"center center","background-size":"auto","background-attachment":"scroll","background-type":"","background-media":"","overlay-type":"","overlay-color":"","overlay-opacity":"","overlay-gradient":""}}},"product_brand":[],"product_cat":[150,151],"product_tag":[],"class_list":{"0":"post-24260","1":"product","2":"type-product","3":"status-publish","4":"has-post-thumbnail","6":"product_cat-svecu-izgatavosana","7":"product_cat-svecu-vaski","8":"desktop-align-left","9":"tablet-align-left","10":"mobile-align-left","11":"ast-product-gallery-layout-horizontal","12":"ast-product-gallery-with-no-image","13":"ast-product-single-variable","14":"ast-product-tabs-layout-horizontal","16":"first","17":"instock","18":"taxable","19":"shipping-taxable","20":"purchasable","21":"product-type-variable"},"_links":{"self":[{"href":"https:\/\/nordicdiy.ee\/lv\/wp-json\/wp\/v2\/product\/24260","targetHints":{"allow":["GET"]}}],"collection":[{"href":"https:\/\/nordicdiy.ee\/lv\/wp-json\/wp\/v2\/product"}],"about":[{"href":"https:\/\/nordicdiy.ee\/lv\/wp-json\/wp\/v2\/types\/product"}],"wp:featuredmedia":[{"embeddable":true,"href":"https:\/\/nordicdiy.ee\/lv\/wp-json\/wp\/v2\/media\/19231"}],"wp:attachment":[{"href":"https:\/\/nordicdiy.ee\/lv\/wp-json\/wp\/v2\/media?parent=24260"}],"wp:term":[{"taxonomy":"product_brand","embeddable":true,"href":"https:\/\/nordicdiy.ee\/lv\/wp-json\/wp\/v2\/product_brand?post=24260"},{"taxonomy":"product_cat","embeddable":true,"href":"https:\/\/nordicdiy.ee\/lv\/wp-json\/wp\/v2\/product_cat?post=24260"},{"taxonomy":"product_tag","embeddable":true,"href":"https:\/\/nordicdiy.ee\/lv\/wp-json\/wp\/v2\/product_tag?post=24260"}],"curies":[{"name":"wp","href":"https:\/\/api.w.org\/{rel}","templated":true}]}}