{"id":25329,"date":"2025-12-17T16:34:02","date_gmt":"2025-12-17T13:34:02","guid":{"rendered":"https:\/\/nordicdiy.ee\/epood\/uncategorized\/baltais-bisu-vasks\/"},"modified":"2026-01-30T00:07:09","modified_gmt":"2026-01-29T21:07:09","slug":"baltais-bisu-vasks","status":"publish","type":"product","link":"https:\/\/nordicdiy.ee\/lv\/epood\/svecu-izgatavosana\/svecu-vaski\/baltais-bisu-vasks\/","title":{"rendered":"Baltais bi\u0161u vasks"},"content":{"rendered":"<p data-start=\"412\" data-end=\"694\"><strong data-start=\"412\" data-end=\"449\">Baltais bi\u0161u vasks ir<\/strong> dabiski rafin\u0113ts bi\u0161u vasks, kam rakstur\u012bga \u013coti gai\u0161a kr\u0101sa un gandr\u012bz bez smar\u017eas. Pateicoties t\u0101 augstajai t\u012br\u012bbai un viendab\u012bgajai strukt\u016brai, tas ir v\u0113rt\u012bga izejviela, jo \u012bpa\u0161i profesion\u0101laj\u0101 kosm\u0113tikas un farm\u0101cijas r\u016bpniec\u012bb\u0101. <\/p>\n<p data-start=\"696\" data-end=\"954\">Baltajam bi\u0161u vaskam piem\u012bt <strong data-start=\"720\" data-end=\"773\">aizsarg\u0101jo\u0161as, stabiliz\u0113jo\u0161as un m\u012bkstino\u0161as \u012bpa\u0161\u012bbas, kas<\/strong> pal\u012bdz uzlabot produktu tekst\u016bru, notur\u012bbu un saj\u016btu uz \u0101das. Tas veido maigu aizsargsl\u0101ni uz \u0101das, vienlaikus saglab\u0101jot mitrumu un atbalstot \u0101das dabisko l\u012bdzsvaru. <\/p>\n<p data-start=\"956\" data-end=\"1189\">Pateicoties t\u0101 neitralit\u0101tei, tas ir ide\u0101li piem\u0113rots izstr\u0101d\u0101jumiem, kuriem nepiecie\u0161ams sp\u0113c\u012bgs arom\u0101ts vai tum\u0161\u0101ks tonis. T\u0101 ir ar\u012b ide\u0101la izv\u0113le <strong data-start=\"1103\" data-end=\"1138\">elegant\u0101m, nearomatiz\u0113t\u0101m svec\u0113m, nodro\u0161inot<\/strong> t\u012bru un vienm\u0113r\u012bgu deg\u0161anu. <\/p>\n<h4 data-start=\"1191\" data-end=\"1218\"><strong data-start=\"1196\" data-end=\"1218\">Lieto\u0161anas jomas:<\/strong><\/h4>\n<ul data-start=\"1219\" data-end=\"1611\">\n<li data-start=\"1219\" data-end=\"1300\">\n<p data-start=\"1221\" data-end=\"1300\"><strong data-start=\"1221\" data-end=\"1243\">Premium klases kosm\u0113tika -<\/strong> grezni kr\u0113mi, balzami, ziedes un l\u016bpu kr\u0101sas.<\/p>\n<\/li>\n<li data-start=\"1301\" data-end=\"1371\">\n<p data-start=\"1303\" data-end=\"1371\"><strong data-start=\"1303\" data-end=\"1323\">Farmaceitiskie l\u012bdzek\u013ci -<\/strong> dermatolo\u0123iskie prepar\u0101ti un ziedes \u0101rst\u0113\u0161anai<\/p>\n<\/li>\n<li data-start=\"1372\" data-end=\"1451\">\n<p data-start=\"1374\" data-end=\"1451\"><strong data-start=\"1374\" data-end=\"1399\">Sve\u010du izgatavo\u0161ana -<\/strong> t\u012bras liesmas, arom\u0101tiskas un est\u0113tiskas sveces<\/p>\n<\/li>\n<li data-start=\"1452\" data-end=\"1513\">\n<p data-start=\"1454\" data-end=\"1513\"><strong data-start=\"1454\" data-end=\"1474\">P\u0101rtikas r\u016bpniec\u012bba -<\/strong> dab\u012bgs aizsargp\u0101rkl\u0101jums un emulgators<\/p>\n<\/li>\n<li data-start=\"1514\" data-end=\"1611\">\n<p data-start=\"1516\" data-end=\"1611\"><strong data-start=\"1516\" data-end=\"1553\">Ekolo\u0123isk\u0101 dekorat\u012bv\u0101 kosm\u0113tika -<\/strong> dab\u012bgi pamatnes, l\u016bpu kr\u0101sas un acu \u0113nas<\/p>\n<\/li>\n<\/ul>\n","protected":false},"excerpt":{"rendered":"<p><strong data-start=\"162\" data-end=\"183\">Baltais bi\u0161u vasks ir<\/strong> dabiski att\u012br\u012bts, augstas t\u012br\u012bbas pak\u0101pes vasks ar gai\u0161u toni un neitr\u0101lu smar\u017eu. Pateicoties t\u0101 maigajai strukt\u016brai, tas ir ide\u0101li piem\u0113rots kosm\u0113tikas, farm\u0101cijas un sve\u010du ra\u017eo\u0161anai. <\/p>\n","protected":false},"featured_media":26579,"template":"","meta":{"site-sidebar-layout":"default","site-content-layout":"","ast-site-content-layout":"default","site-content-style":"default","site-sidebar-style":"default","ast-global-header-display":"","ast-banner-title-visibility":"","ast-main-header-display":"","ast-hfb-above-header-display":"","ast-hfb-below-header-display":"","ast-hfb-mobile-header-display":"","site-post-title":"","ast-breadcrumbs-content":"","ast-featured-img":"","footer-sml-layout":"","ast-disable-related-posts":"","theme-transparent-header-meta":"default","adv-header-id-meta":"","stick-header-meta":"default","header-above-stick-meta":"","header-main-stick-meta":"","header-below-stick-meta":"","astra-migrate-meta-layouts":"default","ast-page-background-enabled":"default","ast-page-background-meta":{"desktop":{"background-color":"","background-image":"","background-repeat":"repeat","background-position":"center center","background-size":"auto","background-attachment":"scroll","background-type":"","background-media":"","overlay-type":"","overlay-color":"","overlay-opacity":"","overlay-gradient":""},"tablet":{"background-color":"","background-image":"","background-repeat":"repeat","background-position":"center center","background-size":"auto","background-attachment":"scroll","background-type":"","background-media":"","overlay-type":"","overlay-color":"","overlay-opacity":"","overlay-gradient":""},"mobile":{"background-color":"","background-image":"","background-repeat":"repeat","background-position":"center center","background-size":"auto","background-attachment":"scroll","background-type":"","background-media":"","overlay-type":"","overlay-color":"","overlay-opacity":"","overlay-gradient":""}},"ast-content-background-meta":{"desktop":{"background-color":"var(--ast-global-color-5)","background-image":"","background-repeat":"repeat","background-position":"center center","background-size":"auto","background-attachment":"scroll","background-type":"","background-media":"","overlay-type":"","overlay-color":"","overlay-opacity":"","overlay-gradient":""},"tablet":{"background-color":"var(--ast-global-color-5)","background-image":"","background-repeat":"repeat","background-position":"center center","background-size":"auto","background-attachment":"scroll","background-type":"","background-media":"","overlay-type":"","overlay-color":"","overlay-opacity":"","overlay-gradient":""},"mobile":{"background-color":"var(--ast-global-color-5)","background-image":"","background-repeat":"repeat","background-position":"center center","background-size":"auto","background-attachment":"scroll","background-type":"","background-media":"","overlay-type":"","overlay-color":"","overlay-opacity":"","overlay-gradient":""}}},"product_brand":[],"product_cat":[150,151],"product_tag":[],"class_list":{"0":"post-25329","1":"product","2":"type-product","3":"status-publish","4":"has-post-thumbnail","6":"product_cat-svecu-izgatavosana","7":"product_cat-svecu-vaski","8":"desktop-align-left","9":"tablet-align-left","10":"mobile-align-left","11":"ast-product-gallery-layout-horizontal","12":"ast-product-gallery-with-no-image","13":"ast-product-single-variable","14":"ast-product-tabs-layout-horizontal","16":"first","17":"instock","18":"taxable","19":"shipping-taxable","20":"purchasable","21":"product-type-variable"},"_links":{"self":[{"href":"https:\/\/nordicdiy.ee\/lv\/wp-json\/wp\/v2\/product\/25329","targetHints":{"allow":["GET"]}}],"collection":[{"href":"https:\/\/nordicdiy.ee\/lv\/wp-json\/wp\/v2\/product"}],"about":[{"href":"https:\/\/nordicdiy.ee\/lv\/wp-json\/wp\/v2\/types\/product"}],"wp:featuredmedia":[{"embeddable":true,"href":"https:\/\/nordicdiy.ee\/lv\/wp-json\/wp\/v2\/media\/26579"}],"wp:attachment":[{"href":"https:\/\/nordicdiy.ee\/lv\/wp-json\/wp\/v2\/media?parent=25329"}],"wp:term":[{"taxonomy":"product_brand","embeddable":true,"href":"https:\/\/nordicdiy.ee\/lv\/wp-json\/wp\/v2\/product_brand?post=25329"},{"taxonomy":"product_cat","embeddable":true,"href":"https:\/\/nordicdiy.ee\/lv\/wp-json\/wp\/v2\/product_cat?post=25329"},{"taxonomy":"product_tag","embeddable":true,"href":"https:\/\/nordicdiy.ee\/lv\/wp-json\/wp\/v2\/product_tag?post=25329"}],"curies":[{"name":"wp","href":"https:\/\/api.w.org\/{rel}","templated":true}]}}