{"id":25581,"date":"2026-01-02T21:19:08","date_gmt":"2026-01-02T18:19:08","guid":{"rendered":"https:\/\/nordicdiy.ee\/epood\/uncategorized\/keragreen-konteiners-olivellas-vasks-olivellas-vasks-svecu-stiklam\/"},"modified":"2026-01-02T21:35:24","modified_gmt":"2026-01-02T18:35:24","slug":"keragreen-konteiners-olivellas-vasks-olivellas-vasks-svecu-stiklam","status":"publish","type":"product","link":"https:\/\/nordicdiy.ee\/lv\/epood\/svecu-izgatavosana\/svecu-vaski\/keragreen-konteiners-olivellas-vasks-olivellas-vasks-svecu-stiklam\/","title":{"rendered":"Keragreen konteiners Ol\u012bve\u013c\u013cas vasks ol\u012bve\u013c\u013cas vasks sve\u010du stiklam"},"content":{"rendered":"<p data-start=\"760\" data-end=\"1115\">KeraGreen Container Olive Wax ir augstas kvalit\u0101tes <strong data-start=\"813\" data-end=\"847\">augu sve\u010du vasks uz ol\u012bvu b\u0101zes<\/strong>, kas \u012bpa\u0161i <strong data-start=\"813\" data-end=\"847\">izstr\u0101d\u0101ts<\/strong> konteineru <strong data-start=\"880\" data-end=\"897\">sve\u010du<\/strong> ra\u017eo\u0161anai <strong data-start=\"880\" data-end=\"897\">.<\/strong> T\u0101 dabiskais un biolo\u0123iski no\u0101rd\u0101mais sast\u0101vs padara to par lielisku alternat\u012bvu paraf\u012bna vaskam un atbilst pieaugo\u0161ajam piepras\u012bjumam p\u0113c videi draudz\u012bgiem un ilgtsp\u0113j\u012bgiem sve\u010du materi\u0101liem. <\/p>\n<p data-start=\"1117\" data-end=\"1433\">Vasks nodro\u0161ina <strong data-start=\"1128\" data-end=\"1187\">lielisku sa\u0137eri ar stikla, keramikas un met\u0101la virsm\u0101m, samazinot<\/strong> plais\u0101\u0161anas un atdal\u012b\u0161an\u0101s risku. Pateicoties vienm\u0113r\u012bgai un t\u012brai deg\u0161anai un lieliskajai smar\u017eu saist\u012b\u0161anas sp\u0113jai, tas ir \u012bpa\u0161i piem\u0113rots <strong data-start=\"1330\" data-end=\"1347\">arom\u0101tisko sve\u010du<\/strong> ra\u017eo\u0161anai <strong data-start=\"1330\" data-end=\"1347\">- arom\u0101ts<\/strong> izdal\u0101s pak\u0101peniski un intens\u012bvi deg\u0161anas laik\u0101. <\/p>\n<p data-start=\"1435\" data-end=\"1818\">KeraGreen Container Olive Wax kr\u0113m\u012bg\u0101 tekst\u016bra un dabiskais gai\u0161ais tonis pie\u0161\u0137ir svec\u0113m <strong data-start=\"1525\" data-end=\"1569\">elegantu un profesion\u0101lu izskatu, kas<\/strong> ir ide\u0101li piem\u0113rots luksusa un dizaina sve\u010du kolekcij\u0101m. \u0160o vasku izv\u0113las <strong data-start=\"1679\" data-end=\"1697\">amatnieki,<\/strong> <strong data-start=\"1699\" data-end=\"1718\">mazie ra\u017eot\u0101ji un<\/strong> <strong data-start=\"1726\" data-end=\"1754\">augst\u0101k\u0101s kvalit\u0101tes sve\u010du z\u012bmoli, kas nov\u0113rt\u0113<\/strong> kvalit\u0101ti, dab\u012bgumu un vizu\u0101lo rezult\u0101tu. <\/p>\n<ul>\n<li>Ku\u0161anas temperat\u016bra aptuveni 54-62 \u00b0C - vasks k\u016bst vienm\u0113r\u012bgi un ieg\u016bst gludu, sp\u012bd\u012bgu virsmu.<\/li>\n<li>Ielejam\u0101 temperat\u016bra: aptuveni 60-65 \u00b0C - ide\u0101la temperat\u016bra vaska ielie\u0161anai trauk\u0101, lai ieg\u016btu labu sa\u0137eri un gludu virsmu.<\/li>\n<li>Sve\u010du \u017e\u0101v\u0113\u0161anas laiks: 48 stundas pirms pirm\u0101 deg\u0161anas testa.<\/li>\n<li>Smar\u017evielas saturs l\u012bdz 10 % smar\u017e\u012bgo e\u013c\u013cu (atkar\u012bb\u0101 no smar\u017e\u012bgo e\u013c\u013cu \u012bpa\u0161\u012bb\u0101m un piem\u0113rot\u012bbas). Augsts smar\u017e\u012bgo e\u013c\u013cu saturs pal\u012bdz pan\u0101kt intens\u012bvu arom\u0101tu gan pirms, gan p\u0113c sveces aizdeg\u0161anas. <\/li>\n<\/ul>\n<p>Kr\u0101svielu pievieno\u0161ana: var pievienot \u0161\u0137idras vai pulverveida kr\u0101sas, kars\u0113jot vasku ~70-75 \u00b0C temperat\u016br\u0101.<\/p>\n<p><strong>Sertifik\u0101ti un atbilst\u012bbas pras\u012bbas<\/strong><\/p>\n<p><strong>Bez \u0122MO<\/strong><br \/>\nProdukts nesatur \u0123en\u0113tiski modific\u0113tus organismus, nodro\u0161inot augstu t\u012br\u012bbu un stabilu kvalit\u0101ti vis\u0101 ra\u017eo\u0161anas proces\u0101.<\/p>\n<p><strong>Atbilst saskarei ar p\u0101rtiku<\/strong><br \/>\nAtbilst saskares ar p\u0101rtiku dro\u0161uma pras\u012bb\u0101m, kas apliecina materi\u0101la t\u012br\u012bbu un t\u0101 lieto\u0161anas nekait\u012bgumu kontrol\u0113tos apst\u0101k\u013cos.<\/p>\n<p><strong>100% veg\u0101ns<\/strong><br \/>\nNesatur dz\u012bvnieku izcelsmes sast\u0101vda\u013cas un piln\u012bb\u0101 atbilst veg\u0101nu standartiem.<\/p>\n<p><strong>REACH atbilst\u012bba<\/strong><br \/>\nAtbilst Eiropas Savien\u012bbas REACH regulai, nodro\u0161inot atbilst\u012bbu \u0137\u012bmisk\u0101s dro\u0161\u012bbas, vesel\u012bbas un vides aizsardz\u012bbas pras\u012bb\u0101m.<\/p>\n<p>&nbsp;<\/p>\n","protected":false},"excerpt":{"rendered":"<p>KeraGreen konteineru ol\u012bve\u013c\u0137is ir augstas kvalit\u0101tes augu ol\u012bvu vasks, kas \u012bpa\u0161i paredz\u0113ts konteineru sve\u010du ra\u017eo\u0161anai. \u0160is dab\u012bgais un videi draudz\u012bgais sve\u010du vasks nodro\u0161ina lielisku sa\u0137eri ar stiklu un keramiku, t\u012bru deg\u0161anu un lielisku smar\u017eas saglab\u0101\u0161anu. Ide\u0101li piem\u0113rots augst\u0101k\u0101s kvalit\u0101tes un amatniecisko sve\u010du ra\u017eo\u0161anai.  <\/p>\n","protected":false},"featured_media":25603,"template":"","meta":{"site-sidebar-layout":"default","site-content-layout":"","ast-site-content-layout":"default","site-content-style":"default","site-sidebar-style":"default","ast-global-header-display":"","ast-banner-title-visibility":"","ast-main-header-display":"","ast-hfb-above-header-display":"","ast-hfb-below-header-display":"","ast-hfb-mobile-header-display":"","site-post-title":"","ast-breadcrumbs-content":"","ast-featured-img":"","footer-sml-layout":"","ast-disable-related-posts":"","theme-transparent-header-meta":"default","adv-header-id-meta":"","stick-header-meta":"default","header-above-stick-meta":"","header-main-stick-meta":"","header-below-stick-meta":"","astra-migrate-meta-layouts":"default","ast-page-background-enabled":"default","ast-page-background-meta":{"desktop":{"background-color":"","background-image":"","background-repeat":"repeat","background-position":"center center","background-size":"auto","background-attachment":"scroll","background-type":"","background-media":"","overlay-type":"","overlay-color":"","overlay-opacity":"","overlay-gradient":""},"tablet":{"background-color":"","background-image":"","background-repeat":"repeat","background-position":"center center","background-size":"auto","background-attachment":"scroll","background-type":"","background-media":"","overlay-type":"","overlay-color":"","overlay-opacity":"","overlay-gradient":""},"mobile":{"background-color":"","background-image":"","background-repeat":"repeat","background-position":"center center","background-size":"auto","background-attachment":"scroll","background-type":"","background-media":"","overlay-type":"","overlay-color":"","overlay-opacity":"","overlay-gradient":""}},"ast-content-background-meta":{"desktop":{"background-color":"var(--ast-global-color-5)","background-image":"","background-repeat":"repeat","background-position":"center center","background-size":"auto","background-attachment":"scroll","background-type":"","background-media":"","overlay-type":"","overlay-color":"","overlay-opacity":"","overlay-gradient":""},"tablet":{"background-color":"var(--ast-global-color-5)","background-image":"","background-repeat":"repeat","background-position":"center center","background-size":"auto","background-attachment":"scroll","background-type":"","background-media":"","overlay-type":"","overlay-color":"","overlay-opacity":"","overlay-gradient":""},"mobile":{"background-color":"var(--ast-global-color-5)","background-image":"","background-repeat":"repeat","background-position":"center center","background-size":"auto","background-attachment":"scroll","background-type":"","background-media":"","overlay-type":"","overlay-color":"","overlay-opacity":"","overlay-gradient":""}}},"product_brand":[],"product_cat":[150,151],"product_tag":[],"class_list":{"0":"post-25581","1":"product","2":"type-product","3":"status-publish","4":"has-post-thumbnail","6":"product_cat-svecu-izgatavosana","7":"product_cat-svecu-vaski","8":"desktop-align-left","9":"tablet-align-left","10":"mobile-align-left","11":"ast-product-gallery-layout-horizontal","12":"ast-product-gallery-with-no-image","13":"ast-product-tabs-layout-horizontal","15":"first","16":"outofstock","17":"taxable","18":"shipping-taxable","19":"product-type-simple"},"_links":{"self":[{"href":"https:\/\/nordicdiy.ee\/lv\/wp-json\/wp\/v2\/product\/25581","targetHints":{"allow":["GET"]}}],"collection":[{"href":"https:\/\/nordicdiy.ee\/lv\/wp-json\/wp\/v2\/product"}],"about":[{"href":"https:\/\/nordicdiy.ee\/lv\/wp-json\/wp\/v2\/types\/product"}],"wp:featuredmedia":[{"embeddable":true,"href":"https:\/\/nordicdiy.ee\/lv\/wp-json\/wp\/v2\/media\/25603"}],"wp:attachment":[{"href":"https:\/\/nordicdiy.ee\/lv\/wp-json\/wp\/v2\/media?parent=25581"}],"wp:term":[{"taxonomy":"product_brand","embeddable":true,"href":"https:\/\/nordicdiy.ee\/lv\/wp-json\/wp\/v2\/product_brand?post=25581"},{"taxonomy":"product_cat","embeddable":true,"href":"https:\/\/nordicdiy.ee\/lv\/wp-json\/wp\/v2\/product_cat?post=25581"},{"taxonomy":"product_tag","embeddable":true,"href":"https:\/\/nordicdiy.ee\/lv\/wp-json\/wp\/v2\/product_tag?post=25581"}],"curies":[{"name":"wp","href":"https:\/\/api.w.org\/{rel}","templated":true}]}}