{"id":26810,"date":"2026-01-17T12:19:05","date_gmt":"2026-01-17T09:19:05","guid":{"rendered":"https:\/\/nordicdiy.ee\/epood\/uncategorized\/vanilas-aromatiska-ella\/"},"modified":"2026-01-17T15:20:33","modified_gmt":"2026-01-17T12:20:33","slug":"vanilas-aromatiska-ella","status":"publish","type":"product","link":"https:\/\/nordicdiy.ee\/lv\/epood\/aromatiskas-ellas\/difuzoram-piemerotas-aromatiskas-ellas\/vanilas-aromatiska-ella\/","title":{"rendered":"Vani\u013cas arom\u0101tisk\u0101 e\u013c\u013ca"},"content":{"rendered":"<p>ASPOL SCENTRA ir re\u0123istr\u0113jusi UFIGREEN dro\u0161\u012bbas datu lapas (SDS), kas ir sagatavotas da\u017e\u0101diem smar\u017e\u012bgo e\u013c\u013cu daudzumiem un var tikt izmantotas sojas vaska sve\u010du ra\u017eo\u0161an\u0101. \u0160\u012bs dro\u0161\u012bbas kartes un CLP uzl\u012bmes noz\u012bm\u0113, ka jums pa\u0161iem nav j\u0101gener\u0113 UFI kods un j\u0101zi\u0146o par to PCN vai j\u0101re\u0123istr\u0113jas ECHAS, jo r\u016bpn\u012bca jau ir re\u0123istr\u0113jusi produktu j\u016bsu viet\u0101. <\/p>\n<p><strong>Katrai smar\u017e\u012bgai e\u013c\u013cai ir noteikta UFIGREEN lieto\u0161anas robe\u017ea, kas nor\u0101da maksim\u0101lo dro\u0161o smar\u017e\u012bg\u0101s e\u013c\u013cas daudzumu vienai svecei. Produktiem ar UFI GREEN mar\u0137\u0113jumu nav nepiecie\u0161ams UFI kods, ja tie tiek izmantoti nor\u0101d\u012btaj\u0101 lieto\u0161anas daudzum\u0101. T\u0101p\u0113c nav nepiecie\u0161ams pievienot UFI kodu produkta eti\u0137etei.<br \/>\n<\/strong><\/p>\n<p><strong>Kas ir UFI FREE?<\/strong><\/p>\n<p>UFI FREE ir Aspol izstr\u0101d\u0101ts iek\u0161\u0113jais dro\u0161\u012bbas indikators, kas pal\u012bdz dro\u0161i ra\u017eot un p\u0101rdot sveces. Tas noz\u012bm\u0113, ka:<\/p>\n<ul>\n<li>UFI FREE nor\u0101da maksim\u0101lo dro\u0161o arom\u0101tisk\u0101s e\u013c\u013cas daudzumu, ko var pievienot svecei.<\/li>\n<li>\u0160o summu nosaka, pamatojoties uz vides un vesel\u012bbas datu b\u0101z\u0113m.<\/li>\n<li>UFI FREE numurs nor\u0101da, pie k\u0101das smakas koncentr\u0101cijas: UFI kods nav j\u0101re\u0123istr\u0113, un nav nepiecie\u0161ams iesniegt produktu Toksikolo\u0123ijas centram (PCN).<\/li>\n<\/ul>\n<p>\u0160aj\u0101 daudzum\u0101 <strong>svecei ir balta eti\u0137ete, kas noz\u012bm\u0113,<\/strong> ka gatavajam produktam nav nepiecie\u0161amas ESH br\u012bdin\u0101juma eti\u0137etes.<\/p>\n<p>Turkl\u0101t UFI FREE sniedz inform\u0101ciju par dro\u0161\u012bbas datu lapas (SDS) esam\u012bbu, kur\u0101 ir:<\/p>\n<ul>\n<li>Sojas vaska \u0161\u0137iltavas arom\u0101tisk\u0101s e\u013c\u013cas lieto\u0161anas simul\u0101cija 3 posmos<\/li>\n<li>klasifik\u0101cija, pamatojoties uz konkr\u0113t\u0101 smar\u017eu mais\u012bjuma sast\u0101vu.<\/li>\n<\/ul>\n<p>\ud83d\udc49 Kopsavilkums: UFI FREE pal\u012bdz izv\u0113l\u0113ties pareizo un dro\u0161o arom\u0101ta daudzumu, lai sve\u010du p\u0101rdo\u0161ana b\u016btu viegl\u0101ka, likum\u012bg\u0101ka un bez raiz\u0113m.<\/p>\n<p><strong>Lieto\u0161ana svec\u0113s -<\/strong> sojas vaska svec\u0113m, vaska tort\u0113m ieteicamais arom\u0101tisk\u0101s e\u013c\u013cas daudzums ir 6-12%, paraf\u012bna svec\u0113m - 3-6%. Prec\u012bzus daudzumus un SDS diagrammas skat\u012bt turpm\u0101k.   <strong>Nesajauciet da\u017e\u0101das arom\u0101tisk\u0101s e\u013c\u013cas!<\/strong><\/p>\n<p>Lejupiel\u0101d\u0113jot bezmaksas UFIGREEN dro\u0161\u012bbas datu lapu (SDS) un CLP uzl\u012bmi sojas vaska svec\u0113m, es apliecinu, ka esmu izgatavojis savu produktu saska\u0146\u0101 ar UFICONTROL pras\u012bb\u0101m un ka esmu ieg\u0101d\u0101jies SDS kart\u0113 nor\u0101d\u012bt\u0101s sast\u0101vda\u013cas no Nordic DIY.<\/p>\n<ul>\n<li><strong>CLP uzl\u012bmi var lejupiel\u0101d\u0113t \u0161eit - <a href=\"https:\/\/aspol.info\/wp-content\/uploads\/etykiety\/ufi-green.html\" target=\"_blank\" rel=\"noopener\">CLP uzl\u012bmes \u0123enerators<\/a><\/strong><\/li>\n<li><strong><a href=\"https:\/\/goldelseou.sharepoint.com\/:f:\/s\/Nordicdiy.ee\/IgC3ve583VlPRq4FseFnEvwsARayOpF5AXtA-geCD5ybpXg?e=mclcy0\" target=\"_blank\" rel=\"noopener\">Dro\u0161\u012bbas datu lapas (SDS), IFRA, alerg\u0113nu tabulu un gatavu sve\u010du dro\u0161\u012bbas datu lapas (SDS) var atrast \u0161eit.<\/a><\/strong><\/li>\n<\/ul>\n<p><span dir=\"auto\">Dro\u0161\u012bbas datu lapa (SDS) nemain\u0101s, ja j\u016bs izgatavojat sveces ar ACL <a href=\"https:\/\/nordicdiy.ee\/lv\/product-category\/svecu-izgatavosana\/svecu-krasas\/\" target=\"_blank\" rel=\"noopener\">UFIGREEN \u0161\u0137idraj\u0101m kr\u0101sviel\u0101m.<\/a> ACL nagu kr\u0101sas ir dro\u0161as, t\u0101s nav klasific\u0113tas k\u0101 b\u012bstamas un t\u0101m nav nepiecie\u0161ams PCN sertifik\u0101ts.<\/span><\/p>\n<p>Maksim\u0101los daudzumus, kas at\u013cauti m\u0101jok\u013ca smar\u017evielu, smar\u017e\u012bgo aerosolu, ziepju (cieto un \u0161\u0137idro) un citu produktu ra\u017eo\u0161anai, var lejupiel\u0101d\u0113t no IFRA tabulas.<\/p>\n<p><strong data-start=\"1310\" data-end=\"1326\">Uzglab\u0101\u0161ana:<\/strong> ieteicamais der\u012bguma termi\u0146\u0161 ir <strong data-start=\"1353\" data-end=\"1364\">1 gads,<\/strong> bet, ja produkts tiek pareizi uzglab\u0101ts (prom no saules gaismas, saus\u0101 un v\u0113s\u0101 viet\u0101), tas b\u016bs der\u012bgs vair\u0101kus gadus.<\/p>\n<p>BR\u012aDIN\u0100JUMS!<br \/>\n<img decoding=\"async\" class=\"\" src=\"https:\/\/nordicdiy.ee\/wp-content\/uploads\/2025\/01\/terviseoht.jpg\" width=\"70\" height=\"70\"><\/p>\n","protected":false},"excerpt":{"rendered":"<p><strong data-start=\"0\" data-end=\"44\">Atkl\u0101jiet arom\u0101tisko e\u013c\u013cu UFIGREEN ar l\u012bdz pat 18% atlaidi! Ufi kods bez maksas ar l\u012bdz pat 6% atlaidi.   <\/strong><strong data-start=\"0\" data-end=\"44\">ASPOL SCENTRA UFIGREEN sertific\u0113t\u0101s arom\u0101tisk\u0101s e\u013c\u013cas ir<\/strong> dro\u0161a un kvalitat\u012bva izv\u0113le arom\u0101tiskaj\u0101m svec\u0113m, m\u0101jas arom\u0101tiem, smar\u017e\u012bgajiem aerosoliem, smar\u017e\u012bgajiem vaskiem un ziep\u0113m. <strong data-start=\"174\" data-end=\"210\">Pirms<\/strong> lieto\u0161anas p\u0101rbaudiet <strong data-start=\"174\" data-end=\"210\">dro\u0161as lieto\u0161anas ierobe\u017eojumus<\/strong>.<strong><br \/>\n<\/strong><br \/>\nLai vienk\u0101r\u0161otu ra\u017eo\u0161anu, j\u016bs varat <strong data-start=\"242\" data-end=\"265\">BEZMAKSAS lejupiel\u0101d\u0113t<\/strong> sojas vaska sve\u010du SDS un CLP uzl\u012bmes dizainu, un, iev\u0113rojot smar\u017e\u012bgo e\u013c\u013cu ra\u017eot\u0101ja ieteiktos lieto\u0161anas diapazonus, <strong>jums nav pa\u0161iem j\u0101\u0123ener\u0113 un j\u0101zi\u0146o UFI kods PCN vai atsevi\u0161\u0137i j\u0101re\u0123istr\u0113jas ECHAS.<br \/>\n<\/strong>S\u012bk\u0101ku inform\u0101ciju par smar\u017e\u012bgo e\u013c\u013cu lieto\u0161anu skatiet produkta aprakst\u0101.<\/p>\n<p><strong>Smar\u017eas notis<\/strong><br \/>\nAug\u0161\u0113j\u0101s notis: silti cepumi un sviests<br \/>\nSirds notis: latte, kokosrieksts<br \/>\nPamatnotis: vani\u013ca, gvajaka koks.<\/p>\n","protected":false},"featured_media":26845,"template":"","meta":{"site-sidebar-layout":"default","site-content-layout":"","ast-site-content-layout":"default","site-content-style":"default","site-sidebar-style":"default","ast-global-header-display":"","ast-banner-title-visibility":"","ast-main-header-display":"","ast-hfb-above-header-display":"","ast-hfb-below-header-display":"","ast-hfb-mobile-header-display":"","site-post-title":"","ast-breadcrumbs-content":"","ast-featured-img":"","footer-sml-layout":"","ast-disable-related-posts":"","theme-transparent-header-meta":"default","adv-header-id-meta":"","stick-header-meta":"default","header-above-stick-meta":"","header-main-stick-meta":"","header-below-stick-meta":"","astra-migrate-meta-layouts":"default","ast-page-background-enabled":"default","ast-page-background-meta":{"desktop":{"background-color":"","background-image":"","background-repeat":"repeat","background-position":"center center","background-size":"auto","background-attachment":"scroll","background-type":"","background-media":"","overlay-type":"","overlay-color":"","overlay-opacity":"","overlay-gradient":""},"tablet":{"background-color":"","background-image":"","background-repeat":"repeat","background-position":"center center","background-size":"auto","background-attachment":"scroll","background-type":"","background-media":"","overlay-type":"","overlay-color":"","overlay-opacity":"","overlay-gradient":""},"mobile":{"background-color":"","background-image":"","background-repeat":"repeat","background-position":"center center","background-size":"auto","background-attachment":"scroll","background-type":"","background-media":"","overlay-type":"","overlay-color":"","overlay-opacity":"","overlay-gradient":""}},"ast-content-background-meta":{"desktop":{"background-color":"var(--ast-global-color-5)","background-image":"","background-repeat":"repeat","background-position":"center center","background-size":"auto","background-attachment":"scroll","background-type":"","background-media":"","overlay-type":"","overlay-color":"","overlay-opacity":"","overlay-gradient":""},"tablet":{"background-color":"var(--ast-global-color-5)","background-image":"","background-repeat":"repeat","background-position":"center center","background-size":"auto","background-attachment":"scroll","background-type":"","background-media":"","overlay-type":"","overlay-color":"","overlay-opacity":"","overlay-gradient":""},"mobile":{"background-color":"var(--ast-global-color-5)","background-image":"","background-repeat":"repeat","background-position":"center center","background-size":"auto","background-attachment":"scroll","background-type":"","background-media":"","overlay-type":"","overlay-color":"","overlay-opacity":"","overlay-gradient":""}}},"product_brand":[],"product_cat":[131,269,150,175,173],"product_tag":[],"class_list":{"0":"post-26810","1":"product","2":"type-product","3":"status-publish","4":"has-post-thumbnail","6":"product_cat-aromatiskas-ellas","7":"product_cat-difuzoram-piemerotas-aromatiskas-ellas","8":"product_cat-svecu-izgatavosana","9":"product_cat-svecu-smarzas","10":"product_cat-ufi-green","11":"desktop-align-left","12":"tablet-align-left","13":"mobile-align-left","14":"ast-product-gallery-layout-horizontal","15":"ast-product-gallery-with-no-image","16":"ast-product-single-variable","17":"ast-product-tabs-layout-horizontal","19":"first","20":"instock","21":"taxable","22":"shipping-taxable","23":"purchasable","24":"product-type-variable"},"_links":{"self":[{"href":"https:\/\/nordicdiy.ee\/lv\/wp-json\/wp\/v2\/product\/26810","targetHints":{"allow":["GET"]}}],"collection":[{"href":"https:\/\/nordicdiy.ee\/lv\/wp-json\/wp\/v2\/product"}],"about":[{"href":"https:\/\/nordicdiy.ee\/lv\/wp-json\/wp\/v2\/types\/product"}],"wp:featuredmedia":[{"embeddable":true,"href":"https:\/\/nordicdiy.ee\/lv\/wp-json\/wp\/v2\/media\/26845"}],"wp:attachment":[{"href":"https:\/\/nordicdiy.ee\/lv\/wp-json\/wp\/v2\/media?parent=26810"}],"wp:term":[{"taxonomy":"product_brand","embeddable":true,"href":"https:\/\/nordicdiy.ee\/lv\/wp-json\/wp\/v2\/product_brand?post=26810"},{"taxonomy":"product_cat","embeddable":true,"href":"https:\/\/nordicdiy.ee\/lv\/wp-json\/wp\/v2\/product_cat?post=26810"},{"taxonomy":"product_tag","embeddable":true,"href":"https:\/\/nordicdiy.ee\/lv\/wp-json\/wp\/v2\/product_tag?post=26810"}],"curies":[{"name":"wp","href":"https:\/\/api.w.org\/{rel}","templated":true}]}}