{"id":27156,"date":"2026-01-19T14:19:03","date_gmt":"2026-01-19T11:19:03","guid":{"rendered":"https:\/\/nordicdiy.ee\/epood\/uncategorized\/elektriska-karstas-limes-pistole-nujinas-diametrs-d112-mm\/"},"modified":"2026-01-27T15:05:02","modified_gmt":"2026-01-27T12:05:02","slug":"elektriska-karstas-limes-pistole-nujinas-diametrs-d112-mm","status":"publish","type":"product","link":"https:\/\/nordicdiy.ee\/lv\/epood\/svecu-izgatavosana\/svecu-daktis-un-pamatnes\/elektriska-karstas-limes-pistole-nujinas-diametrs-d112-mm\/","title":{"rendered":"Elektrisk\u0101 karst\u0101s l\u012bmes pistole, n\u016bji\u0146as diametrs d11,2 mm"},"content":{"rendered":"<p data-start=\"424\" data-end=\"757\">Elektriskais karst\u0101s l\u012bmes pistole ir praktisks un viegli lietojams r\u012bks rokdarbiem, DIY projektiem, k\u0101 ar\u012b nelieliem remontdarbiem. Ar 40 W jaudu un 130 \u00b0C darba temperat\u016bru t\u0101 ir ide\u0101li piem\u0113rota pap\u012bra, kartona, tekstilizstr\u0101d\u0101jumu, koka, plastmasas, keramikas un daudzu citu materi\u0101lu l\u012bm\u0113\u0161anai. <\/p>\n<p data-start=\"759\" data-end=\"1004\">Tas \u0101tri uzsilst un ir gatavs lieto\u0161anai tikai 3-5 min\u016b\u0161u laik\u0101. 11,2 mm diametra l\u012bmes n\u016bji\u0146as nodro\u0161ina prec\u012bzu l\u012bmes uzkl\u0101\u0161anu. Ide\u0101li <strong data-start=\"1050\" data-end=\"1092\">piem\u0113rotas sve\u010du dakt\u012b\u0161u piestiprin\u0101\u0161anai pie sve\u010du stikla,<\/strong> pal\u012bdzot nodro\u0161in\u0101t, ka dakts ir stabil\u0101 un pareiz\u0101 poz\u012bcij\u0101 pirms vaska ielie\u0161anas.  <\/p>\n<p data-start=\"1221\" data-end=\"1380\">Komplekt\u0101 ir divas l\u012bmes n\u016bji\u0146as, lai j\u016bs var\u0113tu uzreiz s\u0101kt darbu. Pateicoties kompaktajam izm\u0113ram un nelielajam svaram, l\u012bmes pistoli ir \u0113rti lietot ilgu laiku. <\/p>\n","protected":false},"excerpt":{"rendered":"<p>Kompakta elektrisk\u0101 karst\u0101s l\u012bmes pistole ar 40 W jaudu. 11,2 mm l\u012bmes n\u016bji\u0146as, darba temperat\u016bra 130 \u00b0C, \u0101tri uzkarst 3-5 min\u016bt\u0113s. Piem\u0113rots dakt\u012b\u0161u piestiprin\u0101\u0161anai pie sve\u010du stikla. Komplekt\u0101 ir 2 l\u012bmes n\u016bji\u0146as.   <\/p>\n","protected":false},"featured_media":27180,"template":"","meta":{"site-sidebar-layout":"default","site-content-layout":"","ast-site-content-layout":"default","site-content-style":"default","site-sidebar-style":"default","ast-global-header-display":"","ast-banner-title-visibility":"","ast-main-header-display":"","ast-hfb-above-header-display":"","ast-hfb-below-header-display":"","ast-hfb-mobile-header-display":"","site-post-title":"","ast-breadcrumbs-content":"","ast-featured-img":"","footer-sml-layout":"","ast-disable-related-posts":"","theme-transparent-header-meta":"default","adv-header-id-meta":"","stick-header-meta":"default","header-above-stick-meta":"","header-main-stick-meta":"","header-below-stick-meta":"","astra-migrate-meta-layouts":"default","ast-page-background-enabled":"default","ast-page-background-meta":{"desktop":{"background-color":"","background-image":"","background-repeat":"repeat","background-position":"center center","background-size":"auto","background-attachment":"scroll","background-type":"","background-media":"","overlay-type":"","overlay-color":"","overlay-opacity":"","overlay-gradient":""},"tablet":{"background-color":"","background-image":"","background-repeat":"repeat","background-position":"center center","background-size":"auto","background-attachment":"scroll","background-type":"","background-media":"","overlay-type":"","overlay-color":"","overlay-opacity":"","overlay-gradient":""},"mobile":{"background-color":"","background-image":"","background-repeat":"repeat","background-position":"center center","background-size":"auto","background-attachment":"scroll","background-type":"","background-media":"","overlay-type":"","overlay-color":"","overlay-opacity":"","overlay-gradient":""}},"ast-content-background-meta":{"desktop":{"background-color":"var(--ast-global-color-5)","background-image":"","background-repeat":"repeat","background-position":"center center","background-size":"auto","background-attachment":"scroll","background-type":"","background-media":"","overlay-type":"","overlay-color":"","overlay-opacity":"","overlay-gradient":""},"tablet":{"background-color":"var(--ast-global-color-5)","background-image":"","background-repeat":"repeat","background-position":"center center","background-size":"auto","background-attachment":"scroll","background-type":"","background-media":"","overlay-type":"","overlay-color":"","overlay-opacity":"","overlay-gradient":""},"mobile":{"background-color":"var(--ast-global-color-5)","background-image":"","background-repeat":"repeat","background-position":"center center","background-size":"auto","background-attachment":"scroll","background-type":"","background-media":"","overlay-type":"","overlay-color":"","overlay-opacity":"","overlay-gradient":""}}},"product_brand":[],"product_cat":[199,150],"product_tag":[],"class_list":{"0":"post-27156","1":"product","2":"type-product","3":"status-publish","4":"has-post-thumbnail","6":"product_cat-svecu-daktis-un-pamatnes","7":"product_cat-svecu-izgatavosana","8":"desktop-align-left","9":"tablet-align-left","10":"mobile-align-left","11":"ast-product-gallery-layout-horizontal","12":"ast-product-gallery-with-no-image","13":"ast-product-tabs-layout-horizontal","15":"first","16":"instock","17":"taxable","18":"shipping-taxable","19":"purchasable","20":"product-type-simple"},"_links":{"self":[{"href":"https:\/\/nordicdiy.ee\/lv\/wp-json\/wp\/v2\/product\/27156","targetHints":{"allow":["GET"]}}],"collection":[{"href":"https:\/\/nordicdiy.ee\/lv\/wp-json\/wp\/v2\/product"}],"about":[{"href":"https:\/\/nordicdiy.ee\/lv\/wp-json\/wp\/v2\/types\/product"}],"wp:featuredmedia":[{"embeddable":true,"href":"https:\/\/nordicdiy.ee\/lv\/wp-json\/wp\/v2\/media\/27180"}],"wp:attachment":[{"href":"https:\/\/nordicdiy.ee\/lv\/wp-json\/wp\/v2\/media?parent=27156"}],"wp:term":[{"taxonomy":"product_brand","embeddable":true,"href":"https:\/\/nordicdiy.ee\/lv\/wp-json\/wp\/v2\/product_brand?post=27156"},{"taxonomy":"product_cat","embeddable":true,"href":"https:\/\/nordicdiy.ee\/lv\/wp-json\/wp\/v2\/product_cat?post=27156"},{"taxonomy":"product_tag","embeddable":true,"href":"https:\/\/nordicdiy.ee\/lv\/wp-json\/wp\/v2\/product_tag?post=27156"}],"curies":[{"name":"wp","href":"https:\/\/api.w.org\/{rel}","templated":true}]}}