{"id":27970,"date":"2026-02-05T10:00:41","date_gmt":"2026-02-05T07:00:41","guid":{"rendered":"https:\/\/nordicdiy.ee\/epood\/uncategorized\/juras-alges-sls-free-maxi-aloe-vera-clear-1kg\/"},"modified":"2026-02-26T17:21:41","modified_gmt":"2026-02-26T14:21:41","slug":"juras-alges-sls-free-maxi-aloe-vera-clear-1kg","status":"publish","type":"product","link":"https:\/\/nordicdiy.ee\/lv\/epood\/ziepju-izgatavosana\/ziepju-masas\/juras-alges-sls-free-maxi-aloe-vera-clear-1kg\/","title":{"rendered":"Ziepju b\u0101ze SLS Free MAXI Aloe Vera CLEAR 1kg"},"content":{"rendered":"<p><strong>Zeni SLS Free MAXI Aloe Vera Clear ir<\/strong> caursp\u012bd\u012bga ziepju b\u0101ze uz glicer\u012bna b\u0101zes ar dabisku alvejas sulu. Alveja pal\u012bdz rad\u012bt maigas un \u0101dai draudz\u012bgas ar rok\u0101m gatavotas ziepes, kas nodro\u0161ina pat\u012bkamu pieredzi ikdienas kop\u0161an\u0101. <\/p>\n<p>Ziep\u0113m ir \u013coti laba caursp\u012bd\u012bba un bag\u0101t\u012bga putu veido\u0161an\u0101s.<\/p>\n<p>Ziepju pasta saciet\u0113 sal\u012bdzino\u0161i l\u0113ni, \u013caujot izgatavot detaliz\u0113ta dizaina ziepes un daudzsl\u0101\u0146u kompoz\u012bcijas. \u013boti sp\u0113c\u012bga sl\u0101\u0146u sa\u0137ere (uzsmidzinot spirtu) pal\u012bdz sasniegt profesion\u0101lu rezult\u0101tu. Ziepju pastas sast\u0101v\u0101 nav dz\u012bvnieku izcelsmes sast\u0101vda\u013cu, un t\u0101 nav test\u0113ta uz dz\u012bvniekiem.  <\/p>\n<p><strong>Sast\u0101vs bez SLS<\/strong> noz\u012bm\u0113, ka formula nesatur sp\u0113c\u012bgo mazg\u0101\u0161anas l\u012bdzekli n\u0101trija laurilsulf\u0101tu, t\u0101p\u0113c ziepes ir saudz\u012bg\u0101kas pret \u0101du, vienlaikus saglab\u0101jot labu att\u012bro\u0161o iedarb\u012bbu.<\/p>\n<p><strong>Galven\u0101s iez\u012bmes<\/strong><\/p>\n<ul>\n<li>Satur dabisku alvejas sulu<\/li>\n<li>\u013boti laba p\u0101rredzam\u012bba<\/li>\n<li>Zema mitruma veido\u0161an\u0101s - maz\u0101k mitruma uz ziepju virsmas.<\/li>\n<li>Bag\u0101t\u012bga putu veido\u0161an\u0101s<\/li>\n<li>Maiga saj\u016bta uz \u0101das<\/li>\n<li>\u013boti sp\u0113c\u012bga sl\u0101\u0146u sa\u0137ere<\/li>\n<li>Nesatur SLS (jut\u012bgai \u0101dai)<\/li>\n<li>Nav dz\u012bvnieku izcelsmes sast\u0101vda\u013cu<\/li>\n<li>Nav test\u0113ts uz dz\u012bvniekiem<\/li>\n<\/ul>\n<p><strong>Sast\u0101vda\u013cas<\/strong><\/p>\n<p>\u016adens, glicer\u012bns, n\u0101trija stear\u0101ts, propil\u0113nglikols, n\u0101trija laur\u0101ts, n\u0101trija lauretsulf\u0101ts, sorb\u012bts, alvejas lapu sula, n\u0101trija hlor\u012bds, n\u0101trija hlor\u012bds, din\u0101trija laur\u012bt sulfosukcin\u0101ts, tetran\u0101trija EDTA.<\/p>\n<p><strong>K\u0101 pagatavot ziepes?<\/strong><\/p>\n<p>Ziepes ir viegli pagatavot no gatavas ziepju mais\u012bjuma masas:<\/p>\n<ol>\n<li>Ga\u013cu sagrie\u017e kubi\u0146os (1-3 cm).<\/li>\n<li>Izkaus\u0113jiet kubi\u0146us karst\u0101 \u016bdens peld\u0113 65-70\u00b0C temperat\u016br\u0101 vai mikrovi\u013c\u0146u kr\u0101sn\u012b (aptuveni 400-500 W).<\/li>\n<\/ol>\n<ul>\n<li>Ne\u013caujiet temperat\u016brai p\u0101rsniegt 75\u00b0C.<\/li>\n<li>Izvairieties no v\u0101r\u012b\u0161anas.<\/li>\n<\/ul>\n<p>3. Pievienojiet arom\u0101tus un kr\u0101sas.<\/p>\n<ul>\n<li>Ieteicamais arom\u0101tisk\u0101s e\u013c\u013cas vai \u0113terisko e\u013c\u013cu daudzums: 10-20 g\/kg.<\/li>\n<li>Maksim\u0101lo at\u013cauto arom\u0101tisko e\u013c\u013cu daudzumu var atrast attiec\u012bgaj\u0101 <strong data-start=\"1559\" data-end=\"1578\">IFRA arom\u0101tisko e\u013c\u013cu kategorij\u0101<\/strong> - vienm\u0113r iev\u0113rojiet IFRA noteiktos ierobe\u017eojumus.<\/li>\n<li>Pievienojiet kr\u0101svielu pilienu pa pilienam, l\u012bdz tiek sasniegts v\u0113lamais rezult\u0101ts.<\/li>\n<li>P\u0113c v\u0113l\u0113\u0161an\u0101s \u0101das kop\u0161anas l\u012bdzek\u013ciem var pievienot ar\u012b \u0161\u012b sviestu, kakao sviestu, mande\u013cu e\u013c\u013cu, kokosriekstu e\u013c\u013cu vai ol\u012bve\u013c\u013cu. Parasti ieteicams ne vair\u0101k k\u0101 ~ 15 g\/kg, lai ziepes nek\u013c\u016btu p\u0101r\u0101k m\u012bkstas. Sajauciet visas piedevas ziepju mais\u012bjum\u0101 un p\u0101rliecinieties, ka visas piedevas ir labi sajauktas ziepju mais\u012bjum\u0101.  <\/li>\n<\/ul>\n<p>4. Ielejiet veidn\u0113 un atst\u0101jiet, lai sastingst (apm\u0113ram 20-40 min).<\/p>\n<p>Vid\u0113ji no 1 kg ziepju pastas var pagatavot aptuveni 10 vid\u0113ja lieluma ziepes. M\u0113s iesak\u0101m iepakot gatav\u0101s ziepes pl\u0113v\u0113 p\u0113c iz\u0146em\u0161anas no veidnes, lai izvair\u012btos no mitruma iztvaiko\u0161anas. <\/p>\n","protected":false},"excerpt":{"rendered":"<p>Zeni SLS Free MAXI Aloe Vera Clear ir augstas t\u012br\u012bbas pak\u0101pes ziepju b\u0101ze, kas satur dabisku alvejas sulu. \u0160\u012bs SLS nesaturo\u0161\u0101s ziepes ir bag\u0101t\u012bgi putojo\u0161as, maigas pret \u0101du un ide\u0101li piem\u0113rotas detaliz\u0113t\u0101m un profesion\u0101l\u0101m ar rok\u0101m gatavot\u0101m ziep\u0113m. <\/p>\n<p>Ziepju pastu var izkaus\u0113t karst\u0101 \u016bdens vann\u0101 vai mikrovi\u013c\u0146u kr\u0101sn\u012b (aptuveni 400-500 W), tad var pievienot arom\u0101tisko e\u013c\u013cu, kr\u0101svielas un citas piedevas. Form\u0101 ziepes saciet\u0113 aptuveni 20-40 min\u016bt\u0113s, un t\u0101s ir gatavas lieto\u0161anai. <a href=\"https:\/\/goldelseou.sharepoint.com\/:f:\/s\/Nordicdiy.ee\/IgCHtukjjICZS6qCp792p3QJASaskUAJQB88aFdo-MwWoSg?e=ERQvw3\" target=\"_blank\" rel=\"noopener\">Spiediet \u0161eit, lai apskat\u012btu dro\u0161\u012bbas datu lapu.<\/a>  <\/p>\n","protected":false},"featured_media":28017,"template":"","meta":{"site-sidebar-layout":"default","site-content-layout":"","ast-site-content-layout":"default","site-content-style":"default","site-sidebar-style":"default","ast-global-header-display":"","ast-banner-title-visibility":"","ast-main-header-display":"","ast-hfb-above-header-display":"","ast-hfb-below-header-display":"","ast-hfb-mobile-header-display":"","site-post-title":"","ast-breadcrumbs-content":"","ast-featured-img":"","footer-sml-layout":"","ast-disable-related-posts":"","theme-transparent-header-meta":"default","adv-header-id-meta":"","stick-header-meta":"default","header-above-stick-meta":"","header-main-stick-meta":"","header-below-stick-meta":"","astra-migrate-meta-layouts":"default","ast-page-background-enabled":"default","ast-page-background-meta":{"desktop":{"background-color":"","background-image":"","background-repeat":"repeat","background-position":"center center","background-size":"auto","background-attachment":"scroll","background-type":"","background-media":"","overlay-type":"","overlay-color":"","overlay-opacity":"","overlay-gradient":""},"tablet":{"background-color":"","background-image":"","background-repeat":"repeat","background-position":"center center","background-size":"auto","background-attachment":"scroll","background-type":"","background-media":"","overlay-type":"","overlay-color":"","overlay-opacity":"","overlay-gradient":""},"mobile":{"background-color":"","background-image":"","background-repeat":"repeat","background-position":"center center","background-size":"auto","background-attachment":"scroll","background-type":"","background-media":"","overlay-type":"","overlay-color":"","overlay-opacity":"","overlay-gradient":""}},"ast-content-background-meta":{"desktop":{"background-color":"var(--ast-global-color-5)","background-image":"","background-repeat":"repeat","background-position":"center center","background-size":"auto","background-attachment":"scroll","background-type":"","background-media":"","overlay-type":"","overlay-color":"","overlay-opacity":"","overlay-gradient":""},"tablet":{"background-color":"var(--ast-global-color-5)","background-image":"","background-repeat":"repeat","background-position":"center center","background-size":"auto","background-attachment":"scroll","background-type":"","background-media":"","overlay-type":"","overlay-color":"","overlay-opacity":"","overlay-gradient":""},"mobile":{"background-color":"var(--ast-global-color-5)","background-image":"","background-repeat":"repeat","background-position":"center center","background-size":"auto","background-attachment":"scroll","background-type":"","background-media":"","overlay-type":"","overlay-color":"","overlay-opacity":"","overlay-gradient":""}}},"product_brand":[],"product_cat":[416,214,382],"product_tag":[],"class_list":{"0":"post-27970","1":"product","2":"type-product","3":"status-publish","4":"has-post-thumbnail","6":"product_cat-atlaides","7":"product_cat-ziepju-izgatavosana","8":"product_cat-ziepju-masas","9":"desktop-align-left","10":"tablet-align-left","11":"mobile-align-left","12":"ast-product-gallery-layout-horizontal","13":"ast-product-gallery-with-no-image","14":"ast-product-tabs-layout-horizontal","16":"first","17":"instock","18":"taxable","19":"shipping-taxable","20":"purchasable","21":"product-type-simple"},"_links":{"self":[{"href":"https:\/\/nordicdiy.ee\/lv\/wp-json\/wp\/v2\/product\/27970","targetHints":{"allow":["GET"]}}],"collection":[{"href":"https:\/\/nordicdiy.ee\/lv\/wp-json\/wp\/v2\/product"}],"about":[{"href":"https:\/\/nordicdiy.ee\/lv\/wp-json\/wp\/v2\/types\/product"}],"wp:featuredmedia":[{"embeddable":true,"href":"https:\/\/nordicdiy.ee\/lv\/wp-json\/wp\/v2\/media\/28017"}],"wp:attachment":[{"href":"https:\/\/nordicdiy.ee\/lv\/wp-json\/wp\/v2\/media?parent=27970"}],"wp:term":[{"taxonomy":"product_brand","embeddable":true,"href":"https:\/\/nordicdiy.ee\/lv\/wp-json\/wp\/v2\/product_brand?post=27970"},{"taxonomy":"product_cat","embeddable":true,"href":"https:\/\/nordicdiy.ee\/lv\/wp-json\/wp\/v2\/product_cat?post=27970"},{"taxonomy":"product_tag","embeddable":true,"href":"https:\/\/nordicdiy.ee\/lv\/wp-json\/wp\/v2\/product_tag?post=27970"}],"curies":[{"name":"wp","href":"https:\/\/api.w.org\/{rel}","templated":true}]}}