{"id":27978,"date":"2026-02-05T10:00:41","date_gmt":"2026-02-05T07:00:41","guid":{"rendered":"https:\/\/nordicdiy.ee\/epood\/uncategorized\/juras-asaris-sls-free-maxi-lowsweat-white-1kg\/"},"modified":"2026-02-26T17:21:38","modified_gmt":"2026-02-26T14:21:38","slug":"juras-asaris-sls-free-maxi-lowsweat-white-1kg","status":"publish","type":"product","link":"https:\/\/nordicdiy.ee\/lv\/epood\/ziepju-izgatavosana\/ziepju-masas\/juras-asaris-sls-free-maxi-lowsweat-white-1kg\/","title":{"rendered":"Ziepju b\u0101ze SLS Free MAXI Lowsweat WHITE 1kg"},"content":{"rendered":"<p data-start=\"722\" data-end=\"1026\">Zeni SLS Free MAXI Lowsweat White ir augstas kvalit\u0101tes balta kaus\u0113jo\u0161a ziepju b\u0101ze ar rok\u0101m gatavot\u0101m ziep\u0113m. Pateicoties lowsweat tehnolo\u0123ijai, ziepju pasta ir iztur\u012bg\u0101ka pret sv\u012b\u0161anu, t. i., mitruma uzkr\u0101\u0161anos uz ziepju virsmas, t\u0101p\u0113c t\u0101 ir ide\u0101li piem\u0113rota mitrai videi, e-komercijas ra\u017eo\u0161anai un ilgsto\u0161ai uzglab\u0101\u0161anai. <\/p>\n<p data-start=\"1028\" data-end=\"1363\">Sal\u012bdzino\u0161i l\u0113n\u0101 pastas saciet\u0113\u0161ana padara to par ide\u0101lu izv\u0113li \u013coti detaliz\u0113tu ziepju veido\u0161anai. \u013boti sp\u0113c\u012bg\u0101 sl\u0101\u0146u sa\u0137ere (izsmidzinot ar spirtu) \u013cauj izgatavot daudzsl\u0101\u0146u dizaina ziepes. No ziepju pastas izgatavot\u0101s ziepes p\u0113c gatavo\u0161anas herm\u0113tiski j\u0101iepako, lai nov\u0113rstu \u016bdens iztvaiko\u0161anu un svara zudumu.  <\/p>\n<p data-start=\"1365\" data-end=\"1582\">Ziepes nesatur SLS, kas noz\u012bm\u0113, ka t\u0101s nesatur sp\u0113c\u012bgo mazg\u0101\u0161anas l\u012bdzekli n\u0101trija laurilsulf\u0101tu. Ziepes ir maig\u0101kas \u0101dai, bet joproj\u0101m labi putojas. Produkts nesatur dz\u012bvnieku izcelsmes sast\u0101vda\u013cas, un tas nav test\u0113ts uz dz\u012bvniekiem.  <\/p>\n<p><strong>Galven\u0101s iez\u012bmes<\/strong><\/p>\n<ul>\n<li>Intens\u012bvi balts tonis<\/li>\n<li>Lowweat tehnolo\u0123ija - samazina mitruma uzkr\u0101\u0161anos uz ziepju virsmas.<\/li>\n<li>\u013boti laba p\u0101rredzam\u012bba<\/li>\n<li>Piem\u0113rots mitram klimatam<\/li>\n<li>Ilgs saciet\u0113\u0161anas laiks, lai izveidotu detaliz\u0113tas ziepes<\/li>\n<li>\u013boti sp\u0113c\u012bga sl\u0101\u0146u sa\u0137ere<\/li>\n<li>Nesatur SLS (jut\u012bgai \u0101dai)<\/li>\n<li>Nav dz\u012bvnieku izcelsmes sast\u0101vda\u013cu<\/li>\n<li>Nav test\u0113ts uz dz\u012bvniekiem<br \/>\n<strong>Sast\u0101vda\u013cas<\/strong><\/p>\n<p>\u016adens, n\u0101trija stear\u0101ts, propil\u0113nglikols, sorb\u012bts, saharoze, glicer\u012bns, n\u0101trija laur\u0101ts, n\u0101trija lauretsulf\u0101ts, din\u0101trija lauretsulfosukcin\u0101ts, n\u0101trija hlor\u012bds, tit\u0101na dioks\u012bds, stear\u012bnsk\u0101be, laur\u012bnsk\u0101be, tetran\u0101trija EDTA.<\/p>\n<p><strong>K\u0101 pagatavot ziepes?<\/strong><\/p>\n<p>Ziepes ir viegli pagatavot no gatavas ziepju mais\u012bjuma masas:<\/p>\n<ol>\n<li>Ga\u013cu sagrie\u017e kubi\u0146os (1-3 cm).<\/li>\n<li>Izkaus\u0113jiet kubi\u0146us karst\u0101 \u016bdens peld\u0113 65-70\u00b0C temperat\u016br\u0101 vai mikrovi\u013c\u0146u kr\u0101sn\u012b (aptuveni 400-500 W).<\/li>\n<\/ol>\n<ul>\n<li>Ne\u013caujiet temperat\u016brai p\u0101rsniegt 75\u00b0C.<\/li>\n<li>Izvairieties no v\u0101r\u012b\u0161anas.<\/li>\n<\/ul>\n<p>3. Pievienojiet arom\u0101tus un kr\u0101sas.<\/p>\n<ul>\n<li>Ieteicamais arom\u0101tisk\u0101s e\u013c\u013cas vai \u0113terisko e\u013c\u013cu daudzums: 10-20 g\/kg.<\/li>\n<li>Maksim\u0101lo at\u013cauto arom\u0101tisko e\u013c\u013cu daudzumu var atrast attiec\u012bgaj\u0101 <strong data-start=\"1559\" data-end=\"1578\">IFRA arom\u0101tisko e\u013c\u013cu kategorij\u0101<\/strong> - vienm\u0113r iev\u0113rojiet IFRA noteiktos ierobe\u017eojumus.<\/li>\n<li>Pievienojiet kr\u0101svielu pilienu pa pilienam, l\u012bdz tiek sasniegts v\u0113lamais rezult\u0101ts.<\/li>\n<li>P\u0113c v\u0113l\u0113\u0161an\u0101s \u0101das kop\u0161anas l\u012bdzek\u013ciem var pievienot ar\u012b \u0161\u012b sviestu, kakao sviestu, mande\u013cu e\u013c\u013cu, kokosriekstu e\u013c\u013cu vai ol\u012bve\u013c\u013cu. Parasti ieteicams ne vair\u0101k k\u0101 ~ 15 g\/kg, lai ziepes nek\u013c\u016btu p\u0101r\u0101k m\u012bkstas. Sajauciet visas piedevas ziepju mais\u012bjum\u0101 un p\u0101rliecinieties, ka visas piedevas ir labi sajauktas ziepju mais\u012bjum\u0101.  <\/li>\n<\/ul>\n<p>4. Ielejiet veidn\u0113 un atst\u0101jiet, lai sastingst (apm\u0113ram 20-40 min).<\/p>\n<p>Vid\u0113ji no 1 kg ziepju pastas var pagatavot aptuveni 10 vid\u0113ja lieluma ziepes. Ziepes, kas izgatavotas no Lowsweat ziep\u0113m, p\u0113c iz\u0146em\u0161anas no veidnes herm\u0113tiski j\u0101iepako, lai izvair\u012btos no \u016bdens iztvaiko\u0161anas un svara zuduma. <\/li>\n<\/ul>\n<p data-start=\"1365\" data-end=\"1582\">\n","protected":false},"excerpt":{"rendered":"<p>Zeni SLS Free MAXI Lowsweat White ir intens\u012bvi balta, k\u016bsto\u0161a ziepju b\u0101ze, kas paredz\u0113ta lieto\u0161anai mitros un main\u012bgos laika apst\u0101k\u013cos. Lowsweat tehnolo\u0123ija pal\u012bdz samazin\u0101t mitruma uzkr\u0101\u0161anos uz ziepju virsmas un ir ide\u0101li piem\u0113rota detaliz\u0113tu un daudzsl\u0101\u0146ainu ar rok\u0101m darin\u0101tu ziepju izgatavo\u0161anai. <\/p>\n<p>Ziepju pastu var izkaus\u0113t karst\u0101 \u016bdens vann\u0101 vai mikrovi\u013c\u0146u kr\u0101sn\u012b (aptuveni 400-500 W), tad var pievienot arom\u0101tisko e\u013c\u013cu, kr\u0101svielas un citas piedevas. Form\u0101 ziepes saciet\u0113 aptuveni 20-40 min\u016bt\u0113s, un t\u0101s ir gatavas lieto\u0161anai. <a href=\"https:\/\/goldelseou.sharepoint.com\/:f:\/s\/Nordicdiy.ee\/IgCHtukjjICZS6qCp792p3QJASaskUAJQB88aFdo-MwWoSg?e=ERQvw3\" target=\"_blank\" rel=\"noopener\">Spiediet \u0161eit, lai apskat\u012btu dro\u0161\u012bbas datu lapu.<\/a>  <\/p>\n","protected":false},"featured_media":28020,"template":"","meta":{"site-sidebar-layout":"default","site-content-layout":"","ast-site-content-layout":"default","site-content-style":"default","site-sidebar-style":"default","ast-global-header-display":"","ast-banner-title-visibility":"","ast-main-header-display":"","ast-hfb-above-header-display":"","ast-hfb-below-header-display":"","ast-hfb-mobile-header-display":"","site-post-title":"","ast-breadcrumbs-content":"","ast-featured-img":"","footer-sml-layout":"","ast-disable-related-posts":"","theme-transparent-header-meta":"default","adv-header-id-meta":"","stick-header-meta":"default","header-above-stick-meta":"","header-main-stick-meta":"","header-below-stick-meta":"","astra-migrate-meta-layouts":"default","ast-page-background-enabled":"default","ast-page-background-meta":{"desktop":{"background-color":"","background-image":"","background-repeat":"repeat","background-position":"center center","background-size":"auto","background-attachment":"scroll","background-type":"","background-media":"","overlay-type":"","overlay-color":"","overlay-opacity":"","overlay-gradient":""},"tablet":{"background-color":"","background-image":"","background-repeat":"repeat","background-position":"center center","background-size":"auto","background-attachment":"scroll","background-type":"","background-media":"","overlay-type":"","overlay-color":"","overlay-opacity":"","overlay-gradient":""},"mobile":{"background-color":"","background-image":"","background-repeat":"repeat","background-position":"center center","background-size":"auto","background-attachment":"scroll","background-type":"","background-media":"","overlay-type":"","overlay-color":"","overlay-opacity":"","overlay-gradient":""}},"ast-content-background-meta":{"desktop":{"background-color":"var(--ast-global-color-5)","background-image":"","background-repeat":"repeat","background-position":"center center","background-size":"auto","background-attachment":"scroll","background-type":"","background-media":"","overlay-type":"","overlay-color":"","overlay-opacity":"","overlay-gradient":""},"tablet":{"background-color":"var(--ast-global-color-5)","background-image":"","background-repeat":"repeat","background-position":"center center","background-size":"auto","background-attachment":"scroll","background-type":"","background-media":"","overlay-type":"","overlay-color":"","overlay-opacity":"","overlay-gradient":""},"mobile":{"background-color":"var(--ast-global-color-5)","background-image":"","background-repeat":"repeat","background-position":"center center","background-size":"auto","background-attachment":"scroll","background-type":"","background-media":"","overlay-type":"","overlay-color":"","overlay-opacity":"","overlay-gradient":""}}},"product_brand":[],"product_cat":[416,214,382],"product_tag":[],"class_list":{"0":"post-27978","1":"product","2":"type-product","3":"status-publish","4":"has-post-thumbnail","6":"product_cat-atlaides","7":"product_cat-ziepju-izgatavosana","8":"product_cat-ziepju-masas","9":"desktop-align-left","10":"tablet-align-left","11":"mobile-align-left","12":"ast-product-gallery-layout-horizontal","13":"ast-product-gallery-with-no-image","14":"ast-product-tabs-layout-horizontal","16":"first","17":"instock","18":"taxable","19":"shipping-taxable","20":"purchasable","21":"product-type-simple"},"_links":{"self":[{"href":"https:\/\/nordicdiy.ee\/lv\/wp-json\/wp\/v2\/product\/27978","targetHints":{"allow":["GET"]}}],"collection":[{"href":"https:\/\/nordicdiy.ee\/lv\/wp-json\/wp\/v2\/product"}],"about":[{"href":"https:\/\/nordicdiy.ee\/lv\/wp-json\/wp\/v2\/types\/product"}],"wp:featuredmedia":[{"embeddable":true,"href":"https:\/\/nordicdiy.ee\/lv\/wp-json\/wp\/v2\/media\/28020"}],"wp:attachment":[{"href":"https:\/\/nordicdiy.ee\/lv\/wp-json\/wp\/v2\/media?parent=27978"}],"wp:term":[{"taxonomy":"product_brand","embeddable":true,"href":"https:\/\/nordicdiy.ee\/lv\/wp-json\/wp\/v2\/product_brand?post=27978"},{"taxonomy":"product_cat","embeddable":true,"href":"https:\/\/nordicdiy.ee\/lv\/wp-json\/wp\/v2\/product_cat?post=27978"},{"taxonomy":"product_tag","embeddable":true,"href":"https:\/\/nordicdiy.ee\/lv\/wp-json\/wp\/v2\/product_tag?post=27978"}],"curies":[{"name":"wp","href":"https:\/\/api.w.org\/{rel}","templated":true}]}}