{"id":27984,"date":"2026-02-05T10:00:41","date_gmt":"2026-02-05T07:00:41","guid":{"rendered":"https:\/\/nordicdiy.ee\/epood\/uncategorized\/juras-alges-sls-free-maxi-olive-clear-1kg\/"},"modified":"2026-02-26T17:21:39","modified_gmt":"2026-02-26T14:21:39","slug":"juras-alges-sls-free-maxi-olive-clear-1kg","status":"publish","type":"product","link":"https:\/\/nordicdiy.ee\/lv\/epood\/ziepju-izgatavosana\/ziepju-masas\/juras-alges-sls-free-maxi-olive-clear-1kg\/","title":{"rendered":"Ziepju b\u0101ze SLS Free MAXI Olive CLEAR 1kg"},"content":{"rendered":"<p>Zeni SLS Free <strong>MAXI Olive Clear ir<\/strong> dzidra ziepju b\u0101ze uz glicer\u012bna b\u0101zes, kas satur saponific\u0113tu augst\u0101k\u0101 labuma ol\u012bve\u013c\u013cu. Ol\u012bve\u013c\u013cas pievieno\u0161ana pie\u0161\u0137ir ziep\u0113m maig\u0101ku, \u0101dai draudz\u012bg\u0101ku saj\u016btu un padara t\u0101s ide\u0101li piem\u0113rotas ikdienas lieto\u0161anai ar rok\u0101m gatavotaj\u0101s ziep\u0113s. <\/p>\n<p>Ziep\u0113m ir \u013coti laba dzidr\u012bba, t\u0101s bag\u0101t\u012bgi putojas un ir maigas pret \u0101du.<\/p>\n<p>Masa saciet\u0113 sal\u012bdzino\u0161i l\u0113ni, \u013caujot veidot detaliz\u0113tus dizainus un daudzsl\u0101\u0146u kompoz\u012bcijas. \u013boti sp\u0113c\u012bga sl\u0101\u0146u sa\u0137ere (uzsmidzinot spirtu) pal\u012bdz sasniegt profesion\u0101lu rezult\u0101tu. <\/p>\n<p>Ziepes nesatur <strong>SLS,<\/strong> kas noz\u012bm\u0113, ka t\u0101s nesatur sp\u0113c\u012bgo mazg\u0101\u0161anas l\u012bdzekli n\u0101trija laurilsulf\u0101tu. Ziepes ir maig\u0101kas \u0101dai, bet joproj\u0101m labi putojas. Produkts nesatur dz\u012bvnieku izcelsmes sast\u0101vda\u013cas, un tas nav test\u0113ts uz dz\u012bvniekiem.  <\/p>\n<p><strong>Galven\u0101s iez\u012bmes<\/strong><\/p>\n<ul>\n<li>Satur miec\u0113tu augst\u0101k\u0101 labuma ol\u012bve\u013c\u013cu<\/li>\n<li>\u013boti laba p\u0101rredzam\u012bba<\/li>\n<li>Bag\u0101t\u012bga putu veido\u0161an\u0101s<\/li>\n<li>Maiga saj\u016bta uz \u0101das<\/li>\n<li>Zema mitruma veido\u0161an\u0101s - maz\u0101k mitruma uz ziepju virsmas.<\/li>\n<li>\u013boti sp\u0113c\u012bga sl\u0101\u0146u sa\u0137ere<\/li>\n<li>Nesatur SLS (jut\u012bgai \u0101dai)<\/li>\n<li>Nav dz\u012bvnieku izcelsmes sast\u0101vda\u013cu<\/li>\n<li>Nav test\u0113ts uz dz\u012bvniekiem&nbsp;\n<p><strong><br \/>\nSast\u0101vda\u013cas<\/strong><\/p>\n<p>\u016adens, glicer\u012bns, n\u0101trija stear\u0101ts, propil\u0113nglikols, n\u0101trija laur\u0101ts, n\u0101trija lauretsulf\u0101ts, sorb\u012bts, n\u0101trija ole\u0101ts (ol\u012bve\u013c\u013ca Extra Virgin, mazg\u0101ta ar NaOH), n\u0101trija hlor\u012bds, din\u0101trija lauretsulfosukcin\u0101ts, tetran\u0101trija EDTA.<\/p>\n<p><strong>K\u0101 pagatavot ziepes?<\/strong><\/p>\n<p>Ziepes ir viegli pagatavot no gatavas ziepju mais\u012bjuma masas:<\/p>\n<ol>\n<li>Ga\u013cu sagrie\u017e kubi\u0146os (1-3 cm).<\/li>\n<li>Izkaus\u0113jiet kubi\u0146us karst\u0101 \u016bdens peld\u0113 65-70\u00b0C temperat\u016br\u0101 vai mikrovi\u013c\u0146u kr\u0101sn\u012b (aptuveni 400-500 W).<\/li>\n<\/ol>\n<ul>\n<li>Ne\u013caujiet temperat\u016brai p\u0101rsniegt 75\u00b0C.<\/li>\n<li>Izvairieties no v\u0101r\u012b\u0161anas.<\/li>\n<\/ul>\n<p>3. Pievienojiet arom\u0101tus un kr\u0101sas.<\/p>\n<ul>\n<li>Ieteicamais arom\u0101tisk\u0101s e\u013c\u013cas vai \u0113terisko e\u013c\u013cu daudzums: 10-20 g\/kg.<\/li>\n<li>Maksim\u0101lo at\u013cauto arom\u0101tisko e\u013c\u013cu daudzumu var atrast attiec\u012bgaj\u0101 <strong data-start=\"1559\" data-end=\"1578\">IFRA arom\u0101tisko e\u013c\u013cu kategorij\u0101<\/strong> - vienm\u0113r iev\u0113rojiet IFRA noteiktos ierobe\u017eojumus.<\/li>\n<li>Pievienojiet kr\u0101svielu pilienu pa pilienam, l\u012bdz tiek sasniegts v\u0113lamais rezult\u0101ts.<\/li>\n<li>P\u0113c v\u0113l\u0113\u0161an\u0101s \u0101das kop\u0161anas l\u012bdzek\u013ciem var pievienot ar\u012b \u0161\u012b sviestu, kakao sviestu, mande\u013cu e\u013c\u013cu, kokosriekstu e\u013c\u013cu vai ol\u012bve\u013c\u013cu. Parasti ieteicams ne vair\u0101k k\u0101 ~ 15 g\/kg, lai ziepes nek\u013c\u016btu p\u0101r\u0101k m\u012bkstas. Sajauciet visas piedevas ziepju mais\u012bjum\u0101 un p\u0101rliecinieties, ka visas piedevas ir labi sajauktas ziepju mais\u012bjum\u0101.  <\/li>\n<\/ul>\n<p>4. Ielejiet veidn\u0113 un atst\u0101jiet, lai sastingst (apm\u0113ram 20-40 min).<\/p>\n<p>Vid\u0113ji no 1 kg ziepju pastas var pagatavot aptuveni 10 vid\u0113ja lieluma ziepes. M\u0113s iesak\u0101m iepakot gatav\u0101s ziepes pl\u0113v\u0113 p\u0113c iz\u0146em\u0161anas no veidnes, lai izvair\u012btos no mitruma iztvaiko\u0161anas. <\/li>\n<\/ul>\n","protected":false},"excerpt":{"rendered":"<p>Zeni SLS Free MAXI Olive Clear ir augstas t\u012br\u012bbas pak\u0101pes ziepju b\u0101ze, kas satur sapon\u0113tu Extra Virgin ol\u012bve\u013c\u013cu. \u0160\u012bs SLS nesaturo\u0161\u0101s ziepes ir ide\u0101li piem\u0113rotas ar rok\u0101m gatavot\u0101m ziep\u0113m, nodro\u0161inot labas putojo\u0161\u0101s \u012bpa\u0161\u012bbas, maigu saj\u016btu uz \u0101das un profesion\u0101lu rezult\u0101tu. <\/p>\n<p>Ziepju pastu var izkaus\u0113t karst\u0101 \u016bdens vann\u0101 vai mikrovi\u013c\u0146u kr\u0101sn\u012b (aptuveni 400-500 W), tad var pievienot arom\u0101tisko e\u013c\u013cu, kr\u0101svielas un citas piedevas. Form\u0101 ziepes saciet\u0113 aptuveni 20-40 min\u016bt\u0113s, un t\u0101s ir gatavas lieto\u0161anai. <a href=\"https:\/\/goldelseou.sharepoint.com\/:f:\/s\/Nordicdiy.ee\/IgCHtukjjICZS6qCp792p3QJASaskUAJQB88aFdo-MwWoSg?e=ERQvw3\" target=\"_blank\" rel=\"noopener\">Spiediet \u0161eit, lai apskat\u012btu dro\u0161\u012bbas datu lapu.<\/a>  <\/p>\n","protected":false},"featured_media":28021,"template":"","meta":{"site-sidebar-layout":"default","site-content-layout":"","ast-site-content-layout":"default","site-content-style":"default","site-sidebar-style":"default","ast-global-header-display":"","ast-banner-title-visibility":"","ast-main-header-display":"","ast-hfb-above-header-display":"","ast-hfb-below-header-display":"","ast-hfb-mobile-header-display":"","site-post-title":"","ast-breadcrumbs-content":"","ast-featured-img":"","footer-sml-layout":"","ast-disable-related-posts":"","theme-transparent-header-meta":"default","adv-header-id-meta":"","stick-header-meta":"default","header-above-stick-meta":"","header-main-stick-meta":"","header-below-stick-meta":"","astra-migrate-meta-layouts":"default","ast-page-background-enabled":"default","ast-page-background-meta":{"desktop":{"background-color":"","background-image":"","background-repeat":"repeat","background-position":"center center","background-size":"auto","background-attachment":"scroll","background-type":"","background-media":"","overlay-type":"","overlay-color":"","overlay-opacity":"","overlay-gradient":""},"tablet":{"background-color":"","background-image":"","background-repeat":"repeat","background-position":"center center","background-size":"auto","background-attachment":"scroll","background-type":"","background-media":"","overlay-type":"","overlay-color":"","overlay-opacity":"","overlay-gradient":""},"mobile":{"background-color":"","background-image":"","background-repeat":"repeat","background-position":"center center","background-size":"auto","background-attachment":"scroll","background-type":"","background-media":"","overlay-type":"","overlay-color":"","overlay-opacity":"","overlay-gradient":""}},"ast-content-background-meta":{"desktop":{"background-color":"var(--ast-global-color-5)","background-image":"","background-repeat":"repeat","background-position":"center center","background-size":"auto","background-attachment":"scroll","background-type":"","background-media":"","overlay-type":"","overlay-color":"","overlay-opacity":"","overlay-gradient":""},"tablet":{"background-color":"var(--ast-global-color-5)","background-image":"","background-repeat":"repeat","background-position":"center center","background-size":"auto","background-attachment":"scroll","background-type":"","background-media":"","overlay-type":"","overlay-color":"","overlay-opacity":"","overlay-gradient":""},"mobile":{"background-color":"var(--ast-global-color-5)","background-image":"","background-repeat":"repeat","background-position":"center center","background-size":"auto","background-attachment":"scroll","background-type":"","background-media":"","overlay-type":"","overlay-color":"","overlay-opacity":"","overlay-gradient":""}}},"product_brand":[],"product_cat":[416,214,382],"product_tag":[],"class_list":{"0":"post-27984","1":"product","2":"type-product","3":"status-publish","4":"has-post-thumbnail","6":"product_cat-atlaides","7":"product_cat-ziepju-izgatavosana","8":"product_cat-ziepju-masas","9":"desktop-align-left","10":"tablet-align-left","11":"mobile-align-left","12":"ast-product-gallery-layout-horizontal","13":"ast-product-gallery-with-no-image","14":"ast-product-tabs-layout-horizontal","16":"first","17":"outofstock","18":"taxable","19":"shipping-taxable","20":"purchasable","21":"product-type-simple"},"_links":{"self":[{"href":"https:\/\/nordicdiy.ee\/lv\/wp-json\/wp\/v2\/product\/27984","targetHints":{"allow":["GET"]}}],"collection":[{"href":"https:\/\/nordicdiy.ee\/lv\/wp-json\/wp\/v2\/product"}],"about":[{"href":"https:\/\/nordicdiy.ee\/lv\/wp-json\/wp\/v2\/types\/product"}],"wp:featuredmedia":[{"embeddable":true,"href":"https:\/\/nordicdiy.ee\/lv\/wp-json\/wp\/v2\/media\/28021"}],"wp:attachment":[{"href":"https:\/\/nordicdiy.ee\/lv\/wp-json\/wp\/v2\/media?parent=27984"}],"wp:term":[{"taxonomy":"product_brand","embeddable":true,"href":"https:\/\/nordicdiy.ee\/lv\/wp-json\/wp\/v2\/product_brand?post=27984"},{"taxonomy":"product_cat","embeddable":true,"href":"https:\/\/nordicdiy.ee\/lv\/wp-json\/wp\/v2\/product_cat?post=27984"},{"taxonomy":"product_tag","embeddable":true,"href":"https:\/\/nordicdiy.ee\/lv\/wp-json\/wp\/v2\/product_tag?post=27984"}],"curies":[{"name":"wp","href":"https:\/\/api.w.org\/{rel}","templated":true}]}}