{"id":28089,"date":"2026-02-23T18:15:42","date_gmt":"2026-02-23T15:15:42","guid":{"rendered":"https:\/\/nordicdiy.ee\/epood\/uncategorized\/stikls-svecem-peach-dust-gaisi-oranzs-180ml-h775-x-d70-mm\/"},"modified":"2026-02-23T19:02:44","modified_gmt":"2026-02-23T16:02:44","slug":"stikls-svecem-peach-dust-gaisi-oranzs-180ml-h775-x-d70-mm","status":"publish","type":"product","link":"https:\/\/nordicdiy.ee\/lv\/epood\/svecu-izgatavosana\/svecturi-un-vaki\/stikls-svecem-peach-dust-gaisi-oranzs-180ml-h775-x-d70-mm\/","title":{"rendered":"Stikls svec\u0113m Peach Dust gai\u0161i oran\u017es 180ml, h77,5 x d70 mm"},"content":{"rendered":"<p class=\"isSelectedEnd\">Sve\u010du stikla izm\u0113ri ir <strong>h77,5 \u00d7 d70 mm, kas ir<\/strong> lieliski piem\u0113roti da\u017e\u0101diem vaskiem un smar\u017eu kombin\u0101cij\u0101m. Izv\u0113lieties sev t\u012bkam\u0101ko toni vai izveidojiet veselu pavasara s\u0113riju - ekskluz\u012bv\u0101 paste\u013cstiklu kolekcija pie\u0161\u0137irs j\u016bsu svec\u0113m svaigu, modernu un profesion\u0101lu izskatu. Kolekcij\u0101 kopum\u0101 ir 6 maigas pavasara kr\u0101sas, kas veido harmonisku un uzman\u012bbu piesaisto\u0161u izv\u0113li:  <\/p>\n<ul data-spread=\"false\">\n<li>\n<p class=\"isSelectedEnd\"><strong>Ledus citrons -<\/strong> gai\u0161i dzeltens<\/p>\n<\/li>\n<li>\n<p class=\"isSelectedEnd\"><strong>Lietus pilieni uz roz\u0113m -<\/strong> gai\u0161i roz\u0101 kr\u0101s\u0101<\/p>\n<\/li>\n<li>\n<p class=\"isSelectedEnd\"><strong>Ledus ku\u0161anas l\u012bdzeklis -<\/strong> gai\u0161i zils<\/p>\n<\/li>\n<li>\n<p class=\"isSelectedEnd\"><strong>Persiku putek\u013ci -<\/strong> gai\u0161i oran\u017ei<\/p>\n<\/li>\n<li>\n<p class=\"isSelectedEnd\"><strong>Gandr\u012bz Aqua -<\/strong> gai\u0161i za\u013ca<\/p>\n<\/li>\n<li>\n<p class=\"isSelectedEnd\"><strong>Orhideju tonis -<\/strong> perlamutrs<\/p>\n<\/li>\n<\/ul>\n<p>Sve\u010du trauks ir izgatavots no iztur\u012bga, karstumiztur\u012bga stikla un ir \u012bpa\u0161i paredz\u0113ts sve\u010du lie\u0161anai - dro\u0161s, est\u0113tisks un atk\u0101rtoti lietojams. P\u0113c sveces izdeg\u0161anas trauku var viegli izt\u012br\u012bt un izmantot atk\u0101rtoti. <\/p>\n<p><strong>Stikla priek\u0161roc\u012bbas:<\/strong><\/p>\n<ul>\n<li>Dro\u0161s un karstumiztur\u012bgs - paredz\u0113ts sve\u010du ra\u017eo\u0161anai<\/li>\n<li>Atk\u0101rtoti lietojams un videi draudz\u012bgs<\/li>\n<li>Skaists un elegants izskats<\/li>\n<li>Nesatur smagos met\u0101lus<\/li>\n<\/ul>\n<p><strong>Tehniskie dati:<\/strong><\/p>\n<ul>\n<li>Augstums: 7,7 cm<\/li>\n<li>Aug\u0161da\u013cas diametrs: 7 cm<\/li>\n<li>Apak\u0161\u0113j\u0101s da\u013cas diametrs: 6,3 cm<\/li>\n<li>Ietilp\u012bba: 180 ml<\/li>\n<li>Kr\u0101sa: gai\u0161i oran\u017ea mat\u0113ta<\/li>\n<\/ul>\n<p><strong>Stikla kr\u0101so\u0161anai ir izmantota UFIREADY laka:<\/strong><\/p>\n<p>Aspol Scentra dekorat\u012bvais stikls ir p\u0101rkl\u0101ts ar augst\u0101k\u0101s kvalit\u0101tes UFIREADY lak\u0101m, kas nodro\u0161ina ilgnotur\u012bgu un dro\u0161u apdari.<\/p>\n<p><strong>Kr\u0101su raksturlielumi:<\/strong><\/p>\n<ul>\n<li>Atbilst visiem ES dro\u0161\u012bbas un kvalit\u0101tes standartiem<\/li>\n<li>Iztur\u012bgs - saglab\u0101 kr\u0101su un sp\u012bdumu p\u0113c ilgsto\u0161as lieto\u0161anas<\/li>\n<li>Iztur l\u012bdz 500 trauku mazg\u0101jam\u0101s ma\u0161\u012bnas cikliem<\/li>\n<li>\u0136\u012bmiski iztur\u012bgs un viegli kopjams<\/li>\n<li>Dro\u0161a saskare ar p\u0101rtiku<\/li>\n<li>Veg\u0101nu un bez izm\u0113\u0123in\u0101jumiem ar dz\u012bvniekiem<\/li>\n<li>Nesatur smagos met\u0101lus un ftal\u0101tus<\/li>\n<\/ul>\n","protected":false},"excerpt":{"rendered":"<p>Iedvesmojoties no pavasara svaiguma, \u0161\u012b <strong>paste\u013cto\u0146u sve\u010dturu kolekcija ir<\/strong> rad\u012bta \u012bpa\u0161i \u0161ai sezonai. Iedvesmojoties no Pantone 2026. gada paste\u013ckr\u0101s\u0101m, sat\u012bna mat\u0113t\u0101 apdare rada elegantu un p\u0101rlaic\u012bgu rezult\u0101tu - ide\u0101li piem\u0113rotu gan amatnieku darin\u0101t\u0101m svec\u0113m, gan m\u0101jas dekoram. 180 ml tilpums ir viens no popul\u0101r\u0101kajiem sve\u010du ra\u017eot\u0101ju vid\u016b, pied\u0101v\u0101jot l\u012bdzsvaru starp est\u0113tiku un praktiskumu. P\u0113c sveces deg\u0161anas trauku var viegli izt\u012br\u012bt un izmantot atk\u0101rtoti.   <\/p>\n","protected":false},"featured_media":28144,"template":"","meta":{"site-sidebar-layout":"default","site-content-layout":"","ast-site-content-layout":"default","site-content-style":"default","site-sidebar-style":"default","ast-global-header-display":"","ast-banner-title-visibility":"","ast-main-header-display":"","ast-hfb-above-header-display":"","ast-hfb-below-header-display":"","ast-hfb-mobile-header-display":"","site-post-title":"","ast-breadcrumbs-content":"","ast-featured-img":"","footer-sml-layout":"","ast-disable-related-posts":"","theme-transparent-header-meta":"default","adv-header-id-meta":"","stick-header-meta":"default","header-above-stick-meta":"","header-main-stick-meta":"","header-below-stick-meta":"","astra-migrate-meta-layouts":"default","ast-page-background-enabled":"default","ast-page-background-meta":{"desktop":{"background-color":"","background-image":"","background-repeat":"repeat","background-position":"center center","background-size":"auto","background-attachment":"scroll","background-type":"","background-media":"","overlay-type":"","overlay-color":"","overlay-opacity":"","overlay-gradient":""},"tablet":{"background-color":"","background-image":"","background-repeat":"repeat","background-position":"center center","background-size":"auto","background-attachment":"scroll","background-type":"","background-media":"","overlay-type":"","overlay-color":"","overlay-opacity":"","overlay-gradient":""},"mobile":{"background-color":"","background-image":"","background-repeat":"repeat","background-position":"center center","background-size":"auto","background-attachment":"scroll","background-type":"","background-media":"","overlay-type":"","overlay-color":"","overlay-opacity":"","overlay-gradient":""}},"ast-content-background-meta":{"desktop":{"background-color":"var(--ast-global-color-5)","background-image":"","background-repeat":"repeat","background-position":"center center","background-size":"auto","background-attachment":"scroll","background-type":"","background-media":"","overlay-type":"","overlay-color":"","overlay-opacity":"","overlay-gradient":""},"tablet":{"background-color":"var(--ast-global-color-5)","background-image":"","background-repeat":"repeat","background-position":"center center","background-size":"auto","background-attachment":"scroll","background-type":"","background-media":"","overlay-type":"","overlay-color":"","overlay-opacity":"","overlay-gradient":""},"mobile":{"background-color":"var(--ast-global-color-5)","background-image":"","background-repeat":"repeat","background-position":"center center","background-size":"auto","background-attachment":"scroll","background-type":"","background-media":"","overlay-type":"","overlay-color":"","overlay-opacity":"","overlay-gradient":""}}},"product_brand":[],"product_cat":[416,161,150],"product_tag":[],"class_list":{"0":"post-28089","1":"product","2":"type-product","3":"status-publish","4":"has-post-thumbnail","6":"product_cat-atlaides","7":"product_cat-svecturi-un-vaki","8":"product_cat-svecu-izgatavosana","9":"desktop-align-left","10":"tablet-align-left","11":"mobile-align-left","12":"ast-product-gallery-layout-horizontal","13":"ast-product-tabs-layout-horizontal","15":"first","16":"instock","17":"sale","18":"taxable","19":"shipping-taxable","20":"purchasable","21":"product-type-simple"},"_links":{"self":[{"href":"https:\/\/nordicdiy.ee\/lv\/wp-json\/wp\/v2\/product\/28089","targetHints":{"allow":["GET"]}}],"collection":[{"href":"https:\/\/nordicdiy.ee\/lv\/wp-json\/wp\/v2\/product"}],"about":[{"href":"https:\/\/nordicdiy.ee\/lv\/wp-json\/wp\/v2\/types\/product"}],"wp:featuredmedia":[{"embeddable":true,"href":"https:\/\/nordicdiy.ee\/lv\/wp-json\/wp\/v2\/media\/28144"}],"wp:attachment":[{"href":"https:\/\/nordicdiy.ee\/lv\/wp-json\/wp\/v2\/media?parent=28089"}],"wp:term":[{"taxonomy":"product_brand","embeddable":true,"href":"https:\/\/nordicdiy.ee\/lv\/wp-json\/wp\/v2\/product_brand?post=28089"},{"taxonomy":"product_cat","embeddable":true,"href":"https:\/\/nordicdiy.ee\/lv\/wp-json\/wp\/v2\/product_cat?post=28089"},{"taxonomy":"product_tag","embeddable":true,"href":"https:\/\/nordicdiy.ee\/lv\/wp-json\/wp\/v2\/product_tag?post=28089"}],"curies":[{"name":"wp","href":"https:\/\/api.w.org\/{rel}","templated":true}]}}