{"id":28354,"date":"2026-02-10T10:20:23","date_gmt":"2026-02-10T07:20:23","guid":{"rendered":"https:\/\/nordicdiy.ee\/epood\/uncategorized\/ieprieks-sagriezts-dakts-wedo-bio-2-h10cm\/"},"modified":"2026-03-05T11:44:22","modified_gmt":"2026-03-05T08:44:22","slug":"ieprieks-sagriezts-dakts-wedo-bio-2-h10cm","status":"publish","type":"product","link":"https:\/\/nordicdiy.ee\/lv\/epood\/svecu-izgatavosana\/svecu-daktis-un-pamatnes\/ieprieks-sagriezts-dakts-wedo-bio-2-h10cm\/","title":{"rendered":"Iepriek\u0161 sagriezts dakts Wedo BIO 2 h10cm"},"content":{"rendered":"<p><strong>BIO 2 Kokvilnas sve\u010du tur\u0113t\u0101js ar met\u0101la pamatni (<\/strong> 10 cm) ir augstas kvalit\u0101tes un praktisks risin\u0101jums DIY sve\u010du gatavo\u0161anai stikla un citos sve\u010du tur\u0113t\u0101jos. Tas ir lieto\u0161anai gatavs, iepriek\u0161 vaskots sve\u010du vasks, un pirms lieto\u0161anas tam nav nepiecie\u0161ama papildu sagatavo\u0161ana. Vasks ir izgatavots no dab\u012bgas kokvilnas, kas ir caurauklota ar pap\u012bra \u0161\u0137iedru, lai uzlabotu kapil\u0101ro vaska transport\u0113\u0161anu uz liesmu. Pateicoties tam, svece deg vienm\u0113r\u012bgi, stabili un ar nelielu d\u016bmu daudzumu. Iepriek\u0161\u0113ja vaska iegremd\u0113\u0161ana pal\u012bdz vaktam viegl\u0101k aizdegties un nodro\u0161ina vienm\u0113r\u012bgu deg\u0161anu. Pie vaska piestiprin\u0101t\u0101 met\u0101la pamatne \u013cauj viegli piestiprin\u0101t daktu pie sveces poda dibena un notur to taisn\u0101 poz\u012bcij\u0101 vaska lie\u0161anas laik\u0101. Tas ir svar\u012bgi gan sveces izskatam, gan deg\u0161anas kvalit\u0101tei. 10 cm dakts ir piem\u0113rots da\u017e\u0101da augstuma svec\u0113m. V\u012btni var apgriezt pirms vai p\u0113c sveces ielie\u0161anas.        <\/p>\n<p>BIO 2 dakts ir piem\u0113rots lieto\u0161anai ar Sojas vasku, paraf\u012bna vasku un da\u017e\u0101diem vaska mais\u012bjumiem, t\u0101p\u0113c tas ir univers\u0101la izv\u0113le da\u017e\u0101du konteineru sve\u010du izgatavo\u0161anai.<\/p>\n<p>BIO 2 sve\u010du tur\u0113t\u0101ji parasti ir piem\u0113roti maz\u0101m un vid\u0113ja diametra konteineru svec\u0113m. Ieteicamais stikla diametrs ir aptuveni 5-6 cm diametra gl\u0101zes vai sve\u010dturi. <\/p>\n<p><strong>Svar\u012bgi zin\u0101t<\/strong><\/p>\n<ul>\n<li>Ir vair\u0101ki faktori, kas ietekm\u0113 piem\u0113rot\u012bbu, izv\u0113loties spuldz\u012bti:<\/li>\n<li>izmantot\u0101 vaska veids (Sojas vasks, paraf\u012bna vasks, vaska mais\u012bjumi).<\/li>\n<li>arom\u0101tisk\u0101s e\u013c\u013cas daudzums<\/li>\n<li>kr\u0101svielu izmanto\u0161ana<\/li>\n<li>stikla forma<\/li>\n<\/ul>\n<p>Piem\u0113ram: Sojas vaskam tas pats dakts var b\u016bt piem\u0113rot\u0101ks stiklam ar diametru 5-5,5 cm, paraf\u012bna vaskam tas var b\u016bt piem\u0113rots stiklam ar diametru l\u012bdz 6 cm. Sve\u010du ra\u017eot\u0101ju praks\u0113 BIO 2 daktis bie\u017ei izmanto maz\u0101s sojas sve\u010du gl\u0101z\u012bt\u0113s, izm\u0113\u0123in\u0101juma sve\u010du izgatavo\u0161anai vai ce\u013cojumu sve\u010du vai mini sve\u010du izgatavo\u0161anai. <\/p>\n<p><strong>Ieteikums: vienm\u0113r ir v\u0113rts veikt apdeguma testu, jo smar\u017eas un vasks var main\u012bt apdeguma intensit\u0101ti.<\/strong><\/p>\n<p><strong>Produkta \u012bpa\u0161\u012bbas<\/strong><\/p>\n<ul>\n<li>Pastas veids: kokvilnas, plakana<\/li>\n<li>Tips: BIO 2<\/li>\n<li>Forma: ar met\u0101la pamatni, iepriek\u0161 kalta<\/li>\n<li>Garums: 10 cm (vajadz\u012bbas gad\u012bjum\u0101 var samazin\u0101t)<\/li>\n<li>Iepakojum\u0101: 10 gab. vai 100 gab.<\/li>\n<li>Materi\u0101ls: dab\u012bga kokvilna un pap\u012bra \u0161\u0137iedras<\/li>\n<li>Piem\u0113rots izmanto\u0161anai: svec\u0113m, kas izliektas no stikla, un sve\u010dturiem.<\/li>\n<li>Piem\u0113roti vaski: Sojas vasks, paraf\u012bna vasks, vaska mais\u012bjumi.<\/li>\n<li>Deg\u0161ana: stabila un vienm\u0113r\u012bga<\/li>\n<\/ul>\n<p><strong>Ieteicamais stikla diametrs BIO sve\u010dturiem<\/strong><\/p>\n<p data-start=\"1144\" data-end=\"1161\"><strong data-start=\"1147\" data-end=\"1159\">Profesion\u0101\u013cu padoms:<\/strong><\/p>\n<ul data-start=\"1162\" data-end=\"1338\">\n<li data-start=\"1162\" data-end=\"1256\">\n<p data-start=\"1164\" data-end=\"1256\">Ja izmantojat <strong data-start=\"1176\" data-end=\"1213\">vair\u0101k arom\u0101tisk\u0101s e\u013c\u013cas (8-10%) vai kr\u0101sas, bie\u017ei vien izv\u0113lieties<\/strong> par vienu izm\u0113ru <strong data-start=\"1227\" data-end=\"1253\">liel\u0101ku daktu.<\/strong><\/p>\n<\/li>\n<li data-start=\"1257\" data-end=\"1338\">\n<p data-start=\"1259\" data-end=\"1338\">Ja stikls ir \u013coti plats (9-10 cm), <strong data-start=\"1310\" data-end=\"1335\">bie\u017ei vien izmanto<\/strong> divas maz\u0101kas <strong data-start=\"1310\" data-end=\"1335\">pl\u0101ksnes<\/strong>.<\/p>\n<\/li>\n<\/ul>\n<p><strong>Pastas numurs \/ ieteicamais sveces stikla diametrs<\/strong><br \/>\nBIO 2 apm. 55-62 mm<br \/>\nBIO 6 apm. 55-65 mm<br \/>\nBIO 8 apm. 60-70 mm<br \/>\nBIO 10 apm. 65-73 mm<br \/>\nBIO 12 apm. 70-76 mm<br \/>\nBIO 13 apm. 75-80 mm<br \/>\nBIO 14 apm. 80-85 mm<\/p>\n","protected":false},"excerpt":{"rendered":"<p>BIO 2 <strong data-start=\"150\" data-end=\"189\">kokvilnas sve\u010du tur\u0113t\u0101js ar met\u0101la pamatni ir<\/strong> <strong data-start=\"226\" data-end=\"262\">paredz\u0113ts konteineru sve\u010du izgatavo\u0161anai.<\/strong> Tas ir izgatavots no dab\u012bgas kokvilnas, kas p\u0101rloc\u012bta ar pap\u012bra \u0161\u0137iedru un iepriek\u0161 vaskotu pastu, nodro\u0161inot stabilu <strong data-start=\"380\" data-end=\"413\">un vienm\u0113r\u012bgu deg\u0161anu.<\/strong> Komplekt\u0101 ietilpst <strong data-start=\"429\" data-end=\"466\">10 cm gari sve\u010dturi<\/strong>, kas <strong data-start=\"429\" data-end=\"466\">piem\u0113roti<\/strong> lieto\u0161anai <strong data-start=\"493\" data-end=\"542\">ar Sojas vasku, paraf\u012bna vasku un da\u017e\u0101diem vaska mais\u012bjumiem.<\/strong>  <\/p>\n","protected":false},"featured_media":28360,"template":"","meta":{"site-sidebar-layout":"default","site-content-layout":"","ast-site-content-layout":"default","site-content-style":"default","site-sidebar-style":"default","ast-global-header-display":"","ast-banner-title-visibility":"","ast-main-header-display":"","ast-hfb-above-header-display":"","ast-hfb-below-header-display":"","ast-hfb-mobile-header-display":"","site-post-title":"","ast-breadcrumbs-content":"","ast-featured-img":"","footer-sml-layout":"","ast-disable-related-posts":"","theme-transparent-header-meta":"default","adv-header-id-meta":"","stick-header-meta":"default","header-above-stick-meta":"","header-main-stick-meta":"","header-below-stick-meta":"","astra-migrate-meta-layouts":"default","ast-page-background-enabled":"default","ast-page-background-meta":{"desktop":{"background-color":"","background-image":"","background-repeat":"repeat","background-position":"center center","background-size":"auto","background-attachment":"scroll","background-type":"","background-media":"","overlay-type":"","overlay-color":"","overlay-opacity":"","overlay-gradient":""},"tablet":{"background-color":"","background-image":"","background-repeat":"repeat","background-position":"center center","background-size":"auto","background-attachment":"scroll","background-type":"","background-media":"","overlay-type":"","overlay-color":"","overlay-opacity":"","overlay-gradient":""},"mobile":{"background-color":"","background-image":"","background-repeat":"repeat","background-position":"center center","background-size":"auto","background-attachment":"scroll","background-type":"","background-media":"","overlay-type":"","overlay-color":"","overlay-opacity":"","overlay-gradient":""}},"ast-content-background-meta":{"desktop":{"background-color":"var(--ast-global-color-5)","background-image":"","background-repeat":"repeat","background-position":"center center","background-size":"auto","background-attachment":"scroll","background-type":"","background-media":"","overlay-type":"","overlay-color":"","overlay-opacity":"","overlay-gradient":""},"tablet":{"background-color":"var(--ast-global-color-5)","background-image":"","background-repeat":"repeat","background-position":"center center","background-size":"auto","background-attachment":"scroll","background-type":"","background-media":"","overlay-type":"","overlay-color":"","overlay-opacity":"","overlay-gradient":""},"mobile":{"background-color":"var(--ast-global-color-5)","background-image":"","background-repeat":"repeat","background-position":"center center","background-size":"auto","background-attachment":"scroll","background-type":"","background-media":"","overlay-type":"","overlay-color":"","overlay-opacity":"","overlay-gradient":""}}},"product_brand":[],"product_cat":[199,150],"product_tag":[],"class_list":{"0":"post-28354","1":"product","2":"type-product","3":"status-publish","4":"has-post-thumbnail","6":"product_cat-svecu-daktis-un-pamatnes","7":"product_cat-svecu-izgatavosana","8":"desktop-align-left","9":"tablet-align-left","10":"mobile-align-left","11":"ast-product-gallery-layout-horizontal","12":"ast-product-gallery-with-no-image","13":"ast-product-single-variable","14":"ast-product-tabs-layout-horizontal","16":"first","17":"instock","18":"taxable","19":"shipping-taxable","20":"purchasable","21":"product-type-variable"},"_links":{"self":[{"href":"https:\/\/nordicdiy.ee\/lv\/wp-json\/wp\/v2\/product\/28354","targetHints":{"allow":["GET"]}}],"collection":[{"href":"https:\/\/nordicdiy.ee\/lv\/wp-json\/wp\/v2\/product"}],"about":[{"href":"https:\/\/nordicdiy.ee\/lv\/wp-json\/wp\/v2\/types\/product"}],"wp:featuredmedia":[{"embeddable":true,"href":"https:\/\/nordicdiy.ee\/lv\/wp-json\/wp\/v2\/media\/28360"}],"wp:attachment":[{"href":"https:\/\/nordicdiy.ee\/lv\/wp-json\/wp\/v2\/media?parent=28354"}],"wp:term":[{"taxonomy":"product_brand","embeddable":true,"href":"https:\/\/nordicdiy.ee\/lv\/wp-json\/wp\/v2\/product_brand?post=28354"},{"taxonomy":"product_cat","embeddable":true,"href":"https:\/\/nordicdiy.ee\/lv\/wp-json\/wp\/v2\/product_cat?post=28354"},{"taxonomy":"product_tag","embeddable":true,"href":"https:\/\/nordicdiy.ee\/lv\/wp-json\/wp\/v2\/product_tag?post=28354"}],"curies":[{"name":"wp","href":"https:\/\/api.w.org\/{rel}","templated":true}]}}