{"id":28516,"date":"2026-03-01T15:35:29","date_gmt":"2026-03-01T12:35:29","guid":{"rendered":"https:\/\/nordicdiy.ee\/epood\/uncategorized\/olivellas-vasks-kerax-eco-olive-konteiners-svecu-stiklam\/"},"modified":"2026-04-13T22:42:44","modified_gmt":"2026-04-13T19:42:44","slug":"olivellas-vasks-kerax-eco-olive-konteiners-svecu-stiklam","status":"publish","type":"product","link":"https:\/\/nordicdiy.ee\/lv\/epood\/svecu-izgatavosana\/svecu-vaski\/olivellas-vasks-kerax-eco-olive-konteiners-svecu-stiklam\/","title":{"rendered":"Ol\u012bve\u013c\u013cas vasks Kerax Eco Olive Konteiners sve\u010du stiklam"},"content":{"rendered":"<p data-start=\"394\" data-end=\"674\">EcoOlive Container ir augstas kvalit\u0101tes, videi draudz\u012bgs sve\u010du vasks, kas izgatavots no dab\u012bgas ol\u012bve\u013c\u013cas un \u012bpa\u0161i izstr\u0101d\u0101ts konteineru svec\u0113m. \u0160im vaskam ir z\u012bdaini gluda un kr\u0113m\u012bga tekst\u016bra, kas nodro\u0161ina sve\u010du skaistu un profesion\u0101lu izskatu. <\/p>\n<p data-start=\"676\" data-end=\"932\">Pateicoties t\u0101 izcilaj\u0101m smar\u017eu saist\u012b\u0161anas un izklied\u0113\u0161anas \u012bpa\u0161\u012bb\u0101m, EcoOlive konteinera vasks pied\u0101v\u0101 intens\u012bvu arom\u0101tu gan aukst\u0101, gan dedzin\u0101t\u0101 veid\u0101. T\u0101p\u0113c tas ir ide\u0101la izv\u0113le sve\u010du ra\u017eot\u0101jiem, kuri v\u0113las rad\u012bt produktus ar bag\u0101t\u012bgu un ilgsto\u0161u arom\u0101tu. <\/p>\n<p data-start=\"934\" data-end=\"1122\">Vasks deg t\u012bri un vienm\u0113r\u012bgi, radot minim\u0101lu kv\u0113pu daudzumu un nodro\u0161inot ilgu deg\u0161anas laiku. Tas pal\u012bdz rad\u012bt t\u012bru un pat\u012bkamu lieto\u0161anas pieredzi gan m\u0101jsaimniec\u012bb\u0101, gan profesion\u0101l\u0101 vid\u0113. <\/p>\n<p data-start=\"1124\" data-end=\"1417\">EcoOlive konteiners ir ilgtsp\u0113j\u012bga alternat\u012bva tradicion\u0101lajiem paraf\u012bna un Sojas vaskiem, kas ir ide\u0101li piem\u0113rots tiem, kuri dod priek\u0161roku videi draudz\u012bgiem un dab\u012bgiem materi\u0101liem. Vasks labi sajaucas gan ar smar\u017eviel\u0101m, gan kr\u0101s\u0101m, \u013caujot rad\u012bt daudzveid\u012bgas un personaliz\u0113tas sveces. <\/p>\n<p data-start=\"1419\" data-end=\"1590\" data-is-last-node=\"\" data-is-only-node=\"\">Piem\u0113rots lieto\u0161anai da\u017e\u0101dos traukos, piem\u0113ram, gl\u0101z\u0113s, met\u0101la podos un citos sve\u010du tur\u0113t\u0101jos, vienm\u0113r nodro\u0161inot uzticamus rezult\u0101tus un greznu, dabisku apdari.<\/p>\n","protected":false},"excerpt":{"rendered":"<p>EcoOlive Container ir videi draudz\u012bgs sve\u010du vasks uz ol\u012bve\u013c\u013cas b\u0101zes, kas \u012bpa\u0161i paredz\u0113ts sve\u010du konteineru izgatavo\u0161anai. Tam ir kr\u0113m\u012bga konsistence, lieliska smar\u017eu izklied\u0113\u0161ana un t\u012bra, vienm\u0113r\u012bga deg\u0161ana, kas nodro\u0161ina augstas kvalit\u0101tes, greznu apdari. <\/p>\n","protected":false},"featured_media":28898,"template":"","meta":{"site-sidebar-layout":"default","site-content-layout":"","ast-site-content-layout":"default","site-content-style":"default","site-sidebar-style":"default","ast-global-header-display":"","ast-banner-title-visibility":"","ast-main-header-display":"","ast-hfb-above-header-display":"","ast-hfb-below-header-display":"","ast-hfb-mobile-header-display":"","site-post-title":"","ast-breadcrumbs-content":"","ast-featured-img":"","footer-sml-layout":"","ast-disable-related-posts":"","theme-transparent-header-meta":"default","adv-header-id-meta":"","stick-header-meta":"default","header-above-stick-meta":"","header-main-stick-meta":"","header-below-stick-meta":"","astra-migrate-meta-layouts":"default","ast-page-background-enabled":"default","ast-page-background-meta":{"desktop":{"background-color":"","background-image":"","background-repeat":"repeat","background-position":"center center","background-size":"auto","background-attachment":"scroll","background-type":"","background-media":"","overlay-type":"","overlay-color":"","overlay-opacity":"","overlay-gradient":""},"tablet":{"background-color":"","background-image":"","background-repeat":"repeat","background-position":"center center","background-size":"auto","background-attachment":"scroll","background-type":"","background-media":"","overlay-type":"","overlay-color":"","overlay-opacity":"","overlay-gradient":""},"mobile":{"background-color":"","background-image":"","background-repeat":"repeat","background-position":"center center","background-size":"auto","background-attachment":"scroll","background-type":"","background-media":"","overlay-type":"","overlay-color":"","overlay-opacity":"","overlay-gradient":""}},"ast-content-background-meta":{"desktop":{"background-color":"var(--ast-global-color-5)","background-image":"","background-repeat":"repeat","background-position":"center center","background-size":"auto","background-attachment":"scroll","background-type":"","background-media":"","overlay-type":"","overlay-color":"","overlay-opacity":"","overlay-gradient":""},"tablet":{"background-color":"var(--ast-global-color-5)","background-image":"","background-repeat":"repeat","background-position":"center center","background-size":"auto","background-attachment":"scroll","background-type":"","background-media":"","overlay-type":"","overlay-color":"","overlay-opacity":"","overlay-gradient":""},"mobile":{"background-color":"var(--ast-global-color-5)","background-image":"","background-repeat":"repeat","background-position":"center center","background-size":"auto","background-attachment":"scroll","background-type":"","background-media":"","overlay-type":"","overlay-color":"","overlay-opacity":"","overlay-gradient":""}}},"product_brand":[],"product_cat":[150,151],"product_tag":[],"class_list":{"0":"post-28516","1":"product","2":"type-product","3":"status-publish","4":"has-post-thumbnail","6":"product_cat-svecu-izgatavosana","7":"product_cat-svecu-vaski","8":"desktop-align-left","9":"tablet-align-left","10":"mobile-align-left","11":"ast-product-gallery-layout-horizontal","12":"ast-product-single-variable","13":"ast-product-tabs-layout-horizontal","15":"first","16":"instock","17":"taxable","18":"shipping-taxable","19":"purchasable","20":"product-type-variable"},"_links":{"self":[{"href":"https:\/\/nordicdiy.ee\/lv\/wp-json\/wp\/v2\/product\/28516","targetHints":{"allow":["GET"]}}],"collection":[{"href":"https:\/\/nordicdiy.ee\/lv\/wp-json\/wp\/v2\/product"}],"about":[{"href":"https:\/\/nordicdiy.ee\/lv\/wp-json\/wp\/v2\/types\/product"}],"wp:featuredmedia":[{"embeddable":true,"href":"https:\/\/nordicdiy.ee\/lv\/wp-json\/wp\/v2\/media\/28898"}],"wp:attachment":[{"href":"https:\/\/nordicdiy.ee\/lv\/wp-json\/wp\/v2\/media?parent=28516"}],"wp:term":[{"taxonomy":"product_brand","embeddable":true,"href":"https:\/\/nordicdiy.ee\/lv\/wp-json\/wp\/v2\/product_brand?post=28516"},{"taxonomy":"product_cat","embeddable":true,"href":"https:\/\/nordicdiy.ee\/lv\/wp-json\/wp\/v2\/product_cat?post=28516"},{"taxonomy":"product_tag","embeddable":true,"href":"https:\/\/nordicdiy.ee\/lv\/wp-json\/wp\/v2\/product_tag?post=28516"}],"curies":[{"name":"wp","href":"https:\/\/api.w.org\/{rel}","templated":true}]}}