{"id":28630,"date":"2026-03-17T11:35:22","date_gmt":"2026-03-17T08:35:22","guid":{"rendered":"https:\/\/nordicdiy.ee\/epood\/uncategorized\/saldo-mandelu-ella-kosmetikai-un-ziepem\/"},"modified":"2026-03-17T12:37:31","modified_gmt":"2026-03-17T09:37:31","slug":"saldo-mandelu-ella-kosmetikai-un-ziepem","status":"publish","type":"product","link":"https:\/\/nordicdiy.ee\/lv\/epood\/ziepju-izgatavosana\/augu-ellas-un-sviests\/saldo-mandelu-ella-kosmetikai-un-ziepem\/","title":{"rendered":"Saldo mande\u013cu e\u013c\u013ca kosm\u0113tikai un ziep\u0113m"},"content":{"rendered":"<p><strong>Rafin\u0113ta saldo mande\u013cu e\u013c\u013ca ir augstas<\/strong> kvalit\u0101tes rafin\u0113ta augu e\u013c\u013ca, <strong>kas<\/strong> nov\u0113rt\u0113ta t\u0101s daudzpus\u012bgo \u0101das kop\u0161anas \u012bpa\u0161\u012bbu d\u0113\u013c. T\u0101 ir gai\u0161i dzeltena, caursp\u012bd\u012bga, praktiski bez smar\u017eas un ar rakstur\u012bgu maigu arom\u0101tu. <\/p>\n<p>E\u013c\u013c\u0101 ir daudz omega-6 un omega-9 tauksk\u0101bju un vitam\u012bnu (A, B1, B2, B6, D un E), kas pal\u012bdz barot, m\u012bkstin\u0101t un atjaunot \u0101das dabisko mirdzumu.<\/p>\n<p><strong>Ietekme un ieguvumi<\/strong><\/p>\n<ul>\n<li>M\u012bkstina un izl\u012bdzina \u0101du<\/li>\n<li>Pal\u012bdz atjaunot \u0101das dabisko mirdzumu<\/li>\n<li>Padara \u0101du elast\u012bg\u0101ku un pal\u012bdz nov\u0113rst striju veido\u0161anos.<\/li>\n<li>Piem\u0113rots jut\u012bgai, sausai un viegli kairin\u0101tai \u0101dai.<\/li>\n<li>Piem\u0113rots lieto\u0161anai gr\u016btniec\u012bbas laik\u0101, z\u012bdai\u0146iem un b\u0113rniem.<\/li>\n<li>Izl\u012bdzina, m\u012bkstina un stiprina sausus un l\u016bsto\u0161us matus.<\/li>\n<li>Piem\u0113rots matiem ar da\u017e\u0101du porain\u012bbu<\/li>\n<\/ul>\n<p><strong>Izmanto\u0161ana<\/strong><\/p>\n<ul>\n<li>Sejas un \u0137erme\u0146a kop\u0161ana<\/li>\n<li>Mas\u0101\u017eas e\u013c\u013ca - nodro\u0161ina labu sa\u0137eri un neabsorb\u0113jas p\u0101r\u0101k \u0101tri<\/li>\n<li>Matu kop\u0161ana<\/li>\n<li>Kosm\u0113tikas l\u012bdzek\u013cu ra\u017eo\u0161ana<\/li>\n<li>Pamata e\u013c\u013ca \u0113terisko e\u013c\u013cu at\u0161\u0137aid\u012b\u0161anai<\/li>\n<\/ul>\n<p><strong>Lieto\u0161ana ziep\u0113s<\/strong><\/p>\n<ul>\n<li>Aukst\u0101 un karst\u0101 procesa ziepes (CP\/HP):<\/li>\n<li>Izmantojiet 5-20% tauku f\u0101zes<\/li>\n<li>Pie\u0161\u0137ir ziep\u0113m m\u012bkstino\u0161as un \u0101du kopjo\u0161as \u012bpa\u0161\u012bbas.<\/li>\n<li>Atbalsta kr\u0113mveida putas<\/li>\n<\/ul>\n<p><strong>Izkaus\u0113 un izlej ziepes (Melt&amp;Pour):<\/strong><\/p>\n<ul>\n<li>Pievienojiet l\u012bdz 1-3%<\/li>\n<li>Uzlabo ziepju mitrino\u0161\u0101s un kopjo\u0161\u0101s \u012bpa\u0161\u012bbas.<\/li>\n<li>P\u0101rm\u0113r\u012bgs daudzums var padar\u012bt ziepes m\u012bkstas vai sviedrainas.<\/li>\n<\/ul>\n<p><strong>\u0160\u0137\u012bd\u012bba<\/strong><\/p>\n<ul>\n<li>Ne\u0161\u0137\u012bst \u016bden\u012b<\/li>\n<li>\u0160\u0137\u012bst hloroform\u0101 un \u0113ter\u012b<\/li>\n<li>Br\u012bvi \u0161\u0137\u012bst 96 % etanol\u0101<\/li>\n<\/ul>\n<p><strong>Uzglab\u0101\u0161ana pie<\/strong><\/p>\n<p>Uzglab\u0101t cie\u0161i nosl\u0113gt\u0101 trauk\u0101 saus\u0101 viet\u0101, prom no gaismas.<\/p>\n<p><strong>Der\u012bguma termi\u0146\u0161<\/strong><\/p>\n<p>24 m\u0113ne\u0161us no izgatavo\u0161anas datuma, ja produkts tiek uzglab\u0101ts ori\u0123in\u0101laj\u0101 iepakojum\u0101 saska\u0146\u0101 ar uzglab\u0101\u0161anas nosac\u012bjumiem.<\/p>\n<p>INCI: PRUNUS AMYGDALUS DULCIS E\u013b\u013bA<\/p>\n","protected":false},"excerpt":{"rendered":"<p data-start=\"136\" data-end=\"406\">Saldo mande\u013cu e\u013c\u013ca (rafin\u0113ta) ir viegla, m\u012bkstino\u0161a augu e\u013c\u013ca bez smar\u017eas, kas piem\u0113rota \u0101das un matu kop\u0161anai un kosm\u0113tikai. E\u013c\u013ca satur omega-6 un omega-9 tauksk\u0101bes un vitam\u012bnus (A, B, D, E), kas pal\u012bdz mitrin\u0101t un atjaunot \u0101du. <\/p>\n<p data-start=\"408\" data-end=\"531\">Piem\u0113rots ar\u012b lieto\u0161anai ar rok\u0101m gatavotaj\u0101s ziep\u0113s, jo \u012bpa\u0161i Melt&amp;Pour ziep\u0113s - l\u012bdz 1-3%, lai uzlabotu ziepju kondicion\u0113\u0161anas \u012bpa\u0161\u012bbas.<\/p>\n","protected":false},"featured_media":28811,"template":"","meta":{"site-sidebar-layout":"default","site-content-layout":"","ast-site-content-layout":"default","site-content-style":"default","site-sidebar-style":"default","ast-global-header-display":"","ast-banner-title-visibility":"","ast-main-header-display":"","ast-hfb-above-header-display":"","ast-hfb-below-header-display":"","ast-hfb-mobile-header-display":"","site-post-title":"","ast-breadcrumbs-content":"","ast-featured-img":"","footer-sml-layout":"","ast-disable-related-posts":"","theme-transparent-header-meta":"default","adv-header-id-meta":"","stick-header-meta":"default","header-above-stick-meta":"","header-main-stick-meta":"","header-below-stick-meta":"","astra-migrate-meta-layouts":"default","ast-page-background-enabled":"default","ast-page-background-meta":{"desktop":{"background-color":"","background-image":"","background-repeat":"repeat","background-position":"center center","background-size":"auto","background-attachment":"scroll","background-type":"","background-media":"","overlay-type":"","overlay-color":"","overlay-opacity":"","overlay-gradient":""},"tablet":{"background-color":"","background-image":"","background-repeat":"repeat","background-position":"center center","background-size":"auto","background-attachment":"scroll","background-type":"","background-media":"","overlay-type":"","overlay-color":"","overlay-opacity":"","overlay-gradient":""},"mobile":{"background-color":"","background-image":"","background-repeat":"repeat","background-position":"center center","background-size":"auto","background-attachment":"scroll","background-type":"","background-media":"","overlay-type":"","overlay-color":"","overlay-opacity":"","overlay-gradient":""}},"ast-content-background-meta":{"desktop":{"background-color":"var(--ast-global-color-5)","background-image":"","background-repeat":"repeat","background-position":"center center","background-size":"auto","background-attachment":"scroll","background-type":"","background-media":"","overlay-type":"","overlay-color":"","overlay-opacity":"","overlay-gradient":""},"tablet":{"background-color":"var(--ast-global-color-5)","background-image":"","background-repeat":"repeat","background-position":"center center","background-size":"auto","background-attachment":"scroll","background-type":"","background-media":"","overlay-type":"","overlay-color":"","overlay-opacity":"","overlay-gradient":""},"mobile":{"background-color":"var(--ast-global-color-5)","background-image":"","background-repeat":"repeat","background-position":"center center","background-size":"auto","background-attachment":"scroll","background-type":"","background-media":"","overlay-type":"","overlay-color":"","overlay-opacity":"","overlay-gradient":""}}},"product_brand":[],"product_cat":[416,397,278,214],"product_tag":[],"class_list":{"0":"post-28630","1":"product","2":"type-product","3":"status-publish","4":"has-post-thumbnail","6":"product_cat-atlaides","7":"product_cat-augu-ellas-un-sviests","8":"product_cat-kosmetikas-sagatavosana","9":"product_cat-ziepju-izgatavosana","10":"desktop-align-left","11":"tablet-align-left","12":"mobile-align-left","13":"ast-product-gallery-layout-horizontal","14":"ast-product-gallery-with-no-image","15":"ast-product-single-variable","16":"ast-product-tabs-layout-horizontal","18":"first","19":"instock","20":"taxable","21":"shipping-taxable","22":"purchasable","23":"product-type-variable"},"_links":{"self":[{"href":"https:\/\/nordicdiy.ee\/lv\/wp-json\/wp\/v2\/product\/28630","targetHints":{"allow":["GET"]}}],"collection":[{"href":"https:\/\/nordicdiy.ee\/lv\/wp-json\/wp\/v2\/product"}],"about":[{"href":"https:\/\/nordicdiy.ee\/lv\/wp-json\/wp\/v2\/types\/product"}],"wp:featuredmedia":[{"embeddable":true,"href":"https:\/\/nordicdiy.ee\/lv\/wp-json\/wp\/v2\/media\/28811"}],"wp:attachment":[{"href":"https:\/\/nordicdiy.ee\/lv\/wp-json\/wp\/v2\/media?parent=28630"}],"wp:term":[{"taxonomy":"product_brand","embeddable":true,"href":"https:\/\/nordicdiy.ee\/lv\/wp-json\/wp\/v2\/product_brand?post=28630"},{"taxonomy":"product_cat","embeddable":true,"href":"https:\/\/nordicdiy.ee\/lv\/wp-json\/wp\/v2\/product_cat?post=28630"},{"taxonomy":"product_tag","embeddable":true,"href":"https:\/\/nordicdiy.ee\/lv\/wp-json\/wp\/v2\/product_tag?post=28630"}],"curies":[{"name":"wp","href":"https:\/\/api.w.org\/{rel}","templated":true}]}}