{"id":28655,"date":"2026-03-03T12:50:24","date_gmt":"2026-03-03T09:50:24","guid":{"rendered":"https:\/\/nordicdiy.ee\/epood\/uncategorized\/rafineta-avokado-ella\/"},"modified":"2026-03-25T16:21:49","modified_gmt":"2026-03-25T13:21:49","slug":"rafineta-avokado-ella","status":"publish","type":"product","link":"https:\/\/nordicdiy.ee\/lv\/epood\/ziepju-izgatavosana\/augu-ellas-un-sviests\/rafineta-avokado-ella\/","title":{"rendered":"Rafin\u0113ta avokado e\u013c\u013ca"},"content":{"rendered":"<p><strong>Rafin\u0113ta avokado e\u013c\u013ca ir<\/strong> daudzpus\u012bga un barojo\u0161a augu e\u013c\u013ca, kas ir ide\u0101li piem\u0113rota sausai, jut\u012bgai un nobriedu\u0161ai \u0101dai. Pateicoties rafin\u0113\u0161anas procesam, e\u013c\u013cai ir viegls, dzidrs un neitr\u0101ls arom\u0101ts, t\u0101 \u0101tri ies\u016bcas, neatst\u0101jot taukainu k\u0101rtu. <\/p>\n<p>E\u013c\u013ca ir bag\u0101ta ar tauksk\u0101b\u0113m, A, D, E vitam\u012bniem un fitoster\u012bniem, kas pal\u012bdz dzi\u013ci mitrin\u0101t, atjaunot un aizsarg\u0101t \u0101du no sausuma. Turkl\u0101t t\u0101 uzlabo \u0101das elast\u012bbu un atbalsta \u0101das dabisko aizsargbarjeru. <\/p>\n<p><strong>Ietekme un ieguvumi<\/strong><\/p>\n<ul>\n<li>Intens\u012bvi mitrina un baro \u0101du<\/li>\n<li>Nostiprina \u0101das aizsargbarjeru<\/li>\n<li>Atjauno un izl\u012bdzina epidermu<\/li>\n<li>Uzlabo \u0101das elast\u012bbu<\/li>\n<li>Aizsarg\u0101 pret mitruma zudumu<\/li>\n<li>Stiprina un izl\u012bdzina sausus un boj\u0101tus matus<\/li>\n<\/ul>\n<p><strong>Izmanto\u0161ana<\/strong><\/p>\n<ul>\n<li>Sejas un \u0137erme\u0146a kop\u0161ana<\/li>\n<li>Kr\u0113mi, losjoni un \u0137erme\u0146a kr\u0113mi<\/li>\n<li>Matu maskas un matu e\u013c\u013cas<\/li>\n<li>Mas\u0101\u017eas e\u013c\u013ca<\/li>\n<li>DIY kosm\u0113tikas izgatavo\u0161ana<\/li>\n<\/ul>\n<p><strong>Lieto\u0161ana ziep\u0113s<\/strong><\/p>\n<p><strong>Izkaus\u0113jiet un izlejiet ziepes (M&amp;P):<\/strong><\/p>\n<ul>\n<li>Pievienojiet l\u012bdz 1-3% ziepju mais\u012bjuma.<\/li>\n<li>Pie\u0161\u0137ir ziep\u0113m mitrino\u0161as un kondicion\u0113jo\u0161as \u012bpa\u0161\u012bbas.<\/li>\n<li>Padara ziepes maig\u0101kas un grezn\u0101kas uz \u0101das.<\/li>\n<li>\u012apa\u0161i labi piem\u0113rots sausas un jut\u012bgas \u0101das ziep\u0113m.<\/li>\n<li>P\u0101rm\u0113r\u012bgs daudzums var samazin\u0101t ziepju p\u012b\u0161anos vai padar\u012bt t\u0101s m\u012bkstas.<\/li>\n<\/ul>\n<p><strong>Aukst\u0101 un karst\u0101 procesa ziepes (CP\/HP):<\/strong><\/p>\n<ul>\n<li>Parasti izmanto 5-15% tauku f\u0101zes.<\/li>\n<li>Pie\u0161\u0137ir ziep\u0113m barojo\u0161u un kr\u0113m\u012bgu tekst\u016bru.<\/li>\n<li>Pal\u012bdz samazin\u0101t sausumu p\u0113c mazg\u0101\u0161anas<\/li>\n<\/ul>\n<p><strong>\u0160\u0137\u012bd\u012bba<\/strong><\/p>\n<ul>\n<li>Ne\u0161\u0137\u012bst \u016bden\u012b<\/li>\n<li>\u0160\u0137\u012bst taukos un e\u013c\u013c\u0101s<\/li>\n<\/ul>\n<p><strong>Uzglab\u0101\u0161ana pie<\/strong><\/p>\n<p>Uzglab\u0101t cie\u0161i nosl\u0113gt\u0101 trauk\u0101 saus\u0101, v\u0113s\u0101 viet\u0101, prom no tie\u0161as gaismas.<\/p>\n<p>Uzglab\u0101\u0161anas termi\u0146\u0161: l\u012bdz 24 m\u0113ne\u0161iem pareizos uzglab\u0101\u0161anas apst\u0101k\u013cos.<\/p>\n<p>INCI: PERSEA GRATISSIMA E\u013b\u013bA<\/p>\n","protected":false},"excerpt":{"rendered":"<p data-start=\"158\" data-end=\"343\">Avokado e\u013c\u013ca (rafin\u0113ta) ir viegla un labi uzs\u016bco\u0161a augu e\u013c\u013ca, kas \u012bpa\u0161i piem\u0113rota sausai, jut\u012bgai un nobriedu\u0161ai \u0101dai. T\u0101 mitrina, atjauno un stiprina \u0101du un matus. <\/p>\n<p data-start=\"345\" data-end=\"485\">Lieliski piem\u0113rots DIY kosm\u0113tikai un kaus\u0113jam\u0101m ziep\u0113m (M&amp;P) l\u012bdz 1-3 %, lai <strong data-start=\"423\" data-end=\"431\">pie\u0161\u0137irtu<\/strong> ziep\u0113m <strong data-start=\"423\" data-end=\"431\">kondicion\u0113jo\u0161as<\/strong> un mitrino\u0161as \u012bpa\u0161\u012bbas.<\/p>\n","protected":false},"featured_media":28815,"template":"","meta":{"site-sidebar-layout":"default","site-content-layout":"","ast-site-content-layout":"default","site-content-style":"default","site-sidebar-style":"default","ast-global-header-display":"","ast-banner-title-visibility":"","ast-main-header-display":"","ast-hfb-above-header-display":"","ast-hfb-below-header-display":"","ast-hfb-mobile-header-display":"","site-post-title":"","ast-breadcrumbs-content":"","ast-featured-img":"","footer-sml-layout":"","ast-disable-related-posts":"","theme-transparent-header-meta":"default","adv-header-id-meta":"","stick-header-meta":"default","header-above-stick-meta":"","header-main-stick-meta":"","header-below-stick-meta":"","astra-migrate-meta-layouts":"default","ast-page-background-enabled":"default","ast-page-background-meta":{"desktop":{"background-color":"","background-image":"","background-repeat":"repeat","background-position":"center center","background-size":"auto","background-attachment":"scroll","background-type":"","background-media":"","overlay-type":"","overlay-color":"","overlay-opacity":"","overlay-gradient":""},"tablet":{"background-color":"","background-image":"","background-repeat":"repeat","background-position":"center center","background-size":"auto","background-attachment":"scroll","background-type":"","background-media":"","overlay-type":"","overlay-color":"","overlay-opacity":"","overlay-gradient":""},"mobile":{"background-color":"","background-image":"","background-repeat":"repeat","background-position":"center center","background-size":"auto","background-attachment":"scroll","background-type":"","background-media":"","overlay-type":"","overlay-color":"","overlay-opacity":"","overlay-gradient":""}},"ast-content-background-meta":{"desktop":{"background-color":"var(--ast-global-color-5)","background-image":"","background-repeat":"repeat","background-position":"center center","background-size":"auto","background-attachment":"scroll","background-type":"","background-media":"","overlay-type":"","overlay-color":"","overlay-opacity":"","overlay-gradient":""},"tablet":{"background-color":"var(--ast-global-color-5)","background-image":"","background-repeat":"repeat","background-position":"center center","background-size":"auto","background-attachment":"scroll","background-type":"","background-media":"","overlay-type":"","overlay-color":"","overlay-opacity":"","overlay-gradient":""},"mobile":{"background-color":"var(--ast-global-color-5)","background-image":"","background-repeat":"repeat","background-position":"center center","background-size":"auto","background-attachment":"scroll","background-type":"","background-media":"","overlay-type":"","overlay-color":"","overlay-opacity":"","overlay-gradient":""}}},"product_brand":[],"product_cat":[416,397,278,214],"product_tag":[],"class_list":{"0":"post-28655","1":"product","2":"type-product","3":"status-publish","4":"has-post-thumbnail","6":"product_cat-atlaides","7":"product_cat-augu-ellas-un-sviests","8":"product_cat-kosmetikas-sagatavosana","9":"product_cat-ziepju-izgatavosana","10":"desktop-align-left","11":"tablet-align-left","12":"mobile-align-left","13":"ast-product-gallery-layout-horizontal","14":"ast-product-gallery-with-no-image","15":"ast-product-single-variable","16":"ast-product-tabs-layout-horizontal","18":"first","19":"instock","20":"taxable","21":"shipping-taxable","22":"purchasable","23":"product-type-variable"},"_links":{"self":[{"href":"https:\/\/nordicdiy.ee\/lv\/wp-json\/wp\/v2\/product\/28655","targetHints":{"allow":["GET"]}}],"collection":[{"href":"https:\/\/nordicdiy.ee\/lv\/wp-json\/wp\/v2\/product"}],"about":[{"href":"https:\/\/nordicdiy.ee\/lv\/wp-json\/wp\/v2\/types\/product"}],"wp:featuredmedia":[{"embeddable":true,"href":"https:\/\/nordicdiy.ee\/lv\/wp-json\/wp\/v2\/media\/28815"}],"wp:attachment":[{"href":"https:\/\/nordicdiy.ee\/lv\/wp-json\/wp\/v2\/media?parent=28655"}],"wp:term":[{"taxonomy":"product_brand","embeddable":true,"href":"https:\/\/nordicdiy.ee\/lv\/wp-json\/wp\/v2\/product_brand?post=28655"},{"taxonomy":"product_cat","embeddable":true,"href":"https:\/\/nordicdiy.ee\/lv\/wp-json\/wp\/v2\/product_cat?post=28655"},{"taxonomy":"product_tag","embeddable":true,"href":"https:\/\/nordicdiy.ee\/lv\/wp-json\/wp\/v2\/product_tag?post=28655"}],"curies":[{"name":"wp","href":"https:\/\/api.w.org\/{rel}","templated":true}]}}