{"id":28676,"date":"2026-03-03T13:50:29","date_gmt":"2026-03-03T10:50:29","guid":{"rendered":"https:\/\/nordicdiy.ee\/epood\/uncategorized\/rafineta-vinogu-seklu-ella\/"},"modified":"2026-03-17T15:13:15","modified_gmt":"2026-03-17T12:13:15","slug":"rafineta-vinogu-seklu-ella","status":"publish","type":"product","link":"https:\/\/nordicdiy.ee\/lv\/epood\/ziepju-izgatavosana\/augu-ellas-un-sviests\/rafineta-vinogu-seklu-ella\/","title":{"rendered":"Rafin\u0113ta v\u012bnogu s\u0113klu e\u013c\u013ca"},"content":{"rendered":"<p><strong>Rafin\u0113ta v\u012bnogu kauli\u0146u e\u013c\u013ca ir<\/strong> viegla un univers\u0101la augu e\u013c\u013ca, kas piem\u0113rota ikdienas \u0101das un matu kop\u0161anai. Tai ir dzelten\u012bgs l\u012bdz za\u013cgans nokr\u0101sojums, t\u0101 ir praktiski bez smar\u017eas un ar vieglu, neitr\u0101lu sast\u0101vu. <\/p>\n<p>Pateicoties att\u012br\u012b\u0161anas procesam, e\u013c\u013cai ir dzidra, maiga tekst\u016bra, un t\u0101 ir piem\u0113rota ar\u012b jut\u012bgai \u0101dai. T\u0101 \u0101tri ies\u016bcas un neatst\u0101j taukainu saj\u016btu. <\/p>\n<p>E\u013c\u013c\u0101 ir daudz omega-6 tauksk\u0101bju, E vitam\u012bna, k\u0101 ar\u012b C, D un beta-karot\u012bna vitam\u012bnu, kas pal\u012bdz mitrin\u0101t, aizsarg\u0101t un uztur\u0113t \u0101das dabisko atjauno\u0161an\u0101s procesu.<\/p>\n<p><strong>Ietekme un ieguvumi<\/strong><\/p>\n<ul>\n<li>Mitrina un izl\u012bdzina \u0101du<\/li>\n<li>Neaizsprosto poras - piem\u0113rots ar\u012b taukainai un problem\u0101tiskai \u0101dai<\/li>\n<li>Veicina \u0101das atjauno\u0161anos un elast\u012bbu<\/li>\n<li>Aizsarg\u0101 \u0101du no mitruma zuduma<\/li>\n<li>Pal\u012bdz toniz\u0113t un nostiprin\u0101t \u0101du<\/li>\n<li>Satur antioksidantus, kas pal\u0113nina \u0101das noveco\u0161anos.<\/li>\n<li>Baro un stiprina matus, pie\u0161\u0137ir sp\u012bdumu.<\/li>\n<\/ul>\n<p><strong>Izmanto\u0161ana<\/strong><\/p>\n<ul>\n<li>Sejas un \u0137erme\u0146a kop\u0161ana<\/li>\n<li>Sejas e\u013c\u013cas un serumi<\/li>\n<li>Kr\u0113mi un losjoni<\/li>\n<li>Matu maskas un matu e\u013c\u013cas<\/li>\n<li>Mas\u0101\u017eas e\u013c\u013ca vai mas\u0101\u017eas svece<\/li>\n<li>DIY kosm\u0113tikas izgatavo\u0161ana<\/li>\n<\/ul>\n<p><strong>Lieto\u0161ana ziep\u0113s<\/strong><\/p>\n<p><strong>Izkaus\u0113jiet un izlejiet ziepes (M&amp;P):<\/strong><\/p>\n<ul>\n<li>Pievienojiet l\u012bdz 1-3% ziepju mais\u012bjuma.<\/li>\n<li>Pie\u0161\u0137ir ziep\u0113m vieglu un mitrino\u0161u efektu.<\/li>\n<li>Nepadara ziepes smagas vai taukainas.<\/li>\n<li>Piem\u0113rots sejas ziep\u0113m un jut\u012bgai \u0101dai<\/li>\n<li>P\u0101rm\u0113r\u012bgs daudzums var samazin\u0101t putu veido\u0161anos<\/li>\n<li>Aukst\u0101 un karst\u0101 procesa ziepes (CP\/HP):<\/li>\n<li>Parasti izmanto 5-15% tauku f\u0101zes.<\/li>\n<li>Pie\u0161\u0137ir ziep\u0113m z\u012bdainu un vieglu saj\u016btu.<\/li>\n<li>Labi piem\u0113rots smag\u0101ku e\u013c\u013cu l\u012bdzsvaro\u0161anai<\/li>\n<\/ul>\n<p><strong>\u0160\u0137\u012bd\u012bba<\/strong><\/p>\n<ul>\n<li>Ne\u0161\u0137\u012bst \u016bden\u012b<\/li>\n<li>Nedaudz \u0161\u0137\u012bst etanol\u0101 (96 %)<\/li>\n<li>\u0160\u0137\u012bst hloroform\u0101 un \u0113ter\u012b<\/li>\n<\/ul>\n<p>Uzglab\u0101\u0161ana. Uzglab\u0101t cie\u0161i nosl\u0113gt\u0101 trauk\u0101 saus\u0101 viet\u0101, pasarg\u0101t\u0101 no gaismas. <\/p>\n<p>Der\u012bguma termi\u0146\u0161: l\u012bdz 24 m\u0113ne\u0161iem, ja uzglab\u0101\u0161ana notiek pareizos apst\u0101k\u013cos un ori\u0123in\u0101laj\u0101 iepakojum\u0101.<\/p>\n<p>INCI: VITIS VINIFERA S\u0112KLU E\u013b\u013bA<\/p>\n","protected":false},"excerpt":{"rendered":"<p data-start=\"137\" data-end=\"342\">V\u012bnogu kauli\u0146u e\u013c\u013ca (rafin\u0113ta) ir viegla un \u0101tri uzs\u016bco\u0161a augu e\u013c\u013ca, kas mitrina, izl\u012bdzina un veicina \u0101das atjauno\u0161anos. T\u0101 ir ide\u0101li piem\u0113rota taukainai, jauktai un jut\u012bgai \u0101dai, jo neaizsprosto poras. <\/p>\n<p data-start=\"344\" data-end=\"464\">Lieliska izv\u0113le ar\u012b ziepju kaus\u0113\u0161anai un lie\u0161anai (M&amp;P) l\u012bdz 1-3 %, lai <strong data-start=\"402\" data-end=\"410\">pie\u0161\u0137irtu<\/strong> ziep\u0113m <strong data-start=\"402\" data-end=\"410\">vieglumu<\/strong> un \u0101dai draudz\u012bgas \u012bpa\u0161\u012bbas.<\/p>\n","protected":false},"featured_media":28819,"template":"","meta":{"site-sidebar-layout":"default","site-content-layout":"","ast-site-content-layout":"default","site-content-style":"default","site-sidebar-style":"default","ast-global-header-display":"","ast-banner-title-visibility":"","ast-main-header-display":"","ast-hfb-above-header-display":"","ast-hfb-below-header-display":"","ast-hfb-mobile-header-display":"","site-post-title":"","ast-breadcrumbs-content":"","ast-featured-img":"","footer-sml-layout":"","ast-disable-related-posts":"","theme-transparent-header-meta":"default","adv-header-id-meta":"","stick-header-meta":"default","header-above-stick-meta":"","header-main-stick-meta":"","header-below-stick-meta":"","astra-migrate-meta-layouts":"default","ast-page-background-enabled":"default","ast-page-background-meta":{"desktop":{"background-color":"","background-image":"","background-repeat":"repeat","background-position":"center center","background-size":"auto","background-attachment":"scroll","background-type":"","background-media":"","overlay-type":"","overlay-color":"","overlay-opacity":"","overlay-gradient":""},"tablet":{"background-color":"","background-image":"","background-repeat":"repeat","background-position":"center center","background-size":"auto","background-attachment":"scroll","background-type":"","background-media":"","overlay-type":"","overlay-color":"","overlay-opacity":"","overlay-gradient":""},"mobile":{"background-color":"","background-image":"","background-repeat":"repeat","background-position":"center center","background-size":"auto","background-attachment":"scroll","background-type":"","background-media":"","overlay-type":"","overlay-color":"","overlay-opacity":"","overlay-gradient":""}},"ast-content-background-meta":{"desktop":{"background-color":"var(--ast-global-color-5)","background-image":"","background-repeat":"repeat","background-position":"center center","background-size":"auto","background-attachment":"scroll","background-type":"","background-media":"","overlay-type":"","overlay-color":"","overlay-opacity":"","overlay-gradient":""},"tablet":{"background-color":"var(--ast-global-color-5)","background-image":"","background-repeat":"repeat","background-position":"center center","background-size":"auto","background-attachment":"scroll","background-type":"","background-media":"","overlay-type":"","overlay-color":"","overlay-opacity":"","overlay-gradient":""},"mobile":{"background-color":"var(--ast-global-color-5)","background-image":"","background-repeat":"repeat","background-position":"center center","background-size":"auto","background-attachment":"scroll","background-type":"","background-media":"","overlay-type":"","overlay-color":"","overlay-opacity":"","overlay-gradient":""}}},"product_brand":[],"product_cat":[416,397,278,214],"product_tag":[],"class_list":{"0":"post-28676","1":"product","2":"type-product","3":"status-publish","4":"has-post-thumbnail","6":"product_cat-atlaides","7":"product_cat-augu-ellas-un-sviests","8":"product_cat-kosmetikas-sagatavosana","9":"product_cat-ziepju-izgatavosana","10":"desktop-align-left","11":"tablet-align-left","12":"mobile-align-left","13":"ast-product-gallery-layout-horizontal","14":"ast-product-gallery-with-no-image","15":"ast-product-single-variable","16":"ast-product-tabs-layout-horizontal","18":"first","19":"instock","20":"taxable","21":"shipping-taxable","22":"purchasable","23":"product-type-variable"},"_links":{"self":[{"href":"https:\/\/nordicdiy.ee\/lv\/wp-json\/wp\/v2\/product\/28676","targetHints":{"allow":["GET"]}}],"collection":[{"href":"https:\/\/nordicdiy.ee\/lv\/wp-json\/wp\/v2\/product"}],"about":[{"href":"https:\/\/nordicdiy.ee\/lv\/wp-json\/wp\/v2\/types\/product"}],"wp:featuredmedia":[{"embeddable":true,"href":"https:\/\/nordicdiy.ee\/lv\/wp-json\/wp\/v2\/media\/28819"}],"wp:attachment":[{"href":"https:\/\/nordicdiy.ee\/lv\/wp-json\/wp\/v2\/media?parent=28676"}],"wp:term":[{"taxonomy":"product_brand","embeddable":true,"href":"https:\/\/nordicdiy.ee\/lv\/wp-json\/wp\/v2\/product_brand?post=28676"},{"taxonomy":"product_cat","embeddable":true,"href":"https:\/\/nordicdiy.ee\/lv\/wp-json\/wp\/v2\/product_cat?post=28676"},{"taxonomy":"product_tag","embeddable":true,"href":"https:\/\/nordicdiy.ee\/lv\/wp-json\/wp\/v2\/product_tag?post=28676"}],"curies":[{"name":"wp","href":"https:\/\/api.w.org\/{rel}","templated":true}]}}