{"id":28698,"date":"2026-03-03T18:32:57","date_gmt":"2026-03-03T15:32:57","guid":{"rendered":"https:\/\/nordicdiy.ee\/epood\/uncategorized\/kokosriekstu-ella-rafineta-cieta-veida\/"},"modified":"2026-03-25T16:21:49","modified_gmt":"2026-03-25T13:21:49","slug":"kokosriekstu-ella-rafineta-cieta-veida","status":"publish","type":"product","link":"https:\/\/nordicdiy.ee\/lv\/epood\/ziepju-izgatavosana\/augu-ellas-un-sviests\/kokosriekstu-ella-rafineta-cieta-veida\/","title":{"rendered":"Rafin\u0113ta kokosriekstu e\u013c\u013ca (cieta)"},"content":{"rendered":"<p><strong>Rafin\u0113ta kokosriekstu e\u013c\u013ca ir<\/strong> 100% dabiski rafin\u0113ti augu tauki, kas istabas temperat\u016br\u0101 ir cieti, bet \u0101tri k\u016bst uz \u0101das. Pateicoties rafin\u0113\u0161anas procesam, t\u0101 ir bez smar\u017eviel\u0101m, gai\u0161a un daudzpus\u012bga, ide\u0101li piem\u0113rota gan kosm\u0113tikas, gan ziepju ra\u017eo\u0161anai. <\/p>\n<p>Kokosriekstu e\u013c\u013ca satur E vitam\u012bnu un antioksidantus, kas pal\u012bdz aizsarg\u0101t, m\u012bkstin\u0101t un uztur\u0113t \u0101das jaunekl\u012bgu izskatu. Turkl\u0101t tai piem\u012bt nomierino\u0161as un antibakteri\u0101las \u012bpa\u0161\u012bbas, kas pal\u012bdz mazin\u0101t mikrobu izrais\u012btos \u0101das kairin\u0101jumus. <\/p>\n<p><strong>Ietekme un ieguvumi<\/strong><\/p>\n<ul>\n<li>Mitrina un pal\u012bdz uztur\u0113t \u0101das mitruma l\u012bdzsvaru<\/li>\n<li>M\u012bkstina un izl\u012bdzina \u0101du<\/li>\n<li>Aizsarg\u0101 \u0101du no iz\u017e\u016b\u0161anas un plais\u0101\u0161anas<\/li>\n<li>Atbalsta \u0101das elast\u012bbu un pal\u012bdz pal\u0113nin\u0101t noveco\u0161an\u0101s paz\u012bmes.<\/li>\n<li>Nomierina un nomierina \u0101das kairin\u0101jumus<\/li>\n<li>Baro un stiprina matus<\/li>\n<\/ul>\n<p><strong>Lieto\u0161ana kosm\u0113tik\u0101<\/strong><\/p>\n<p>Kokosriekstu e\u013c\u013ca ir \u013coti univers\u0101la, un to var izmantot k\u0101 sast\u0101vda\u013cu vai t\u012br\u0101 veid\u0101:<\/p>\n<ul>\n<li>Sejas un \u0137erme\u0146a e\u013c\u013ca<\/li>\n<li>L\u016bpu balzams<\/li>\n<li>Acu apr\u016bpe<\/li>\n<li>Matu maska un e\u013c\u013ca<\/li>\n<li>Sk\u016b\u0161an\u0101s e\u013c\u013ca<\/li>\n<li>Mas\u0101\u017eas e\u013c\u013ca<\/li>\n<li>\u0136erme\u0146a skrubis (ar cukuru vai s\u0101li)<\/li>\n<li>L\u012bdzek\u013ci kosm\u0113tikas no\u0146em\u0161anai<\/li>\n<li>Kr\u0113mi, losjoni un kondicionieri<\/li>\n<\/ul>\n<p>Pateicoties zemajam ku\u0161anas punktam (~24 \u00b0C), e\u013c\u013ca viegli k\u016bst un labi sl\u012bd uz \u0101das, nodro\u0161inot \u0113rtu uzkl\u0101\u0161anas pieredzi.<\/p>\n<p><strong>Lieto\u0161ana ziep\u0113s<\/strong><\/p>\n<p><strong>Izkaus\u0113jiet un izlejiet ziepes (M&amp;P):<\/strong><\/p>\n<p>Pievienojiet l\u012bdz 1-3%<\/p>\n<ul>\n<li>Uzlabo ziepju kondicion\u0113jo\u0161\u0101s \u012bpa\u0161\u012bbas<\/li>\n<li>Sniedz \u0101dai maigu un z\u012bdainu saj\u016btu<\/li>\n<li>P\u0101rm\u0113r\u012bgs daudzums var padar\u012bt ziepes m\u012bkstas.<\/li>\n<\/ul>\n<p><strong>Aukst\u0101 un karst\u0101 procesa ziepes (CP\/HP):<\/strong><\/p>\n<p>Ieteicamais daudzums l\u012bdz 30 % no tauku f\u0101zes<\/p>\n<p>D\u0101vina ziepes:<\/p>\n<ul>\n<li>bag\u0101t\u012bgas putas ar lielu burbu\u013cu veido\u0161anos<\/li>\n<li>laba t\u012br\u012b\u0161anas darb\u012bba<\/li>\n<li>ciet\u012bba<\/li>\n<\/ul>\n<p>P\u0101rm\u0113r\u012bgs daudzums var sausin\u0101t \u0101du - ieteicams kombin\u0113t ar m\u012bkstino\u0161\u0101m e\u013c\u013c\u0101m (piem\u0113ram, mande\u013cu vai avokado e\u013c\u013cu).<\/p>\n<p><strong>Lieto\u0161ana mas\u0101\u017eas svec\u0113s<\/strong><\/p>\n<p>Kokosriekstu e\u013c\u013ca ir ide\u0101la sast\u0101vda\u013ca mas\u0101\u017eas sve\u010du izgatavo\u0161anai:<\/p>\n<ul>\n<li>Zems ku\u0161anas punkts - dro\u0161s \u0101dai<\/li>\n<li>Laba sl\u012bdo\u0161\u0101 mas\u0101\u017ea<\/li>\n<li>Mitrina un m\u012bkstina \u0101du<\/li>\n<li>Neatst\u0101j \u0101du smagu vai lip\u012bgu<\/li>\n<\/ul>\n<p>Ieteikumi:<\/p>\n<p>Lietojiet kop\u0101 ar Sojas vasku vai citu augu vasku.<\/p>\n<p>Pievienojiet 10-30% kokosriekstu e\u013c\u013cas, lai svece b\u016btu m\u012bkst\u0101ka un maig\u0101ka \u0101dai.<\/p>\n<p><strong>\u0160\u0137\u012bd\u012bba<\/strong><\/p>\n<ul>\n<li>Ne\u0161\u0137\u012bst \u016bden\u012b<\/li>\n<li>\u0160\u0137\u012bst taukos un e\u013c\u013c\u0101s<\/li>\n<\/ul>\n<p><strong>Uzglab\u0101\u0161ana pie<\/strong><\/p>\n<p>Uzglab\u0101t cie\u0161i nosl\u0113gt\u0101 trauk\u0101 saus\u0101, v\u0113s\u0101 viet\u0101, prom no tie\u0161as gaismas.<\/p>\n<p>Uzglab\u0101\u0161anas termi\u0146\u0161: l\u012bdz 24 m\u0113ne\u0161iem pareizos uzglab\u0101\u0161anas apst\u0101k\u013cos.<\/p>\n<p>INCI: COCOS NUCIFERA E\u013b\u013bA<\/p>\n","protected":false},"excerpt":{"rendered":"<p data-start=\"145\" data-end=\"340\">Kokosriekstu e\u013c\u013ca (rafin\u0113ta) ir 100 % dab\u012bgs augu tauki bez smar\u017eviel\u0101m, kas mitrina, m\u012bkstina un aizsarg\u0101 \u0101du un matus. Ide\u0101li piem\u0113rota kosm\u0113tikai, ziep\u0113m un mas\u0101\u017eas svec\u0113m. <\/p>\n<p data-start=\"342\" data-end=\"436\">\u0160\u0137\u012bst no +24 \u00b0C un ir ide\u0101li piem\u0113rots ar\u012b ziepju kaus\u0113\u0161anai un lie\u0161anai (M&amp;P) l\u012bdz 1-3 %.<\/p>\n","protected":false},"featured_media":28830,"template":"","meta":{"site-sidebar-layout":"default","site-content-layout":"","ast-site-content-layout":"default","site-content-style":"default","site-sidebar-style":"default","ast-global-header-display":"","ast-banner-title-visibility":"","ast-main-header-display":"","ast-hfb-above-header-display":"","ast-hfb-below-header-display":"","ast-hfb-mobile-header-display":"","site-post-title":"","ast-breadcrumbs-content":"","ast-featured-img":"","footer-sml-layout":"","ast-disable-related-posts":"","theme-transparent-header-meta":"default","adv-header-id-meta":"","stick-header-meta":"default","header-above-stick-meta":"","header-main-stick-meta":"","header-below-stick-meta":"","astra-migrate-meta-layouts":"default","ast-page-background-enabled":"default","ast-page-background-meta":{"desktop":{"background-color":"","background-image":"","background-repeat":"repeat","background-position":"center center","background-size":"auto","background-attachment":"scroll","background-type":"","background-media":"","overlay-type":"","overlay-color":"","overlay-opacity":"","overlay-gradient":""},"tablet":{"background-color":"","background-image":"","background-repeat":"repeat","background-position":"center center","background-size":"auto","background-attachment":"scroll","background-type":"","background-media":"","overlay-type":"","overlay-color":"","overlay-opacity":"","overlay-gradient":""},"mobile":{"background-color":"","background-image":"","background-repeat":"repeat","background-position":"center center","background-size":"auto","background-attachment":"scroll","background-type":"","background-media":"","overlay-type":"","overlay-color":"","overlay-opacity":"","overlay-gradient":""}},"ast-content-background-meta":{"desktop":{"background-color":"var(--ast-global-color-5)","background-image":"","background-repeat":"repeat","background-position":"center center","background-size":"auto","background-attachment":"scroll","background-type":"","background-media":"","overlay-type":"","overlay-color":"","overlay-opacity":"","overlay-gradient":""},"tablet":{"background-color":"var(--ast-global-color-5)","background-image":"","background-repeat":"repeat","background-position":"center center","background-size":"auto","background-attachment":"scroll","background-type":"","background-media":"","overlay-type":"","overlay-color":"","overlay-opacity":"","overlay-gradient":""},"mobile":{"background-color":"var(--ast-global-color-5)","background-image":"","background-repeat":"repeat","background-position":"center center","background-size":"auto","background-attachment":"scroll","background-type":"","background-media":"","overlay-type":"","overlay-color":"","overlay-opacity":"","overlay-gradient":""}}},"product_brand":[],"product_cat":[416,397,214],"product_tag":[],"class_list":{"0":"post-28698","1":"product","2":"type-product","3":"status-publish","4":"has-post-thumbnail","6":"product_cat-atlaides","7":"product_cat-augu-ellas-un-sviests","8":"product_cat-ziepju-izgatavosana","9":"desktop-align-left","10":"tablet-align-left","11":"mobile-align-left","12":"ast-product-gallery-layout-horizontal","13":"ast-product-gallery-with-no-image","14":"ast-product-single-variable","15":"ast-product-tabs-layout-horizontal","17":"first","18":"instock","19":"taxable","20":"shipping-taxable","21":"purchasable","22":"product-type-variable"},"_links":{"self":[{"href":"https:\/\/nordicdiy.ee\/lv\/wp-json\/wp\/v2\/product\/28698","targetHints":{"allow":["GET"]}}],"collection":[{"href":"https:\/\/nordicdiy.ee\/lv\/wp-json\/wp\/v2\/product"}],"about":[{"href":"https:\/\/nordicdiy.ee\/lv\/wp-json\/wp\/v2\/types\/product"}],"wp:featuredmedia":[{"embeddable":true,"href":"https:\/\/nordicdiy.ee\/lv\/wp-json\/wp\/v2\/media\/28830"}],"wp:attachment":[{"href":"https:\/\/nordicdiy.ee\/lv\/wp-json\/wp\/v2\/media?parent=28698"}],"wp:term":[{"taxonomy":"product_brand","embeddable":true,"href":"https:\/\/nordicdiy.ee\/lv\/wp-json\/wp\/v2\/product_brand?post=28698"},{"taxonomy":"product_cat","embeddable":true,"href":"https:\/\/nordicdiy.ee\/lv\/wp-json\/wp\/v2\/product_cat?post=28698"},{"taxonomy":"product_tag","embeddable":true,"href":"https:\/\/nordicdiy.ee\/lv\/wp-json\/wp\/v2\/product_tag?post=28698"}],"curies":[{"name":"wp","href":"https:\/\/api.w.org\/{rel}","templated":true}]}}