{"id":28721,"date":"2026-03-03T19:18:10","date_gmt":"2026-03-03T16:18:10","guid":{"rendered":"https:\/\/nordicdiy.ee\/epood\/uncategorized\/jojobas-ella\/"},"modified":"2026-03-17T19:46:36","modified_gmt":"2026-03-17T16:46:36","slug":"jojobas-ella","status":"publish","type":"product","link":"https:\/\/nordicdiy.ee\/lv\/epood\/ziepju-izgatavosana\/augu-ellas-un-sviests\/jojobas-ella\/","title":{"rendered":"Jojobas e\u013c\u013ca"},"content":{"rendered":"<p><strong>Jojobas e\u013c\u013ca ir viena no popul\u0101r\u0101kaj\u0101m dab\u012bgaj\u0101m kosm\u0113tikas e\u013c\u013c\u0101m, kas ir<\/strong> \u0161\u0137idrs <strong>vasks<\/strong>. E\u013c\u013cu ieg\u016bst no jojobas koka aug\u013ciem, un t\u0101 ir paz\u012bstama ar savu lielisko uzs\u016bktsp\u0113ju un \u0101du l\u012bdzsvarojo\u0161aj\u0101m \u012bpa\u0161\u012bb\u0101m. <\/p>\n<p>Jojobas e\u013c\u013ca ir bag\u0101ta ar E vitam\u012bnu, un t\u0101s sast\u0101vs ir l\u012bdz\u012bgs \u0101das dabiskajam sebum, t\u0101p\u0113c t\u0101 pal\u012bdz atjaunot \u0101das dabisko pH un mitruma l\u012bdzsvaru.<\/p>\n<p><strong>Ietekme un ieguvumi<\/strong><\/p>\n<ul>\n<li>Mitrina un dzi\u013ci baro \u0101du<\/li>\n<li>Pal\u012bdz atjaunot \u0101das dabisko l\u012bdzsvaru<\/li>\n<li>Uzlabo \u0101das elast\u012bbu un maigumu<\/li>\n<li>Piem\u0113rots sausai, jut\u012bgai un problem\u0101tiskai \u0101dai.<\/li>\n<li>piem\u012bt pretiekaisuma \u012bpa\u0161\u012bbas<\/li>\n<li>Var pal\u012bdz\u0113t mazin\u0101t ekz\u0113mu, psori\u0101zi un saules apdegumus.<\/li>\n<li>Aizsarg\u0101 \u0101du no sausuma un kairin\u0101juma<\/li>\n<li>Stiprina un kopj matus<\/li>\n<\/ul>\n<p><strong>Lieto\u0161ana kosm\u0113tik\u0101<\/strong><\/p>\n<p>Jojobas e\u013c\u013ca ir \u013coti univers\u0101la, un to var izmantot k\u0101 t\u012bru e\u013c\u013cu vai sast\u0101vda\u013cu:<\/p>\n<ul>\n<li>Sejas un \u0137erme\u0146a e\u013c\u013ca<\/li>\n<li>L\u012bdzek\u013ci kosm\u0113tikas no\u0146em\u0161anai (no\u0146em net\u012brumus un bakt\u0113rijas)<\/li>\n<li>Sk\u016b\u0161an\u0101s e\u013c\u013ca - pal\u012bdz nov\u0113rst kairin\u0101jumu un skuvek\u013ca apdegumus.<\/li>\n<li>Matu kop\u0161ana (pievienojot kondicionierim vai iemas\u0113jot galvas \u0101d\u0101).<\/li>\n<li>Kr\u0113mi, losjoni un serumi<\/li>\n<li>Mas\u0101\u017eas e\u013c\u013ca<\/li>\n<\/ul>\n<p>Lieto\u0161ana:<br \/>\nNelielu e\u013c\u013cas daudzumu uzkl\u0101jiet no r\u012bta un vakar\u0101 uz viegli samitrin\u0101tas \u0101das, lai t\u0101 lab\u0101k uzs\u016bcas.<\/p>\n<p><strong>Lieto\u0161ana ziep\u0113s<\/strong><\/p>\n<p><strong>Izkaus\u0113jiet un izlejiet ziepes (M&amp;P):<\/strong><\/p>\n<p>Pievienojiet l\u012bdz 1-3%<\/p>\n<ul>\n<li>Pie\u0161\u0137ir ziep\u0113m greznu un barojo\u0161u iedarb\u012bbu uz \u0101du.<\/li>\n<li>\u012apa\u0161i piem\u0113rots sejas t\u012br\u012b\u0161anai<\/li>\n<li>P\u0101rm\u0113r\u012bgs daudzums var padar\u012bt ziepes m\u012bkstas.<\/li>\n<\/ul>\n<p><strong>Aukst\u0101 un karst\u0101 procesa ziepes (CP\/HP):<\/strong><\/p>\n<ul>\n<li>Izmantot l\u012bdz 5% tauku f\u0101zes<\/li>\n<li>Uzlabo ziepju kondicion\u0113jo\u0161\u0101s \u012bpa\u0161\u012bbas<\/li>\n<li>Nesniedz daudz putu - vair\u0101k uztur\u0113\u0161anas komponents.<\/li>\n<\/ul>\n<p><strong>\u0160\u0137\u012bd\u012bba<\/strong><\/p>\n<ul>\n<li>Ne\u0161\u0137\u012bst \u016bden\u012b<\/li>\n<li>\u0160\u0137\u012bst taukos un e\u013c\u013c\u0101s<\/li>\n<\/ul>\n<p>Uzglab\u0101\u0161ana. Uzglab\u0101t cie\u0161i nosl\u0113gt\u0101 trauk\u0101 saus\u0101, v\u0113s\u0101 viet\u0101, prom no tie\u0161iem saules stariem. <\/p>\n<p>Der\u012bguma termi\u0146\u0161. L\u012bdz 24 m\u0113ne\u0161iem pareizos glab\u0101\u0161anas apst\u0101k\u013cos. <\/p>\n<p>INCI: SIMMONDSIA CHINENSIS S\u0112KLU E\u013b\u013bA<\/p>\n","protected":false},"excerpt":{"rendered":"<p data-start=\"129\" data-end=\"339\">Jojobas e\u013c\u013ca ir 100% dab\u012bga aukst\u0101 spieduma \u0161\u0137idra e\u013c\u013ca, kas \u0101tri ies\u016bcas un pal\u012bdz atjaunot \u0101das dabisko mitruma l\u012bdzsvaru un pH l\u012bmeni. Ide\u0101li piem\u0113rota \u0101das un matu kop\u0161anai, k\u0101 ar\u012b DIY kosm\u0113tikai. <\/p>\n<p data-start=\"341\" data-end=\"434\">Nelielos daudzumos (<strong data-start=\"377\" data-end=\"390\">l\u012bdz 1-3%)<\/strong> izmantojiet ziepju sast\u0101v\u0101,<strong data-start=\"377\" data-end=\"390\">lai pie\u0161\u0137irtu<\/strong> t\u0101m greznas kondicion\u0113\u0161anas \u012bpa\u0161\u012bbas.<\/p>\n","protected":false},"featured_media":28823,"template":"","meta":{"site-sidebar-layout":"default","site-content-layout":"","ast-site-content-layout":"default","site-content-style":"default","site-sidebar-style":"default","ast-global-header-display":"","ast-banner-title-visibility":"","ast-main-header-display":"","ast-hfb-above-header-display":"","ast-hfb-below-header-display":"","ast-hfb-mobile-header-display":"","site-post-title":"","ast-breadcrumbs-content":"","ast-featured-img":"","footer-sml-layout":"","ast-disable-related-posts":"","theme-transparent-header-meta":"default","adv-header-id-meta":"","stick-header-meta":"default","header-above-stick-meta":"","header-main-stick-meta":"","header-below-stick-meta":"","astra-migrate-meta-layouts":"default","ast-page-background-enabled":"default","ast-page-background-meta":{"desktop":{"background-color":"","background-image":"","background-repeat":"repeat","background-position":"center center","background-size":"auto","background-attachment":"scroll","background-type":"","background-media":"","overlay-type":"","overlay-color":"","overlay-opacity":"","overlay-gradient":""},"tablet":{"background-color":"","background-image":"","background-repeat":"repeat","background-position":"center center","background-size":"auto","background-attachment":"scroll","background-type":"","background-media":"","overlay-type":"","overlay-color":"","overlay-opacity":"","overlay-gradient":""},"mobile":{"background-color":"","background-image":"","background-repeat":"repeat","background-position":"center center","background-size":"auto","background-attachment":"scroll","background-type":"","background-media":"","overlay-type":"","overlay-color":"","overlay-opacity":"","overlay-gradient":""}},"ast-content-background-meta":{"desktop":{"background-color":"var(--ast-global-color-5)","background-image":"","background-repeat":"repeat","background-position":"center center","background-size":"auto","background-attachment":"scroll","background-type":"","background-media":"","overlay-type":"","overlay-color":"","overlay-opacity":"","overlay-gradient":""},"tablet":{"background-color":"var(--ast-global-color-5)","background-image":"","background-repeat":"repeat","background-position":"center center","background-size":"auto","background-attachment":"scroll","background-type":"","background-media":"","overlay-type":"","overlay-color":"","overlay-opacity":"","overlay-gradient":""},"mobile":{"background-color":"var(--ast-global-color-5)","background-image":"","background-repeat":"repeat","background-position":"center center","background-size":"auto","background-attachment":"scroll","background-type":"","background-media":"","overlay-type":"","overlay-color":"","overlay-opacity":"","overlay-gradient":""}}},"product_brand":[],"product_cat":[416,397,278,214],"product_tag":[],"class_list":{"0":"post-28721","1":"product","2":"type-product","3":"status-publish","4":"has-post-thumbnail","6":"product_cat-atlaides","7":"product_cat-augu-ellas-un-sviests","8":"product_cat-kosmetikas-sagatavosana","9":"product_cat-ziepju-izgatavosana","10":"desktop-align-left","11":"tablet-align-left","12":"mobile-align-left","13":"ast-product-gallery-layout-horizontal","14":"ast-product-gallery-with-no-image","15":"ast-product-single-variable","16":"ast-product-tabs-layout-horizontal","18":"first","19":"instock","20":"taxable","21":"shipping-taxable","22":"purchasable","23":"product-type-variable"},"_links":{"self":[{"href":"https:\/\/nordicdiy.ee\/lv\/wp-json\/wp\/v2\/product\/28721","targetHints":{"allow":["GET"]}}],"collection":[{"href":"https:\/\/nordicdiy.ee\/lv\/wp-json\/wp\/v2\/product"}],"about":[{"href":"https:\/\/nordicdiy.ee\/lv\/wp-json\/wp\/v2\/types\/product"}],"wp:featuredmedia":[{"embeddable":true,"href":"https:\/\/nordicdiy.ee\/lv\/wp-json\/wp\/v2\/media\/28823"}],"wp:attachment":[{"href":"https:\/\/nordicdiy.ee\/lv\/wp-json\/wp\/v2\/media?parent=28721"}],"wp:term":[{"taxonomy":"product_brand","embeddable":true,"href":"https:\/\/nordicdiy.ee\/lv\/wp-json\/wp\/v2\/product_brand?post=28721"},{"taxonomy":"product_cat","embeddable":true,"href":"https:\/\/nordicdiy.ee\/lv\/wp-json\/wp\/v2\/product_cat?post=28721"},{"taxonomy":"product_tag","embeddable":true,"href":"https:\/\/nordicdiy.ee\/lv\/wp-json\/wp\/v2\/product_tag?post=28721"}],"curies":[{"name":"wp","href":"https:\/\/api.w.org\/{rel}","templated":true}]}}