{"id":28747,"date":"2026-03-03T20:02:59","date_gmt":"2026-03-03T17:02:59","guid":{"rendered":"https:\/\/nordicdiy.ee\/epood\/uncategorized\/kakao-sviests-dezodorets-bez-smarzas\/"},"modified":"2026-03-28T15:55:30","modified_gmt":"2026-03-28T12:55:30","slug":"kakao-sviests-dezodorets-bez-smarzas","status":"publish","type":"product","link":"https:\/\/nordicdiy.ee\/lv\/epood\/ziepju-izgatavosana\/augu-ellas-un-sviests\/kakao-sviests-dezodorets-bez-smarzas\/","title":{"rendered":"Kakao sviests dezodor\u0113ts (bez smar\u017eas)"},"content":{"rendered":"<p><strong>Kakao sviests ir<\/strong> dab\u012bgs un \u013coti barojo\u0161s augu valsts taukaugs, kas tiek nov\u0113rt\u0113ts ar sav\u0101m dzi\u013ci mitrino\u0161aj\u0101m un aizsarg\u0101jo\u0161aj\u0101m \u012bpa\u0161\u012bb\u0101m. Tas ir ciets sviests istabas temperat\u016br\u0101, kas, saskaroties ar \u0101du, k\u016bst, padarot to m\u012bkstu un z\u012bdainu. <\/p>\n<p>Kakao sviests ir bag\u0101ts ar tauksk\u0101b\u0113m, E vitam\u012bnu un antioksidantiem, kas pal\u012bdz barot, aizsarg\u0101t un saglab\u0101t \u0101das elast\u012bbu. Pateicoties kakao sviesta stabilit\u0101tei, tam ir ar\u012b ilgs glab\u0101\u0161anas laiks (l\u012bdz 2-5 gadiem). <\/p>\n<p><strong>Ietekme un ieguvumi<\/strong><\/p>\n<ul>\n<li>Dzi\u013ci mitrina un m\u012bkstina \u0101du<\/li>\n<li>Pal\u012bdz uzlabot \u0101das elast\u012bbu<\/li>\n<li>Atbalsta striju profilaksi<\/li>\n<li>Aizsarg\u0101 \u0101du no sausuma un vides kait\u0113juma<\/li>\n<li>Piem\u0113rots jut\u012bgai un kairin\u0101tai \u0101dai<\/li>\n<li>Pal\u012bdz kopt sausus un boj\u0101tus matus<\/li>\n<li>Pie\u0161\u0137ir sp\u012bdumu un samazina l\u016b\u0161anu<\/li>\n<\/ul>\n<p><strong>Lieto\u0161ana kosm\u0113tik\u0101<\/strong><\/p>\n<p>Kakao sviests ir \u013coti popul\u0101ra dab\u012bg\u0101s kosm\u0113tikas sast\u0101vda\u013ca:<\/p>\n<ul>\n<li>\u0136erme\u0146a losjoni un balzami<\/li>\n<li>L\u016bpu balzami<\/li>\n<li>Kr\u0113mi un ziedes<\/li>\n<li>Mas\u0101\u017eas n\u016bjas un sveces<\/li>\n<li>Matu kop\u0161anas l\u012bdzek\u013ci<\/li>\n<li>DIY kosm\u0113tika<\/li>\n<\/ul>\n<p>Produktiem pie\u0161\u0137ir bag\u0101t\u012bgu tekst\u016bru un mitrino\u0161u efektu, k\u0101 ar\u012b pal\u012bdz veidot aizsargsl\u0101ni uz \u0101das.<\/p>\n<p><strong>Lieto\u0161ana ziep\u0113s<\/strong><\/p>\n<p><strong>Izkaus\u0113jiet un izlejiet ziepes (M&amp;P):<\/strong><\/p>\n<p>Pievienojiet l\u012bdz 1-3%<\/p>\n<ul>\n<li>Uzlabo ziepju kondicion\u0113jo\u0161\u0101s \u012bpa\u0161\u012bbas<\/li>\n<li>Sniedz greznu un kr\u0113m\u012bgu saj\u016btu<\/li>\n<li>P\u0101rm\u0113r\u012bgs daudzums var samazin\u0101t p\u0101rredzam\u012bbu<\/li>\n<\/ul>\n<p><strong>Aukst\u0101 un karst\u0101 procesa ziepes (CP\/HP):<\/strong><\/p>\n<p>Ieteicamais daudzums 10-15% ziepju tauku<\/p>\n<p>D\u0101vina ziepes:<\/p>\n<ul>\n<li>ciet\u012bba<\/li>\n<li>ilgm\u016b\u017e\u012bba<\/li>\n<li>\u013coti labas mitrino\u0161\u0101s \u012bpa\u0161\u012bbas<\/li>\n<\/ul>\n<p>P\u0101rm\u0113r\u012bgs daudzums var samazin\u0101t putu veido\u0161anas sp\u0113ju.<\/p>\n<p><strong>Lieto\u0161ana mas\u0101\u017eas vann\u0101s un sf\u0113r\u0101s<\/strong><\/p>\n<p>Kakao sviests ir ide\u0101li piem\u0113rots mas\u0101\u017eas l\u012bdzek\u013ciem:<\/p>\n<ul>\n<li>L\u0113n\u0101m un vienm\u0113r\u012bgi k\u016bst uz \u0101das<\/li>\n<li>Nodro\u0161ina dzi\u013cu mitrin\u0101\u0161anu<\/li>\n<li>Sniedz \u0101dai z\u012bdainu saj\u016btu<\/li>\n<li>Labi darbojas ar kokosriekstu e\u013c\u013cu un augu vaskiem.<\/li>\n<\/ul>\n<p><strong>Funkcijas<\/strong><\/p>\n<ul>\n<li>Ciet\u0101 viela istabas temperat\u016br\u0101<\/li>\n<li>Kustas, saskaroties ar \u0101du<\/li>\n<li>praktiski bez smar\u017eas (vai ar vieglu kakao smar\u017eu atkar\u012bb\u0101 no apstr\u0101des veida).<\/li>\n<\/ul>\n<p>Uzglab\u0101\u0161ana. Uzglab\u0101t saus\u0101 un v\u0113s\u0101 viet\u0101, \u0101rpus tie\u0161iem saules stariem. <\/p>\n<p>Der\u012bguma termi\u0146\u0161 - 2-5 gadi, pateicoties labai oksid\u0113\u0161an\u0101s stabilit\u0101tei.<\/p>\n<p>INCI: TEOBROMA KAKAO S\u0112KLU SVIESTS<\/p>\n","protected":false},"excerpt":{"rendered":"<p data-start=\"140\" data-end=\"345\">Kakao sviests ir bag\u0101t\u012bgs un dab\u012bgs augu tauki, kas dzi\u013ci mitrina, m\u012bkstina un uzlabo \u0101das elast\u012bbu. Ide\u0101li piem\u0113rots \u0137erme\u0146a losjoniem, l\u016bpu balzamiem, ziep\u0113m, mas\u0101\u017eas batoni\u0146iem un mas\u0101\u017eas svec\u0113m. <\/p>\n<p data-start=\"347\" data-end=\"436\">Pie\u0161\u0137ir ziep\u0113m stipr\u012bbu un mitrino\u0161as \u012bpa\u0161\u012bbas - ieteicams izmantot <strong data-start=\"415\" data-end=\"425\">10-15 % no<\/strong> to sast\u0101va.<\/p>\n","protected":false},"featured_media":28834,"template":"","meta":{"site-sidebar-layout":"default","site-content-layout":"","ast-site-content-layout":"default","site-content-style":"default","site-sidebar-style":"default","ast-global-header-display":"","ast-banner-title-visibility":"","ast-main-header-display":"","ast-hfb-above-header-display":"","ast-hfb-below-header-display":"","ast-hfb-mobile-header-display":"","site-post-title":"","ast-breadcrumbs-content":"","ast-featured-img":"","footer-sml-layout":"","ast-disable-related-posts":"","theme-transparent-header-meta":"default","adv-header-id-meta":"","stick-header-meta":"default","header-above-stick-meta":"","header-main-stick-meta":"","header-below-stick-meta":"","astra-migrate-meta-layouts":"default","ast-page-background-enabled":"default","ast-page-background-meta":{"desktop":{"background-color":"","background-image":"","background-repeat":"repeat","background-position":"center center","background-size":"auto","background-attachment":"scroll","background-type":"","background-media":"","overlay-type":"","overlay-color":"","overlay-opacity":"","overlay-gradient":""},"tablet":{"background-color":"","background-image":"","background-repeat":"repeat","background-position":"center center","background-size":"auto","background-attachment":"scroll","background-type":"","background-media":"","overlay-type":"","overlay-color":"","overlay-opacity":"","overlay-gradient":""},"mobile":{"background-color":"","background-image":"","background-repeat":"repeat","background-position":"center center","background-size":"auto","background-attachment":"scroll","background-type":"","background-media":"","overlay-type":"","overlay-color":"","overlay-opacity":"","overlay-gradient":""}},"ast-content-background-meta":{"desktop":{"background-color":"var(--ast-global-color-5)","background-image":"","background-repeat":"repeat","background-position":"center center","background-size":"auto","background-attachment":"scroll","background-type":"","background-media":"","overlay-type":"","overlay-color":"","overlay-opacity":"","overlay-gradient":""},"tablet":{"background-color":"var(--ast-global-color-5)","background-image":"","background-repeat":"repeat","background-position":"center center","background-size":"auto","background-attachment":"scroll","background-type":"","background-media":"","overlay-type":"","overlay-color":"","overlay-opacity":"","overlay-gradient":""},"mobile":{"background-color":"var(--ast-global-color-5)","background-image":"","background-repeat":"repeat","background-position":"center center","background-size":"auto","background-attachment":"scroll","background-type":"","background-media":"","overlay-type":"","overlay-color":"","overlay-opacity":"","overlay-gradient":""}}},"product_brand":[],"product_cat":[416,397,278,214],"product_tag":[],"class_list":{"0":"post-28747","1":"product","2":"type-product","3":"status-publish","4":"has-post-thumbnail","6":"product_cat-atlaides","7":"product_cat-augu-ellas-un-sviests","8":"product_cat-kosmetikas-sagatavosana","9":"product_cat-ziepju-izgatavosana","10":"desktop-align-left","11":"tablet-align-left","12":"mobile-align-left","13":"ast-product-gallery-layout-horizontal","14":"ast-product-gallery-with-no-image","15":"ast-product-single-variable","16":"ast-product-tabs-layout-horizontal","18":"first","19":"instock","20":"taxable","21":"shipping-taxable","22":"purchasable","23":"product-type-variable"},"_links":{"self":[{"href":"https:\/\/nordicdiy.ee\/lv\/wp-json\/wp\/v2\/product\/28747","targetHints":{"allow":["GET"]}}],"collection":[{"href":"https:\/\/nordicdiy.ee\/lv\/wp-json\/wp\/v2\/product"}],"about":[{"href":"https:\/\/nordicdiy.ee\/lv\/wp-json\/wp\/v2\/types\/product"}],"wp:featuredmedia":[{"embeddable":true,"href":"https:\/\/nordicdiy.ee\/lv\/wp-json\/wp\/v2\/media\/28834"}],"wp:attachment":[{"href":"https:\/\/nordicdiy.ee\/lv\/wp-json\/wp\/v2\/media?parent=28747"}],"wp:term":[{"taxonomy":"product_brand","embeddable":true,"href":"https:\/\/nordicdiy.ee\/lv\/wp-json\/wp\/v2\/product_brand?post=28747"},{"taxonomy":"product_cat","embeddable":true,"href":"https:\/\/nordicdiy.ee\/lv\/wp-json\/wp\/v2\/product_cat?post=28747"},{"taxonomy":"product_tag","embeddable":true,"href":"https:\/\/nordicdiy.ee\/lv\/wp-json\/wp\/v2\/product_tag?post=28747"}],"curies":[{"name":"wp","href":"https:\/\/api.w.org\/{rel}","templated":true}]}}