{"id":28797,"date":"2026-03-03T21:03:00","date_gmt":"2026-03-03T18:03:00","guid":{"rendered":"https:\/\/nordicdiy.ee\/epood\/uncategorized\/rafinets-si-sviests\/"},"modified":"2026-03-17T21:13:19","modified_gmt":"2026-03-17T18:13:19","slug":"rafinets-si-sviests","status":"publish","type":"product","link":"https:\/\/nordicdiy.ee\/lv\/epood\/ziepju-izgatavosana\/augu-ellas-un-sviests\/rafinets-si-sviests\/","title":{"rendered":"Rafin\u0113ts \u0161\u012b sviests"},"content":{"rendered":"<p><strong>\u0160\u012b sviests (rafin\u0113ts \u0161\u012b sviests) ir viens no<\/strong> visvair\u0101k nov\u0113rt\u0113tajiem augu sviestiem dab\u012bgaj\u0101 kosm\u0113tik\u0101. To ieg\u016bst no \u0161\u012b koka (Vitellaria paradoxa) riekstiem, un rafin\u0113t\u0101 veid\u0101 tas ir balts, bez smar\u017eas un neitr\u0101ls, t\u0101p\u0113c ir lieliska b\u0101ze da\u017e\u0101diem kosm\u0113tikas produktiem. <\/p>\n<p>Shea sviests istabas temperat\u016br\u0101 ir ciets, bet, saskaroties ar to, k\u016bst, nodro\u0161inot t\u016bl\u012bt\u0113ju m\u012bkstino\u0161u un mitrino\u0161u iedarb\u012bbu.<\/p>\n<p>T\u0101 ir bag\u0101ta ar tauksk\u0101b\u0113m (ole\u012bnsk\u0101bi un stear\u012bnsk\u0101bi), A, E un F vitam\u012bniem un fitoster\u012bniem, kas tai pie\u0161\u0137ir sp\u0113c\u012bgas atjaunojo\u0161as, pretiekaisuma un aizsarg\u0101jo\u0161as \u012bpa\u0161\u012bbas.<\/p>\n<p><strong>Ietekme un ieguvumi<\/strong><\/p>\n<ul>\n<li>Dzi\u013ci mitrina un m\u012bkstina \u0101du<\/li>\n<li>Aizsarg\u0101 \u0101du no iz\u017e\u016b\u0161anas<\/li>\n<li>Nomierina kairin\u0101tu un jut\u012bgu \u0101du<\/li>\n<li>Veicina \u0101das atjauno\u0161anos un sadz\u012b\u0161anu<\/li>\n<li>Pal\u012bdz kopt sausu, raupju un saplais\u0101ju\u0161u \u0101du<\/li>\n<li>Veido aizsarg\u0101jo\u0161u, bet vieglu sl\u0101ni uz \u0101das.<\/li>\n<li>Neaizsprosto poras<\/li>\n<\/ul>\n<p><strong>Lieto\u0161ana kosm\u0113tik\u0101<\/strong><\/p>\n<p>\u0160\u012b sviests ir \u013coti univers\u0101ls, un to var izmantot t\u012bru vai k\u0101 sast\u0101vda\u013cu:<\/p>\n<ul>\n<li>Sejas un \u0137erme\u0146a kr\u0113mi<\/li>\n<li>\u0136erme\u0146a losjoni un balzami<\/li>\n<li>L\u016bpu n\u016bji\u0146as un balzami<\/li>\n<li>Aizsardz\u012bbas n\u016bjas (piem\u0113ram, pret aukstumu vai v\u0113ju)<\/li>\n<li>\u0136erme\u0146a formas veidot\u0101ji<\/li>\n<li>Matu maskas un kondicionieri<\/li>\n<li>Kosm\u0113tika jut\u012bgai un atopiskai \u0101dai<\/li>\n<\/ul>\n<p>Pateicoties neitr\u0101lajam arom\u0101tam, tas labi sader ar cit\u0101m e\u013c\u013c\u0101m, ekstraktiem un smar\u017eviel\u0101m.<\/p>\n<p><strong>Lieto\u0161ana ziep\u0113s<\/strong><\/p>\n<p><strong>Izkaus\u0113jiet un izlejiet ziepes (M&amp;P):<\/strong><\/p>\n<p>Pievienojiet l\u012bdz 1-3%<\/p>\n<ul>\n<li>Uzlabo ziepju kondicion\u0113jo\u0161\u0101s un mitrino\u0161\u0101s \u012bpa\u0161\u012bbas.<\/li>\n<li>Sniedz greznu un maigu \u0101das saj\u016btu<\/li>\n<li>P\u0101rm\u0113r\u012bgs daudzums var padar\u012bt ziepes m\u012bkstas.<\/li>\n<\/ul>\n<p><strong>Aukst\u0101 un karst\u0101 procesa ziepes (CP\/HP):<\/strong><\/p>\n<p>Ieteicamais daudzums ir 5-15% ziepju tauku.<\/p>\n<p>D\u0101vina ziepes:<\/p>\n<ul>\n<li>ciet\u012bba<\/li>\n<li>mitrino\u0161as un kondicion\u0113jo\u0161as \u012bpa\u0161\u012bbas<\/li>\n<li>Neveido stipras putas - kombin\u0113jiet ar kokosriekstu e\u013c\u013cu vai r\u012bcine\u013c\u013cu, lai ieg\u016btu lielas putas.<\/li>\n<\/ul>\n<p><strong>Lieto\u0161ana mas\u0101\u017eas produktos<\/strong><\/p>\n<ul>\n<li>Piem\u0113rots mas\u0101\u017eas vann\u0101m un \u0137erme\u0146a losjoniem<\/li>\n<li>L\u0113n\u0101m un vienm\u0113r\u012bgi k\u016bst uz \u0101das<\/li>\n<li>Nodro\u0161ina dzi\u013cu mitrin\u0101\u0161anu un aizsardz\u012bbu<\/li>\n<li>\u012apa\u0161i piem\u0113rots sausai un jut\u012bgai \u0101dai.<\/li>\n<\/ul>\n<p><strong>Funkcijas<\/strong><\/p>\n<ul>\n<li>Balts un bez smar\u017eas<\/li>\n<li>Ciet\u0101 viela istabas temperat\u016br\u0101<\/li>\n<li>Ku\u0123a temperat\u016br\u0101 k\u016bst<\/li>\n<li>Laba stabilit\u0101te<\/li>\n<\/ul>\n<p>Uzglab\u0101\u0161ana. Uzglab\u0101t saus\u0101 un v\u0113s\u0101 viet\u0101, \u0101rpus tie\u0161iem saules stariem. <\/p>\n<p>Der\u012bguma termi\u0146\u0161. L\u012bdz 24 m\u0113ne\u0161iem (atkar\u012bb\u0101 no uzglab\u0101\u0161anas apst\u0101k\u013ciem). <\/p>\n<p>INCI: BUTYROSPERMUM PARKII SVIESTS<\/p>\n","protected":false},"excerpt":{"rendered":"<p data-start=\"143\" data-end=\"356\">\u0160\u012b sviests (rafin\u0113ts) ir balti augu tauki bez smar\u017eviel\u0101m, kas mitrina, aizsarg\u0101 un atjauno \u0101du. Tas ir piem\u0113rots visiem \u0101das tipiem un ir ide\u0101la sast\u0101vda\u013ca kr\u0113mos, \u0137erme\u0146a sviestos, ziep\u0113s un matu kop\u0161anas l\u012bdzek\u013cos. <\/p>\n<p data-start=\"358\" data-end=\"445\">Ziepes pie\u0161\u0137ir ziep\u0113m ciet\u012bbu un mitrino\u0161as \u012bpa\u0161\u012bbas - ieteicams izmantot <strong data-start=\"425\" data-end=\"434\">5-15% recept\u016br\u0101<\/strong>.<\/p>\n","protected":false},"featured_media":28838,"template":"","meta":{"site-sidebar-layout":"default","site-content-layout":"","ast-site-content-layout":"default","site-content-style":"default","site-sidebar-style":"default","ast-global-header-display":"","ast-banner-title-visibility":"","ast-main-header-display":"","ast-hfb-above-header-display":"","ast-hfb-below-header-display":"","ast-hfb-mobile-header-display":"","site-post-title":"","ast-breadcrumbs-content":"","ast-featured-img":"","footer-sml-layout":"","ast-disable-related-posts":"","theme-transparent-header-meta":"default","adv-header-id-meta":"","stick-header-meta":"default","header-above-stick-meta":"","header-main-stick-meta":"","header-below-stick-meta":"","astra-migrate-meta-layouts":"default","ast-page-background-enabled":"default","ast-page-background-meta":{"desktop":{"background-color":"","background-image":"","background-repeat":"repeat","background-position":"center center","background-size":"auto","background-attachment":"scroll","background-type":"","background-media":"","overlay-type":"","overlay-color":"","overlay-opacity":"","overlay-gradient":""},"tablet":{"background-color":"","background-image":"","background-repeat":"repeat","background-position":"center center","background-size":"auto","background-attachment":"scroll","background-type":"","background-media":"","overlay-type":"","overlay-color":"","overlay-opacity":"","overlay-gradient":""},"mobile":{"background-color":"","background-image":"","background-repeat":"repeat","background-position":"center center","background-size":"auto","background-attachment":"scroll","background-type":"","background-media":"","overlay-type":"","overlay-color":"","overlay-opacity":"","overlay-gradient":""}},"ast-content-background-meta":{"desktop":{"background-color":"var(--ast-global-color-5)","background-image":"","background-repeat":"repeat","background-position":"center center","background-size":"auto","background-attachment":"scroll","background-type":"","background-media":"","overlay-type":"","overlay-color":"","overlay-opacity":"","overlay-gradient":""},"tablet":{"background-color":"var(--ast-global-color-5)","background-image":"","background-repeat":"repeat","background-position":"center center","background-size":"auto","background-attachment":"scroll","background-type":"","background-media":"","overlay-type":"","overlay-color":"","overlay-opacity":"","overlay-gradient":""},"mobile":{"background-color":"var(--ast-global-color-5)","background-image":"","background-repeat":"repeat","background-position":"center center","background-size":"auto","background-attachment":"scroll","background-type":"","background-media":"","overlay-type":"","overlay-color":"","overlay-opacity":"","overlay-gradient":""}}},"product_brand":[],"product_cat":[416,397,278,214],"product_tag":[],"class_list":{"0":"post-28797","1":"product","2":"type-product","3":"status-publish","4":"has-post-thumbnail","6":"product_cat-atlaides","7":"product_cat-augu-ellas-un-sviests","8":"product_cat-kosmetikas-sagatavosana","9":"product_cat-ziepju-izgatavosana","10":"desktop-align-left","11":"tablet-align-left","12":"mobile-align-left","13":"ast-product-gallery-layout-horizontal","14":"ast-product-gallery-with-no-image","15":"ast-product-single-variable","16":"ast-product-tabs-layout-horizontal","18":"first","19":"instock","20":"taxable","21":"shipping-taxable","22":"purchasable","23":"product-type-variable"},"_links":{"self":[{"href":"https:\/\/nordicdiy.ee\/lv\/wp-json\/wp\/v2\/product\/28797","targetHints":{"allow":["GET"]}}],"collection":[{"href":"https:\/\/nordicdiy.ee\/lv\/wp-json\/wp\/v2\/product"}],"about":[{"href":"https:\/\/nordicdiy.ee\/lv\/wp-json\/wp\/v2\/types\/product"}],"wp:featuredmedia":[{"embeddable":true,"href":"https:\/\/nordicdiy.ee\/lv\/wp-json\/wp\/v2\/media\/28838"}],"wp:attachment":[{"href":"https:\/\/nordicdiy.ee\/lv\/wp-json\/wp\/v2\/media?parent=28797"}],"wp:term":[{"taxonomy":"product_brand","embeddable":true,"href":"https:\/\/nordicdiy.ee\/lv\/wp-json\/wp\/v2\/product_brand?post=28797"},{"taxonomy":"product_cat","embeddable":true,"href":"https:\/\/nordicdiy.ee\/lv\/wp-json\/wp\/v2\/product_cat?post=28797"},{"taxonomy":"product_tag","embeddable":true,"href":"https:\/\/nordicdiy.ee\/lv\/wp-json\/wp\/v2\/product_tag?post=28797"}],"curies":[{"name":"wp","href":"https:\/\/api.w.org\/{rel}","templated":true}]}}