{"id":28856,"date":"2026-03-03T10:47:58","date_gmt":"2026-03-03T07:47:58","guid":{"rendered":"https:\/\/nordicdiy.ee\/epood\/uncategorized\/apelsinu-eteriska-ella\/"},"modified":"2026-03-18T16:05:19","modified_gmt":"2026-03-18T13:05:19","slug":"apelsinu-eteriska-ella","status":"publish","type":"product","link":"https:\/\/nordicdiy.ee\/lv\/epood\/ziepju-izgatavosana\/citas-ziepju-razosanas-sastavdalas\/apelsinu-eteriska-ella\/","title":{"rendered":"Apels\u012bnu \u0113terisk\u0101 e\u013c\u013ca"},"content":{"rendered":"<p><strong>Apels\u012bnu \u0113terisk\u0101 e\u013c\u013ca ir<\/strong> viena no popul\u0101r\u0101kaj\u0101m citrusaug\u013cu e\u013c\u013c\u0101m, ko nov\u0113rt\u0113 t\u0101s pat\u012bkam\u0101, saulain\u0101 un ener\u0123iz\u0113jo\u0161\u0101 arom\u0101ta d\u0113\u013c. E\u013c\u013cu ieg\u016bst no apels\u012bna mizas, un t\u0101 satur dabiskus savienojumus, kas veicina gan fizisko, gan emocion\u0101lo labsaj\u016btu. <\/p>\n<p><strong>Funkcijas un priek\u0161roc\u012bbas<\/strong><\/p>\n<ul>\n<li>Pal\u012bdz mazin\u0101t vieglas s\u0101pes un iekaisumu<\/li>\n<li>piem\u012bt antioksidanta un antibakteri\u0101las \u012bpa\u0161\u012bbas.<\/li>\n<li>Pal\u012bdz r\u016bp\u0113ties par problem\u0101tisku \u0101du (pinnes, taukaina \u0101da).<\/li>\n<li>Pal\u012bdz l\u012bdzsvarot \u0137erme\u0146a tauku ra\u017eo\u0161anu.<\/li>\n<li>uzlabo garast\u0101vokli un mazina trauksmi<\/li>\n<li>  rada relaks\u0113jo\u0161u un nomierino\u0161u atmosf\u0113ru<\/li>\n<\/ul>\n<p>Apels\u012bnu \u0113terisko e\u013c\u013cu \u012bpa\u0161i nov\u0113rt\u0113 aromterapij\u0101, kur t\u0101 pal\u012bdz rad\u012bt pozit\u012bvu un nomierino\u0161u vidi. T\u0101s svaigais, saldais arom\u0101ts ir lieliski piem\u0113rots ikdienas lieto\u0161anai vai pr\u0101ta l\u012bdzsvaro\u0161anai stresa periodos. <\/p>\n<p><strong>Izmanto\u0161ana<\/strong><\/p>\n<ul>\n<li>Apels\u012bnu \u0113terisk\u0101 e\u013c\u013ca ir piem\u0113rota lieto\u0161anai:<\/li>\n<li>aromterapija (dif\u016bzija, smar\u017eu akme\u0146i).<\/li>\n<li>mas\u0101\u017eas e\u013c\u013cas (at\u0161\u0137aid\u012btas b\u0101zes e\u013c\u013c\u0101).<\/li>\n<li>\u0101das kop\u0161anas l\u012bdzek\u013cos (kr\u0113mos, e\u013c\u013c\u0101s - iev\u0113rojot maksim\u0101li pie\u013caujamo daudzumu).<\/li>\n<li>Vannas istabas produkti<\/li>\n<\/ul>\n<p><strong>IFRA un dro\u0161\u012bba<\/strong><\/p>\n<p>Saska\u0146\u0101 ar Starptautisk\u0101s smar\u017eu asoci\u0101cijas (IFRA) ieteikumiem:<\/p>\n<p>Nav at\u013cauts izmantot:<\/p>\n<ul>\n<li>ziep\u0113s un \u0161amp\u016bnos<\/li>\n<li>m\u0101jas difuzori ar koci\u0146iem (niedru difuzors)<\/li>\n<li>sve\u010du izgatavo\u0161ana<\/li>\n<\/ul>\n<p>At\u013cauts lietot ierobe\u017eot\u0101 koncentr\u0101cij\u0101:<br \/>\n- l\u012bdzek\u013cos, kas paredz\u0113ti lieto\u0161anai uz \u0101das<br \/>\n- aromterapij\u0101.<\/p>\n<p>M\u0113s iesak\u0101m vienm\u0113r iev\u0113rot dro\u0161\u012bbas pas\u0101kumus un \u0113terisk\u0101s e\u013c\u013cas lietot neat\u0161\u0137aid\u012btas.<\/p>\n<p><a href=\"https:\/\/goldelseou.sharepoint.com\/:f:\/s\/Nordicdiy.ee\/IgCT1Dpx9rUvRp805HZ9OlB6ATO1I6oyLAXeYGjOEp5NajM?e=RyQbhf\" target=\"_blank\" rel=\"noopener\"><strong>Lejupiel\u0101d\u0113t dro\u0161\u012bbas datu lapas (SDS), IFRA, alerg\u0113nu tabulu \u0161eit.<\/strong><\/a><\/p>\n<p>Uzglab\u0101\u0161ana: ieteicamais der\u012bguma termi\u0146\u0161 ir 1 gads, bet, ja produkts tiek pareizi uzglab\u0101ts (prom no saules gaismas, saus\u0101 un v\u0113s\u0101 viet\u0101), tas b\u016bs der\u012bgs vair\u0101kus gadus.<\/p>\n<p>BR\u012aDIN\u0100JUMS!<\/p>\n<p><img decoding=\"async\" class=\"\" src=\"https:\/\/nordicdiy.ee\/wp-content\/uploads\/2025\/01\/terviseoht.jpg\" width=\"70\" height=\"70\"> <img decoding=\"async\" class=\"\" src=\"https:\/\/nordicdiy.ee\/wp-content\/uploads\/2025\/02\/keskkonnaoht.jpg\" width=\"70\" height=\"70\"> <img decoding=\"async\" class=\"\" src=\"https:\/\/nordicdiy.ee\/wp-content\/uploads\/2025\/02\/eriti-tuleohtlik.jpg\" width=\"70\" height=\"70\"> <img loading=\"lazy\" decoding=\"async\" class=\"\" src=\"https:\/\/nordicdiy.ee\/wp-content\/uploads\/2025\/02\/tosine-terviseoht.jpg\" width=\"70\" height=\"70\"><\/p>\n","protected":false},"excerpt":{"rendered":"<p>Apels\u012bnu \u0113terisk\u0101 e\u013c\u013ca ir atsvaidzino\u0161a un salda citrusaug\u013cu arom\u0101ta dab\u012bga e\u013c\u013ca, kas uzlabo garast\u0101vokli, nomierina pr\u0101tu un veicina \u0101das labsaj\u016btu. Tai piem\u012bt antibakteri\u0101las un antioksidantas \u012bpa\u0161\u012bbas, kas pal\u012bdz mazin\u0101t pinnes un taukainas \u0101das veido\u0161anos. Ide\u0101li piem\u0113rota aromterapijai un \u0137erme\u0146a kop\u0161anai.  <\/p>\n","protected":false},"featured_media":28908,"template":"","meta":{"site-sidebar-layout":"default","site-content-layout":"","ast-site-content-layout":"default","site-content-style":"default","site-sidebar-style":"default","ast-global-header-display":"","ast-banner-title-visibility":"","ast-main-header-display":"","ast-hfb-above-header-display":"","ast-hfb-below-header-display":"","ast-hfb-mobile-header-display":"","site-post-title":"","ast-breadcrumbs-content":"","ast-featured-img":"","footer-sml-layout":"","ast-disable-related-posts":"","theme-transparent-header-meta":"default","adv-header-id-meta":"","stick-header-meta":"default","header-above-stick-meta":"","header-main-stick-meta":"","header-below-stick-meta":"","astra-migrate-meta-layouts":"default","ast-page-background-enabled":"default","ast-page-background-meta":{"desktop":{"background-color":"","background-image":"","background-repeat":"repeat","background-position":"center center","background-size":"auto","background-attachment":"scroll","background-type":"","background-media":"","overlay-type":"","overlay-color":"","overlay-opacity":"","overlay-gradient":""},"tablet":{"background-color":"","background-image":"","background-repeat":"repeat","background-position":"center center","background-size":"auto","background-attachment":"scroll","background-type":"","background-media":"","overlay-type":"","overlay-color":"","overlay-opacity":"","overlay-gradient":""},"mobile":{"background-color":"","background-image":"","background-repeat":"repeat","background-position":"center center","background-size":"auto","background-attachment":"scroll","background-type":"","background-media":"","overlay-type":"","overlay-color":"","overlay-opacity":"","overlay-gradient":""}},"ast-content-background-meta":{"desktop":{"background-color":"var(--ast-global-color-5)","background-image":"","background-repeat":"repeat","background-position":"center center","background-size":"auto","background-attachment":"scroll","background-type":"","background-media":"","overlay-type":"","overlay-color":"","overlay-opacity":"","overlay-gradient":""},"tablet":{"background-color":"var(--ast-global-color-5)","background-image":"","background-repeat":"repeat","background-position":"center center","background-size":"auto","background-attachment":"scroll","background-type":"","background-media":"","overlay-type":"","overlay-color":"","overlay-opacity":"","overlay-gradient":""},"mobile":{"background-color":"var(--ast-global-color-5)","background-image":"","background-repeat":"repeat","background-position":"center center","background-size":"auto","background-attachment":"scroll","background-type":"","background-media":"","overlay-type":"","overlay-color":"","overlay-opacity":"","overlay-gradient":""}}},"product_brand":[],"product_cat":[131,408,407,278,214],"product_tag":[],"class_list":{"0":"post-28856","1":"product","2":"type-product","3":"status-publish","4":"has-post-thumbnail","6":"product_cat-aromatiskas-ellas","7":"product_cat-citas-ziepju-razosanas-sastavdalas","8":"product_cat-eteriskas-ellas","9":"product_cat-kosmetikas-sagatavosana","10":"product_cat-ziepju-izgatavosana","11":"desktop-align-left","12":"tablet-align-left","13":"mobile-align-left","14":"ast-product-gallery-layout-horizontal","15":"ast-product-gallery-with-no-image","16":"ast-product-single-variable","17":"ast-product-tabs-layout-horizontal","19":"first","20":"instock","21":"taxable","22":"shipping-taxable","23":"purchasable","24":"product-type-variable"},"_links":{"self":[{"href":"https:\/\/nordicdiy.ee\/lv\/wp-json\/wp\/v2\/product\/28856","targetHints":{"allow":["GET"]}}],"collection":[{"href":"https:\/\/nordicdiy.ee\/lv\/wp-json\/wp\/v2\/product"}],"about":[{"href":"https:\/\/nordicdiy.ee\/lv\/wp-json\/wp\/v2\/types\/product"}],"wp:featuredmedia":[{"embeddable":true,"href":"https:\/\/nordicdiy.ee\/lv\/wp-json\/wp\/v2\/media\/28908"}],"wp:attachment":[{"href":"https:\/\/nordicdiy.ee\/lv\/wp-json\/wp\/v2\/media?parent=28856"}],"wp:term":[{"taxonomy":"product_brand","embeddable":true,"href":"https:\/\/nordicdiy.ee\/lv\/wp-json\/wp\/v2\/product_brand?post=28856"},{"taxonomy":"product_cat","embeddable":true,"href":"https:\/\/nordicdiy.ee\/lv\/wp-json\/wp\/v2\/product_cat?post=28856"},{"taxonomy":"product_tag","embeddable":true,"href":"https:\/\/nordicdiy.ee\/lv\/wp-json\/wp\/v2\/product_tag?post=28856"}],"curies":[{"name":"wp","href":"https:\/\/api.w.org\/{rel}","templated":true}]}}