{"id":29047,"date":"2026-03-01T12:41:00","date_gmt":"2026-03-01T09:41:00","guid":{"rendered":"https:\/\/nordicdiy.ee\/epood\/uncategorized\/palmu-vasks-britz-wax-bwc16\/"},"modified":"2026-04-22T11:36:17","modified_gmt":"2026-04-22T08:36:17","slug":"palmu-vasks-britz-wax-bwc16","status":"publish","type":"product","link":"https:\/\/nordicdiy.ee\/lv\/epood\/svecu-izgatavosana\/svecu-vaski\/palmu-vasks-britz-wax-bwc16\/","title":{"rendered":"Palmu vasks Britz Wax BWC16"},"content":{"rendered":"<p><strong>Palmu vasks BWC16 ir<\/strong> piem\u0113rots stikla sve\u010du, pulverveida sve\u010du izgatavo\u0161anai, k\u0101 ar\u012b \u013coti labi piem\u0113rots votu un stabi\u0146u sve\u010du izgatavo\u0161anai. Galven\u0101 at\u0161\u0137ir\u012bba starp palmu vasku un citiem vaskiem ir t\u0101, ka tas uz svec\u0113m atst\u0101j interesantu krist\u0101lisku tekst\u016bru un rakstu. P\u016bdera sve\u010du gad\u012bjum\u0101 krist\u0101lisk\u0101 tekst\u016bra veidojas tikai p\u0113c sveces sadeg\u0161anas.  <\/p>\n<p>Vasks deg t\u012bri un ilgi, ir piem\u0113rots arom\u0101tisku s\u0113rkoci\u0146u izmanto\u0161anai, k\u0101 ar\u012b ir biolo\u0123iski no\u0101rd\u0101ms un videi draudz\u012bgs. Izejviela, kas ieg\u016bta no piln\u012bgi dab\u012bgiem palmu aug\u013ciem, ir 100 % dab\u012bga un biolo\u0123iska. <\/p>\n<p>Nesajaukt ar paraf\u012bnu vai citiem vaskiem. Nelietot vara veidnes, materi\u0101lus vai citus apstr\u0101des pal\u012bgl\u012bdzek\u013cus uz vara b\u0101zes. Palmu vaska svec\u0113s izmantot\u0101s pastas, kr\u0101svielas un smar\u017evielas var dot at\u0161\u0137ir\u012bgus rezult\u0101tus.   Wedo Bio daktis ir piem\u0113rotas, ta\u010du, sal\u012bdzinot ar Sojas vaska svec\u0113m, j\u0101izmanto liel\u0101ks dakts.<\/p>\n<p>Ar palmu vaskiem, tostarp BWC16, var b\u016bt nedaudz gr\u016bt\u0101k str\u0101d\u0101t nek\u0101 ar citiem vaskiem, jo to \u012bpa\u0161\u012bbas var b\u016bt atkar\u012bgas no prec\u012bzas temperat\u016bras un lie\u0161anas apst\u0101k\u013ciem, ta\u010du galarezult\u0101ts bie\u017ei vien ir unik\u0101la un skaista svece.<\/p>\n<p>Palmu vaska BWC16 ieteicamais smar\u017evielu piedevas procentu\u0101lais daudzums parasti ir 6-8 % atkar\u012bb\u0101 no smar\u017evielas intensit\u0101tes un v\u0113lam\u0101s smar\u017evielas stipruma. Tas noz\u012bm\u0113, ka uz 1 kg vaska var pievienot aptuveni 60-80 g arom\u0101tisk\u0101s e\u013c\u013cas. Vislab\u0101k ir pievienot smar\u017evielu, kad vasks ir izkusis l\u012bdz 80-85 \u00b0C temperat\u016brai, lai nodro\u0161in\u0101tu vienm\u0113r\u012bgu smar\u017evielas izplat\u012b\u0161anos.  <\/p>\n<p>Ieteicam\u0101 palmu vaska BWC16 lie\u0161anas temperat\u016bra stikla svec\u0113m parasti ir 80-90 \u00b0C. \u0160is temperat\u016bras diapazons pal\u012bdz saglab\u0101t vaska sp\u0113ju kristaliz\u0113ties un nodro\u0161ina vienm\u0113r\u012bgu rakstain\u012bbu un labu sa\u0137eri ar stiklu. Ir svar\u012bgi ar\u012b iepriek\u0161 uzkars\u0113t trauku, lai izvair\u012btos no plais\u0101m un nodro\u0161in\u0101tu lab\u0101ku sa\u0137eri.  <\/p>\n","protected":false},"excerpt":{"rendered":"<p><strong>Palmu vasks BWC16 ar ledus krist\u0101la efektu ir<\/strong> piem\u0113rots stikla svec\u0113m, votiv\u0113m un kolonnu svec\u0113m, radot unik\u0101lu krist\u0101lisku tekst\u016bru. \u0160is t\u012brais un ilgi dego\u0161ais biolo\u0123iski no\u0101rd\u0101mais vasks ir 100 % dab\u012bgs. Ieteicamais smar\u017evielu saturs ir 6-8 %, un ielie\u0161anas temperat\u016bra stikla svec\u0113m ir 80-85 \u00b0C, bet ne augst\u0101ka par 90 \u00b0C. Vasku var izmantot visda\u017e\u0101d\u0101kajos veidos. Stikla iepriek\u0161\u0113ja uzsild\u012b\u0161ana nodro\u0161ina lab\u0101ku sa\u0137eri.   <\/p>\n","protected":false},"featured_media":5762,"template":"","meta":{"site-sidebar-layout":"default","site-content-layout":"","ast-site-content-layout":"default","site-content-style":"default","site-sidebar-style":"default","ast-global-header-display":"","ast-banner-title-visibility":"","ast-main-header-display":"","ast-hfb-above-header-display":"","ast-hfb-below-header-display":"","ast-hfb-mobile-header-display":"","site-post-title":"","ast-breadcrumbs-content":"","ast-featured-img":"","footer-sml-layout":"","ast-disable-related-posts":"","theme-transparent-header-meta":"default","adv-header-id-meta":"","stick-header-meta":"default","header-above-stick-meta":"","header-main-stick-meta":"","header-below-stick-meta":"","astra-migrate-meta-layouts":"default","ast-page-background-enabled":"default","ast-page-background-meta":{"desktop":{"background-color":"","background-image":"","background-repeat":"repeat","background-position":"center center","background-size":"auto","background-attachment":"scroll","background-type":"","background-media":"","overlay-type":"","overlay-color":"","overlay-opacity":"","overlay-gradient":""},"tablet":{"background-color":"","background-image":"","background-repeat":"repeat","background-position":"center center","background-size":"auto","background-attachment":"scroll","background-type":"","background-media":"","overlay-type":"","overlay-color":"","overlay-opacity":"","overlay-gradient":""},"mobile":{"background-color":"","background-image":"","background-repeat":"repeat","background-position":"center center","background-size":"auto","background-attachment":"scroll","background-type":"","background-media":"","overlay-type":"","overlay-color":"","overlay-opacity":"","overlay-gradient":""}},"ast-content-background-meta":{"desktop":{"background-color":"var(--ast-global-color-5)","background-image":"","background-repeat":"repeat","background-position":"center center","background-size":"auto","background-attachment":"scroll","background-type":"","background-media":"","overlay-type":"","overlay-color":"","overlay-opacity":"","overlay-gradient":""},"tablet":{"background-color":"var(--ast-global-color-5)","background-image":"","background-repeat":"repeat","background-position":"center center","background-size":"auto","background-attachment":"scroll","background-type":"","background-media":"","overlay-type":"","overlay-color":"","overlay-opacity":"","overlay-gradient":""},"mobile":{"background-color":"var(--ast-global-color-5)","background-image":"","background-repeat":"repeat","background-position":"center center","background-size":"auto","background-attachment":"scroll","background-type":"","background-media":"","overlay-type":"","overlay-color":"","overlay-opacity":"","overlay-gradient":""}}},"product_brand":[],"product_cat":[150,151],"product_tag":[],"class_list":{"0":"post-29047","1":"product","2":"type-product","3":"status-publish","4":"has-post-thumbnail","6":"product_cat-svecu-izgatavosana","7":"product_cat-svecu-vaski","8":"desktop-align-left","9":"tablet-align-left","10":"mobile-align-left","11":"ast-product-gallery-layout-horizontal","12":"ast-product-single-variable","13":"ast-product-tabs-layout-horizontal","15":"first","16":"instock","17":"taxable","18":"shipping-taxable","19":"purchasable","20":"product-type-variable"},"_links":{"self":[{"href":"https:\/\/nordicdiy.ee\/lv\/wp-json\/wp\/v2\/product\/29047","targetHints":{"allow":["GET"]}}],"collection":[{"href":"https:\/\/nordicdiy.ee\/lv\/wp-json\/wp\/v2\/product"}],"about":[{"href":"https:\/\/nordicdiy.ee\/lv\/wp-json\/wp\/v2\/types\/product"}],"wp:featuredmedia":[{"embeddable":true,"href":"https:\/\/nordicdiy.ee\/lv\/wp-json\/wp\/v2\/media\/5762"}],"wp:attachment":[{"href":"https:\/\/nordicdiy.ee\/lv\/wp-json\/wp\/v2\/media?parent=29047"}],"wp:term":[{"taxonomy":"product_brand","embeddable":true,"href":"https:\/\/nordicdiy.ee\/lv\/wp-json\/wp\/v2\/product_brand?post=29047"},{"taxonomy":"product_cat","embeddable":true,"href":"https:\/\/nordicdiy.ee\/lv\/wp-json\/wp\/v2\/product_cat?post=29047"},{"taxonomy":"product_tag","embeddable":true,"href":"https:\/\/nordicdiy.ee\/lv\/wp-json\/wp\/v2\/product_tag?post=29047"}],"curies":[{"name":"wp","href":"https:\/\/api.w.org\/{rel}","templated":true}]}}