{"id":29855,"date":"2026-04-22T15:58:37","date_gmt":"2026-04-22T12:58:37","guid":{"rendered":"https:\/\/nordicdiy.ee\/epood\/uncategorized\/eteriska-ella-greipfruts\/"},"modified":"2026-04-22T17:58:17","modified_gmt":"2026-04-22T14:58:17","slug":"eteriska-ella-greipfruts","status":"publish","type":"product","link":"https:\/\/nordicdiy.ee\/lv\/epood\/ziepju-izgatavosana\/citas-ziepju-razosanas-sastavdalas\/eteriska-ella-greipfruts\/","title":{"rendered":"\u0112terisk\u0101 e\u013c\u013ca Greipfr\u016bts"},"content":{"rendered":"<p><strong>Greipfr\u016btu \u0113terisko e\u013c\u013cu ieg\u016bst,<\/strong> auksti spie\u017eot greipfr\u016bta (Citrus paradisi) mizi\u0146u, kas pal\u012bdz saglab\u0101t e\u013c\u013cas dabiskos akt\u012bvos savienojumus un svaigu citrusaug\u013cu arom\u0101tu. E\u013c\u013cas kr\u0101sa ir no gai\u0161i dzeltenas l\u012bdz oran\u017eai, tai ir pikants, sul\u012bgs un nedaudz r\u016bgts arom\u0101ts. <\/p>\n<p>Greipfr\u016btu e\u013c\u013ca tiek augstu v\u0113rt\u0113ta t\u0101s att\u012bro\u0161o, toniz\u0113jo\u0161o un ener\u0123iz\u0113jo\u0161o \u012bpa\u0161\u012bbu d\u0113\u013c, un to pla\u0161i izmanto \u0101das kop\u0161an\u0101 un aromterapij\u0101.<\/p>\n<p><strong>Funkcijas un priek\u0161roc\u012bbas<\/strong><\/p>\n<ul>\n<li>Atsvaidzino\u0161a un att\u012bro\u0161a iedarb\u012bba<\/li>\n<li>Pal\u012bdz mazin\u0101t vieglas s\u0101pes un iekaisumu<\/li>\n<li>Atbalsta \u0101das elast\u012bbu un tonusu<\/li>\n<li>Pal\u012bdz atjaunot un atsvaidzin\u0101t \u0101du<\/li>\n<li>Var pal\u012bdz\u0113t taukainas un problem\u0101tiskas \u0101das kop\u0161an\u0101<\/li>\n<li>  uzlabo garast\u0101vokli un mazina nogurumu<\/li>\n<\/ul>\n<p>Greib \u0113terisk\u0101 e\u013c\u013ca ir ide\u0101li piem\u0113rota r\u012bta lieto\u0161anai, pal\u012bdzot atmodin\u0101t saj\u016btas un rad\u012bt ener\u0123isku un pozit\u012bvu dienas s\u0101kumu.<\/p>\n<p><strong>Izmanto\u0161ana<\/strong><\/p>\n<p>Piem\u0113rots:<\/p>\n<ul>\n<li>aromterapija (difuzors, telpu aromatiz\u0113\u0161ana).<\/li>\n<li>mas\u0101\u017eas e\u013c\u013cas (at\u0161\u0137aid\u012btas)<\/li>\n<li>\u0137erme\u0146a kop\u0161anas l\u012bdzek\u013ci (kr\u0113mi, e\u013c\u013cas, \u0137erme\u0146a skrubji).<\/li>\n<li>pretcelul\u012bta produktos<\/li>\n<li>m\u0101jas kop\u0161anai un gaisa atsvaidzin\u0101\u0161anai<\/li>\n<\/ul>\n<p><strong>IFRA un dro\u0161\u012bba<\/strong><\/p>\n<p>Greipfr\u016btu \u0113terisk\u0101 e\u013c\u013ca tiek pla\u0161i izmantota, ta\u010du ar citrusaug\u013cu ierobe\u017eojumiem.<\/p>\n<p>Var izmantot:<\/p>\n<ul>\n<li>\u0137erme\u0146a kop\u0161anas l\u012bdzek\u013ci<\/li>\n<li>ziep\u0113s un \u0161amp\u016bnos<\/li>\n<li>parfim\u0113rij\u0101 un m\u0101jas smar\u017e\u0101s<\/li>\n<\/ul>\n<p><strong><span style=\"font-size: 16px;\">Svar\u012bgi:<\/span><\/strong><\/p>\n<ul>\n<li>fototoksisks (var izrais\u012bt \u0101das jut\u012bbu pret UV starojumu).<\/li>\n<li>Izvairieties no tie\u0161iem saules stariem 12-24 h p\u0113c uzkl\u0101\u0161anas uz \u0101das.<\/li>\n<li>izmantot at\u0161\u0137aid\u012btu<\/li>\n<li>atbilst IFRA noteiktaj\u0101m robe\u017ev\u0113rt\u012bb\u0101m (jo \u012bpa\u0161i zem\u0101ks % daudzums beziedeguma produktos).<\/li>\n<li>nav ieteicams izmantot svec\u0113m, jo smar\u017ea \u0101tri izkl\u012bst un svece nedeg vienm\u0113r\u012bgi.<\/li>\n<\/ul>\n<p>M\u0113s iesak\u0101m vienm\u0113r iev\u0113rot dro\u0161\u012bbas pas\u0101kumus un \u0113terisk\u0101s e\u013c\u013cas lietot neat\u0161\u0137aid\u012btas.<\/p>\n<p><a href=\"https:\/\/goldelseou.sharepoint.com\/:f:\/s\/Nordicdiy.ee\/IgCT1Dpx9rUvRp805HZ9OlB6ATO1I6oyLAXeYGjOEp5NajM?e=RyQbhf\" target=\"_blank\" rel=\"noopener\"><strong>Lejupiel\u0101d\u0113t dro\u0161\u012bbas datu lapas (SDS), IFRA, alerg\u0113nu tabulu \u0161eit.<\/strong><\/a><\/p>\n<p>Uzglab\u0101\u0161ana: ieteicamais der\u012bguma termi\u0146\u0161 ir 1 gads, bet, ja produkts tiek pareizi uzglab\u0101ts (prom no saules gaismas, saus\u0101 un v\u0113s\u0101 viet\u0101), tas b\u016bs der\u012bgs vair\u0101kus gadus.<\/p>\n<p>BR\u012aDIN\u0100JUMS!<\/p>\n<p>&nbsp;<\/p>\n","protected":false},"excerpt":{"rendered":"<p>Greibas \u0113terisk\u0101 e\u013c\u013ca ir svaiga, viegli r\u016bgtena un citrusaug\u013cu e\u013c\u013ca, kas att\u012bra, toniz\u0113 un uzmundrina gan \u0137ermeni, gan pr\u0101tu. T\u0101 pal\u012bdz uzlabot \u0101das izskatu un uzlabo garast\u0101vokli, radot ener\u0123isku un pozit\u012bvu atmosf\u0113ru. <\/p>\n","protected":false},"featured_media":29925,"template":"","meta":{"site-sidebar-layout":"default","site-content-layout":"","ast-site-content-layout":"default","site-content-style":"default","site-sidebar-style":"default","ast-global-header-display":"","ast-banner-title-visibility":"","ast-main-header-display":"","ast-hfb-above-header-display":"","ast-hfb-below-header-display":"","ast-hfb-mobile-header-display":"","site-post-title":"","ast-breadcrumbs-content":"","ast-featured-img":"","footer-sml-layout":"","ast-disable-related-posts":"","theme-transparent-header-meta":"default","adv-header-id-meta":"","stick-header-meta":"default","header-above-stick-meta":"","header-main-stick-meta":"","header-below-stick-meta":"","astra-migrate-meta-layouts":"default","ast-page-background-enabled":"default","ast-page-background-meta":{"desktop":{"background-color":"","background-image":"","background-repeat":"repeat","background-position":"center center","background-size":"auto","background-attachment":"scroll","background-type":"","background-media":"","overlay-type":"","overlay-color":"","overlay-opacity":"","overlay-gradient":""},"tablet":{"background-color":"","background-image":"","background-repeat":"repeat","background-position":"center center","background-size":"auto","background-attachment":"scroll","background-type":"","background-media":"","overlay-type":"","overlay-color":"","overlay-opacity":"","overlay-gradient":""},"mobile":{"background-color":"","background-image":"","background-repeat":"repeat","background-position":"center center","background-size":"auto","background-attachment":"scroll","background-type":"","background-media":"","overlay-type":"","overlay-color":"","overlay-opacity":"","overlay-gradient":""}},"ast-content-background-meta":{"desktop":{"background-color":"var(--ast-global-color-5)","background-image":"","background-repeat":"repeat","background-position":"center center","background-size":"auto","background-attachment":"scroll","background-type":"","background-media":"","overlay-type":"","overlay-color":"","overlay-opacity":"","overlay-gradient":""},"tablet":{"background-color":"var(--ast-global-color-5)","background-image":"","background-repeat":"repeat","background-position":"center center","background-size":"auto","background-attachment":"scroll","background-type":"","background-media":"","overlay-type":"","overlay-color":"","overlay-opacity":"","overlay-gradient":""},"mobile":{"background-color":"var(--ast-global-color-5)","background-image":"","background-repeat":"repeat","background-position":"center center","background-size":"auto","background-attachment":"scroll","background-type":"","background-media":"","overlay-type":"","overlay-color":"","overlay-opacity":"","overlay-gradient":""}}},"product_brand":[],"product_cat":[131,408,407,175,214],"product_tag":[],"class_list":{"0":"post-29855","1":"product","2":"type-product","3":"status-publish","4":"has-post-thumbnail","6":"product_cat-aromatiskas-ellas","7":"product_cat-citas-ziepju-razosanas-sastavdalas","8":"product_cat-eteriskas-ellas","9":"product_cat-svecu-smarzas","10":"product_cat-ziepju-izgatavosana","11":"desktop-align-left","12":"tablet-align-left","13":"mobile-align-left","14":"ast-product-gallery-layout-horizontal","15":"ast-product-gallery-with-no-image","16":"ast-product-single-variable","17":"ast-product-tabs-layout-horizontal","19":"first","20":"instock","21":"taxable","22":"shipping-taxable","23":"purchasable","24":"product-type-variable"},"_links":{"self":[{"href":"https:\/\/nordicdiy.ee\/lv\/wp-json\/wp\/v2\/product\/29855","targetHints":{"allow":["GET"]}}],"collection":[{"href":"https:\/\/nordicdiy.ee\/lv\/wp-json\/wp\/v2\/product"}],"about":[{"href":"https:\/\/nordicdiy.ee\/lv\/wp-json\/wp\/v2\/types\/product"}],"wp:featuredmedia":[{"embeddable":true,"href":"https:\/\/nordicdiy.ee\/lv\/wp-json\/wp\/v2\/media\/29925"}],"wp:attachment":[{"href":"https:\/\/nordicdiy.ee\/lv\/wp-json\/wp\/v2\/media?parent=29855"}],"wp:term":[{"taxonomy":"product_brand","embeddable":true,"href":"https:\/\/nordicdiy.ee\/lv\/wp-json\/wp\/v2\/product_brand?post=29855"},{"taxonomy":"product_cat","embeddable":true,"href":"https:\/\/nordicdiy.ee\/lv\/wp-json\/wp\/v2\/product_cat?post=29855"},{"taxonomy":"product_tag","embeddable":true,"href":"https:\/\/nordicdiy.ee\/lv\/wp-json\/wp\/v2\/product_tag?post=29855"}],"curies":[{"name":"wp","href":"https:\/\/api.w.org\/{rel}","templated":true}]}}