{"id":29861,"date":"2026-04-22T15:58:36","date_gmt":"2026-04-22T12:58:36","guid":{"rendered":"https:\/\/nordicdiy.ee\/epood\/uncategorized\/bergamotes-eteriska-ella\/"},"modified":"2026-04-22T18:00:06","modified_gmt":"2026-04-22T15:00:06","slug":"bergamotes-eteriska-ella","status":"publish","type":"product","link":"https:\/\/nordicdiy.ee\/lv\/epood\/ziepju-izgatavosana\/citas-ziepju-razosanas-sastavdalas\/bergamotes-eteriska-ella\/","title":{"rendered":"Bergamotes \u0113terisk\u0101 e\u013c\u013ca"},"content":{"rendered":"<p><strong>Bergamotes \u0113terisko e\u013c\u013cu ieg\u016bst<\/strong> no bergamotes (Citrus bergamia) mizas aukst\u0101 pres\u0113\u0161anas proces\u0101, saglab\u0101jot t\u0101s dabisk\u0101s akt\u012bv\u0101s sast\u0101vda\u013cas un rakstur\u012bgo eleganto arom\u0101tu. E\u013c\u013cai piem\u012bt unik\u0101ls arom\u0101ts - svaigs citrusaug\u013cu arom\u0101ts ar maigu ziedu un viegli r\u016bgtu noti. <\/p>\n<p>Bergamotes e\u013c\u013ca ir viena no visvair\u0101k nov\u0113rt\u0113taj\u0101m e\u013c\u013c\u0101m aromterapij\u0101, jo t\u0101 sp\u0113c\u012bgi ietekm\u0113 emocion\u0101lo labsaj\u016btu.<\/p>\n<p><strong>Funkcijas un priek\u0161roc\u012bbas<\/strong><\/p>\n<ul>\n<li>Pal\u012bdz mazin\u0101t s\u0101pes un iekaisumu<\/li>\n<li>Nomierino\u0161s un relaks\u0113jo\u0161s efekts<\/li>\n<li>Veicina \u0101das atjauno\u0161anos un re\u0123ener\u0101ciju<\/li>\n<li>pal\u012bdz mazin\u0101t stresu, dusmas un neapmierin\u0101t\u012bbu.<\/li>\n<li>Atbalsta kvalit\u0101ti un<\/li>\n<li>Pal\u012bdz dabisk\u0101 veid\u0101 tikt gal\u0101 ar situat\u012bvo trauksmi.<\/li>\n<\/ul>\n<p>Bergamotes \u0113terisk\u0101 e\u013c\u013ca ir lieliska izv\u0113le, ja v\u0113laties rad\u012bt nomierino\u0161u, l\u012bdzsvarojo\u0161u un vienlaikus nedaudz atsvaidzino\u0161u atmosf\u0113ru.<\/p>\n<p><strong>Izmanto\u0161ana<\/strong><\/p>\n<p>Piem\u0113rots:<\/p>\n<ul>\n<li>aromterapija (difuzori, relaks\u0113jo\u0161i mais\u012bjumi).<\/li>\n<li>mas\u0101\u017eas e\u013c\u013cas (at\u0161\u0137aid\u012btas)<\/li>\n<li>\u0137erme\u0146a kop\u0161anas l\u012bdzek\u013ci (kr\u0113mi, e\u013c\u013cas, smar\u017eas).<\/li>\n<li>Vannas istabas produkti<\/li>\n<li>relaks\u0113jo\u0161i produkti un produkti, kas veicina miega kvalit\u0101ti.<\/li>\n<\/ul>\n<p><strong>IFRA un dro\u0161\u012bba<\/strong><\/p>\n<p>Bergamotes \u0113terisko e\u013c\u013cu pla\u0161i izmanto, ta\u010du tai ir b\u016btiski ierobe\u017eojumi.<\/p>\n<p>Var izmantot:<\/p>\n<ul>\n<li>\u0137erme\u0146a kop\u0161anas l\u012bdzek\u013ci<\/li>\n<li>ziep\u0113s un \u0161amp\u016bnos<\/li>\n<li>parfim\u0113rij\u0101 un m\u0101jas smar\u017e\u0101s<\/li>\n<\/ul>\n<p>Svar\u012bgi:<\/p>\n<ul>\n<li>fototoksisks (jo \u012bpa\u0161i aukst\u0101 spieduma variants satur bergapt\u0113nu).<\/li>\n<li>12-24 stundas p\u0113c uzkl\u0101\u0161anas uz \u0101das izvair\u012bties no saules gaismas iedarb\u012bbas.<\/li>\n<li>izmantot at\u0161\u0137aid\u012btu<\/li>\n<li>  atbilst IFRA noteiktajiem ierobe\u017eojumiem (\u013coti zems % saturs bezsalipes produktos).<\/li>\n<li>nav ieteicams izmantot svec\u0113m, jo smar\u017ea \u0101tri izkl\u012bst un svece nedeg vienm\u0113r\u012bgi.<\/li>\n<\/ul>\n<p><a href=\"https:\/\/goldelseou.sharepoint.com\/:f:\/s\/Nordicdiy.ee\/IgBjYN4AObQrR7miq6BlhIdVAXg8d4zyPzIFLtbsCxmJN20?e=FkGpHC\" target=\"_blank\" rel=\"noopener\"><strong>Lejupiel\u0101d\u0113t dro\u0161\u012bbas datu lapas (SDS), IFRA, alerg\u0113nu tabulu \u0161eit.<\/strong><\/a><\/p>\n<p>Uzglab\u0101\u0161ana: ieteicamais der\u012bguma termi\u0146\u0161 ir 1 gads, bet, ja produkts tiek pareizi uzglab\u0101ts (prom no saules gaismas, saus\u0101 un v\u0113s\u0101 viet\u0101), tas b\u016bs der\u012bgs vair\u0101kus gadus.<\/p>\n","protected":false},"excerpt":{"rendered":"<p>Bergamotes \u0113terisk\u0101 e\u013c\u013ca ir svaiga, nedaudz salda, citrusaug\u013cu un ziedu e\u013c\u013ca, kas nomierina pr\u0101tu, pal\u012bdz mazin\u0101t stresu un uztur emocion\u0101lo l\u012bdzsvaru. Ide\u0101li piem\u0113rota relaks\u0101cijai un labam miegam. <\/p>\n","protected":false},"featured_media":29931,"template":"","meta":{"site-sidebar-layout":"default","site-content-layout":"","ast-site-content-layout":"default","site-content-style":"default","site-sidebar-style":"default","ast-global-header-display":"","ast-banner-title-visibility":"","ast-main-header-display":"","ast-hfb-above-header-display":"","ast-hfb-below-header-display":"","ast-hfb-mobile-header-display":"","site-post-title":"","ast-breadcrumbs-content":"","ast-featured-img":"","footer-sml-layout":"","ast-disable-related-posts":"","theme-transparent-header-meta":"default","adv-header-id-meta":"","stick-header-meta":"default","header-above-stick-meta":"","header-main-stick-meta":"","header-below-stick-meta":"","astra-migrate-meta-layouts":"default","ast-page-background-enabled":"default","ast-page-background-meta":{"desktop":{"background-color":"","background-image":"","background-repeat":"repeat","background-position":"center center","background-size":"auto","background-attachment":"scroll","background-type":"","background-media":"","overlay-type":"","overlay-color":"","overlay-opacity":"","overlay-gradient":""},"tablet":{"background-color":"","background-image":"","background-repeat":"repeat","background-position":"center center","background-size":"auto","background-attachment":"scroll","background-type":"","background-media":"","overlay-type":"","overlay-color":"","overlay-opacity":"","overlay-gradient":""},"mobile":{"background-color":"","background-image":"","background-repeat":"repeat","background-position":"center center","background-size":"auto","background-attachment":"scroll","background-type":"","background-media":"","overlay-type":"","overlay-color":"","overlay-opacity":"","overlay-gradient":""}},"ast-content-background-meta":{"desktop":{"background-color":"var(--ast-global-color-5)","background-image":"","background-repeat":"repeat","background-position":"center center","background-size":"auto","background-attachment":"scroll","background-type":"","background-media":"","overlay-type":"","overlay-color":"","overlay-opacity":"","overlay-gradient":""},"tablet":{"background-color":"var(--ast-global-color-5)","background-image":"","background-repeat":"repeat","background-position":"center center","background-size":"auto","background-attachment":"scroll","background-type":"","background-media":"","overlay-type":"","overlay-color":"","overlay-opacity":"","overlay-gradient":""},"mobile":{"background-color":"var(--ast-global-color-5)","background-image":"","background-repeat":"repeat","background-position":"center center","background-size":"auto","background-attachment":"scroll","background-type":"","background-media":"","overlay-type":"","overlay-color":"","overlay-opacity":"","overlay-gradient":""}}},"product_brand":[],"product_cat":[131,408,407,214],"product_tag":[],"class_list":{"0":"post-29861","1":"product","2":"type-product","3":"status-publish","4":"has-post-thumbnail","6":"product_cat-aromatiskas-ellas","7":"product_cat-citas-ziepju-razosanas-sastavdalas","8":"product_cat-eteriskas-ellas","9":"product_cat-ziepju-izgatavosana","10":"desktop-align-left","11":"tablet-align-left","12":"mobile-align-left","13":"ast-product-gallery-layout-horizontal","14":"ast-product-gallery-with-no-image","15":"ast-product-single-variable","16":"ast-product-tabs-layout-horizontal","18":"first","19":"instock","20":"taxable","21":"shipping-taxable","22":"purchasable","23":"product-type-variable"},"_links":{"self":[{"href":"https:\/\/nordicdiy.ee\/lv\/wp-json\/wp\/v2\/product\/29861","targetHints":{"allow":["GET"]}}],"collection":[{"href":"https:\/\/nordicdiy.ee\/lv\/wp-json\/wp\/v2\/product"}],"about":[{"href":"https:\/\/nordicdiy.ee\/lv\/wp-json\/wp\/v2\/types\/product"}],"wp:featuredmedia":[{"embeddable":true,"href":"https:\/\/nordicdiy.ee\/lv\/wp-json\/wp\/v2\/media\/29931"}],"wp:attachment":[{"href":"https:\/\/nordicdiy.ee\/lv\/wp-json\/wp\/v2\/media?parent=29861"}],"wp:term":[{"taxonomy":"product_brand","embeddable":true,"href":"https:\/\/nordicdiy.ee\/lv\/wp-json\/wp\/v2\/product_brand?post=29861"},{"taxonomy":"product_cat","embeddable":true,"href":"https:\/\/nordicdiy.ee\/lv\/wp-json\/wp\/v2\/product_cat?post=29861"},{"taxonomy":"product_tag","embeddable":true,"href":"https:\/\/nordicdiy.ee\/lv\/wp-json\/wp\/v2\/product_tag?post=29861"}],"curies":[{"name":"wp","href":"https:\/\/api.w.org\/{rel}","templated":true}]}}