{"id":29903,"date":"2026-04-22T16:23:59","date_gmt":"2026-04-22T13:23:59","guid":{"rendered":"https:\/\/nordicdiy.ee\/epood\/uncategorized\/caurspidigs-stikla-trauks-svecem-250ml-h73-x-d79-mm\/"},"modified":"2026-04-22T17:13:40","modified_gmt":"2026-04-22T14:13:40","slug":"caurspidigs-stikla-trauks-svecem-250ml-h73-x-d79-mm","status":"publish","type":"product","link":"https:\/\/nordicdiy.ee\/lv\/epood\/svecu-izgatavosana\/svecturi-un-vaki\/caurspidigs-stikla-trauks-svecem-250ml-h73-x-d79-mm\/","title":{"rendered":"Caursp\u012bd\u012bgs stikla trauks svec\u0113m 250ml, h73 x d79 mm"},"content":{"rendered":"<p>Sve\u010du trauks ir izgatavots no iztur\u012bga, karstumiztur\u012bga stikla un ir \u012bpa\u0161i paredz\u0113ts sve\u010du lie\u0161anai - dro\u0161s, est\u0113tisks un atk\u0101rtoti lietojams. P\u0113c sveces izdeg\u0161anas trauku var viegli izt\u012br\u012bt un izmantot atk\u0101rtoti. <\/p>\n<p><strong>Stikla priek\u0161roc\u012bbas:<\/strong><\/p>\n<ul>\n<li>Dro\u0161s un karstumiztur\u012bgs - paredz\u0113ts sve\u010du ra\u017eo\u0161anai<\/li>\n<li>Atk\u0101rtoti lietojams un videi draudz\u012bgs<\/li>\n<li>Skaists un elegants izskats<\/li>\n<li>Nesatur smagos met\u0101lus<\/li>\n<\/ul>\n<p><strong>Tehniskie dati:<\/strong><\/p>\n<ul>\n<li>Augstums: 7,3 cm<\/li>\n<li>Aug\u0161da\u013cas diametrs: 7,9 cm<\/li>\n<li>Apak\u0161\u0113j\u0101s da\u013cas diametrs: 7,4 cm<\/li>\n<li>Ietilp\u012bba: 250 ml<\/li>\n<\/ul>\n","protected":false},"excerpt":{"rendered":"<p>Caursp\u012bd\u012bgs 250 ml sve\u010du stikls ir ide\u0101la izv\u0113le ar rok\u0101m darin\u0101tu sve\u010du izgatavo\u0161anai. Piem\u0113rots lieto\u0161anai ar da\u017e\u0101diem vaska veidiem, piem\u0113ram, Sojas vasku, paraf\u012bna vasku, rap\u0161u vasku, bi\u0161u vasku un palmu vasku. Karstumiztur\u012bg\u0101 stikla burka nodro\u0161ina dro\u0161u un iztur\u012bgu sve\u010du deg\u0161anu, vienlaikus nodro\u0161inot stil\u012bgu izskatu.  <\/p>\n","protected":false},"featured_media":29912,"template":"","meta":{"site-sidebar-layout":"default","site-content-layout":"","ast-site-content-layout":"default","site-content-style":"default","site-sidebar-style":"default","ast-global-header-display":"","ast-banner-title-visibility":"","ast-main-header-display":"","ast-hfb-above-header-display":"","ast-hfb-below-header-display":"","ast-hfb-mobile-header-display":"","site-post-title":"","ast-breadcrumbs-content":"","ast-featured-img":"","footer-sml-layout":"","ast-disable-related-posts":"","theme-transparent-header-meta":"default","adv-header-id-meta":"","stick-header-meta":"default","header-above-stick-meta":"","header-main-stick-meta":"","header-below-stick-meta":"","astra-migrate-meta-layouts":"default","ast-page-background-enabled":"default","ast-page-background-meta":{"desktop":{"background-color":"","background-image":"","background-repeat":"repeat","background-position":"center center","background-size":"auto","background-attachment":"scroll","background-type":"","background-media":"","overlay-type":"","overlay-color":"","overlay-opacity":"","overlay-gradient":""},"tablet":{"background-color":"","background-image":"","background-repeat":"repeat","background-position":"center center","background-size":"auto","background-attachment":"scroll","background-type":"","background-media":"","overlay-type":"","overlay-color":"","overlay-opacity":"","overlay-gradient":""},"mobile":{"background-color":"","background-image":"","background-repeat":"repeat","background-position":"center center","background-size":"auto","background-attachment":"scroll","background-type":"","background-media":"","overlay-type":"","overlay-color":"","overlay-opacity":"","overlay-gradient":""}},"ast-content-background-meta":{"desktop":{"background-color":"var(--ast-global-color-5)","background-image":"","background-repeat":"repeat","background-position":"center center","background-size":"auto","background-attachment":"scroll","background-type":"","background-media":"","overlay-type":"","overlay-color":"","overlay-opacity":"","overlay-gradient":""},"tablet":{"background-color":"var(--ast-global-color-5)","background-image":"","background-repeat":"repeat","background-position":"center center","background-size":"auto","background-attachment":"scroll","background-type":"","background-media":"","overlay-type":"","overlay-color":"","overlay-opacity":"","overlay-gradient":""},"mobile":{"background-color":"var(--ast-global-color-5)","background-image":"","background-repeat":"repeat","background-position":"center center","background-size":"auto","background-attachment":"scroll","background-type":"","background-media":"","overlay-type":"","overlay-color":"","overlay-opacity":"","overlay-gradient":""}}},"product_brand":[],"product_cat":[161,150],"product_tag":[],"class_list":{"0":"post-29903","1":"product","2":"type-product","3":"status-publish","4":"has-post-thumbnail","6":"product_cat-svecturi-un-vaki","7":"product_cat-svecu-izgatavosana","8":"desktop-align-left","9":"tablet-align-left","10":"mobile-align-left","11":"ast-product-gallery-layout-horizontal","12":"ast-product-gallery-with-no-image","13":"ast-product-tabs-layout-horizontal","15":"first","16":"instock","17":"taxable","18":"shipping-taxable","19":"purchasable","20":"product-type-simple"},"_links":{"self":[{"href":"https:\/\/nordicdiy.ee\/lv\/wp-json\/wp\/v2\/product\/29903","targetHints":{"allow":["GET"]}}],"collection":[{"href":"https:\/\/nordicdiy.ee\/lv\/wp-json\/wp\/v2\/product"}],"about":[{"href":"https:\/\/nordicdiy.ee\/lv\/wp-json\/wp\/v2\/types\/product"}],"wp:featuredmedia":[{"embeddable":true,"href":"https:\/\/nordicdiy.ee\/lv\/wp-json\/wp\/v2\/media\/29912"}],"wp:attachment":[{"href":"https:\/\/nordicdiy.ee\/lv\/wp-json\/wp\/v2\/media?parent=29903"}],"wp:term":[{"taxonomy":"product_brand","embeddable":true,"href":"https:\/\/nordicdiy.ee\/lv\/wp-json\/wp\/v2\/product_brand?post=29903"},{"taxonomy":"product_cat","embeddable":true,"href":"https:\/\/nordicdiy.ee\/lv\/wp-json\/wp\/v2\/product_cat?post=29903"},{"taxonomy":"product_tag","embeddable":true,"href":"https:\/\/nordicdiy.ee\/lv\/wp-json\/wp\/v2\/product_tag?post=29903"}],"curies":[{"name":"wp","href":"https:\/\/api.w.org\/{rel}","templated":true}]}}