{"id":29907,"date":"2026-04-22T16:23:59","date_gmt":"2026-04-22T13:23:59","guid":{"rendered":"https:\/\/nordicdiy.ee\/epood\/uncategorized\/stikls-ar-vaku-tumsi-sarkans-spidigs-220-ml-h138-x-d82-mm\/"},"modified":"2026-04-22T17:24:03","modified_gmt":"2026-04-22T14:24:03","slug":"stikls-ar-vaku-tumsi-sarkans-spidigs-220-ml-h138-x-d82-mm","status":"publish","type":"product","link":"https:\/\/nordicdiy.ee\/lv\/epood\/svecu-izgatavosana\/svecturi-un-vaki\/stikls-ar-vaku-tumsi-sarkans-spidigs-220-ml-h138-x-d82-mm\/","title":{"rendered":"Stikls ar v\u0101ku tum\u0161i sarkans, sp\u012bd\u012bgs, 300 ml, h138 x d82 mm"},"content":{"rendered":"<p>Sve\u010du stikla izm\u0113ri ir <strong>h138 \u00d7 d82 mm,<\/strong> kas ir lieliski piem\u0113roti da\u017e\u0101diem vaskiem un smar\u017eu kombin\u0101cij\u0101m. Papildus sve\u010du izgatavo\u0161anai \u0161is greznais stikls ir ar\u012b lieliski piem\u0113rots cukura b\u013codi\u0146\u0101m, konfek\u0161u burci\u0146\u0101m vai kosm\u0113tikas trauci\u0146iem. Elegants un daudzpus\u012bgs aksesu\u0101rs jebkuram interjeram. <\/p>\n<p>Sve\u010du trauks ir izgatavots no iztur\u012bga, karstumiztur\u012bga stikla un ir \u012bpa\u0161i paredz\u0113ts sve\u010du lie\u0161anai - dro\u0161s, est\u0113tisks un atk\u0101rtoti lietojams. P\u0113c sveces izdeg\u0161anas trauku var viegli izt\u012br\u012bt un izmantot atk\u0101rtoti. <\/p>\n<p><strong>Stikla priek\u0161roc\u012bbas:<\/strong><\/p>\n<ul>\n<li>Dro\u0161s un karstumiztur\u012bgs - paredz\u0113ts sve\u010du ra\u017eo\u0161anai<\/li>\n<li>Atk\u0101rtoti lietojams un videi draudz\u012bgs<\/li>\n<li>Skaists un elegants izskats<\/li>\n<li>Nesatur smagos met\u0101lus<\/li>\n<\/ul>\n<p><strong>Tehniskie dati:<\/strong><\/p>\n<ul>\n<li>Augstums: 13,8 cm<\/li>\n<li>Aug\u0161da\u013cas diametrs: 8,2 cm<\/li>\n<li>Apak\u0161\u0113j\u0101s da\u013cas diametrs: 8,2 cm<\/li>\n<li>Ietilp\u012bba: 300 ml<\/li>\n<li>Kr\u0101sa: gai\u0161i za\u013ca mat\u0113ta<\/li>\n<\/ul>\n<p><strong>Stikla kr\u0101so\u0161anai ir izmantota UFIREADY laka:<\/strong><\/p>\n<p>Aspol Scentra dekorat\u012bvais stikls ir p\u0101rkl\u0101ts ar augst\u0101k\u0101s kvalit\u0101tes UFIREADY lak\u0101m, kas nodro\u0161ina ilgnotur\u012bgu un dro\u0161u apdari.<\/p>\n<p><strong>Kr\u0101su raksturlielumi:<\/strong><\/p>\n<ul>\n<li>Atbilst visiem ES dro\u0161\u012bbas un kvalit\u0101tes standartiem<\/li>\n<li>Iztur\u012bgs - saglab\u0101 kr\u0101su un sp\u012bdumu p\u0113c ilgsto\u0161as lieto\u0161anas<\/li>\n<li>Iztur l\u012bdz 500 trauku mazg\u0101jam\u0101s ma\u0161\u012bnas cikliem<\/li>\n<li>\u0136\u012bmiski iztur\u012bgs un viegli kopjams<\/li>\n<li>Dro\u0161a saskare ar p\u0101rtiku<\/li>\n<li>Veg\u0101nu un bez izm\u0113\u0123in\u0101jumiem ar dz\u012bvniekiem<\/li>\n<li>Nesatur smagos met\u0101lus un ftal\u0101tus<\/li>\n<\/ul>\n","protected":false},"excerpt":{"rendered":"<p>Izgatavota no iztur\u012bga, karstumiztur\u012bga stikla, 300 ml sve\u010du burka ir \u012bpa\u0161i izstr\u0101d\u0101ta sve\u010du lie\u0161anai - dro\u0161a, <strong data-start=\"563\" data-end=\"608\">grezna un atk\u0101rtoti lietojama.<\/strong> P\u0113c sveces izdeg\u0161anas trauku var viegli izt\u012br\u012bt un izmantot atk\u0101rtoti. Ide\u0101la sve\u010du gl\u0101ze Valent\u012bndienas, Sievie\u0161u dienas, M\u0101tes dienas un Ziemassv\u0113tku kolekcij\u0101m!  <\/p>\n","protected":false},"featured_media":29918,"template":"","meta":{"site-sidebar-layout":"default","site-content-layout":"","ast-site-content-layout":"default","site-content-style":"default","site-sidebar-style":"default","ast-global-header-display":"","ast-banner-title-visibility":"","ast-main-header-display":"","ast-hfb-above-header-display":"","ast-hfb-below-header-display":"","ast-hfb-mobile-header-display":"","site-post-title":"","ast-breadcrumbs-content":"","ast-featured-img":"","footer-sml-layout":"","ast-disable-related-posts":"","theme-transparent-header-meta":"default","adv-header-id-meta":"","stick-header-meta":"default","header-above-stick-meta":"","header-main-stick-meta":"","header-below-stick-meta":"","astra-migrate-meta-layouts":"default","ast-page-background-enabled":"default","ast-page-background-meta":{"desktop":{"background-color":"","background-image":"","background-repeat":"repeat","background-position":"center center","background-size":"auto","background-attachment":"scroll","background-type":"","background-media":"","overlay-type":"","overlay-color":"","overlay-opacity":"","overlay-gradient":""},"tablet":{"background-color":"","background-image":"","background-repeat":"repeat","background-position":"center center","background-size":"auto","background-attachment":"scroll","background-type":"","background-media":"","overlay-type":"","overlay-color":"","overlay-opacity":"","overlay-gradient":""},"mobile":{"background-color":"","background-image":"","background-repeat":"repeat","background-position":"center center","background-size":"auto","background-attachment":"scroll","background-type":"","background-media":"","overlay-type":"","overlay-color":"","overlay-opacity":"","overlay-gradient":""}},"ast-content-background-meta":{"desktop":{"background-color":"var(--ast-global-color-5)","background-image":"","background-repeat":"repeat","background-position":"center center","background-size":"auto","background-attachment":"scroll","background-type":"","background-media":"","overlay-type":"","overlay-color":"","overlay-opacity":"","overlay-gradient":""},"tablet":{"background-color":"var(--ast-global-color-5)","background-image":"","background-repeat":"repeat","background-position":"center center","background-size":"auto","background-attachment":"scroll","background-type":"","background-media":"","overlay-type":"","overlay-color":"","overlay-opacity":"","overlay-gradient":""},"mobile":{"background-color":"var(--ast-global-color-5)","background-image":"","background-repeat":"repeat","background-position":"center center","background-size":"auto","background-attachment":"scroll","background-type":"","background-media":"","overlay-type":"","overlay-color":"","overlay-opacity":"","overlay-gradient":""}}},"product_brand":[],"product_cat":[161,150],"product_tag":[],"class_list":{"0":"post-29907","1":"product","2":"type-product","3":"status-publish","4":"has-post-thumbnail","6":"product_cat-svecturi-un-vaki","7":"product_cat-svecu-izgatavosana","8":"desktop-align-left","9":"tablet-align-left","10":"mobile-align-left","11":"ast-product-gallery-layout-horizontal","12":"ast-product-gallery-with-no-image","13":"ast-product-tabs-layout-horizontal","15":"first","16":"instock","17":"taxable","18":"shipping-taxable","19":"purchasable","20":"product-type-simple"},"_links":{"self":[{"href":"https:\/\/nordicdiy.ee\/lv\/wp-json\/wp\/v2\/product\/29907","targetHints":{"allow":["GET"]}}],"collection":[{"href":"https:\/\/nordicdiy.ee\/lv\/wp-json\/wp\/v2\/product"}],"about":[{"href":"https:\/\/nordicdiy.ee\/lv\/wp-json\/wp\/v2\/types\/product"}],"wp:featuredmedia":[{"embeddable":true,"href":"https:\/\/nordicdiy.ee\/lv\/wp-json\/wp\/v2\/media\/29918"}],"wp:attachment":[{"href":"https:\/\/nordicdiy.ee\/lv\/wp-json\/wp\/v2\/media?parent=29907"}],"wp:term":[{"taxonomy":"product_brand","embeddable":true,"href":"https:\/\/nordicdiy.ee\/lv\/wp-json\/wp\/v2\/product_brand?post=29907"},{"taxonomy":"product_cat","embeddable":true,"href":"https:\/\/nordicdiy.ee\/lv\/wp-json\/wp\/v2\/product_cat?post=29907"},{"taxonomy":"product_tag","embeddable":true,"href":"https:\/\/nordicdiy.ee\/lv\/wp-json\/wp\/v2\/product_tag?post=29907"}],"curies":[{"name":"wp","href":"https:\/\/api.w.org\/{rel}","templated":true}]}}