{"id":30047,"date":"2026-04-09T15:58:35","date_gmt":"2026-04-09T12:58:35","guid":{"rendered":"https:\/\/nordicdiy.ee\/epood\/uncategorized\/metala-burka-ar-melnu-vaku-svecem-100-ml\/"},"modified":"2026-04-24T17:20:33","modified_gmt":"2026-04-24T14:20:33","slug":"metala-burka-ar-melnu-vaku-svecem-100-ml","status":"publish","type":"product","link":"https:\/\/nordicdiy.ee\/lv\/epood\/svecu-izgatavosana\/svecturi-un-vaki\/metala-burka-ar-melnu-vaku-svecem-100-ml\/","title":{"rendered":"Met\u0101la burka ar melnu v\u0101ku svec\u0113m - 100 ml"},"content":{"rendered":"<p class=\"\" data-start=\"287\" data-end=\"548\">Stil\u012bga un iztur\u012bga <strong data-start=\"309\" data-end=\"329\">melna met\u0101la burka<\/strong> sve\u010du <strong data-start=\"309\" data-end=\"329\">izgatavo\u0161anai<\/strong>. Ide\u0101li piem\u0113rota gan m\u0101jas amatniec\u012bbai, gan profesion\u0101liem ra\u017eot\u0101jiem. Met\u0101la sve\u010du tur\u0113t\u0101jam ir v\u0101ci\u0146\u0161, kas pasarg\u0101 sveci no putek\u013ciem un padara izstr\u0101d\u0101jumu elegantu.  <\/p>\n<p class=\"\" data-start=\"550\" data-end=\"662\"><strong data-start=\"550\" data-end=\"564\">Ietilp\u012bba: 100 ml<\/strong><br data-start=\"571\" data-end=\"574\"><strong data-start=\"574\" data-end=\"585\">Izm\u0113ri<\/strong>: augstums 4,2 cm, diametrs 6,4 cm<br data-start=\"617\" data-end=\"620\"><strong data-start=\"620\" data-end=\"633\">Materi\u0101ls<\/strong>:<strong data-start=\"643\" data-end=\"654\">met\u0101ls<\/strong><br data-start=\"640\" data-end=\"643\"><strong data-start=\"643\" data-end=\"654\"> Kr\u0101sa: melna<strong data-start=\"643\" data-end=\"654\">.<\/strong> <\/strong><\/p>\n<p class=\"\" data-start=\"664\" data-end=\"730\">Vienk\u0101r\u0161i pievienojiet daktu, ielejiet k\u016bsto\u0161o vasku un izveidojiet savu person\u012bgo sveci!<\/p>\n","protected":false},"excerpt":{"rendered":"<p>Eleganta un iztur\u012bga <strong data-start=\"309\" data-end=\"329\">melna met\u0101la burka ir<\/strong> lieliska izv\u0113le sve\u010du izgatavo\u0161anai. Piem\u0113rota lieto\u0161anai ar da\u017e\u0101diem vaskiem, piem\u0113ram, Sojas vasku, paraf\u012bnu, rap\u0161u vasku, bi\u0161u vasku un palmu vasku. Met\u0101la sve\u010du tur\u0113t\u0101jam ir v\u0101ci\u0146\u0161, kas pasarg\u0101 sveci no putek\u013ciem, vienlaikus nodro\u0161inot stil\u012bgu izskatu.  <\/p>\n","protected":false},"featured_media":30069,"template":"","meta":{"site-sidebar-layout":"default","site-content-layout":"","ast-site-content-layout":"default","site-content-style":"default","site-sidebar-style":"default","ast-global-header-display":"","ast-banner-title-visibility":"","ast-main-header-display":"","ast-hfb-above-header-display":"","ast-hfb-below-header-display":"","ast-hfb-mobile-header-display":"","site-post-title":"","ast-breadcrumbs-content":"","ast-featured-img":"","footer-sml-layout":"","ast-disable-related-posts":"","theme-transparent-header-meta":"default","adv-header-id-meta":"","stick-header-meta":"default","header-above-stick-meta":"","header-main-stick-meta":"","header-below-stick-meta":"","astra-migrate-meta-layouts":"set","ast-page-background-enabled":"default","ast-page-background-meta":{"desktop":{"background-color":"","background-image":"","background-repeat":"repeat","background-position":"center center","background-size":"auto","background-attachment":"scroll","background-type":"","background-media":"","overlay-type":"","overlay-color":"","overlay-opacity":"","overlay-gradient":""},"tablet":{"background-color":"","background-image":"","background-repeat":"repeat","background-position":"center center","background-size":"auto","background-attachment":"scroll","background-type":"","background-media":"","overlay-type":"","overlay-color":"","overlay-opacity":"","overlay-gradient":""},"mobile":{"background-color":"","background-image":"","background-repeat":"repeat","background-position":"center center","background-size":"auto","background-attachment":"scroll","background-type":"","background-media":"","overlay-type":"","overlay-color":"","overlay-opacity":"","overlay-gradient":""}},"ast-content-background-meta":{"desktop":{"background-color":"var(--ast-global-color-5)","background-image":"","background-repeat":"repeat","background-position":"center center","background-size":"auto","background-attachment":"scroll","background-type":"","background-media":"","overlay-type":"","overlay-color":"","overlay-opacity":"","overlay-gradient":""},"tablet":{"background-color":"var(--ast-global-color-5)","background-image":"","background-repeat":"repeat","background-position":"center center","background-size":"auto","background-attachment":"scroll","background-type":"","background-media":"","overlay-type":"","overlay-color":"","overlay-opacity":"","overlay-gradient":""},"mobile":{"background-color":"var(--ast-global-color-5)","background-image":"","background-repeat":"repeat","background-position":"center center","background-size":"auto","background-attachment":"scroll","background-type":"","background-media":"","overlay-type":"","overlay-color":"","overlay-opacity":"","overlay-gradient":""}}},"product_brand":[],"product_cat":[161,150],"product_tag":[],"class_list":{"0":"post-30047","1":"product","2":"type-product","3":"status-publish","4":"has-post-thumbnail","6":"product_cat-svecturi-un-vaki","7":"product_cat-svecu-izgatavosana","8":"desktop-align-left","9":"tablet-align-left","10":"mobile-align-left","11":"ast-product-gallery-layout-horizontal","12":"ast-product-gallery-with-no-image","13":"ast-product-tabs-layout-horizontal","15":"first","16":"instock","17":"taxable","18":"shipping-taxable","19":"purchasable","20":"product-type-simple"},"_links":{"self":[{"href":"https:\/\/nordicdiy.ee\/lv\/wp-json\/wp\/v2\/product\/30047","targetHints":{"allow":["GET"]}}],"collection":[{"href":"https:\/\/nordicdiy.ee\/lv\/wp-json\/wp\/v2\/product"}],"about":[{"href":"https:\/\/nordicdiy.ee\/lv\/wp-json\/wp\/v2\/types\/product"}],"wp:featuredmedia":[{"embeddable":true,"href":"https:\/\/nordicdiy.ee\/lv\/wp-json\/wp\/v2\/media\/30069"}],"wp:attachment":[{"href":"https:\/\/nordicdiy.ee\/lv\/wp-json\/wp\/v2\/media?parent=30047"}],"wp:term":[{"taxonomy":"product_brand","embeddable":true,"href":"https:\/\/nordicdiy.ee\/lv\/wp-json\/wp\/v2\/product_brand?post=30047"},{"taxonomy":"product_cat","embeddable":true,"href":"https:\/\/nordicdiy.ee\/lv\/wp-json\/wp\/v2\/product_cat?post=30047"},{"taxonomy":"product_tag","embeddable":true,"href":"https:\/\/nordicdiy.ee\/lv\/wp-json\/wp\/v2\/product_tag?post=30047"}],"curies":[{"name":"wp","href":"https:\/\/api.w.org\/{rel}","templated":true}]}}