{"id":30395,"date":"2026-04-28T17:46:53","date_gmt":"2026-04-28T14:46:53","guid":{"rendered":"https:\/\/nordicdiy.ee\/epood\/uncategorized\/skidra-vaska-krasviela-acl2-1565-vegans-un-dross\/"},"modified":"2026-04-28T19:47:18","modified_gmt":"2026-04-28T16:47:18","slug":"skidra-vaska-krasviela-acl2-1565-vegans-un-dross","status":"publish","type":"product","link":"https:\/\/nordicdiy.ee\/lv\/epood\/svecu-izgatavosana\/svecu-krasas\/skidra-vaska-krasviela-acl2-1565-vegans-un-dross\/","title":{"rendered":"\u0160\u0137idr\u0101 vaska kr\u0101sviela ACL2 1565 - veg\u0101ns un dro\u0161s"},"content":{"rendered":"<p><strong>\u0160\u0137idr\u0101 sve\u010du kr\u0101sviela ACL2: UFIGREEN - sve\u010du korpusu un sve\u010du kr\u0101so\u0161anai.<\/strong><\/p>\n<p>Inovat\u012bvs un dro\u0161s risin\u0101jums augst\u0101k\u0101s kvalit\u0101tes kr\u0101so\u0161anai. \u0160\u0137idr\u0101 sve\u010du kr\u0101sa ir paredz\u0113ta profesion\u0101\u013ciem un hobiju sve\u010du ra\u017eot\u0101jiem, kas izmanto vasku un paraf\u012bnu. T\u012brais sast\u0101vs un augstas kvalit\u0101tes izejvielas nodro\u0161ina intens\u012bvus, ilgnotur\u012bgus to\u0146us un vieglu, nevainojamu lieto\u0161anu.  <\/p>\n<p>Produkts ir paredz\u0113ts sve\u010du masveida kr\u0101so\u0161anai. Kr\u0101sa nav klasific\u0113ta k\u0101 b\u012bstama viela, t\u0101p\u0113c ar to ir dro\u0161i un \u0113rti str\u0101d\u0101t. <\/p>\n<p><strong>K\u0101p\u0113c izv\u0113l\u0113ties m\u016bsu \u0161\u0137idro sve\u010du kr\u0101su?<\/strong><\/p>\n<ul>\n<li>Veg\u0101ns - nesatur dz\u012bvnieku izcelsmes sast\u0101vda\u013cas.<\/li>\n<li>Cruelty Free - produkts nav test\u0113ts uz dz\u012bvniekiem.<\/li>\n<li>Dro\u0161s - nesatur smagos met\u0101lus un ftal\u0101tus.<\/li>\n<li>T\u012bra izejvielu kvalit\u0101te - tikai augst\u0101k\u0101s kvalit\u0101tes sast\u0101vda\u013cas.<\/li>\n<li>Nav b\u012bstams - nav klasific\u0113ts k\u0101 b\u012bstama viela.<\/li>\n<li>Intens\u012bvas un notur\u012bgas kr\u0101sas - vienm\u0113r\u012bgs tonis vis\u0101 sveces garum\u0101.<\/li>\n<li>Daudzpus\u012bgs pielietojums - piem\u0113rots gan masu, gan konteineru sve\u010du kr\u0101so\u0161anai.<\/li>\n<li>Viegli lietot - prec\u012bza doz\u0113\u0161ana, pateicoties \u0161\u0137idruma formai.<\/li>\n<li>Viendab\u012bga kr\u0101sa - perfekti iz\u0161\u0137\u012bst vask\u0101, neatst\u0101j sv\u012btras vai sl\u0101\u0146us.<\/li>\n<li>Bez smar\u017eas - nemaina arom\u0101tisko sve\u010du smar\u017eu.<\/li>\n<li>Videi draudz\u012bga - zem\u0101ka darba temperat\u016bra nek\u0101 p\u0101rslveida vai granulu kr\u0101s\u0101m (maz\u0101ks ener\u0123ijas pat\u0113ri\u0146\u0161).<\/li>\n<li>Ekonomisks - zem\u0101kas izmaksas\/kg sal\u012bdzin\u0101jum\u0101 ar konkurentiem.<\/li>\n<\/ul>\n<p><strong>Piem\u0113ro\u0161anas joma<\/strong><\/p>\n<p>Piem\u0113rots sojas, paraf\u012bna, rap\u0161u, saulespu\u0137u, saulespu\u0137u, bi\u0161u vaska un citu sve\u010du mais\u012bjumu kr\u0101so\u0161anai.<br \/>\nPievieno\u0161anas temperat\u016bra: atkar\u012bga no vaska veida un ku\u0161anas temperat\u016bras.<br \/>\nKr\u0101su var pievienot, tikl\u012bdz vasks ir izkusis.<\/p>\n<p><strong>Lieto\u0161ana:<\/strong><br \/>\nPievienojiet izm\u0113r\u012btu kr\u0101sas daudzumu k\u016bsto\u0161ajam vaskam un r\u016bp\u012bgi samaisiet.<br \/>\nIeteicamais daudzums: 0,01 - 0,5 % no masas.<\/p>\n<p>Prec\u012bzs daudzums b\u016bs atkar\u012bgs no v\u0113lam\u0101 kr\u0101sas pies\u0101tin\u0101juma - pirms ra\u017eo\u0161anas test\u0113\u0161anas \u013caujiet kr\u0101sotajam vaskam piln\u012bb\u0101 atdzist.<\/p>\n<p><strong>Svar\u012bga inform\u0101cija<\/strong><\/p>\n<ul>\n<li>Toni var at\u0161\u0137irties atkar\u012bb\u0101 no monitora iestat\u012bjumiem.<\/li>\n<li>Iepakojum\u0101 eso\u0161\u0101 kr\u0101sa ir koncentr\u0113ta un \u013coti tum\u0161a - pareizais vaska daudzums pie\u0161\u0137irs v\u0113lamo toni.<\/li>\n<li>Lietojiet aizsargl\u012bdzek\u013cus - kr\u0101sas past\u0101v\u012bgi kr\u0101so ap\u0123\u0113rbu, \u0101du un porainas virsmas.<\/li>\n<\/ul>\n<p>Produkta izcelsme: Polija<br \/>\nRa\u017eot\u0101js: Aspol Scentra sp. z o.o. <\/p>\n","protected":false},"excerpt":{"rendered":"<p>ACL \u0161\u0137idr\u0101s kr\u0101svielas ar UFIGREEN logotipu ir augst\u0101k\u0101s kvalit\u0101tes neklasific\u0113tas kr\u0101svielas, kas neietekm\u0113 sve\u010du dro\u0161\u012bbas mar\u0137\u0113jumu. \u013boti viegli lietojamas, samais\u0101s \u0101tri un vienm\u0113r\u012bgi, nepiecie\u0161ams tikai \u013coti neliels kr\u0101sas daudzums, lai sveci iekr\u0101sotu v\u0113lamaj\u0101 kr\u0101s\u0101. 2 g kr\u0101svielas izl\u012bdzina 1-2 kg vaska. T\u0101s ir ide\u0101li piem\u0113rotas sojas vaska un paraf\u012bna sve\u010du izgatavo\u0161anai un atbilst visstingr\u0101kajiem dro\u0161\u012bbas un vides aizsardz\u012bbas standartiem.   <\/p>\n","protected":false},"featured_media":30424,"template":"","meta":{"site-sidebar-layout":"default","site-content-layout":"","ast-site-content-layout":"default","site-content-style":"default","site-sidebar-style":"default","ast-global-header-display":"","ast-banner-title-visibility":"","ast-main-header-display":"","ast-hfb-above-header-display":"","ast-hfb-below-header-display":"","ast-hfb-mobile-header-display":"","site-post-title":"","ast-breadcrumbs-content":"","ast-featured-img":"","footer-sml-layout":"","ast-disable-related-posts":"","theme-transparent-header-meta":"default","adv-header-id-meta":"","stick-header-meta":"default","header-above-stick-meta":"","header-main-stick-meta":"","header-below-stick-meta":"","astra-migrate-meta-layouts":"default","ast-page-background-enabled":"default","ast-page-background-meta":{"desktop":{"background-color":"","background-image":"","background-repeat":"repeat","background-position":"center center","background-size":"auto","background-attachment":"scroll","background-type":"","background-media":"","overlay-type":"","overlay-color":"","overlay-opacity":"","overlay-gradient":""},"tablet":{"background-color":"","background-image":"","background-repeat":"repeat","background-position":"center center","background-size":"auto","background-attachment":"scroll","background-type":"","background-media":"","overlay-type":"","overlay-color":"","overlay-opacity":"","overlay-gradient":""},"mobile":{"background-color":"","background-image":"","background-repeat":"repeat","background-position":"center center","background-size":"auto","background-attachment":"scroll","background-type":"","background-media":"","overlay-type":"","overlay-color":"","overlay-opacity":"","overlay-gradient":""}},"ast-content-background-meta":{"desktop":{"background-color":"var(--ast-global-color-5)","background-image":"","background-repeat":"repeat","background-position":"center center","background-size":"auto","background-attachment":"scroll","background-type":"","background-media":"","overlay-type":"","overlay-color":"","overlay-opacity":"","overlay-gradient":""},"tablet":{"background-color":"var(--ast-global-color-5)","background-image":"","background-repeat":"repeat","background-position":"center center","background-size":"auto","background-attachment":"scroll","background-type":"","background-media":"","overlay-type":"","overlay-color":"","overlay-opacity":"","overlay-gradient":""},"mobile":{"background-color":"var(--ast-global-color-5)","background-image":"","background-repeat":"repeat","background-position":"center center","background-size":"auto","background-attachment":"scroll","background-type":"","background-media":"","overlay-type":"","overlay-color":"","overlay-opacity":"","overlay-gradient":""}}},"product_brand":[],"product_cat":[150,202],"product_tag":[],"class_list":{"0":"post-30395","1":"product","2":"type-product","3":"status-publish","4":"has-post-thumbnail","6":"product_cat-svecu-izgatavosana","7":"product_cat-svecu-krasas","8":"desktop-align-left","9":"tablet-align-left","10":"mobile-align-left","11":"ast-product-gallery-layout-horizontal","12":"ast-product-gallery-with-no-image","13":"ast-product-single-variable","14":"ast-product-tabs-layout-horizontal","16":"first","17":"instock","18":"taxable","19":"shipping-taxable","20":"purchasable","21":"product-type-variable"},"_links":{"self":[{"href":"https:\/\/nordicdiy.ee\/lv\/wp-json\/wp\/v2\/product\/30395","targetHints":{"allow":["GET"]}}],"collection":[{"href":"https:\/\/nordicdiy.ee\/lv\/wp-json\/wp\/v2\/product"}],"about":[{"href":"https:\/\/nordicdiy.ee\/lv\/wp-json\/wp\/v2\/types\/product"}],"wp:featuredmedia":[{"embeddable":true,"href":"https:\/\/nordicdiy.ee\/lv\/wp-json\/wp\/v2\/media\/30424"}],"wp:attachment":[{"href":"https:\/\/nordicdiy.ee\/lv\/wp-json\/wp\/v2\/media?parent=30395"}],"wp:term":[{"taxonomy":"product_brand","embeddable":true,"href":"https:\/\/nordicdiy.ee\/lv\/wp-json\/wp\/v2\/product_brand?post=30395"},{"taxonomy":"product_cat","embeddable":true,"href":"https:\/\/nordicdiy.ee\/lv\/wp-json\/wp\/v2\/product_cat?post=30395"},{"taxonomy":"product_tag","embeddable":true,"href":"https:\/\/nordicdiy.ee\/lv\/wp-json\/wp\/v2\/product_tag?post=30395"}],"curies":[{"name":"wp","href":"https:\/\/api.w.org\/{rel}","templated":true}]}}