{"id":3682,"date":"2025-01-15T19:36:10","date_gmt":"2025-01-15T16:36:10","guid":{"rendered":"https:\/\/nordicdiy.ee\/?post_type=product&#038;p=3682"},"modified":"2025-12-10T12:38:16","modified_gmt":"2025-12-10T09:38:16","slug":"kuunlaklaas-ombre-roosa-oranz-260ml-h88-x-d80-mm","status":"publish","type":"product","link":"https:\/\/nordicdiy.ee\/lv\/epood\/svecu-izgatavosana\/svecturi-un-vaki\/kuunlaklaas-ombre-roosa-oranz-260ml-h88-x-d80-mm\/","title":{"rendered":"K\u00fc\u00fcnlaklaas Ombre roosa-oran\u017e 260ml, h88 x d80 mm"},"content":{"rendered":"<p>L\u00e4ikiv Ombre roosa-oran\u017e k\u00fc\u00fcnlaklaas 260ml on ideaalne valik k\u00e4sit\u00f6\u00f6k\u00fc\u00fcnalde valmistamiseks. Selle suurus ja modernne disain sobivad suurep\u00e4raselt kasutamiseks erinevate vahadega, nagu sojavaha, parafiin, rapsivaha, mesilasvaha ja palmivaha. Kuumuskindel klaasn\u00f5u tagab turvalise ja vastupidava lahenduse, pakkudes samal ajal luksuslikku v\u00e4limust.<\/p>\n<p>K\u00fc\u00fcnlaklaasi m\u00f5\u00f5tmed h88 x d80 mm tagavad optimaalse mahu, mis mahutab kuni 260ml vaha, luues v\u00f5imaluse valmistada nii l\u00f5hnak\u00fc\u00fcnlaid kui ka lihtsalt dekoratiivseid k\u00fc\u00fcnlaid. L\u00e4ikiv Ombre roosa-oran\u017e pind lisab pehmust ja v\u00e4rvi igasse ruumi, olles olles suurep\u00e4rane valik nii kodukaunistuseks kui ka kingituseks.<\/p>\n<p>Sobib nii sojavahast kui ka parafiinist k\u00fc\u00fcnalde valmistamiseks, pakkudes pika p\u00f5lemisaja ja puhta p\u00f5lemise. Klaas on suurep\u00e4rane ka rapsivaha ja mesilasvaha k\u00fc\u00fcnalde jaoks, mis on looduss\u00f5bralikud ja biolagunevad.<\/p>\n","protected":false},"excerpt":{"rendered":"<p>L\u00e4ikiv Ombre roosa-oran\u017e k\u00fc\u00fcnlaklaas 260ml on ideaalne valik k\u00e4sit\u00f6\u00f6k\u00fc\u00fcnalde valmistamiseks. Selle suurus ja modernne disain sobivad suurep\u00e4raselt kasutamiseks erinevate vahadega, nagu sojavaha, parafiin, rapsivaha, mesilasvaha ja palmivaha. Kuumuskindel klaasn\u00f5u tagab turvalise ja vastupidava lahenduse, pakkudes samal ajal kevadesse erksat v\u00e4rvikollektsiooni k\u00fc\u00fcnlaklaasi.<\/p>\n","protected":false},"featured_media":3861,"template":"","meta":{"site-sidebar-layout":"default","site-content-layout":"","ast-site-content-layout":"default","site-content-style":"default","site-sidebar-style":"default","ast-global-header-display":"","ast-banner-title-visibility":"","ast-main-header-display":"","ast-hfb-above-header-display":"","ast-hfb-below-header-display":"","ast-hfb-mobile-header-display":"","site-post-title":"","ast-breadcrumbs-content":"","ast-featured-img":"","footer-sml-layout":"","ast-disable-related-posts":"","theme-transparent-header-meta":"default","adv-header-id-meta":"","stick-header-meta":"default","header-above-stick-meta":"","header-main-stick-meta":"","header-below-stick-meta":"","astra-migrate-meta-layouts":"set","ast-page-background-enabled":"default","ast-page-background-meta":{"desktop":{"background-color":"","background-image":"","background-repeat":"repeat","background-position":"center center","background-size":"auto","background-attachment":"scroll","background-type":"","background-media":"","overlay-type":"","overlay-color":"","overlay-opacity":"","overlay-gradient":""},"tablet":{"background-color":"","background-image":"","background-repeat":"repeat","background-position":"center center","background-size":"auto","background-attachment":"scroll","background-type":"","background-media":"","overlay-type":"","overlay-color":"","overlay-opacity":"","overlay-gradient":""},"mobile":{"background-color":"","background-image":"","background-repeat":"repeat","background-position":"center center","background-size":"auto","background-attachment":"scroll","background-type":"","background-media":"","overlay-type":"","overlay-color":"","overlay-opacity":"","overlay-gradient":""}},"ast-content-background-meta":{"desktop":{"background-color":"var(--ast-global-color-5)","background-image":"","background-repeat":"repeat","background-position":"center center","background-size":"auto","background-attachment":"scroll","background-type":"","background-media":"","overlay-type":"","overlay-color":"","overlay-opacity":"","overlay-gradient":""},"tablet":{"background-color":"var(--ast-global-color-5)","background-image":"","background-repeat":"repeat","background-position":"center center","background-size":"auto","background-attachment":"scroll","background-type":"","background-media":"","overlay-type":"","overlay-color":"","overlay-opacity":"","overlay-gradient":""},"mobile":{"background-color":"var(--ast-global-color-5)","background-image":"","background-repeat":"repeat","background-position":"center center","background-size":"auto","background-attachment":"scroll","background-type":"","background-media":"","overlay-type":"","overlay-color":"","overlay-opacity":"","overlay-gradient":""}}},"product_brand":[],"product_cat":[36,60],"product_tag":[],"class_list":{"0":"post-3682","1":"product","2":"type-product","3":"status-publish","4":"has-post-thumbnail","6":"product_cat-kuunalde-valmistamine","7":"product_cat-kuunlaklaasid-ja-kaaned","8":"desktop-align-left","9":"tablet-align-left","10":"mobile-align-left","11":"ast-product-gallery-layout-horizontal","12":"ast-product-gallery-with-no-image","13":"ast-product-tabs-layout-horizontal","15":"first","16":"outofstock","17":"taxable","18":"shipping-taxable","19":"purchasable","20":"product-type-simple"},"_links":{"self":[{"href":"https:\/\/nordicdiy.ee\/lv\/wp-json\/wp\/v2\/product\/3682","targetHints":{"allow":["GET"]}}],"collection":[{"href":"https:\/\/nordicdiy.ee\/lv\/wp-json\/wp\/v2\/product"}],"about":[{"href":"https:\/\/nordicdiy.ee\/lv\/wp-json\/wp\/v2\/types\/product"}],"wp:featuredmedia":[{"embeddable":true,"href":"https:\/\/nordicdiy.ee\/lv\/wp-json\/wp\/v2\/media\/3861"}],"wp:attachment":[{"href":"https:\/\/nordicdiy.ee\/lv\/wp-json\/wp\/v2\/media?parent=3682"}],"wp:term":[{"taxonomy":"product_brand","embeddable":true,"href":"https:\/\/nordicdiy.ee\/lv\/wp-json\/wp\/v2\/product_brand?post=3682"},{"taxonomy":"product_cat","embeddable":true,"href":"https:\/\/nordicdiy.ee\/lv\/wp-json\/wp\/v2\/product_cat?post=3682"},{"taxonomy":"product_tag","embeddable":true,"href":"https:\/\/nordicdiy.ee\/lv\/wp-json\/wp\/v2\/product_tag?post=3682"}],"curies":[{"name":"wp","href":"https:\/\/api.w.org\/{rel}","templated":true}]}}