{"id":12088,"date":"2024-09-04T09:20:04","date_gmt":"2024-09-04T06:20:04","guid":{"rendered":"https:\/\/nordicdiy.ee\/kontakt\/"},"modified":"2025-11-21T12:25:38","modified_gmt":"2025-11-21T09:25:38","slug":"kontakt","status":"publish","type":"page","link":"https:\/\/nordicdiy.ee\/sv\/kontakt\/","title":{"rendered":"Kontakt"},"content":{"rendered":"<p>Om du har n\u00e5gra fr\u00e5gor om v\u00e5ra produkter eller best\u00e4llningar, v\u00e4nligen kontakta oss via e-post <a href=\"mailto:epood@nordicdiy.ee\">epood@nordicdiy.ee.<\/a><\/p>\n<p>Vi svarar p\u00e5 e-post m\u00e5n-fre 10-16.<\/p>\n<p>F\u00f6retagskunder kan kontakta oss direkt h\u00e4r:<br \/>\n<strong>B2B Sales <\/strong><br \/>\nKaspar P\u00e4rn<br \/>\nMobil: +372 52 66461<br \/>\nE-post: <a href=\"mailto:kaspar@nordicdiy.ee\">kaspar@nordicdiy.ee<\/a><\/p>\n<p><strong>V\u00e5rt lager finns p\u00e5 den nya adressen:<\/strong><br \/>\nKaldase tee 9, Maardu, 74117<strong><br \/>\nV\u00e4nligen ring 51 67 996 i f\u00f6rv\u00e4g!<\/strong><\/p>\n<p><strong> <\/strong><\/p>\n<p><strong>Juridisk adress<\/strong><br \/>\nCandlery O\u00dc<br \/>\nRegistreringsnummer 17374153<br \/>\nLootuse tee 3, Metsakasti k\u00fcla Viimsi vald Harjumaa 74019<br \/>\nTelefon: +372 5167 996<br \/>\nE-post: <a href=\"mailto:alice@nordicdiy.ee\">alice@nordicdiy.ee<\/a><\/p>\n<p><strong>Bankuppgifter<\/strong><br \/>\nSwedbank<br \/>\nIBAN: EE422200221093513406<\/p>\n<p><img fetchpriority=\"high\" decoding=\"async\" src=\"https:\/\/nordicdiy.ee\/wp-content\/uploads\/2024\/09\/sojavaha_cb_135.png\" sizes=\"(max-width: 1000px) 100vw, 1000px\" srcset=\"https:\/\/nordicdiy.ee\/wp-content\/uploads\/2024\/09\/sojavaha_cb_135.png 1000w, https:\/\/nordicdiy.ee\/wp-content\/uploads\/2024\/09\/sojavaha_cb_135-300x300.png 300w, https:\/\/nordicdiy.ee\/wp-content\/uploads\/2024\/09\/sojavaha_cb_135-150x150.png 150w, https:\/\/nordicdiy.ee\/wp-content\/uploads\/2024\/09\/sojavaha_cb_135-768x768.png 768w, https:\/\/nordicdiy.ee\/wp-content\/uploads\/2024\/09\/sojavaha_cb_135-600x600.png 600w, https:\/\/nordicdiy.ee\/wp-content\/uploads\/2024\/09\/sojavaha_cb_135-100x100.png 100w\" alt=\"Tv\u00e5lvax\" width=\"1000\" height=\"1000\"><\/p>\n","protected":false},"excerpt":{"rendered":"<p>Om du har n\u00e5gra fr\u00e5gor om v\u00e5ra produkter eller best\u00e4llningar, v\u00e4nligen kontakta oss via e-post epood@nordicdiy.ee. Vi svarar p\u00e5 e-post m\u00e5n-fre 10-16. F\u00f6retagskunder kan kontakta oss direkt h\u00e4r: B2B Sales Kaspar P\u00e4rn Mobil: +372 52 66461 E-post: kaspar@nordicdiy.ee V\u00e5rt lager finns p\u00e5 den nya adressen: Kaldase tee 9, Maardu, 74117 V\u00e4nligen ring 51 67 996 [&hellip;]<\/p>\n","protected":false},"author":1,"featured_media":0,"parent":0,"menu_order":0,"comment_status":"closed","ping_status":"closed","template":"","meta":{"site-sidebar-layout":"default","site-content-layout":"plain-container","ast-site-content-layout":"normal-width-container","site-content-style":"unboxed","site-sidebar-style":"unboxed","ast-global-header-display":"","ast-banner-title-visibility":"","ast-main-header-display":"","ast-hfb-above-header-display":"","ast-hfb-below-header-display":"","ast-hfb-mobile-header-display":"","site-post-title":"disabled","ast-breadcrumbs-content":"","ast-featured-img":"","footer-sml-layout":"","ast-disable-related-posts":"","theme-transparent-header-meta":"default","adv-header-id-meta":"","stick-header-meta":"default","header-above-stick-meta":"","header-main-stick-meta":"","header-below-stick-meta":"","astra-migrate-meta-layouts":"default","ast-page-background-enabled":"default","ast-page-background-meta":{"desktop":{"background-color":"","background-image":"","background-repeat":"repeat","background-position":"center center","background-size":"auto","background-attachment":"scroll","background-type":"","background-media":"","overlay-type":"","overlay-color":"","overlay-opacity":"","overlay-gradient":""},"tablet":{"background-color":"","background-image":"","background-repeat":"repeat","background-position":"center center","background-size":"auto","background-attachment":"scroll","background-type":"","background-media":"","overlay-type":"","overlay-color":"","overlay-opacity":"","overlay-gradient":""},"mobile":{"background-color":"","background-image":"","background-repeat":"repeat","background-position":"center center","background-size":"auto","background-attachment":"scroll","background-type":"","background-media":"","overlay-type":"","overlay-color":"","overlay-opacity":"","overlay-gradient":""}},"ast-content-background-meta":{"desktop":{"background-color":"var(--ast-global-color-5)","background-image":"","background-repeat":"repeat","background-position":"center center","background-size":"auto","background-attachment":"scroll","background-type":"","background-media":"","overlay-type":"","overlay-color":"","overlay-opacity":"","overlay-gradient":""},"tablet":{"background-color":"var(--ast-global-color-5)","background-image":"","background-repeat":"repeat","background-position":"center center","background-size":"auto","background-attachment":"scroll","background-type":"","background-media":"","overlay-type":"","overlay-color":"","overlay-opacity":"","overlay-gradient":""},"mobile":{"background-color":"var(--ast-global-color-5)","background-image":"","background-repeat":"repeat","background-position":"center center","background-size":"auto","background-attachment":"scroll","background-type":"","background-media":"","overlay-type":"","overlay-color":"","overlay-opacity":"","overlay-gradient":""}},"footnotes":""},"class_list":["post-12088","page","type-page","status-publish","hentry"],"_links":{"self":[{"href":"https:\/\/nordicdiy.ee\/sv\/wp-json\/wp\/v2\/pages\/12088","targetHints":{"allow":["GET"]}}],"collection":[{"href":"https:\/\/nordicdiy.ee\/sv\/wp-json\/wp\/v2\/pages"}],"about":[{"href":"https:\/\/nordicdiy.ee\/sv\/wp-json\/wp\/v2\/types\/page"}],"author":[{"embeddable":true,"href":"https:\/\/nordicdiy.ee\/sv\/wp-json\/wp\/v2\/users\/1"}],"replies":[{"embeddable":true,"href":"https:\/\/nordicdiy.ee\/sv\/wp-json\/wp\/v2\/comments?post=12088"}],"version-history":[{"count":3,"href":"https:\/\/nordicdiy.ee\/sv\/wp-json\/wp\/v2\/pages\/12088\/revisions"}],"predecessor-version":[{"id":24575,"href":"https:\/\/nordicdiy.ee\/sv\/wp-json\/wp\/v2\/pages\/12088\/revisions\/24575"}],"wp:attachment":[{"href":"https:\/\/nordicdiy.ee\/sv\/wp-json\/wp\/v2\/media?parent=12088"}],"curies":[{"name":"wp","href":"https:\/\/api.w.org\/{rel}","templated":true}]}}